{"id":18080,"date":"2021-06-22T09:00:48","date_gmt":"2021-06-22T08:00:48","guid":{"rendered":"https:\/\/www.pyroguard.eu\/products\/cuttable\/"},"modified":"2023-02-28T17:35:35","modified_gmt":"2023-02-28T17:35:35","slug":"tagliabile-fuoco-vetro","status":"publish","type":"page","link":"https:\/\/www.pyroguard.eu\/it\/fuoco-vetro-prodotti\/tagliabile-fuoco-vetro\/","title":{"rendered":"Vetro resistente al fuoco tagliabile"},"content":{"rendered":"<section data-block_612517f1c9abd class=\"image-textbox-link-video align py-120 first:pt-0\">\n  <div class=\"container\">\n    <div class=\"relative grid grid-cols-1 1024:min-h-800 1024:py-81 content-center gap-54 1024:grid-cols-2 \">\n      <div class=\"hidden 1024:block\"><\/div>\n      <div class=\"bg-white shadow p-54 relative z-10 \">\n        <h4>Pyroguard \u00e8 un produttore indipendente leader nella fornitura di vetri tagliafuoco in lastre stoccabili che i trasformatori autorizzati e i produttori di porte possono tagliare alle dimensioni richieste. I prodotti hanno tempi di consegna brevi e sono facilmente tagliabili e lavorabili, riducendo al minimo i tempi di consegna.<\/h4>\n                        <a href=\"#\" class=\"button\" id=\"playVideo\">\n          RIPRODUCI VIDEO        <\/a>\n        <div id=\"videoWrapper\" class=\"hidden\">\n          <div id=\"videoContainer\" class=\"py-120 block invisible bg-black opacity-0 fixed top-0 left-0 z-50 h-screen w-screen overflow-y-scroll transition-all duration-500 bg-opacity-80\">\n            <div class=\"container text-center relative\">\n              <div class=\"aspect-h-9 aspect-w-16\">\n                <iframe loading=\"lazy\" width=\"100%\" height=\"100%\" src=\"https:\/\/www.youtube-nocookie.com\/embed\/3wKnFfWJzHI\" title=\"Lettore video di YouTube\" frameborder=\"0\" allow=\"accelerometer; autoplay; clipboard-write; encrypted-media; gyroscope; picture-in-picture\" allowfullscreen><\/iframe>\n              <\/div>\n              <button id=\"closeVideo\" class=\"mt-54\">Chiudere<\/button>\n            <\/div>\n        <\/div>\n        <\/div>\n                                                <div class=\"h-160 absolute block top-full -mt-24 z-20 flex  right-54\">\n          <span class=\"bg-orange block w-3 h-1\/3 mx-0\"><\/span>\n          <span class=\"bg-orange block w-3 h-2\/3 mx-24\"><\/span>\n          <span class=\"bg-orange block w-3 h-full mx-0\"><\/span>\n        <\/div>\n      <\/div>\n\n      <div class=\"relative z-0 top-0 w-full bottom-0 1024:absolute 1024:w-3\/4 aspect-h-1 aspect-w-1 1024:aspect-none  left-0  \">\n\n        <img loading=\"lazy\" decoding=\"async\" width=\"1600\" height=\"1142\" src=\"https:\/\/www.pyroguard.eu\/app\/uploads\/2021\/07\/eden-housing-exterior.jpg\" class=\"block object-cover h-full w-full\" alt=\"Eden Housing Exterior\" srcset=\"https:\/\/www.pyroguard.eu\/app\/uploads\/2021\/07\/eden-housing-exterior.jpg 1600w, https:\/\/www.pyroguard.eu\/app\/uploads\/2021\/07\/eden-housing-exterior-300x214.jpg 300w, https:\/\/www.pyroguard.eu\/app\/uploads\/2021\/07\/eden-housing-exterior-1024x731.jpg 1024w, https:\/\/www.pyroguard.eu\/app\/uploads\/2021\/07\/eden-housing-exterior-768x548.jpg 768w, https:\/\/www.pyroguard.eu\/app\/uploads\/2021\/07\/eden-housing-exterior-1536x1096.jpg 1536w\" sizes=\"auto, (max-width: 1600px) 100vw, 1600px\" \/>\n                        <span id=\"playIcon\" class=\"block w-81 h-81 absolute top-auto left-auto right-54 bottom-54 1024:left-81 1024:right-auto cursor-pointer shadow\">\n          <svg xmlns=\"http:\/\/www.w3.org\/2000\/svg\" xmlns:xlink=\"http:\/\/www.w3.org\/1999\/xlink\" width=\"100%\" height=\"100%\" viewBox=\"0 0 81 81\"><defs><linearGradient id=\"a\" x1=\"0.885\" y1=\"0.105\" x2=\"0.111\" y2=\"0.879\" gradientUnits=\"objectBoundingBox\"><stop offset=\"0\" stop-color=\"#eac528\"\/><stop offset=\"1\" stop-color=\"#ea690b\"\/><\/linearGradient><clipPath id=\"b\"><rect width=\"18\" height=\"36\" transform=\"translate(-18995 -3453)\" fill=\"#fff\" stroke=\"#707070\" stroke-width=\"1\"\/><\/clipPath><\/defs><g transform=\"translate(-176 -1102)\"><g transform=\"translate(176 1102)\" stroke=\"#fff\" stroke-width=\"3\" fill=\"url(#a)\"><rect width=\"81\" height=\"81\" rx=\"3\" stroke=\"none\"\/><rect x=\"1.5\" y=\"1.5\" width=\"78\" height=\"78\" rx=\"1.5\" fill=\"none\"\/><\/g><g transform=\"translate(19203 4578)\" clip-path=\"url(#b)\"><g transform=\"translate(-19013 -3453)\"><path d=\"M0,0H25.412L0,25.412Z\" transform=\"translate(35.938 17.969) rotate(135)\" fill=\"#fff\"\/><\/g><\/g><\/g><\/svg>        <\/span>\n                      <\/div>\n    <\/div>\n  <\/div>\n<\/section>\n\n\n<section data-block_612519b5c9abe class=\"two-col-image-and-text align py-120 first:pt-0\">\n  <div class=\"container\">\n        <div class=\"grid grid-cols-1 1024:grid-cols-2 gap-54  items-center \">\n      <div class=\"\">\n        <h4>Il nostro team di distribuzione \u00e8 qui per assistere grossisti,distributori e industrie nella selezione, acquisto, vendita ed esportazione dei nostri performanti vetri tagliafuoco.<\/h4>\n\n              <\/div>\n      <div class=\"\">\n        <img loading=\"lazy\" decoding=\"async\" width=\"1400\" height=\"900\" src=\"https:\/\/www.pyroguard.eu\/app\/uploads\/2021\/07\/the-zone-leicester-games-area-1400x900-1.jpeg\" class=\"block w-auto h-auto shadow rounded-sm max-w-full mx-auto\" alt=\"The Zone Leicester Games Area\" srcset=\"https:\/\/www.pyroguard.eu\/app\/uploads\/2021\/07\/the-zone-leicester-games-area-1400x900-1.jpeg 1400w, https:\/\/www.pyroguard.eu\/app\/uploads\/2021\/07\/the-zone-leicester-games-area-1400x900-1-300x193.jpeg 300w, https:\/\/www.pyroguard.eu\/app\/uploads\/2021\/07\/the-zone-leicester-games-area-1400x900-1-1024x658.jpeg 1024w, https:\/\/www.pyroguard.eu\/app\/uploads\/2021\/07\/the-zone-leicester-games-area-1400x900-1-768x494.jpeg 768w\" sizes=\"auto, (max-width: 1400px) 100vw, 1400px\" \/>      <\/div>\n    <\/div>\n  <\/div>\n<\/section>\n\n\n<section data-block_60d1b7466e856 class=\"product-category-list align py-120 first:pt-0\">\n  <div class=\"container\">\n    \n    \n    \n    <div class=\"relative grid grid-cols-1 min-h-800 py-81 content-center gap-54 1024:grid-cols-2 my-240 first:mt-0 last:mb-0\">\n              <div><\/div>\n            <div class=\"bg-white shadow p-54 relative z-10\">\n        <h2>Pyroguard Rapide Plus: Vetro ad alte prestazioni<\/h2>\n        <p><p>Una gamma di vetro antincendio tagliabile che fornisce integrit\u00e0 e isolamento termico per 30 e 60 minuti (classificazione EI). Questo prodotto immagazzinabile offre flessibilit\u00e0 di applicazione nei sistemi di intelaiatura in legno, acciaio e alluminio e prestazioni di impatto 1B1 in tempi brevi.<\/p>\n<\/p>\n        <a href=\"https:\/\/www.pyroguard.eu\/it\/all-products\/pyroguard-rapide-plus\/\" class=\"button\">\n          Scopri di pi\u00f9\n        <\/a>\n        <div class=\"h-160 absolute block top-full  right-54  -mt-24 z-20 flex\">\n          <span class=\"bg-orange block w-3 h-1\/3 mx-0\"><\/span>\n          <span class=\"bg-orange block w-3 h-2\/3 mx-24\"><\/span>\n          <span class=\"bg-orange block w-3 h-full mx-0\"><\/span>\n        <\/div>\n      <\/div>\n\n      <div class=\"relative z-0 top-0 w-full bottom-0 1024:absolute 1024:w-3\/4 aspect-h-1 aspect-w-1 1024:aspect-none  left-0 \">\n\n        <img loading=\"lazy\" decoding=\"async\" width=\"1400\" height=\"720\" src=\"https:\/\/www.pyroguard.eu\/app\/uploads\/2021\/06\/oxford-academy-outside-entrance-1400x720-1.jpg\" class=\"block object-cover h-full w-full wp-post-image\" alt=\"Oxford Academy Entrance\" srcset=\"https:\/\/www.pyroguard.eu\/app\/uploads\/2021\/06\/oxford-academy-outside-entrance-1400x720-1.jpg 1400w, https:\/\/www.pyroguard.eu\/app\/uploads\/2021\/06\/oxford-academy-outside-entrance-1400x720-1-300x154.jpg 300w, https:\/\/www.pyroguard.eu\/app\/uploads\/2021\/06\/oxford-academy-outside-entrance-1400x720-1-1024x527.jpg 1024w, https:\/\/www.pyroguard.eu\/app\/uploads\/2021\/06\/oxford-academy-outside-entrance-1400x720-1-768x395.jpg 768w\" sizes=\"auto, (max-width: 1400px) 100vw, 1400px\" \/>\n      <\/div>\n    <\/div>\n    \n    \n    <div class=\"relative grid grid-cols-1 min-h-800 py-81 content-center gap-54 1024:grid-cols-2 my-240 first:mt-0 last:mb-0\">\n            <div class=\"bg-white shadow p-54 relative z-10\">\n        <h2>Pyroguard Rapide: Vetro ad alte prestazioni<\/h2>\n        <p><p>Una gamma di vetro antincendio tagliabile che fornisce integrit\u00e0 e riduzione del calore radiante per 30 e 60 minuti (classificazione EW). Leader di mercato per facilit\u00e0 di lavorazione ed installazione, la gamma pu\u00f2 essere tagliata a mano senza alcuna preparazione aggiuntiva. Una soluzione affidabile che da oltre 20 anni offre al mercato tempi brevi di consegna ed eccezionale qualit\u00e0 visiva.<\/p>\n<\/p>\n        <a href=\"https:\/\/www.pyroguard.eu\/it\/all-products\/pyroguard-rapide\/\" class=\"button\">\n          Scopri di pi\u00f9\n        <\/a>\n        <div class=\"h-160 absolute block top-full  left-54  -mt-24 z-20 flex\">\n          <span class=\"bg-orange block w-3 h-1\/3 mx-0\"><\/span>\n          <span class=\"bg-orange block w-3 h-2\/3 mx-24\"><\/span>\n          <span class=\"bg-orange block w-3 h-full mx-0\"><\/span>\n        <\/div>\n      <\/div>\n\n      <div class=\"relative z-0 top-0 w-full bottom-0 1024:absolute 1024:w-3\/4 aspect-h-1 aspect-w-1 1024:aspect-none  right-0 \">\n\n        <img loading=\"lazy\" decoding=\"async\" width=\"1600\" height=\"934\" src=\"https:\/\/www.pyroguard.eu\/app\/uploads\/2021\/06\/silverstone-exterior.jpg\" class=\"block object-cover h-full w-full wp-post-image\" alt=\"Silverstone Fire Safety Glass Exteiror\" srcset=\"https:\/\/www.pyroguard.eu\/app\/uploads\/2021\/06\/silverstone-exterior.jpg 1600w, https:\/\/www.pyroguard.eu\/app\/uploads\/2021\/06\/silverstone-exterior-300x175.jpg 300w, https:\/\/www.pyroguard.eu\/app\/uploads\/2021\/06\/silverstone-exterior-1024x598.jpg 1024w, https:\/\/www.pyroguard.eu\/app\/uploads\/2021\/06\/silverstone-exterior-768x448.jpg 768w, https:\/\/www.pyroguard.eu\/app\/uploads\/2021\/06\/silverstone-exterior-1536x897.jpg 1536w\" sizes=\"auto, (max-width: 1600px) 100vw, 1600px\" \/>\n      <\/div>\n    <\/div>\n    \n    \n    <div class=\"relative grid grid-cols-1 min-h-800 py-81 content-center gap-54 1024:grid-cols-2 my-240 first:mt-0 last:mb-0\">\n              <div><\/div>\n            <div class=\"bg-white shadow p-54 relative z-10\">\n        <h2>Pyrostem: Vetro di livello iniziale<\/h2>\n        <p><p>Vetro di sicurezza antincendio cablato, tagliabile, di livello base, che fornisce l&#8217;integrit\u00e0 della sola protezione contro il passaggio di fiamme, fumo e gas tossici per 30 e 60 minuti (classificazione E). Utilizzato in progetti di ristrutturazione simili che richiedono un vetro economico con l&#8217;aspetto e le prestazioni del georgiano lucidato cablato.<\/p>\n<\/p>\n        <a href=\"https:\/\/www.pyroguard.eu\/it\/all-products\/pyrostem\/\" class=\"button\">\n          Scopri di pi\u00f9\n        <\/a>\n        <div class=\"h-160 absolute block top-full  right-54  -mt-24 z-20 flex\">\n          <span class=\"bg-orange block w-3 h-1\/3 mx-0\"><\/span>\n          <span class=\"bg-orange block w-3 h-2\/3 mx-24\"><\/span>\n          <span class=\"bg-orange block w-3 h-full mx-0\"><\/span>\n        <\/div>\n      <\/div>\n\n      <div class=\"relative z-0 top-0 w-full bottom-0 1024:absolute 1024:w-3\/4 aspect-h-1 aspect-w-1 1024:aspect-none  left-0 \">\n\n        <img loading=\"lazy\" decoding=\"async\" width=\"1750\" height=\"1080\" src=\"https:\/\/www.pyroguard.eu\/app\/uploads\/2021\/06\/Pyrostem-wired-glass-shutterstock_1751268314.jpg\" class=\"block object-cover h-full w-full wp-post-image\" alt=\"Pyrostem Wired Glass\" srcset=\"https:\/\/www.pyroguard.eu\/app\/uploads\/2021\/06\/Pyrostem-wired-glass-shutterstock_1751268314.jpg 1750w, https:\/\/www.pyroguard.eu\/app\/uploads\/2021\/06\/Pyrostem-wired-glass-shutterstock_1751268314-300x185.jpg 300w, https:\/\/www.pyroguard.eu\/app\/uploads\/2021\/06\/Pyrostem-wired-glass-shutterstock_1751268314-1024x632.jpg 1024w, https:\/\/www.pyroguard.eu\/app\/uploads\/2021\/06\/Pyrostem-wired-glass-shutterstock_1751268314-768x474.jpg 768w, https:\/\/www.pyroguard.eu\/app\/uploads\/2021\/06\/Pyrostem-wired-glass-shutterstock_1751268314-1536x948.jpg 1536w\" sizes=\"auto, (max-width: 1750px) 100vw, 1750px\" \/>\n      <\/div>\n    <\/div>\n      <\/div>\n<\/section>\n\n\n<section data-block_60d60db28d626 class=\"associations align bg-lightgrey text-center py-120\" >\n  <div class=\"container\">\n\n    <div class=\"max-w-800 mx-auto\">\n            <h2>Associazioni<\/h2>\n            <h4>Siamo membri di alcune delle principali organizzazioni nei settori del vetro, dell&#8217;architettura e dell&#8217;edilizia, quindi putete essere certi che il nostro vetro di sicurezza tagliafuoco viene sviluppato in linea con i pi\u00f9 recenti progressi tecnologici, normative di sicurezza e standard qualitativi.<\/h4>\n    <\/div>\n\n            <div class=\"list-none flex flex-wrap justify-center p-24\">\n            <div class=\"bg-white shadow w-240 h-240 flex justify-center m-16 p-16\">\n        <img loading=\"lazy\" decoding=\"async\" width=\"244\" height=\"244\" src=\"https:\/\/www.pyroguard.eu\/app\/uploads\/2021\/06\/ggf.jpg\" class=\"block place-self-center\" alt=\"ggf logo\" srcset=\"https:\/\/www.pyroguard.eu\/app\/uploads\/2021\/06\/ggf.jpg 244w, https:\/\/www.pyroguard.eu\/app\/uploads\/2021\/06\/ggf-150x150.jpg 150w\" sizes=\"auto, (max-width: 244px) 100vw, 244px\" \/>      <\/div>\n            <div class=\"bg-white shadow w-240 h-240 flex justify-center m-16 p-16\">\n        <img loading=\"lazy\" decoding=\"async\" width=\"244\" height=\"244\" src=\"https:\/\/www.pyroguard.eu\/app\/uploads\/2021\/06\/asidma.jpg\" class=\"block place-self-center\" alt=\"asidma logo\" srcset=\"https:\/\/www.pyroguard.eu\/app\/uploads\/2021\/06\/asidma.jpg 244w, https:\/\/www.pyroguard.eu\/app\/uploads\/2021\/06\/asidma-150x150.jpg 150w\" sizes=\"auto, (max-width: 244px) 100vw, 244px\" \/>      <\/div>\n            <div class=\"bg-white shadow w-240 h-240 flex justify-center m-16 p-16\">\n        <img loading=\"lazy\" decoding=\"async\" width=\"244\" height=\"244\" src=\"https:\/\/www.pyroguard.eu\/app\/uploads\/2021\/06\/bwf.jpg\" class=\"block place-self-center\" alt=\"bwf logo\" srcset=\"https:\/\/www.pyroguard.eu\/app\/uploads\/2021\/06\/bwf.jpg 244w, https:\/\/www.pyroguard.eu\/app\/uploads\/2021\/06\/bwf-150x150.jpg 150w\" sizes=\"auto, (max-width: 244px) 100vw, 244px\" \/>      <\/div>\n          <\/div>\n    \n  <\/div>\n<\/section>\n\n\n<section data-block_60d3530799606 class=\"three-col-list align py-120 first:pt-0\">\n  <div class=\"container\">\n       <h2>Standard e regolamenti<\/h2>\n        <div class=\"grid grid-cols-1 1024:grid-cols-2 gap-54\">\n      <h4>Di seguito sono riportati alcuni degli standard e delle normative che consentiamo ai nostri clienti di rispettare:<\/h4>\n    <\/div>\n    <div class=\"grid grid-cols-1 1024:grid-cols-3 gap-54\">\n      <div><ul>\n<li>Documento approvato B<\/li>\n<li>Documento approvato K<\/li>\n<li>Documento approvato L<\/li>\n<li>BS EN 12600: Vetro nell&#8217;edilizia \u2013 metodo di prova d&#8217;urto e classificazione per il vetro piano<\/li>\n<\/ul>\n<\/div>\n      <div><ul>\n<li>BS 6262-4: Codice di condotta per la vetratura degli edifici \u2013 Parte 4: Sicurezza relativa all&#8217;impatto umano<\/li>\n<li>BS 6180: Barriere all&#8217;interno e intorno agli edifici \u2013 Codice di condotta.<\/li>\n<li>BREEAM<\/li>\n<\/ul>\n<\/div>\n      <div><\/div>\n    <\/div>\n  <\/div>\n<\/section>\n\n\n<section data-block_60d60e3b8d627 class=\"form-with-text align py-120\" id=\"contact-form\">\n  <div class=\"container\">\n    <h2>Pronto per iniziare?<\/h2>\n    <div class=\"grid grid-cols-1 1024:grid-cols-2 gap-54\">\n      <div>\n        <p class=\"p1\">Per trovare il pi\u00f9 vicino rivenditore dei nostri prodotti tagliabili, si prega di fare riferimento alla lista qui sotto.<span class=\"Apple-converted-space\">\u00a0 <\/span>Se hai bisogno di ulteriore assistenza, contattaci.<\/p>\n<h5>You\u2019re in safe hands.<\/h5>\n        <span class=\"block h-3 bg-orange w-160\"><\/span>\n        <p>E: <a href=\"mailto:info@pyroguard.eu\">info@pyroguard.eu<\/a><\/p>\n        <p>T: <a href=\"tel:+393490939460\">+39 349 0939460<\/a><\/p>\n      <\/div>\n      <div>\n\n                              <iframe loading=\"lazy\" src=\"https:\/\/www2.pyroguard.eu\/l\/64652\/2021-12-17\/h9yk8n\" width=\"100%\" height=\"710\" type=\"text\/html\" frameborder=\"0\" allowTransparency=\"true\" style=\"border: 0\"><\/iframe>                  \n      <\/div>\n    <\/div>\n  <\/div>\n<\/section>\n","protected":false},"excerpt":{"rendered":"","protected":false},"author":1,"featured_media":0,"parent":18057,"menu_order":0,"comment_status":"closed","ping_status":"closed","template":"","meta":{"_acf_changed":false,"footnotes":""},"class_list":["post-18080","page","type-page","status-publish","hentry"],"acf":[],"yoast_head":"<!-- This site is optimized with the Yoast SEO plugin v27.3 - https:\/\/yoast.com\/product\/yoast-seo-wordpress\/ -->\n<title>Vetro resistente al fuoco tagliabile - Pyroguard<\/title>\n<meta name=\"description\" content=\"Resistente al fuoco tagliabile \u00e8 facilmente tagliabile e lavorabile, per ridurre al minimo i brevi tempi di consegna.\" \/>\n<meta name=\"robots\" content=\"index, follow, max-snippet:-1, max-image-preview:large, max-video-preview:-1\" \/>\n<link rel=\"canonical\" href=\"https:\/\/www.pyroguard.eu\/it\/fuoco-vetro-prodotti\/tagliabile-fuoco-vetro\/\" \/>\n<meta property=\"og:locale\" content=\"it_IT\" \/>\n<meta property=\"og:type\" content=\"article\" \/>\n<meta property=\"og:title\" content=\"Vetro resistente al fuoco tagliabile - Pyroguard\" \/>\n<meta property=\"og:description\" content=\"Resistente al fuoco tagliabile \u00e8 facilmente tagliabile e lavorabile, per ridurre al minimo i brevi tempi di consegna.\" \/>\n<meta property=\"og:url\" content=\"https:\/\/www.pyroguard.eu\/it\/fuoco-vetro-prodotti\/tagliabile-fuoco-vetro\/\" \/>\n<meta property=\"og:site_name\" content=\"Pyroguard\" \/>\n<meta property=\"article:modified_time\" content=\"2023-02-28T17:35:35+00:00\" \/>\n<meta name=\"twitter:card\" content=\"summary_large_image\" \/>\n<script type=\"application\/ld+json\" class=\"yoast-schema-graph\">{\"@context\":\"https:\\\/\\\/schema.org\",\"@graph\":[{\"@type\":\"WebPage\",\"@id\":\"https:\\\/\\\/www.pyroguard.eu\\\/it\\\/fuoco-vetro-prodotti\\\/tagliabile-fuoco-vetro\\\/\",\"url\":\"https:\\\/\\\/www.pyroguard.eu\\\/it\\\/fuoco-vetro-prodotti\\\/tagliabile-fuoco-vetro\\\/\",\"name\":\"Vetro resistente al fuoco tagliabile - Pyroguard\",\"isPartOf\":{\"@id\":\"https:\\\/\\\/www.pyroguard.eu\\\/it\\\/#website\"},\"datePublished\":\"2021-06-22T08:00:48+00:00\",\"dateModified\":\"2023-02-28T17:35:35+00:00\",\"description\":\"Resistente al fuoco tagliabile \u00e8 facilmente tagliabile e lavorabile, per ridurre al minimo i brevi tempi di consegna.\",\"breadcrumb\":{\"@id\":\"https:\\\/\\\/www.pyroguard.eu\\\/it\\\/fuoco-vetro-prodotti\\\/tagliabile-fuoco-vetro\\\/#breadcrumb\"},\"inLanguage\":\"it-IT\",\"potentialAction\":[{\"@type\":\"ReadAction\",\"target\":[\"https:\\\/\\\/www.pyroguard.eu\\\/it\\\/fuoco-vetro-prodotti\\\/tagliabile-fuoco-vetro\\\/\"]}]},{\"@type\":\"BreadcrumbList\",\"@id\":\"https:\\\/\\\/www.pyroguard.eu\\\/it\\\/fuoco-vetro-prodotti\\\/tagliabile-fuoco-vetro\\\/#breadcrumb\",\"itemListElement\":[{\"@type\":\"ListItem\",\"position\":1,\"name\":\"Home\",\"item\":\"https:\\\/\\\/www.pyroguard.eu\\\/it\\\/\"},{\"@type\":\"ListItem\",\"position\":2,\"name\":\"Prodotti in vetro tagliafuoco\",\"item\":\"https:\\\/\\\/www.pyroguard.eu\\\/it\\\/fuoco-vetro-prodotti\\\/\"},{\"@type\":\"ListItem\",\"position\":3,\"name\":\"Vetro resistente al fuoco tagliabile\"}]},{\"@type\":\"WebSite\",\"@id\":\"https:\\\/\\\/www.pyroguard.eu\\\/it\\\/#website\",\"url\":\"https:\\\/\\\/www.pyroguard.eu\\\/it\\\/\",\"name\":\"Pyroguard\",\"description\":\"You&#039;re in safe hands\",\"publisher\":{\"@id\":\"https:\\\/\\\/www.pyroguard.eu\\\/it\\\/#organization\"},\"potentialAction\":[{\"@type\":\"SearchAction\",\"target\":{\"@type\":\"EntryPoint\",\"urlTemplate\":\"https:\\\/\\\/www.pyroguard.eu\\\/it\\\/?s={search_term_string}\"},\"query-input\":{\"@type\":\"PropertyValueSpecification\",\"valueRequired\":true,\"valueName\":\"search_term_string\"}}],\"inLanguage\":\"it-IT\"},{\"@type\":\"Organization\",\"@id\":\"https:\\\/\\\/www.pyroguard.eu\\\/it\\\/#organization\",\"name\":\"Pyroguard\",\"url\":\"https:\\\/\\\/www.pyroguard.eu\\\/it\\\/\",\"logo\":{\"@type\":\"ImageObject\",\"inLanguage\":\"it-IT\",\"@id\":\"https:\\\/\\\/www.pyroguard.eu\\\/it\\\/#\\\/schema\\\/logo\\\/image\\\/\",\"url\":\"https:\\\/\\\/www.pyroguard.eu\\\/app\\\/uploads\\\/2026\\\/02\\\/Screenshot-2026-02-04-113420.png\",\"contentUrl\":\"https:\\\/\\\/www.pyroguard.eu\\\/app\\\/uploads\\\/2026\\\/02\\\/Screenshot-2026-02-04-113420.png\",\"width\":1876,\"height\":482,\"caption\":\"Pyroguard\"},\"image\":{\"@id\":\"https:\\\/\\\/www.pyroguard.eu\\\/it\\\/#\\\/schema\\\/logo\\\/image\\\/\"}}]}<\/script>\n<!-- \/ Yoast SEO plugin. -->","yoast_head_json":{"title":"Vetro resistente al fuoco tagliabile - Pyroguard","description":"Resistente al fuoco tagliabile \u00e8 facilmente tagliabile e lavorabile, per ridurre al minimo i brevi tempi di consegna.","robots":{"index":"index","follow":"follow","max-snippet":"max-snippet:-1","max-image-preview":"max-image-preview:large","max-video-preview":"max-video-preview:-1"},"canonical":"https:\/\/www.pyroguard.eu\/it\/fuoco-vetro-prodotti\/tagliabile-fuoco-vetro\/","og_locale":"it_IT","og_type":"article","og_title":"Vetro resistente al fuoco tagliabile - Pyroguard","og_description":"Resistente al fuoco tagliabile \u00e8 facilmente tagliabile e lavorabile, per ridurre al minimo i brevi tempi di consegna.","og_url":"https:\/\/www.pyroguard.eu\/it\/fuoco-vetro-prodotti\/tagliabile-fuoco-vetro\/","og_site_name":"Pyroguard","article_modified_time":"2023-02-28T17:35:35+00:00","twitter_card":"summary_large_image","schema":{"@context":"https:\/\/schema.org","@graph":[{"@type":"WebPage","@id":"https:\/\/www.pyroguard.eu\/it\/fuoco-vetro-prodotti\/tagliabile-fuoco-vetro\/","url":"https:\/\/www.pyroguard.eu\/it\/fuoco-vetro-prodotti\/tagliabile-fuoco-vetro\/","name":"Vetro resistente al fuoco tagliabile - Pyroguard","isPartOf":{"@id":"https:\/\/www.pyroguard.eu\/it\/#website"},"datePublished":"2021-06-22T08:00:48+00:00","dateModified":"2023-02-28T17:35:35+00:00","description":"Resistente al fuoco tagliabile \u00e8 facilmente tagliabile e lavorabile, per ridurre al minimo i brevi tempi di consegna.","breadcrumb":{"@id":"https:\/\/www.pyroguard.eu\/it\/fuoco-vetro-prodotti\/tagliabile-fuoco-vetro\/#breadcrumb"},"inLanguage":"it-IT","potentialAction":[{"@type":"ReadAction","target":["https:\/\/www.pyroguard.eu\/it\/fuoco-vetro-prodotti\/tagliabile-fuoco-vetro\/"]}]},{"@type":"BreadcrumbList","@id":"https:\/\/www.pyroguard.eu\/it\/fuoco-vetro-prodotti\/tagliabile-fuoco-vetro\/#breadcrumb","itemListElement":[{"@type":"ListItem","position":1,"name":"Home","item":"https:\/\/www.pyroguard.eu\/it\/"},{"@type":"ListItem","position":2,"name":"Prodotti in vetro tagliafuoco","item":"https:\/\/www.pyroguard.eu\/it\/fuoco-vetro-prodotti\/"},{"@type":"ListItem","position":3,"name":"Vetro resistente al fuoco tagliabile"}]},{"@type":"WebSite","@id":"https:\/\/www.pyroguard.eu\/it\/#website","url":"https:\/\/www.pyroguard.eu\/it\/","name":"Pyroguard","description":"You&#039;re in safe hands","publisher":{"@id":"https:\/\/www.pyroguard.eu\/it\/#organization"},"potentialAction":[{"@type":"SearchAction","target":{"@type":"EntryPoint","urlTemplate":"https:\/\/www.pyroguard.eu\/it\/?s={search_term_string}"},"query-input":{"@type":"PropertyValueSpecification","valueRequired":true,"valueName":"search_term_string"}}],"inLanguage":"it-IT"},{"@type":"Organization","@id":"https:\/\/www.pyroguard.eu\/it\/#organization","name":"Pyroguard","url":"https:\/\/www.pyroguard.eu\/it\/","logo":{"@type":"ImageObject","inLanguage":"it-IT","@id":"https:\/\/www.pyroguard.eu\/it\/#\/schema\/logo\/image\/","url":"https:\/\/www.pyroguard.eu\/app\/uploads\/2026\/02\/Screenshot-2026-02-04-113420.png","contentUrl":"https:\/\/www.pyroguard.eu\/app\/uploads\/2026\/02\/Screenshot-2026-02-04-113420.png","width":1876,"height":482,"caption":"Pyroguard"},"image":{"@id":"https:\/\/www.pyroguard.eu\/it\/#\/schema\/logo\/image\/"}}]}},"_links":{"self":[{"href":"https:\/\/www.pyroguard.eu\/it\/wp-json\/wp\/v2\/pages\/18080","targetHints":{"allow":["GET"]}}],"collection":[{"href":"https:\/\/www.pyroguard.eu\/it\/wp-json\/wp\/v2\/pages"}],"about":[{"href":"https:\/\/www.pyroguard.eu\/it\/wp-json\/wp\/v2\/types\/page"}],"author":[{"embeddable":true,"href":"https:\/\/www.pyroguard.eu\/it\/wp-json\/wp\/v2\/users\/1"}],"replies":[{"embeddable":true,"href":"https:\/\/www.pyroguard.eu\/it\/wp-json\/wp\/v2\/comments?post=18080"}],"version-history":[{"count":11,"href":"https:\/\/www.pyroguard.eu\/it\/wp-json\/wp\/v2\/pages\/18080\/revisions"}],"predecessor-version":[{"id":34103,"href":"https:\/\/www.pyroguard.eu\/it\/wp-json\/wp\/v2\/pages\/18080\/revisions\/34103"}],"up":[{"embeddable":true,"href":"https:\/\/www.pyroguard.eu\/it\/wp-json\/wp\/v2\/pages\/18057"}],"wp:attachment":[{"href":"https:\/\/www.pyroguard.eu\/it\/wp-json\/wp\/v2\/media?parent=18080"}],"curies":[{"name":"wp","href":"https:\/\/api.w.org\/{rel}","templated":true}]}}