{"id":18076,"date":"2021-06-22T09:00:48","date_gmt":"2021-06-22T08:00:48","guid":{"rendered":"https:\/\/www.pyroguard.eu\/products\/cuttable\/"},"modified":"2023-02-28T17:15:55","modified_gmt":"2023-02-28T17:15:55","slug":"decoupable-feu-verre","status":"publish","type":"page","link":"https:\/\/www.pyroguard.eu\/fr\/feu-verre-produits\/decoupable-feu-verre\/","title":{"rendered":"Verre R\u00e9sitant Au Feu D\u00e9coupable"},"content":{"rendered":"<section data-block_612517f1c9abd class=\"image-textbox-link-video align py-120 first:pt-0\">\n  <div class=\"container\">\n    <div class=\"relative grid grid-cols-1 1024:min-h-800 1024:py-81 content-center gap-54 1024:grid-cols-2 \">\n      <div class=\"hidden 1024:block\"><\/div>\n      <div class=\"bg-white shadow p-54 relative z-10 \">\n        <h4>Pyroguard est un prestataire ind\u00e9pendant leader de verres de s\u00e9curit\u00e9 incendie en mesure libre que des fabricants et transformateurs agr\u00e9\u00e9s peuvent couper aux dimensions requises. Les produits ont un d\u00e9lai de livraison court et ils sont g\u00e9n\u00e9ralement coup\u00e9s et trait\u00e9s facilement, ce qui minimise les d\u00e9lais g\u00e9n\u00e9raux.<\/h4>\n                        <a href=\"#\" class=\"button\" id=\"playVideo\">\n          LIRE VID\u00c9O        <\/a>\n        <div id=\"videoWrapper\" class=\"hidden\">\n          <div id=\"videoContainer\" class=\"py-120 block invisible bg-black opacity-0 fixed top-0 left-0 z-50 h-screen w-screen overflow-y-scroll transition-all duration-500 bg-opacity-80\">\n            <div class=\"container text-center relative\">\n              <div class=\"aspect-h-9 aspect-w-16\">\n                <iframe loading=\"lazy\" width=\"100%\" height=\"100%\" src=\"https:\/\/www.youtube-nocookie.com\/embed\/3wKnFfWJzHI\" title=\"lecteur vid\u00e9o YouTube\" frameborder=\"0\" allow=\"accelerometer; autoplay; clipboard-write; encrypted-media; gyroscope; picture-in-picture\" allowfullscreen><\/iframe>\n              <\/div>\n              <button id=\"closeVideo\" class=\"mt-54\">Proche<\/button>\n            <\/div>\n        <\/div>\n        <\/div>\n                                                <div class=\"h-160 absolute block top-full -mt-24 z-20 flex  right-54\">\n          <span class=\"bg-orange block w-3 h-1\/3 mx-0\"><\/span>\n          <span class=\"bg-orange block w-3 h-2\/3 mx-24\"><\/span>\n          <span class=\"bg-orange block w-3 h-full mx-0\"><\/span>\n        <\/div>\n      <\/div>\n\n      <div class=\"relative z-0 top-0 w-full bottom-0 1024:absolute 1024:w-3\/4 aspect-h-1 aspect-w-1 1024:aspect-none  left-0  \">\n\n        <img loading=\"lazy\" decoding=\"async\" width=\"1600\" height=\"1142\" src=\"https:\/\/www.pyroguard.eu\/app\/uploads\/2021\/07\/eden-housing-exterior.jpg\" class=\"block object-cover h-full w-full\" alt=\"Eden Housing Exterior\" srcset=\"https:\/\/www.pyroguard.eu\/app\/uploads\/2021\/07\/eden-housing-exterior.jpg 1600w, https:\/\/www.pyroguard.eu\/app\/uploads\/2021\/07\/eden-housing-exterior-300x214.jpg 300w, https:\/\/www.pyroguard.eu\/app\/uploads\/2021\/07\/eden-housing-exterior-1024x731.jpg 1024w, https:\/\/www.pyroguard.eu\/app\/uploads\/2021\/07\/eden-housing-exterior-768x548.jpg 768w, https:\/\/www.pyroguard.eu\/app\/uploads\/2021\/07\/eden-housing-exterior-1536x1096.jpg 1536w\" sizes=\"auto, (max-width: 1600px) 100vw, 1600px\" \/>\n                        <span id=\"playIcon\" class=\"block w-81 h-81 absolute top-auto left-auto right-54 bottom-54 1024:left-81 1024:right-auto cursor-pointer shadow\">\n          <svg xmlns=\"http:\/\/www.w3.org\/2000\/svg\" xmlns:xlink=\"http:\/\/www.w3.org\/1999\/xlink\" width=\"100%\" height=\"100%\" viewBox=\"0 0 81 81\"><defs><linearGradient id=\"a\" x1=\"0.885\" y1=\"0.105\" x2=\"0.111\" y2=\"0.879\" gradientUnits=\"objectBoundingBox\"><stop offset=\"0\" stop-color=\"#eac528\"\/><stop offset=\"1\" stop-color=\"#ea690b\"\/><\/linearGradient><clipPath id=\"b\"><rect width=\"18\" height=\"36\" transform=\"translate(-18995 -3453)\" fill=\"#fff\" stroke=\"#707070\" stroke-width=\"1\"\/><\/clipPath><\/defs><g transform=\"translate(-176 -1102)\"><g transform=\"translate(176 1102)\" stroke=\"#fff\" stroke-width=\"3\" fill=\"url(#a)\"><rect width=\"81\" height=\"81\" rx=\"3\" stroke=\"none\"\/><rect x=\"1.5\" y=\"1.5\" width=\"78\" height=\"78\" rx=\"1.5\" fill=\"none\"\/><\/g><g transform=\"translate(19203 4578)\" clip-path=\"url(#b)\"><g transform=\"translate(-19013 -3453)\"><path d=\"M0,0H25.412L0,25.412Z\" transform=\"translate(35.938 17.969) rotate(135)\" fill=\"#fff\"\/><\/g><\/g><\/g><\/svg>        <\/span>\n                      <\/div>\n    <\/div>\n  <\/div>\n<\/section>\n\n\n<section data-block_612519b5c9abe class=\"two-col-image-and-text align py-120 first:pt-0\">\n  <div class=\"container\">\n        <div class=\"grid grid-cols-1 1024:grid-cols-2 gap-54  items-center \">\n      <div class=\"\">\n        <h4>Notre \u00e9quipe en charge de la distribution est l\u00e0 pour aider les stockistes, les clients industriels et commerciaux \u00e0 s\u00e9lectionner, acheter, vendre et exporter nos verres r\u00e9sistants au feu, haute qualit\u00e9.<\/h4>\n\n              <\/div>\n      <div class=\"\">\n        <img loading=\"lazy\" decoding=\"async\" width=\"1400\" height=\"900\" src=\"https:\/\/www.pyroguard.eu\/app\/uploads\/2021\/07\/the-zone-leicester-games-area-1400x900-1.jpeg\" class=\"block w-auto h-auto shadow rounded-sm max-w-full mx-auto\" alt=\"The Zone Leicester Games Area\" srcset=\"https:\/\/www.pyroguard.eu\/app\/uploads\/2021\/07\/the-zone-leicester-games-area-1400x900-1.jpeg 1400w, https:\/\/www.pyroguard.eu\/app\/uploads\/2021\/07\/the-zone-leicester-games-area-1400x900-1-300x193.jpeg 300w, https:\/\/www.pyroguard.eu\/app\/uploads\/2021\/07\/the-zone-leicester-games-area-1400x900-1-1024x658.jpeg 1024w, https:\/\/www.pyroguard.eu\/app\/uploads\/2021\/07\/the-zone-leicester-games-area-1400x900-1-768x494.jpeg 768w\" sizes=\"auto, (max-width: 1400px) 100vw, 1400px\" \/>      <\/div>\n    <\/div>\n  <\/div>\n<\/section>\n\n\n<section data-block_60d1b7466e856 class=\"product-category-list align py-120 first:pt-0\">\n  <div class=\"container\">\n    \n    \n    \n    <div class=\"relative grid grid-cols-1 min-h-800 py-81 content-center gap-54 1024:grid-cols-2 my-240 first:mt-0 last:mb-0\">\n              <div><\/div>\n            <div class=\"bg-white shadow p-54 relative z-10\">\n        <h2>Pyroguard Rapide Plus: Verre \u00e0 performance am\u00e9lior\u00e9e<\/h2>\n        <p><p>Une gamme de verre de s\u00e9curit\u00e9 incendie d\u00e9coupable qui assure l&#8217;int\u00e9grit\u00e9 et l&#8217;isolation thermique pendant 30 et 60 minutes (classification EI). Ce produit stockable offre une flexibilit\u00e9 d&#8217;application dans les syst\u00e8mes d&#8217;encadrement en bois, en acier et en aluminium et une performance d&#8217;impact 1B1 dans des d\u00e9lais courts.<\/p>\n<\/p>\n        <a href=\"https:\/\/www.pyroguard.eu\/fr\/all-products\/pyroguard-rapide-plus\/\" class=\"button\">\n          En savoir plus\n        <\/a>\n        <div class=\"h-160 absolute block top-full  right-54  -mt-24 z-20 flex\">\n          <span class=\"bg-orange block w-3 h-1\/3 mx-0\"><\/span>\n          <span class=\"bg-orange block w-3 h-2\/3 mx-24\"><\/span>\n          <span class=\"bg-orange block w-3 h-full mx-0\"><\/span>\n        <\/div>\n      <\/div>\n\n      <div class=\"relative z-0 top-0 w-full bottom-0 1024:absolute 1024:w-3\/4 aspect-h-1 aspect-w-1 1024:aspect-none  left-0 \">\n\n        <img loading=\"lazy\" decoding=\"async\" width=\"1400\" height=\"720\" src=\"https:\/\/www.pyroguard.eu\/app\/uploads\/2021\/06\/oxford-academy-outside-entrance-1400x720-1.jpg\" class=\"block object-cover h-full w-full wp-post-image\" alt=\"Oxford Academy Entrance\" srcset=\"https:\/\/www.pyroguard.eu\/app\/uploads\/2021\/06\/oxford-academy-outside-entrance-1400x720-1.jpg 1400w, https:\/\/www.pyroguard.eu\/app\/uploads\/2021\/06\/oxford-academy-outside-entrance-1400x720-1-300x154.jpg 300w, https:\/\/www.pyroguard.eu\/app\/uploads\/2021\/06\/oxford-academy-outside-entrance-1400x720-1-1024x527.jpg 1024w, https:\/\/www.pyroguard.eu\/app\/uploads\/2021\/06\/oxford-academy-outside-entrance-1400x720-1-768x395.jpg 768w\" sizes=\"auto, (max-width: 1400px) 100vw, 1400px\" \/>\n      <\/div>\n    <\/div>\n    \n    \n    <div class=\"relative grid grid-cols-1 min-h-800 py-81 content-center gap-54 1024:grid-cols-2 my-240 first:mt-0 last:mb-0\">\n            <div class=\"bg-white shadow p-54 relative z-10\">\n        <h2>Pyroguard Rapide: Verre haute performance<\/h2>\n        <p><p>Une gamme de verre de s\u00e9curit\u00e9 incendie d\u00e9coupable qui assure l&#8217;int\u00e9grit\u00e9 et la r\u00e9duction de la chaleur radiante pendant 30 et 60 minutes (classification EW).  Leader du march\u00e9 pour sa facilit\u00e9 de traitement et d&#8217;installation, cette gamme peut \u00eatre coup\u00e9e \u00e0 la main sans pr\u00e9paration suppl\u00e9mentaire. Solution de confiance sur le march\u00e9 depuis plus de 20 ans, cette gamme offre des d\u00e9lais de livraison courts et une qualit\u00e9 visuelle exceptionnelle.<\/p>\n<\/p>\n        <a href=\"https:\/\/www.pyroguard.eu\/fr\/all-products\/pyroguard-rapide\/\" class=\"button\">\n          En savoir plus\n        <\/a>\n        <div class=\"h-160 absolute block top-full  left-54  -mt-24 z-20 flex\">\n          <span class=\"bg-orange block w-3 h-1\/3 mx-0\"><\/span>\n          <span class=\"bg-orange block w-3 h-2\/3 mx-24\"><\/span>\n          <span class=\"bg-orange block w-3 h-full mx-0\"><\/span>\n        <\/div>\n      <\/div>\n\n      <div class=\"relative z-0 top-0 w-full bottom-0 1024:absolute 1024:w-3\/4 aspect-h-1 aspect-w-1 1024:aspect-none  right-0 \">\n\n        <img loading=\"lazy\" decoding=\"async\" width=\"1600\" height=\"934\" src=\"https:\/\/www.pyroguard.eu\/app\/uploads\/2021\/06\/silverstone-exterior.jpg\" class=\"block object-cover h-full w-full wp-post-image\" alt=\"Silverstone Fire Safety Glass Exteiror\" srcset=\"https:\/\/www.pyroguard.eu\/app\/uploads\/2021\/06\/silverstone-exterior.jpg 1600w, https:\/\/www.pyroguard.eu\/app\/uploads\/2021\/06\/silverstone-exterior-300x175.jpg 300w, https:\/\/www.pyroguard.eu\/app\/uploads\/2021\/06\/silverstone-exterior-1024x598.jpg 1024w, https:\/\/www.pyroguard.eu\/app\/uploads\/2021\/06\/silverstone-exterior-768x448.jpg 768w, https:\/\/www.pyroguard.eu\/app\/uploads\/2021\/06\/silverstone-exterior-1536x897.jpg 1536w\" sizes=\"auto, (max-width: 1600px) 100vw, 1600px\" \/>\n      <\/div>\n    <\/div>\n    \n    \n    <div class=\"relative grid grid-cols-1 min-h-800 py-81 content-center gap-54 1024:grid-cols-2 my-240 first:mt-0 last:mb-0\">\n              <div><\/div>\n            <div class=\"bg-white shadow p-54 relative z-10\">\n        <h2>Pyrostem: Verre d\u2019entr\u00e9e de gamme<\/h2>\n        <p><p>Verre de s\u00e9curit\u00e9 incendie d&#8217;entr\u00e9e de gamme, coupable et arm\u00e9, qui assure uniquement l&#8217;int\u00e9grit\u00e9 de la protection contre le passage des flammes, de la fum\u00e9e et des gaz toxiques pendant 30 et 60 minutes (Classification E). Utilis\u00e9 dans des projets de r\u00e9novation similaires exigeant un verre \u00e9conomique ayant l&#8217;apparence et les performances du verre arm\u00e9 poli g\u00e9orgien.<\/p>\n<\/p>\n        <a href=\"https:\/\/www.pyroguard.eu\/fr\/all-products\/pyrostem\/\" class=\"button\">\n          En savoir plus\n        <\/a>\n        <div class=\"h-160 absolute block top-full  right-54  -mt-24 z-20 flex\">\n          <span class=\"bg-orange block w-3 h-1\/3 mx-0\"><\/span>\n          <span class=\"bg-orange block w-3 h-2\/3 mx-24\"><\/span>\n          <span class=\"bg-orange block w-3 h-full mx-0\"><\/span>\n        <\/div>\n      <\/div>\n\n      <div class=\"relative z-0 top-0 w-full bottom-0 1024:absolute 1024:w-3\/4 aspect-h-1 aspect-w-1 1024:aspect-none  left-0 \">\n\n        <img loading=\"lazy\" decoding=\"async\" width=\"1750\" height=\"1080\" src=\"https:\/\/www.pyroguard.eu\/app\/uploads\/2021\/06\/Pyrostem-wired-glass-shutterstock_1751268314.jpg\" class=\"block object-cover h-full w-full wp-post-image\" alt=\"Pyrostem Wired Glass\" srcset=\"https:\/\/www.pyroguard.eu\/app\/uploads\/2021\/06\/Pyrostem-wired-glass-shutterstock_1751268314.jpg 1750w, https:\/\/www.pyroguard.eu\/app\/uploads\/2021\/06\/Pyrostem-wired-glass-shutterstock_1751268314-300x185.jpg 300w, https:\/\/www.pyroguard.eu\/app\/uploads\/2021\/06\/Pyrostem-wired-glass-shutterstock_1751268314-1024x632.jpg 1024w, https:\/\/www.pyroguard.eu\/app\/uploads\/2021\/06\/Pyrostem-wired-glass-shutterstock_1751268314-768x474.jpg 768w, https:\/\/www.pyroguard.eu\/app\/uploads\/2021\/06\/Pyrostem-wired-glass-shutterstock_1751268314-1536x948.jpg 1536w\" sizes=\"auto, (max-width: 1750px) 100vw, 1750px\" \/>\n      <\/div>\n    <\/div>\n      <\/div>\n<\/section>\n\n\n<section data-block_60d60db28d626 class=\"associations align bg-lightgrey text-center py-120\" >\n  <div class=\"container\">\n\n    <div class=\"max-w-800 mx-auto\">\n            <h2>Associations<\/h2>\n            <h4>Nous faisons partie d\u2019organisations de premier plan dans les secteurs de la construction, de l\u2019architecture et du vitrage, vous pouvez donc \u00eatre s\u00fbrs que nos verres de s\u00e9curit\u00e9 incendie sont mis au point conform\u00e9ment aux derni\u00e8res normes de s\u00e9curit\u00e9, r\u00e9glementations de s\u00e9curit\u00e9 et technologies \u00e0 la pointe.<\/h4>\n    <\/div>\n\n            <div class=\"list-none flex flex-wrap justify-center p-24\">\n            <div class=\"bg-white shadow w-240 h-240 flex justify-center m-16 p-16\">\n        <img loading=\"lazy\" decoding=\"async\" width=\"244\" height=\"244\" src=\"https:\/\/www.pyroguard.eu\/app\/uploads\/2021\/06\/ggf.jpg\" class=\"block place-self-center\" alt=\"ggf logo\" srcset=\"https:\/\/www.pyroguard.eu\/app\/uploads\/2021\/06\/ggf.jpg 244w, https:\/\/www.pyroguard.eu\/app\/uploads\/2021\/06\/ggf-150x150.jpg 150w\" sizes=\"auto, (max-width: 244px) 100vw, 244px\" \/>      <\/div>\n            <div class=\"bg-white shadow w-240 h-240 flex justify-center m-16 p-16\">\n        <img loading=\"lazy\" decoding=\"async\" width=\"244\" height=\"244\" src=\"https:\/\/www.pyroguard.eu\/app\/uploads\/2021\/06\/asidma.jpg\" class=\"block place-self-center\" alt=\"asidma logo\" srcset=\"https:\/\/www.pyroguard.eu\/app\/uploads\/2021\/06\/asidma.jpg 244w, https:\/\/www.pyroguard.eu\/app\/uploads\/2021\/06\/asidma-150x150.jpg 150w\" sizes=\"auto, (max-width: 244px) 100vw, 244px\" \/>      <\/div>\n            <div class=\"bg-white shadow w-240 h-240 flex justify-center m-16 p-16\">\n        <img loading=\"lazy\" decoding=\"async\" width=\"244\" height=\"244\" src=\"https:\/\/www.pyroguard.eu\/app\/uploads\/2021\/06\/bwf.jpg\" class=\"block place-self-center\" alt=\"bwf logo\" srcset=\"https:\/\/www.pyroguard.eu\/app\/uploads\/2021\/06\/bwf.jpg 244w, https:\/\/www.pyroguard.eu\/app\/uploads\/2021\/06\/bwf-150x150.jpg 150w\" sizes=\"auto, (max-width: 244px) 100vw, 244px\" \/>      <\/div>\n          <\/div>\n    \n  <\/div>\n<\/section>\n\n\n<section data-block_60d3530799606 class=\"three-col-list align py-120 first:pt-0\">\n  <div class=\"container\">\n       <h2>Normes et r\u00e9glementations<\/h2>\n        <div class=\"grid grid-cols-1 1024:grid-cols-2 gap-54\">\n      <h4>Vous trouverez ci-apr\u00e8s quelques normes et r\u00e9glementations que nous aidons nos clients \u00e0 respecter :<\/h4>\n    <\/div>\n    <div class=\"grid grid-cols-1 1024:grid-cols-3 gap-54\">\n      <div><ul>\n<li>Document B approuv\u00e9<\/li>\n<li>Document K approuv\u00e9<\/li>\n<li>Document L approuv\u00e9<\/li>\n<li>BS EN 12600\u00a0: Verre dans la construction &#8211; Essai au pendule &#8211; M\u00e9thode d&#8217;essai d&#8217;impact et classification du verre plat<\/li>\n<\/ul>\n<\/div>\n      <div><ul>\n<li>BS 6262-4: Code de pratique du verre dans la construction &#8211; Partie 4 : S\u00e9curit\u00e9 associ\u00e9e \u00e0 l\u2019impact humain<\/li>\n<li>BS 6180\u00a0: Construction de balustrades et de garde-fous de protection pour les b\u00e2timents &#8211; Code de pratique.<\/li>\n<li>BREEAM<\/li>\n<\/ul>\n<\/div>\n      <div><\/div>\n    <\/div>\n  <\/div>\n<\/section>\n\n\n<section data-block_60d60e3b8d627 class=\"form-with-text align py-120\" id=\"contact-form\">\n  <div class=\"container\">\n    <h2>Pr\u00eats \u00e0 vous lancer ?<\/h2>\n    <div class=\"grid grid-cols-1 1024:grid-cols-2 gap-54\">\n      <div>\n        <p><a href=\"https:\/\/www.pyroguard.eu\/contact-us\/\">Contactez-nous<\/a> si vous avez des questions ou si vous avez besoin de conseils concernant votre prochain projet.<\/p>\n<h5>You\u2019re in safe hands.<\/h5>\n        <span class=\"block h-3 bg-orange w-160\"><\/span>\n        <p>E: <a href=\"mailto:info@pyroguard.eu\">info@pyroguard.eu<\/a><\/p>\n        <p>T: <a href=\"tel:+33387002810\">+33 (0)3 87 00 28 10<\/a><\/p>\n      <\/div>\n      <div>\n\n                              <iframe loading=\"lazy\" src=\"https:\/\/www2.pyroguard.eu\/l\/64652\/2015-10-28\/5cwncs\" width=\"100%\" height=\"710\" type=\"text\/html\" frameborder=\"0\" allowTransparency=\"true\" style=\"border: 0\"><\/iframe>                  \n      <\/div>\n    <\/div>\n  <\/div>\n<\/section>\n","protected":false},"excerpt":{"rendered":"","protected":false},"author":1,"featured_media":0,"parent":18055,"menu_order":0,"comment_status":"closed","ping_status":"closed","template":"","meta":{"_acf_changed":false,"footnotes":""},"class_list":["post-18076","page","type-page","status-publish","hentry"],"acf":[],"yoast_head":"<!-- This site is optimized with the Yoast SEO plugin v27.3 - https:\/\/yoast.com\/product\/yoast-seo-wordpress\/ -->\n<title>Verre \u00e0 feu d\u00e9coupable - Pyroguard<\/title>\n<meta name=\"description\" content=\"Nos vitrages coupe-feu sont livr\u00e9s rapidement et sont faciles \u00e0 d\u00e9couper et \u00e0 traiter, ce qui permet de r\u00e9duire les d\u00e9lais de livraison.\" \/>\n<meta name=\"robots\" content=\"index, follow, max-snippet:-1, max-image-preview:large, max-video-preview:-1\" \/>\n<link rel=\"canonical\" href=\"https:\/\/www.pyroguard.eu\/fr\/feu-verre-produits\/decoupable-feu-verre\/\" \/>\n<meta property=\"og:locale\" content=\"fr_FR\" \/>\n<meta property=\"og:type\" content=\"article\" \/>\n<meta property=\"og:title\" content=\"Verre \u00e0 feu d\u00e9coupable - Pyroguard\" \/>\n<meta property=\"og:description\" content=\"Nos vitrages coupe-feu sont livr\u00e9s rapidement et sont faciles \u00e0 d\u00e9couper et \u00e0 traiter, ce qui permet de r\u00e9duire les d\u00e9lais de livraison.\" \/>\n<meta property=\"og:url\" content=\"https:\/\/www.pyroguard.eu\/fr\/feu-verre-produits\/decoupable-feu-verre\/\" \/>\n<meta property=\"og:site_name\" content=\"Pyroguard\" \/>\n<meta property=\"article:modified_time\" content=\"2023-02-28T17:15:55+00:00\" \/>\n<meta name=\"twitter:card\" content=\"summary_large_image\" \/>\n<script type=\"application\/ld+json\" class=\"yoast-schema-graph\">{\"@context\":\"https:\\\/\\\/schema.org\",\"@graph\":[{\"@type\":\"WebPage\",\"@id\":\"https:\\\/\\\/www.pyroguard.eu\\\/fr\\\/feu-verre-produits\\\/decoupable-feu-verre\\\/\",\"url\":\"https:\\\/\\\/www.pyroguard.eu\\\/fr\\\/feu-verre-produits\\\/decoupable-feu-verre\\\/\",\"name\":\"Verre \u00e0 feu d\u00e9coupable - Pyroguard\",\"isPartOf\":{\"@id\":\"https:\\\/\\\/www.pyroguard.eu\\\/fr\\\/#website\"},\"datePublished\":\"2021-06-22T08:00:48+00:00\",\"dateModified\":\"2023-02-28T17:15:55+00:00\",\"description\":\"Nos vitrages coupe-feu sont livr\u00e9s rapidement et sont faciles \u00e0 d\u00e9couper et \u00e0 traiter, ce qui permet de r\u00e9duire les d\u00e9lais de livraison.\",\"breadcrumb\":{\"@id\":\"https:\\\/\\\/www.pyroguard.eu\\\/fr\\\/feu-verre-produits\\\/decoupable-feu-verre\\\/#breadcrumb\"},\"inLanguage\":\"fr-FR\",\"potentialAction\":[{\"@type\":\"ReadAction\",\"target\":[\"https:\\\/\\\/www.pyroguard.eu\\\/fr\\\/feu-verre-produits\\\/decoupable-feu-verre\\\/\"]}]},{\"@type\":\"BreadcrumbList\",\"@id\":\"https:\\\/\\\/www.pyroguard.eu\\\/fr\\\/feu-verre-produits\\\/decoupable-feu-verre\\\/#breadcrumb\",\"itemListElement\":[{\"@type\":\"ListItem\",\"position\":1,\"name\":\"Home\",\"item\":\"https:\\\/\\\/www.pyroguard.eu\\\/fr\\\/\"},{\"@type\":\"ListItem\",\"position\":2,\"name\":\"Produits En Verre R\u00e9fractaire\",\"item\":\"https:\\\/\\\/www.pyroguard.eu\\\/fr\\\/feu-verre-produits\\\/\"},{\"@type\":\"ListItem\",\"position\":3,\"name\":\"Verre R\u00e9sitant Au Feu D\u00e9coupable\"}]},{\"@type\":\"WebSite\",\"@id\":\"https:\\\/\\\/www.pyroguard.eu\\\/fr\\\/#website\",\"url\":\"https:\\\/\\\/www.pyroguard.eu\\\/fr\\\/\",\"name\":\"Pyroguard\",\"description\":\"You&#039;re in safe hands\",\"publisher\":{\"@id\":\"https:\\\/\\\/www.pyroguard.eu\\\/fr\\\/#organization\"},\"potentialAction\":[{\"@type\":\"SearchAction\",\"target\":{\"@type\":\"EntryPoint\",\"urlTemplate\":\"https:\\\/\\\/www.pyroguard.eu\\\/fr\\\/?s={search_term_string}\"},\"query-input\":{\"@type\":\"PropertyValueSpecification\",\"valueRequired\":true,\"valueName\":\"search_term_string\"}}],\"inLanguage\":\"fr-FR\"},{\"@type\":\"Organization\",\"@id\":\"https:\\\/\\\/www.pyroguard.eu\\\/fr\\\/#organization\",\"name\":\"Pyroguard\",\"url\":\"https:\\\/\\\/www.pyroguard.eu\\\/fr\\\/\",\"logo\":{\"@type\":\"ImageObject\",\"inLanguage\":\"fr-FR\",\"@id\":\"https:\\\/\\\/www.pyroguard.eu\\\/fr\\\/#\\\/schema\\\/logo\\\/image\\\/\",\"url\":\"https:\\\/\\\/www.pyroguard.eu\\\/app\\\/uploads\\\/2026\\\/02\\\/Screenshot-2026-02-04-113420.png\",\"contentUrl\":\"https:\\\/\\\/www.pyroguard.eu\\\/app\\\/uploads\\\/2026\\\/02\\\/Screenshot-2026-02-04-113420.png\",\"width\":1876,\"height\":482,\"caption\":\"Pyroguard\"},\"image\":{\"@id\":\"https:\\\/\\\/www.pyroguard.eu\\\/fr\\\/#\\\/schema\\\/logo\\\/image\\\/\"}}]}<\/script>\n<!-- \/ Yoast SEO plugin. -->","yoast_head_json":{"title":"Verre \u00e0 feu d\u00e9coupable - Pyroguard","description":"Nos vitrages coupe-feu sont livr\u00e9s rapidement et sont faciles \u00e0 d\u00e9couper et \u00e0 traiter, ce qui permet de r\u00e9duire les d\u00e9lais de livraison.","robots":{"index":"index","follow":"follow","max-snippet":"max-snippet:-1","max-image-preview":"max-image-preview:large","max-video-preview":"max-video-preview:-1"},"canonical":"https:\/\/www.pyroguard.eu\/fr\/feu-verre-produits\/decoupable-feu-verre\/","og_locale":"fr_FR","og_type":"article","og_title":"Verre \u00e0 feu d\u00e9coupable - Pyroguard","og_description":"Nos vitrages coupe-feu sont livr\u00e9s rapidement et sont faciles \u00e0 d\u00e9couper et \u00e0 traiter, ce qui permet de r\u00e9duire les d\u00e9lais de livraison.","og_url":"https:\/\/www.pyroguard.eu\/fr\/feu-verre-produits\/decoupable-feu-verre\/","og_site_name":"Pyroguard","article_modified_time":"2023-02-28T17:15:55+00:00","twitter_card":"summary_large_image","schema":{"@context":"https:\/\/schema.org","@graph":[{"@type":"WebPage","@id":"https:\/\/www.pyroguard.eu\/fr\/feu-verre-produits\/decoupable-feu-verre\/","url":"https:\/\/www.pyroguard.eu\/fr\/feu-verre-produits\/decoupable-feu-verre\/","name":"Verre \u00e0 feu d\u00e9coupable - Pyroguard","isPartOf":{"@id":"https:\/\/www.pyroguard.eu\/fr\/#website"},"datePublished":"2021-06-22T08:00:48+00:00","dateModified":"2023-02-28T17:15:55+00:00","description":"Nos vitrages coupe-feu sont livr\u00e9s rapidement et sont faciles \u00e0 d\u00e9couper et \u00e0 traiter, ce qui permet de r\u00e9duire les d\u00e9lais de livraison.","breadcrumb":{"@id":"https:\/\/www.pyroguard.eu\/fr\/feu-verre-produits\/decoupable-feu-verre\/#breadcrumb"},"inLanguage":"fr-FR","potentialAction":[{"@type":"ReadAction","target":["https:\/\/www.pyroguard.eu\/fr\/feu-verre-produits\/decoupable-feu-verre\/"]}]},{"@type":"BreadcrumbList","@id":"https:\/\/www.pyroguard.eu\/fr\/feu-verre-produits\/decoupable-feu-verre\/#breadcrumb","itemListElement":[{"@type":"ListItem","position":1,"name":"Home","item":"https:\/\/www.pyroguard.eu\/fr\/"},{"@type":"ListItem","position":2,"name":"Produits En Verre R\u00e9fractaire","item":"https:\/\/www.pyroguard.eu\/fr\/feu-verre-produits\/"},{"@type":"ListItem","position":3,"name":"Verre R\u00e9sitant Au Feu D\u00e9coupable"}]},{"@type":"WebSite","@id":"https:\/\/www.pyroguard.eu\/fr\/#website","url":"https:\/\/www.pyroguard.eu\/fr\/","name":"Pyroguard","description":"You&#039;re in safe hands","publisher":{"@id":"https:\/\/www.pyroguard.eu\/fr\/#organization"},"potentialAction":[{"@type":"SearchAction","target":{"@type":"EntryPoint","urlTemplate":"https:\/\/www.pyroguard.eu\/fr\/?s={search_term_string}"},"query-input":{"@type":"PropertyValueSpecification","valueRequired":true,"valueName":"search_term_string"}}],"inLanguage":"fr-FR"},{"@type":"Organization","@id":"https:\/\/www.pyroguard.eu\/fr\/#organization","name":"Pyroguard","url":"https:\/\/www.pyroguard.eu\/fr\/","logo":{"@type":"ImageObject","inLanguage":"fr-FR","@id":"https:\/\/www.pyroguard.eu\/fr\/#\/schema\/logo\/image\/","url":"https:\/\/www.pyroguard.eu\/app\/uploads\/2026\/02\/Screenshot-2026-02-04-113420.png","contentUrl":"https:\/\/www.pyroguard.eu\/app\/uploads\/2026\/02\/Screenshot-2026-02-04-113420.png","width":1876,"height":482,"caption":"Pyroguard"},"image":{"@id":"https:\/\/www.pyroguard.eu\/fr\/#\/schema\/logo\/image\/"}}]}},"_links":{"self":[{"href":"https:\/\/www.pyroguard.eu\/fr\/wp-json\/wp\/v2\/pages\/18076","targetHints":{"allow":["GET"]}}],"collection":[{"href":"https:\/\/www.pyroguard.eu\/fr\/wp-json\/wp\/v2\/pages"}],"about":[{"href":"https:\/\/www.pyroguard.eu\/fr\/wp-json\/wp\/v2\/types\/page"}],"author":[{"embeddable":true,"href":"https:\/\/www.pyroguard.eu\/fr\/wp-json\/wp\/v2\/users\/1"}],"replies":[{"embeddable":true,"href":"https:\/\/www.pyroguard.eu\/fr\/wp-json\/wp\/v2\/comments?post=18076"}],"version-history":[{"count":3,"href":"https:\/\/www.pyroguard.eu\/fr\/wp-json\/wp\/v2\/pages\/18076\/revisions"}],"predecessor-version":[{"id":31520,"href":"https:\/\/www.pyroguard.eu\/fr\/wp-json\/wp\/v2\/pages\/18076\/revisions\/31520"}],"up":[{"embeddable":true,"href":"https:\/\/www.pyroguard.eu\/fr\/wp-json\/wp\/v2\/pages\/18055"}],"wp:attachment":[{"href":"https:\/\/www.pyroguard.eu\/fr\/wp-json\/wp\/v2\/media?parent=18076"}],"curies":[{"name":"wp","href":"https:\/\/api.w.org\/{rel}","templated":true}]}}