{"id":18005,"date":"2021-06-30T11:10:43","date_gmt":"2021-06-30T10:10:43","guid":{"rendered":"https:\/\/www.pyroguard.eu\/downloads\/"},"modified":"2023-09-26T16:31:55","modified_gmt":"2023-09-26T15:31:55","slug":"telechargements","status":"publish","type":"page","link":"https:\/\/www.pyroguard.eu\/fr\/telechargements\/","title":{"rendered":"T\u00e9l\u00e9chargements"},"content":{"rendered":"<section data-block_60dc51246668d class=\"single-text-col align p-0\">\n  <div class=\"container\">\n    <div class=\"max-w-800\">\n      <h4>Notre zone de ressources d\u00e9di\u00e9es vous permet de t\u00e9l\u00e9charger tous les documents techniques et de produits, dont les certifications, les directives et d\u00e9clarations de performance.<\/h4>\n    <\/div>\n  <\/div>\n<\/section>\n\n\n<section data-block_60dc51306668e class=\"downloads-listing align py-120 first:pt-0\">\n  <div class=\"container\">\n\n    <div id=\"downloadFilter\" class=\"block w-full mb-54\">\n      <span id=\"all\" class=\"ml-0 font-bold transition cursor-pointer text-orange mr-36 hover:text-black\">\n        Voir tout\n      <\/span>\n\n                    <span id=\"archives-des-certifications\" class=\"font-bold transition cursor-pointer text-midgrey mr-36 last:mr-0 hover:text-black\">\n          Archives des Certifications        <\/span>\n              <span id=\"d-claration-de-performance\" class=\"font-bold transition cursor-pointer text-midgrey mr-36 last:mr-0 hover:text-black\">\n          D\u00e9claration de performance        <\/span>\n              <span id=\"directives\" class=\"font-bold transition cursor-pointer text-midgrey mr-36 last:mr-0 hover:text-black\">\n          Directives        <\/span>\n              <span id=\"produit\" class=\"font-bold transition cursor-pointer text-midgrey mr-36 last:mr-0 hover:text-black\">\n          Produit        <\/span>\n              <span id=\"technique\" class=\"font-bold transition cursor-pointer text-midgrey mr-36 last:mr-0 hover:text-black\">\n          Technique        <\/span>\n          <\/div>\n\n    <div id=\"downloadList\" class=\"grid w-full grid-cols-1 gap-x-54 gap-y-81 1024:grid-cols-3\">\n              <div class=\"produit all\">\n          <div class=\"w-full h-240\">\n            <img loading=\"lazy\" decoding=\"async\" width=\"940\" height=\"788\" src=\"https:\/\/www.pyroguard.eu\/app\/uploads\/2024\/11\/Schuco-Brochure-EN-1.png\" class=\"block object-cover h-full w-full rounded-sm shadow wp-post-image\" alt=\"\" srcset=\"https:\/\/www.pyroguard.eu\/app\/uploads\/2024\/11\/Schuco-Brochure-EN-1.png 940w, https:\/\/www.pyroguard.eu\/app\/uploads\/2024\/11\/Schuco-Brochure-EN-1-300x251.png 300w, https:\/\/www.pyroguard.eu\/app\/uploads\/2024\/11\/Schuco-Brochure-EN-1-768x644.png 768w\" sizes=\"auto, (max-width: 940px) 100vw, 940px\" \/>          <\/div>\n          <h3 class=\"mt-36\">Pyroguard &amp; syst\u00e8mes Sch\u00fcco<\/h3>\n          <a href=\"https:\/\/www.pyroguard.eu\/fr\/downloads\/pyroguard-schuco-systems\/\" class=\"button\" title=\"Pyroguard &amp; syst\u00e8mes Sch\u00fcco\">Voir les t\u00e9l\u00e9chargements<\/a>\n        <\/div>\n              <div class=\"technique all\">\n          <div class=\"w-full h-240\">\n            <img loading=\"lazy\" decoding=\"async\" width=\"1024\" height=\"683\" src=\"https:\/\/www.pyroguard.eu\/app\/uploads\/2021\/08\/PYR_3094-Datasheets-Mock-up-AUG21-1-WEB-1024x683.jpg\" class=\"block object-cover h-full w-full rounded-sm shadow wp-post-image\" alt=\"Pyroguard Datasheets Mock Up\" srcset=\"https:\/\/www.pyroguard.eu\/app\/uploads\/2021\/08\/PYR_3094-Datasheets-Mock-up-AUG21-1-WEB-1024x683.jpg 1024w, https:\/\/www.pyroguard.eu\/app\/uploads\/2021\/08\/PYR_3094-Datasheets-Mock-up-AUG21-1-WEB-300x200.jpg 300w, https:\/\/www.pyroguard.eu\/app\/uploads\/2021\/08\/PYR_3094-Datasheets-Mock-up-AUG21-1-WEB-768x512.jpg 768w, https:\/\/www.pyroguard.eu\/app\/uploads\/2021\/08\/PYR_3094-Datasheets-Mock-up-AUG21-1-WEB-1536x1024.jpg 1536w, https:\/\/www.pyroguard.eu\/app\/uploads\/2021\/08\/PYR_3094-Datasheets-Mock-up-AUG21-1-WEB.jpg 1800w\" sizes=\"auto, (max-width: 1024px) 100vw, 1024px\" \/>          <\/div>\n          <h3 class=\"mt-36\">Fiches techniques<\/h3>\n          <a href=\"https:\/\/www.pyroguard.eu\/fr\/downloads\/datasheets\/\" class=\"button\" title=\"Fiches techniques\">Voir les t\u00e9l\u00e9chargements<\/a>\n        <\/div>\n              <div class=\"produit all\">\n          <div class=\"w-full h-240\">\n            <img loading=\"lazy\" decoding=\"async\" width=\"1024\" height=\"674\" src=\"https:\/\/www.pyroguard.eu\/app\/uploads\/2021\/07\/cldesign_signaletique_centre_prouve_nancy_2-1024x674.jpg\" class=\"block object-cover h-full w-full rounded-sm shadow wp-post-image\" alt=\"cldesign_signaletique_centre_prouve_nancy_2\" srcset=\"https:\/\/www.pyroguard.eu\/app\/uploads\/2021\/07\/cldesign_signaletique_centre_prouve_nancy_2-1024x674.jpg 1024w, https:\/\/www.pyroguard.eu\/app\/uploads\/2021\/07\/cldesign_signaletique_centre_prouve_nancy_2-300x197.jpg 300w, https:\/\/www.pyroguard.eu\/app\/uploads\/2021\/07\/cldesign_signaletique_centre_prouve_nancy_2-768x505.jpg 768w, https:\/\/www.pyroguard.eu\/app\/uploads\/2021\/07\/cldesign_signaletique_centre_prouve_nancy_2-1536x1011.jpg 1536w, https:\/\/www.pyroguard.eu\/app\/uploads\/2021\/07\/cldesign_signaletique_centre_prouve_nancy_2.jpg 1900w\" sizes=\"auto, (max-width: 1024px) 100vw, 1024px\" \/>          <\/div>\n          <h3 class=\"mt-36\">Smokeguard \u2013 \u00c9crans de fum\u00e9e<\/h3>\n          <a href=\"https:\/\/www.pyroguard.eu\/fr\/downloads\/smokeguard-smokescreens\/\" class=\"button\" title=\"Smokeguard \u2013 \u00c9crans de fum\u00e9e\">Voir les t\u00e9l\u00e9chargements<\/a>\n        <\/div>\n              <div class=\"archives-des-certifications all\">\n          <div class=\"w-full h-240\">\n            <img loading=\"lazy\" decoding=\"async\" width=\"1024\" height=\"683\" src=\"https:\/\/www.pyroguard.eu\/app\/uploads\/2021\/07\/tick-1024x683.jpg\" class=\"block object-cover h-full w-full rounded-sm shadow wp-post-image\" alt=\"Orange tick boxes\" srcset=\"https:\/\/www.pyroguard.eu\/app\/uploads\/2021\/07\/tick-1024x683.jpg 1024w, https:\/\/www.pyroguard.eu\/app\/uploads\/2021\/07\/tick-300x200.jpg 300w, https:\/\/www.pyroguard.eu\/app\/uploads\/2021\/07\/tick-768x512.jpg 768w, https:\/\/www.pyroguard.eu\/app\/uploads\/2021\/07\/tick-1536x1024.jpg 1536w, https:\/\/www.pyroguard.eu\/app\/uploads\/2021\/07\/tick-2048x1365.jpg 2048w\" sizes=\"auto, (max-width: 1024px) 100vw, 1024px\" \/>          <\/div>\n          <h3 class=\"mt-36\">Certification des verres de s\u00e9curit\u00e9 incendie<\/h3>\n          <a href=\"https:\/\/www.pyroguard.eu\/fr\/downloads\/certification\/\" class=\"button\" title=\"Certification des verres de s\u00e9curit\u00e9 incendie\">Voir les t\u00e9l\u00e9chargements<\/a>\n        <\/div>\n              <div class=\"produit all\">\n          <div class=\"w-full h-240\">\n            <img loading=\"lazy\" decoding=\"async\" width=\"706\" height=\"362\" src=\"https:\/\/www.pyroguard.eu\/app\/uploads\/2021\/06\/ship02.jpeg\" class=\"block object-cover h-full w-full rounded-sm shadow wp-post-image\" alt=\"pyroguard marine\" srcset=\"https:\/\/www.pyroguard.eu\/app\/uploads\/2021\/06\/ship02.jpeg 706w, https:\/\/www.pyroguard.eu\/app\/uploads\/2021\/06\/ship02-300x154.jpeg 300w\" sizes=\"auto, (max-width: 706px) 100vw, 706px\" \/>          <\/div>\n          <h3 class=\"mt-36\">Pyroguard Marine FR<\/h3>\n          <a href=\"https:\/\/www.pyroguard.eu\/fr\/downloads\/pyroguard-marine\/\" class=\"button\" title=\"Pyroguard Marine FR\">Voir les t\u00e9l\u00e9chargements<\/a>\n        <\/div>\n              <div class=\"technique all\">\n          <div class=\"w-full h-240\">\n            <img loading=\"lazy\" decoding=\"async\" width=\"1024\" height=\"683\" src=\"https:\/\/www.pyroguard.eu\/app\/uploads\/2024\/06\/PYR_3195-Tech-Brochure-Mock-Up-JUN24-B1-1024x683.jpg\" class=\"block object-cover h-full w-full rounded-sm shadow wp-post-image\" alt=\"Tech brochure 2024\" srcset=\"https:\/\/www.pyroguard.eu\/app\/uploads\/2024\/06\/PYR_3195-Tech-Brochure-Mock-Up-JUN24-B1-1024x683.jpg 1024w, https:\/\/www.pyroguard.eu\/app\/uploads\/2024\/06\/PYR_3195-Tech-Brochure-Mock-Up-JUN24-B1-300x200.jpg 300w, https:\/\/www.pyroguard.eu\/app\/uploads\/2024\/06\/PYR_3195-Tech-Brochure-Mock-Up-JUN24-B1-768x512.jpg 768w, https:\/\/www.pyroguard.eu\/app\/uploads\/2024\/06\/PYR_3195-Tech-Brochure-Mock-Up-JUN24-B1-1536x1024.jpg 1536w, https:\/\/www.pyroguard.eu\/app\/uploads\/2024\/06\/PYR_3195-Tech-Brochure-Mock-Up-JUN24-B1-2048x1365.jpg 2048w\" sizes=\"auto, (max-width: 1024px) 100vw, 1024px\" \/>          <\/div>\n          <h3 class=\"mt-36\">Brochure technique<\/h3>\n          <a href=\"https:\/\/www.pyroguard.eu\/fr\/downloads\/technical-document\/\" class=\"button\" title=\"Brochure technique\">Voir les t\u00e9l\u00e9chargements<\/a>\n        <\/div>\n              <div class=\"produit all\">\n          <div class=\"w-full h-240\">\n            <img loading=\"lazy\" decoding=\"async\" width=\"1024\" height=\"576\" src=\"https:\/\/www.pyroguard.eu\/app\/uploads\/2021\/07\/Multifunctional-EN-web-1024x576.jpg\" class=\"block object-cover h-full w-full rounded-sm shadow wp-post-image\" alt=\"Multifunctional fire glass brochure\" srcset=\"https:\/\/www.pyroguard.eu\/app\/uploads\/2021\/07\/Multifunctional-EN-web-1024x576.jpg 1024w, https:\/\/www.pyroguard.eu\/app\/uploads\/2021\/07\/Multifunctional-EN-web-300x169.jpg 300w, https:\/\/www.pyroguard.eu\/app\/uploads\/2021\/07\/Multifunctional-EN-web-768x432.jpg 768w, https:\/\/www.pyroguard.eu\/app\/uploads\/2021\/07\/Multifunctional-EN-web-1536x864.jpg 1536w, https:\/\/www.pyroguard.eu\/app\/uploads\/2021\/07\/Multifunctional-EN-web.jpg 1920w\" sizes=\"auto, (max-width: 1024px) 100vw, 1024px\" \/>          <\/div>\n          <h3 class=\"mt-36\">SMART solutions &#8211; Verre de s\u00e9curit\u00e9 incendie tremp\u00e9 multifonctionnel<\/h3>\n          <a href=\"https:\/\/www.pyroguard.eu\/fr\/downloads\/smart-solutions-multi-functional-toughened-fire-safety-glass\/\" class=\"button\" title=\"SMART solutions &#8211; Verre de s\u00e9curit\u00e9 incendie tremp\u00e9 multifonctionnel\">Voir les t\u00e9l\u00e9chargements<\/a>\n        <\/div>\n              <div class=\"directives all\">\n          <div class=\"w-full h-240\">\n            <img loading=\"lazy\" decoding=\"async\" width=\"947\" height=\"943\" src=\"https:\/\/www.pyroguard.eu\/app\/uploads\/2021\/07\/PYR_3102-10-Year-Warranty-Stamp-SEP21-1-FINAL-CMYK.png\" class=\"block object-cover h-full w-full rounded-sm shadow wp-post-image\" alt=\"PYR 10 Year Warranty Stamp SEP21\" srcset=\"https:\/\/www.pyroguard.eu\/app\/uploads\/2021\/07\/PYR_3102-10-Year-Warranty-Stamp-SEP21-1-FINAL-CMYK.png 947w, https:\/\/www.pyroguard.eu\/app\/uploads\/2021\/07\/PYR_3102-10-Year-Warranty-Stamp-SEP21-1-FINAL-CMYK-300x300.png 300w, https:\/\/www.pyroguard.eu\/app\/uploads\/2021\/07\/PYR_3102-10-Year-Warranty-Stamp-SEP21-1-FINAL-CMYK-150x150.png 150w, https:\/\/www.pyroguard.eu\/app\/uploads\/2021\/07\/PYR_3102-10-Year-Warranty-Stamp-SEP21-1-FINAL-CMYK-768x765.png 768w\" sizes=\"auto, (max-width: 947px) 100vw, 947px\" \/>          <\/div>\n          <h3 class=\"mt-36\">Nos documents d&#8217;orientation<\/h3>\n          <a href=\"https:\/\/www.pyroguard.eu\/fr\/downloads\/our-guidance-documentation\/\" class=\"button\" title=\"Nos documents d&#8217;orientation\">Voir les t\u00e9l\u00e9chargements<\/a>\n        <\/div>\n              <div class=\"d-claration-de-performance all\">\n          <div class=\"w-full h-240\">\n            <img loading=\"lazy\" decoding=\"async\" width=\"700\" height=\"350\" src=\"https:\/\/www.pyroguard.eu\/app\/uploads\/2021\/07\/ce_marking.jpg\" class=\"block object-cover h-full w-full rounded-sm shadow wp-post-image\" alt=\"CE Marking\" srcset=\"https:\/\/www.pyroguard.eu\/app\/uploads\/2021\/07\/ce_marking.jpg 700w, https:\/\/www.pyroguard.eu\/app\/uploads\/2021\/07\/ce_marking-300x150.jpg 300w\" sizes=\"auto, (max-width: 700px) 100vw, 700px\" \/>          <\/div>\n          <h3 class=\"mt-36\">D\u00e9clarations de performance<\/h3>\n          <a href=\"https:\/\/www.pyroguard.eu\/fr\/downloads\/declarations-de-performance\/\" class=\"button\" title=\"D\u00e9clarations de performance\">Voir les t\u00e9l\u00e9chargements<\/a>\n        <\/div>\n          <\/div>\n  <\/div>\n<\/section>\n\n\n<section data-block_60dc51416668f class=\"form-with-text align py-120\" id=\"contact-form\">\n  <div class=\"container\">\n    <h2>Besoin d\u2019aide ?<\/h2>\n    <div class=\"grid grid-cols-1 1024:grid-cols-2 gap-54\">\n      <div>\n        <p><a href=\"https:\/\/www.pyroguard.eu\/contact-us\/\">Contactez-nous<\/a> si vous avez des questions ou si vous avez besoin de conseils concernant votre prochain projet.<\/p>\n<h5>You\u2019re in safe hands.<\/h5>\n        <span class=\"block h-3 bg-orange w-160\"><\/span>\n        <p>E: <a href=\"mailto:info@pyroguard.eu\">info@pyroguard.eu<\/a><\/p>\n        <p>T: <a href=\"tel:+33387002810\">+33 (0)3 87 00 28 10<\/a><\/p>\n      <\/div>\n      <div>\n\n                              <iframe loading=\"lazy\" src=\"https:\/\/www2.pyroguard.eu\/l\/64652\/2015-10-28\/5cwncs\" width=\"100%\" height=\"710\" type=\"text\/html\" frameborder=\"0\" allowTransparency=\"true\" style=\"border: 0\"><\/iframe>                  \n      <\/div>\n    <\/div>\n  <\/div>\n<\/section>\n","protected":false},"excerpt":{"rendered":"","protected":false},"author":1,"featured_media":0,"parent":0,"menu_order":0,"comment_status":"closed","ping_status":"closed","template":"","meta":{"_acf_changed":false,"footnotes":""},"class_list":["post-18005","page","type-page","status-publish","hentry"],"acf":[],"yoast_head":"<!-- This site is optimized with the Yoast SEO plugin v27.3 - https:\/\/yoast.com\/product\/yoast-seo-wordpress\/ -->\n<title>T\u00e9l\u00e9chargements - Pyroguard<\/title>\n<meta name=\"description\" content=\"Notre espace ressources d\u00e9di\u00e9 pour t\u00e9l\u00e9charger toute notre documentation technique et produits, y compris les certifications, directives et d\u00e9clarations de performance.\" \/>\n<meta name=\"robots\" content=\"index, follow, max-snippet:-1, max-image-preview:large, max-video-preview:-1\" \/>\n<link rel=\"canonical\" href=\"https:\/\/www.pyroguard.eu\/fr\/telechargements\/\" \/>\n<meta property=\"og:locale\" content=\"fr_FR\" \/>\n<meta property=\"og:type\" content=\"article\" \/>\n<meta property=\"og:title\" content=\"T\u00e9l\u00e9chargements - Pyroguard\" \/>\n<meta property=\"og:description\" content=\"Notre espace ressources d\u00e9di\u00e9 pour t\u00e9l\u00e9charger toute notre documentation technique et produits, y compris les certifications, directives et d\u00e9clarations de performance.\" \/>\n<meta property=\"og:url\" content=\"https:\/\/www.pyroguard.eu\/fr\/telechargements\/\" \/>\n<meta property=\"og:site_name\" content=\"Pyroguard\" \/>\n<meta property=\"article:modified_time\" content=\"2023-09-26T15:31:55+00:00\" \/>\n<meta name=\"twitter:card\" content=\"summary_large_image\" \/>\n<script type=\"application\/ld+json\" class=\"yoast-schema-graph\">{\"@context\":\"https:\\\/\\\/schema.org\",\"@graph\":[{\"@type\":\"WebPage\",\"@id\":\"https:\\\/\\\/www.pyroguard.eu\\\/fr\\\/telechargements\\\/\",\"url\":\"https:\\\/\\\/www.pyroguard.eu\\\/fr\\\/telechargements\\\/\",\"name\":\"T\u00e9l\u00e9chargements - Pyroguard\",\"isPartOf\":{\"@id\":\"https:\\\/\\\/www.pyroguard.eu\\\/fr\\\/#website\"},\"datePublished\":\"2021-06-30T10:10:43+00:00\",\"dateModified\":\"2023-09-26T15:31:55+00:00\",\"description\":\"Notre espace ressources d\u00e9di\u00e9 pour t\u00e9l\u00e9charger toute notre documentation technique et produits, y compris les certifications, directives et d\u00e9clarations de performance.\",\"breadcrumb\":{\"@id\":\"https:\\\/\\\/www.pyroguard.eu\\\/fr\\\/telechargements\\\/#breadcrumb\"},\"inLanguage\":\"fr-FR\",\"potentialAction\":[{\"@type\":\"ReadAction\",\"target\":[\"https:\\\/\\\/www.pyroguard.eu\\\/fr\\\/telechargements\\\/\"]}]},{\"@type\":\"BreadcrumbList\",\"@id\":\"https:\\\/\\\/www.pyroguard.eu\\\/fr\\\/telechargements\\\/#breadcrumb\",\"itemListElement\":[{\"@type\":\"ListItem\",\"position\":1,\"name\":\"Home\",\"item\":\"https:\\\/\\\/www.pyroguard.eu\\\/fr\\\/\"},{\"@type\":\"ListItem\",\"position\":2,\"name\":\"T\u00e9l\u00e9chargements\"}]},{\"@type\":\"WebSite\",\"@id\":\"https:\\\/\\\/www.pyroguard.eu\\\/fr\\\/#website\",\"url\":\"https:\\\/\\\/www.pyroguard.eu\\\/fr\\\/\",\"name\":\"Pyroguard\",\"description\":\"You&#039;re in safe hands\",\"publisher\":{\"@id\":\"https:\\\/\\\/www.pyroguard.eu\\\/fr\\\/#organization\"},\"potentialAction\":[{\"@type\":\"SearchAction\",\"target\":{\"@type\":\"EntryPoint\",\"urlTemplate\":\"https:\\\/\\\/www.pyroguard.eu\\\/fr\\\/?s={search_term_string}\"},\"query-input\":{\"@type\":\"PropertyValueSpecification\",\"valueRequired\":true,\"valueName\":\"search_term_string\"}}],\"inLanguage\":\"fr-FR\"},{\"@type\":\"Organization\",\"@id\":\"https:\\\/\\\/www.pyroguard.eu\\\/fr\\\/#organization\",\"name\":\"Pyroguard\",\"url\":\"https:\\\/\\\/www.pyroguard.eu\\\/fr\\\/\",\"logo\":{\"@type\":\"ImageObject\",\"inLanguage\":\"fr-FR\",\"@id\":\"https:\\\/\\\/www.pyroguard.eu\\\/fr\\\/#\\\/schema\\\/logo\\\/image\\\/\",\"url\":\"https:\\\/\\\/www.pyroguard.eu\\\/app\\\/uploads\\\/2026\\\/02\\\/Screenshot-2026-02-04-113420.png\",\"contentUrl\":\"https:\\\/\\\/www.pyroguard.eu\\\/app\\\/uploads\\\/2026\\\/02\\\/Screenshot-2026-02-04-113420.png\",\"width\":1876,\"height\":482,\"caption\":\"Pyroguard\"},\"image\":{\"@id\":\"https:\\\/\\\/www.pyroguard.eu\\\/fr\\\/#\\\/schema\\\/logo\\\/image\\\/\"}}]}<\/script>\n<!-- \/ Yoast SEO plugin. -->","yoast_head_json":{"title":"T\u00e9l\u00e9chargements - Pyroguard","description":"Notre espace ressources d\u00e9di\u00e9 pour t\u00e9l\u00e9charger toute notre documentation technique et produits, y compris les certifications, directives et d\u00e9clarations de performance.","robots":{"index":"index","follow":"follow","max-snippet":"max-snippet:-1","max-image-preview":"max-image-preview:large","max-video-preview":"max-video-preview:-1"},"canonical":"https:\/\/www.pyroguard.eu\/fr\/telechargements\/","og_locale":"fr_FR","og_type":"article","og_title":"T\u00e9l\u00e9chargements - Pyroguard","og_description":"Notre espace ressources d\u00e9di\u00e9 pour t\u00e9l\u00e9charger toute notre documentation technique et produits, y compris les certifications, directives et d\u00e9clarations de performance.","og_url":"https:\/\/www.pyroguard.eu\/fr\/telechargements\/","og_site_name":"Pyroguard","article_modified_time":"2023-09-26T15:31:55+00:00","twitter_card":"summary_large_image","schema":{"@context":"https:\/\/schema.org","@graph":[{"@type":"WebPage","@id":"https:\/\/www.pyroguard.eu\/fr\/telechargements\/","url":"https:\/\/www.pyroguard.eu\/fr\/telechargements\/","name":"T\u00e9l\u00e9chargements - Pyroguard","isPartOf":{"@id":"https:\/\/www.pyroguard.eu\/fr\/#website"},"datePublished":"2021-06-30T10:10:43+00:00","dateModified":"2023-09-26T15:31:55+00:00","description":"Notre espace ressources d\u00e9di\u00e9 pour t\u00e9l\u00e9charger toute notre documentation technique et produits, y compris les certifications, directives et d\u00e9clarations de performance.","breadcrumb":{"@id":"https:\/\/www.pyroguard.eu\/fr\/telechargements\/#breadcrumb"},"inLanguage":"fr-FR","potentialAction":[{"@type":"ReadAction","target":["https:\/\/www.pyroguard.eu\/fr\/telechargements\/"]}]},{"@type":"BreadcrumbList","@id":"https:\/\/www.pyroguard.eu\/fr\/telechargements\/#breadcrumb","itemListElement":[{"@type":"ListItem","position":1,"name":"Home","item":"https:\/\/www.pyroguard.eu\/fr\/"},{"@type":"ListItem","position":2,"name":"T\u00e9l\u00e9chargements"}]},{"@type":"WebSite","@id":"https:\/\/www.pyroguard.eu\/fr\/#website","url":"https:\/\/www.pyroguard.eu\/fr\/","name":"Pyroguard","description":"You&#039;re in safe hands","publisher":{"@id":"https:\/\/www.pyroguard.eu\/fr\/#organization"},"potentialAction":[{"@type":"SearchAction","target":{"@type":"EntryPoint","urlTemplate":"https:\/\/www.pyroguard.eu\/fr\/?s={search_term_string}"},"query-input":{"@type":"PropertyValueSpecification","valueRequired":true,"valueName":"search_term_string"}}],"inLanguage":"fr-FR"},{"@type":"Organization","@id":"https:\/\/www.pyroguard.eu\/fr\/#organization","name":"Pyroguard","url":"https:\/\/www.pyroguard.eu\/fr\/","logo":{"@type":"ImageObject","inLanguage":"fr-FR","@id":"https:\/\/www.pyroguard.eu\/fr\/#\/schema\/logo\/image\/","url":"https:\/\/www.pyroguard.eu\/app\/uploads\/2026\/02\/Screenshot-2026-02-04-113420.png","contentUrl":"https:\/\/www.pyroguard.eu\/app\/uploads\/2026\/02\/Screenshot-2026-02-04-113420.png","width":1876,"height":482,"caption":"Pyroguard"},"image":{"@id":"https:\/\/www.pyroguard.eu\/fr\/#\/schema\/logo\/image\/"}}]}},"_links":{"self":[{"href":"https:\/\/www.pyroguard.eu\/fr\/wp-json\/wp\/v2\/pages\/18005","targetHints":{"allow":["GET"]}}],"collection":[{"href":"https:\/\/www.pyroguard.eu\/fr\/wp-json\/wp\/v2\/pages"}],"about":[{"href":"https:\/\/www.pyroguard.eu\/fr\/wp-json\/wp\/v2\/types\/page"}],"author":[{"embeddable":true,"href":"https:\/\/www.pyroguard.eu\/fr\/wp-json\/wp\/v2\/users\/1"}],"replies":[{"embeddable":true,"href":"https:\/\/www.pyroguard.eu\/fr\/wp-json\/wp\/v2\/comments?post=18005"}],"version-history":[{"count":4,"href":"https:\/\/www.pyroguard.eu\/fr\/wp-json\/wp\/v2\/pages\/18005\/revisions"}],"predecessor-version":[{"id":23660,"href":"https:\/\/www.pyroguard.eu\/fr\/wp-json\/wp\/v2\/pages\/18005\/revisions\/23660"}],"wp:attachment":[{"href":"https:\/\/www.pyroguard.eu\/fr\/wp-json\/wp\/v2\/media?parent=18005"}],"curies":[{"name":"wp","href":"https:\/\/api.w.org\/{rel}","templated":true}]}}