{"id":17981,"date":"2021-07-28T10:04:28","date_gmt":"2021-07-28T09:04:28","guid":{"rendered":"https:\/\/www.pyroguard.eu\/our-company\/"},"modified":"2025-11-07T14:57:46","modified_gmt":"2025-11-07T14:57:46","slug":"notre-entreprise","status":"publish","type":"page","link":"https:\/\/www.pyroguard.eu\/fr\/notre-entreprise\/","title":{"rendered":"\u00c0 propos de nous"},"content":{"rendered":"<section data-block_169fe4d5ead943992aa9c6d1560e9a5b class=\"single-text-col align p-0\">\n  <div class=\"container\">\n    <div class=\"max-w-800\">\n      <h4>Pyroguard est leader du march\u00e9 et fabrique des verres de s\u00e9curit\u00e9 incendie qui permettent aux architectes, sp\u00e9cificateurs et installateurs de r\u00e9aliser leur vision d\u2019espaces de travail et de vie magnifiques et s\u00fbrs.<\/h4>\n    <\/div>\n  <\/div>\n<\/section>\n\n\n<section data-block_87e2c0e7c401b997b2102f876cbe33ac class=\"image-textbox-link-video align py-120 first:pt-0\">\n  <div class=\"container\">\n    <div class=\"relative grid grid-cols-1 1024:min-h-800 1024:py-81 content-center gap-54 1024:grid-cols-2 \">\n      <div class=\"hidden 1024:block\"><\/div>\n      <div class=\"bg-white shadow p-54 relative z-10 \">\n        <h2>Qui sommes-nous ?<\/h2>\n<p>Avec des sites de production au Royaume-Uni et en France, en plus de lieux strat\u00e9giques de vente, Pyroguard est bien bien plac\u00e9e pour fabriquer et fournir la plus vaste gamme qui soit de verres de s\u00e9curit\u00e9 incendie certifi\u00e9s et test\u00e9s, \u00e0 l\u2019\u00e9chelle internationale.<\/p>\n                                <a href=\"https:\/\/www.pyroguard.eu\/fr\/notre-entreprise\/qui-sommes-nous\/\" class=\"button\">\n          EN SAVOIR PLUS        <\/a>\n                                        <div class=\"h-160 absolute block top-full -mt-24 z-20 flex  right-54\">\n          <span class=\"bg-orange block w-3 h-1\/3 mx-0\"><\/span>\n          <span class=\"bg-orange block w-3 h-2\/3 mx-24\"><\/span>\n          <span class=\"bg-orange block w-3 h-full mx-0\"><\/span>\n        <\/div>\n      <\/div>\n\n      <div class=\"relative z-0 top-0 w-full bottom-0 1024:absolute 1024:w-3\/4 aspect-h-1 aspect-w-1 1024:aspect-none  left-0  \">\n\n        <img loading=\"lazy\" decoding=\"async\" width=\"2560\" height=\"1324\" src=\"https:\/\/www.pyroguard.eu\/app\/uploads\/2025\/11\/DSC_0214-scaled.jpg\" class=\"block object-cover h-full w-full\" alt=\"DSC_0214\" srcset=\"https:\/\/www.pyroguard.eu\/app\/uploads\/2025\/11\/DSC_0214-scaled.jpg 2560w, https:\/\/www.pyroguard.eu\/app\/uploads\/2025\/11\/DSC_0214-300x155.jpg 300w, https:\/\/www.pyroguard.eu\/app\/uploads\/2025\/11\/DSC_0214-1024x529.jpg 1024w, https:\/\/www.pyroguard.eu\/app\/uploads\/2025\/11\/DSC_0214-768x397.jpg 768w, https:\/\/www.pyroguard.eu\/app\/uploads\/2025\/11\/DSC_0214-1536x794.jpg 1536w, https:\/\/www.pyroguard.eu\/app\/uploads\/2025\/11\/DSC_0214-2048x1059.jpg 2048w\" sizes=\"auto, (max-width: 2560px) 100vw, 2560px\" \/>\n                              <\/div>\n    <\/div>\n  <\/div>\n<\/section>\n\n\n<section data-block_7a2a8067c6df6dd63c645434d1a46d12 class=\"image-textbox-link-video align py-120 first:pt-0\">\n  <div class=\"container\">\n    <div class=\"relative grid grid-cols-1 1024:min-h-800 1024:py-81 content-center gap-54 1024:grid-cols-2 \">\n      <div class=\"hidden 1024:block\"><\/div>\n      <div class=\"bg-white shadow p-54 relative z-10 \">\n        <h2>Saverto \u2013 Votre sp\u00e9cialiste de la protection passive contre l&#8217;incendie<\/h2>\n<p>Pyroguard est fier de faire partie du groupe Saverto, une marque leader au sein de la division Vitrage du groupe.<\/p>\n                                        <a href=\"https:\/\/saverto.com\/\" class=\"button\" target=\"_blank\">\n          EN SAVOIR PLUS        <\/a>\n                                <div class=\"h-160 absolute block top-full -mt-24 z-20 flex  right-54\">\n          <span class=\"bg-orange block w-3 h-1\/3 mx-0\"><\/span>\n          <span class=\"bg-orange block w-3 h-2\/3 mx-24\"><\/span>\n          <span class=\"bg-orange block w-3 h-full mx-0\"><\/span>\n        <\/div>\n      <\/div>\n\n      <div class=\"relative z-0 top-0 w-full bottom-0 1024:absolute 1024:w-3\/4 aspect-h-1 aspect-w-1 1024:aspect-none  left-0  \">\n\n        <img loading=\"lazy\" decoding=\"async\" width=\"1200\" height=\"800\" src=\"https:\/\/www.pyroguard.eu\/app\/uploads\/2025\/06\/saverto-webpage.png\" class=\"block object-cover h-full w-full\" alt=\"Saverto web page\" srcset=\"https:\/\/www.pyroguard.eu\/app\/uploads\/2025\/06\/saverto-webpage.png 1200w, https:\/\/www.pyroguard.eu\/app\/uploads\/2025\/06\/saverto-webpage-300x200.png 300w, https:\/\/www.pyroguard.eu\/app\/uploads\/2025\/06\/saverto-webpage-1024x683.png 1024w, https:\/\/www.pyroguard.eu\/app\/uploads\/2025\/06\/saverto-webpage-768x512.png 768w\" sizes=\"auto, (max-width: 1200px) 100vw, 1200px\" \/>\n                              <\/div>\n    <\/div>\n  <\/div>\n<\/section>\n\n\n<section data-block_628321ad7e6f927a7591d87ea2008fb5 class=\"image-textbox-link-video align py-120 first:pt-0\">\n  <div class=\"container\">\n    <div class=\"relative grid grid-cols-1 1024:min-h-800 1024:py-81 content-center gap-54 1024:grid-cols-2 \">\n      <div class=\"hidden 1024:block\"><\/div>\n      <div class=\"bg-white shadow p-54 relative z-10 \">\n        <h2>Postes vacants<\/h2>\n<p>Vous cherchez une nouvelle opportunit\u00e9 ? Vous voulez faire partie d&#8217;une \u00e9quipe d\u00e9di\u00e9e qui peut faire la diff\u00e9rence ? Rejoignez-nous d\u00e8s maintenant !<\/p>\n                                <a href=\"https:\/\/www.pyroguard.eu\/fr\/postes-vacants\/\" class=\"button\">\n          CONSULTEZ NOS POSTES \u00c0 POURVOIR        <\/a>\n                                        <div class=\"h-160 absolute block top-full -mt-24 z-20 flex  right-54\">\n          <span class=\"bg-orange block w-3 h-1\/3 mx-0\"><\/span>\n          <span class=\"bg-orange block w-3 h-2\/3 mx-24\"><\/span>\n          <span class=\"bg-orange block w-3 h-full mx-0\"><\/span>\n        <\/div>\n      <\/div>\n\n      <div class=\"relative z-0 top-0 w-full bottom-0 1024:absolute 1024:w-3\/4 aspect-h-1 aspect-w-1 1024:aspect-none  left-0  \">\n\n        <img loading=\"lazy\" decoding=\"async\" width=\"1920\" height=\"1152\" src=\"https:\/\/www.pyroguard.eu\/app\/uploads\/2021\/10\/DSC_7817.jpg\" class=\"block object-cover h-full w-full\" alt=\"Pyroguard Team Photograph In Warehouse\" srcset=\"https:\/\/www.pyroguard.eu\/app\/uploads\/2021\/10\/DSC_7817.jpg 1920w, https:\/\/www.pyroguard.eu\/app\/uploads\/2021\/10\/DSC_7817-300x180.jpg 300w, https:\/\/www.pyroguard.eu\/app\/uploads\/2021\/10\/DSC_7817-1024x614.jpg 1024w, https:\/\/www.pyroguard.eu\/app\/uploads\/2021\/10\/DSC_7817-768x461.jpg 768w, https:\/\/www.pyroguard.eu\/app\/uploads\/2021\/10\/DSC_7817-1536x922.jpg 1536w\" sizes=\"auto, (max-width: 1920px) 100vw, 1920px\" \/>\n                              <\/div>\n    <\/div>\n  <\/div>\n<\/section>\n\n\n<section data-block_67f0a55bfcbb2eb79ad527bebbeadbee class=\"latest-news align py-120\" >\n  <div class=\"container\">\n    <h2>Dans la presse<\/h2>\n    <a href=\"https:\/\/www.pyroguard.eu\/fr\/\/the-newsroom\" class=\"button ghost mb-54\" title=\"Voir tous nos articles d'actualit\u00e9\">Voir tout<\/a>\n    <div class=\"grid grid-cols-1 768:grid-cols-2 1024:grid-cols-3 gap-54\">\n                  <div class=\"\">\n        <div class=\"relative w-full h-240 rounded-sm shadow\">\n          <img decoding=\"async\" src=\"https:\/\/www.pyroguard.eu\/app\/uploads\/2024\/10\/LR-9-2.jpg\" class=\"block object-cover h-full w-full\" \/>\n        <\/div>\n        <h3 class=\"mt-36\">Comment le verre de s\u00e9curit\u00e9 incendie moderne contribue \u00e0 \u00e9quilibrer fonctionnalit\u00e9 et \u00e9l\u00e9gance dans les b\u00e2timents d&#8217;h\u00e9bergement actuels<\/h3>\n        <a href=\"https:\/\/www.pyroguard.eu\/fr\/des-nouvelles\/comment-le-verre-de-securite-incendie-moderne-contribue-a-equilibrer-fonctionnalite-et-elegance-dans-les-batiments-dhebergement-actuels\/\" title=\"Comment le verre de s\u00e9curit\u00e9 incendie moderne contribue \u00e0 \u00e9quilibrer fonctionnalit\u00e9 et \u00e9l\u00e9gance dans les b\u00e2timents d&#8217;h\u00e9bergement actuels\" class=\"button\">En savoir plus<\/a>\n      <\/div>\n            <div class=\"\">\n        <div class=\"relative w-full h-240 rounded-sm shadow\">\n          <img decoding=\"async\" src=\"https:\/\/www.pyroguard.eu\/app\/uploads\/2021\/08\/HEALTHCARE-1.jpg\" class=\"block object-cover h-full w-full\" \/>\n        <\/div>\n        <h3 class=\"mt-36\">Les nouveaux types de vitrage apportent des avantages aux environnements de soins modernes, aussi bien en mati\u00e8re de bien-\u00eatre que d\u2019architecture<\/h3>\n        <a href=\"https:\/\/www.pyroguard.eu\/fr\/des-nouvelles\/les-nouveaux-types-de-vitrage-apportent-des-avantages-aux-environnements-de-soins-modernes-aussi-bien-en-matiere-de-bien-etre-que-darchitecture\/\" title=\"Les nouveaux types de vitrage apportent des avantages aux environnements de soins modernes, aussi bien en mati\u00e8re de bien-\u00eatre que d\u2019architecture\" class=\"button\">En savoir plus<\/a>\n      <\/div>\n            <div class=\"\">\n        <div class=\"relative w-full h-240 rounded-sm shadow\">\n          <img decoding=\"async\" src=\"https:\/\/www.pyroguard.eu\/app\/uploads\/2025\/07\/MMG-Fire-test-Pyroguard-Advance-1.png\" class=\"block object-cover h-full w-full\" \/>\n        <\/div>\n        <h3 class=\"mt-36\">Une approche syst\u00e9mique de la s\u00e9curit\u00e9 incendie<\/h3>\n        <a href=\"https:\/\/www.pyroguard.eu\/fr\/des-nouvelles\/une-approche-systemique-de-la-securite-incendie\/\" title=\"Une approche syst\u00e9mique de la s\u00e9curit\u00e9 incendie\" class=\"button\">En savoir plus<\/a>\n      <\/div>\n          <\/div>\n  <\/div>\n<\/section>\n\n\n<section data-block_e783c60558b06470de8fe3a97b3cf351 class=\"form-with-text align py-120\" id=\"contact-form\">\n  <div class=\"container\">\n    <h2>Pr\u00eats \u00e0 vous lancer ?<\/h2>\n    <div class=\"grid grid-cols-1 1024:grid-cols-2 gap-54\">\n      <div>\n        <p><a href=\"https:\/\/www.pyroguard.eu\/contact-us\/\">Contactez-nous<\/a> si vous avez des questions ou si vous avez besoin de conseils concernant votre prochain projet.<\/p>\n<h5>You\u2019re in safe hands.<\/h5>\n        <span class=\"block h-3 bg-orange w-160\"><\/span>\n        <p>E: <a href=\"mailto:info@pyroguard.eu\">info@pyroguard.eu<\/a><\/p>\n        <p>T: <a href=\"tel:+33387002810\">+33 (0)3 87 00 28 10<\/a><\/p>\n      <\/div>\n      <div>\n\n                              <iframe loading=\"lazy\" src=\"https:\/\/www2.pyroguard.eu\/l\/64652\/2015-10-28\/5cwncs\" width=\"100%\" height=\"710\" type=\"text\/html\" frameborder=\"0\" allowTransparency=\"true\" style=\"border: 0\"><\/iframe>                  \n      <\/div>\n    <\/div>\n  <\/div>\n<\/section>\n","protected":false},"excerpt":{"rendered":"","protected":false},"author":1,"featured_media":0,"parent":0,"menu_order":0,"comment_status":"closed","ping_status":"closed","template":"","meta":{"_acf_changed":false,"footnotes":""},"class_list":["post-17981","page","type-page","status-publish","hentry"],"acf":[],"yoast_head":"<!-- This site is optimized with the Yoast SEO plugin v27.3 - https:\/\/yoast.com\/product\/yoast-seo-wordpress\/ -->\n<title>Entreprise leader dans le domaine du verre anti-feu - Pyroguard<\/title>\n<meta name=\"description\" content=\"En tant que leader du verre anti-feu, nous permettons aux architectes, aux prescripteurs et aux installateurs de cr\u00e9er des espaces de vie et de travail s\u00fbrs et beaux.\" \/>\n<meta name=\"robots\" content=\"index, follow, max-snippet:-1, max-image-preview:large, max-video-preview:-1\" \/>\n<link rel=\"canonical\" href=\"https:\/\/www.pyroguard.eu\/fr\/notre-entreprise\/\" \/>\n<meta property=\"og:locale\" content=\"fr_FR\" \/>\n<meta property=\"og:type\" content=\"article\" \/>\n<meta property=\"og:title\" content=\"Entreprise leader dans le domaine du verre anti-feu - Pyroguard\" \/>\n<meta property=\"og:description\" content=\"En tant que leader du verre anti-feu, nous permettons aux architectes, aux prescripteurs et aux installateurs de cr\u00e9er des espaces de vie et de travail s\u00fbrs et beaux.\" \/>\n<meta property=\"og:url\" content=\"https:\/\/www.pyroguard.eu\/fr\/notre-entreprise\/\" \/>\n<meta property=\"og:site_name\" content=\"Pyroguard\" \/>\n<meta property=\"article:modified_time\" content=\"2025-11-07T14:57:46+00:00\" \/>\n<meta name=\"twitter:card\" content=\"summary_large_image\" \/>\n<meta name=\"twitter:label1\" content=\"Est. reading time\" \/>\n\t<meta name=\"twitter:data1\" content=\"3 minutes\" \/>\n<script type=\"application\/ld+json\" class=\"yoast-schema-graph\">{\"@context\":\"https:\\\/\\\/schema.org\",\"@graph\":[{\"@type\":\"WebPage\",\"@id\":\"https:\\\/\\\/www.pyroguard.eu\\\/fr\\\/notre-entreprise\\\/\",\"url\":\"https:\\\/\\\/www.pyroguard.eu\\\/fr\\\/notre-entreprise\\\/\",\"name\":\"Entreprise leader dans le domaine du verre anti-feu - Pyroguard\",\"isPartOf\":{\"@id\":\"https:\\\/\\\/www.pyroguard.eu\\\/fr\\\/#website\"},\"datePublished\":\"2021-07-28T09:04:28+00:00\",\"dateModified\":\"2025-11-07T14:57:46+00:00\",\"description\":\"En tant que leader du verre anti-feu, nous permettons aux architectes, aux prescripteurs et aux installateurs de cr\u00e9er des espaces de vie et de travail s\u00fbrs et beaux.\",\"breadcrumb\":{\"@id\":\"https:\\\/\\\/www.pyroguard.eu\\\/fr\\\/notre-entreprise\\\/#breadcrumb\"},\"inLanguage\":\"fr-FR\",\"potentialAction\":[{\"@type\":\"ReadAction\",\"target\":[\"https:\\\/\\\/www.pyroguard.eu\\\/fr\\\/notre-entreprise\\\/\"]}]},{\"@type\":\"BreadcrumbList\",\"@id\":\"https:\\\/\\\/www.pyroguard.eu\\\/fr\\\/notre-entreprise\\\/#breadcrumb\",\"itemListElement\":[{\"@type\":\"ListItem\",\"position\":1,\"name\":\"Home\",\"item\":\"https:\\\/\\\/www.pyroguard.eu\\\/fr\\\/\"},{\"@type\":\"ListItem\",\"position\":2,\"name\":\"\u00c0 propos de nous\"}]},{\"@type\":\"WebSite\",\"@id\":\"https:\\\/\\\/www.pyroguard.eu\\\/fr\\\/#website\",\"url\":\"https:\\\/\\\/www.pyroguard.eu\\\/fr\\\/\",\"name\":\"Pyroguard\",\"description\":\"You&#039;re in safe hands\",\"publisher\":{\"@id\":\"https:\\\/\\\/www.pyroguard.eu\\\/fr\\\/#organization\"},\"potentialAction\":[{\"@type\":\"SearchAction\",\"target\":{\"@type\":\"EntryPoint\",\"urlTemplate\":\"https:\\\/\\\/www.pyroguard.eu\\\/fr\\\/?s={search_term_string}\"},\"query-input\":{\"@type\":\"PropertyValueSpecification\",\"valueRequired\":true,\"valueName\":\"search_term_string\"}}],\"inLanguage\":\"fr-FR\"},{\"@type\":\"Organization\",\"@id\":\"https:\\\/\\\/www.pyroguard.eu\\\/fr\\\/#organization\",\"name\":\"Pyroguard\",\"url\":\"https:\\\/\\\/www.pyroguard.eu\\\/fr\\\/\",\"logo\":{\"@type\":\"ImageObject\",\"inLanguage\":\"fr-FR\",\"@id\":\"https:\\\/\\\/www.pyroguard.eu\\\/fr\\\/#\\\/schema\\\/logo\\\/image\\\/\",\"url\":\"https:\\\/\\\/www.pyroguard.eu\\\/app\\\/uploads\\\/2026\\\/02\\\/Screenshot-2026-02-04-113420.png\",\"contentUrl\":\"https:\\\/\\\/www.pyroguard.eu\\\/app\\\/uploads\\\/2026\\\/02\\\/Screenshot-2026-02-04-113420.png\",\"width\":1876,\"height\":482,\"caption\":\"Pyroguard\"},\"image\":{\"@id\":\"https:\\\/\\\/www.pyroguard.eu\\\/fr\\\/#\\\/schema\\\/logo\\\/image\\\/\"}}]}<\/script>\n<!-- \/ Yoast SEO plugin. -->","yoast_head_json":{"title":"Entreprise leader dans le domaine du verre anti-feu - Pyroguard","description":"En tant que leader du verre anti-feu, nous permettons aux architectes, aux prescripteurs et aux installateurs de cr\u00e9er des espaces de vie et de travail s\u00fbrs et beaux.","robots":{"index":"index","follow":"follow","max-snippet":"max-snippet:-1","max-image-preview":"max-image-preview:large","max-video-preview":"max-video-preview:-1"},"canonical":"https:\/\/www.pyroguard.eu\/fr\/notre-entreprise\/","og_locale":"fr_FR","og_type":"article","og_title":"Entreprise leader dans le domaine du verre anti-feu - Pyroguard","og_description":"En tant que leader du verre anti-feu, nous permettons aux architectes, aux prescripteurs et aux installateurs de cr\u00e9er des espaces de vie et de travail s\u00fbrs et beaux.","og_url":"https:\/\/www.pyroguard.eu\/fr\/notre-entreprise\/","og_site_name":"Pyroguard","article_modified_time":"2025-11-07T14:57:46+00:00","twitter_card":"summary_large_image","twitter_misc":{"Est. reading time":"3 minutes"},"schema":{"@context":"https:\/\/schema.org","@graph":[{"@type":"WebPage","@id":"https:\/\/www.pyroguard.eu\/fr\/notre-entreprise\/","url":"https:\/\/www.pyroguard.eu\/fr\/notre-entreprise\/","name":"Entreprise leader dans le domaine du verre anti-feu - Pyroguard","isPartOf":{"@id":"https:\/\/www.pyroguard.eu\/fr\/#website"},"datePublished":"2021-07-28T09:04:28+00:00","dateModified":"2025-11-07T14:57:46+00:00","description":"En tant que leader du verre anti-feu, nous permettons aux architectes, aux prescripteurs et aux installateurs de cr\u00e9er des espaces de vie et de travail s\u00fbrs et beaux.","breadcrumb":{"@id":"https:\/\/www.pyroguard.eu\/fr\/notre-entreprise\/#breadcrumb"},"inLanguage":"fr-FR","potentialAction":[{"@type":"ReadAction","target":["https:\/\/www.pyroguard.eu\/fr\/notre-entreprise\/"]}]},{"@type":"BreadcrumbList","@id":"https:\/\/www.pyroguard.eu\/fr\/notre-entreprise\/#breadcrumb","itemListElement":[{"@type":"ListItem","position":1,"name":"Home","item":"https:\/\/www.pyroguard.eu\/fr\/"},{"@type":"ListItem","position":2,"name":"\u00c0 propos de nous"}]},{"@type":"WebSite","@id":"https:\/\/www.pyroguard.eu\/fr\/#website","url":"https:\/\/www.pyroguard.eu\/fr\/","name":"Pyroguard","description":"You&#039;re in safe hands","publisher":{"@id":"https:\/\/www.pyroguard.eu\/fr\/#organization"},"potentialAction":[{"@type":"SearchAction","target":{"@type":"EntryPoint","urlTemplate":"https:\/\/www.pyroguard.eu\/fr\/?s={search_term_string}"},"query-input":{"@type":"PropertyValueSpecification","valueRequired":true,"valueName":"search_term_string"}}],"inLanguage":"fr-FR"},{"@type":"Organization","@id":"https:\/\/www.pyroguard.eu\/fr\/#organization","name":"Pyroguard","url":"https:\/\/www.pyroguard.eu\/fr\/","logo":{"@type":"ImageObject","inLanguage":"fr-FR","@id":"https:\/\/www.pyroguard.eu\/fr\/#\/schema\/logo\/image\/","url":"https:\/\/www.pyroguard.eu\/app\/uploads\/2026\/02\/Screenshot-2026-02-04-113420.png","contentUrl":"https:\/\/www.pyroguard.eu\/app\/uploads\/2026\/02\/Screenshot-2026-02-04-113420.png","width":1876,"height":482,"caption":"Pyroguard"},"image":{"@id":"https:\/\/www.pyroguard.eu\/fr\/#\/schema\/logo\/image\/"}}]}},"_links":{"self":[{"href":"https:\/\/www.pyroguard.eu\/fr\/wp-json\/wp\/v2\/pages\/17981","targetHints":{"allow":["GET"]}}],"collection":[{"href":"https:\/\/www.pyroguard.eu\/fr\/wp-json\/wp\/v2\/pages"}],"about":[{"href":"https:\/\/www.pyroguard.eu\/fr\/wp-json\/wp\/v2\/types\/page"}],"author":[{"embeddable":true,"href":"https:\/\/www.pyroguard.eu\/fr\/wp-json\/wp\/v2\/users\/1"}],"replies":[{"embeddable":true,"href":"https:\/\/www.pyroguard.eu\/fr\/wp-json\/wp\/v2\/comments?post=17981"}],"version-history":[{"count":13,"href":"https:\/\/www.pyroguard.eu\/fr\/wp-json\/wp\/v2\/pages\/17981\/revisions"}],"predecessor-version":[{"id":50829,"href":"https:\/\/www.pyroguard.eu\/fr\/wp-json\/wp\/v2\/pages\/17981\/revisions\/50829"}],"wp:attachment":[{"href":"https:\/\/www.pyroguard.eu\/fr\/wp-json\/wp\/v2\/media?parent=17981"}],"curies":[{"name":"wp","href":"https:\/\/api.w.org\/{rel}","templated":true}]}}