{"id":17960,"date":"2021-07-28T18:13:07","date_gmt":"2021-07-28T17:13:07","guid":{"rendered":"https:\/\/www.pyroguard.eu\/the-newsroom\/"},"modified":"2023-09-14T16:54:01","modified_gmt":"2023-09-14T15:54:01","slug":"dans-la-presse","status":"publish","type":"page","link":"https:\/\/www.pyroguard.eu\/fr\/dans-la-presse\/","title":{"rendered":"Dans la presse"},"content":{"rendered":"<section data-block_61019de59d080 class=\"news-listing align py-120 first:pt-0\" data-multiplier=\"1\">\n  <div class=\"container\">\n\n    <div id=\"downloadList\" class=\"grid w-full grid-cols-1 gap-x-54 gap-y-81 1024:grid-cols-3\">\n            <div class=\"news all\">\n        <div class=\"w-full h-240\">\n          <img loading=\"lazy\" decoding=\"async\" width=\"656\" height=\"621\" src=\"https:\/\/www.pyroguard.eu\/app\/uploads\/2024\/10\/LR-9-2.jpg\" class=\"block object-cover h-full w-full rounded-sm shadow wp-post-image\" alt=\"TRIBE Hotel, Manchester\" srcset=\"https:\/\/www.pyroguard.eu\/app\/uploads\/2024\/10\/LR-9-2.jpg 656w, https:\/\/www.pyroguard.eu\/app\/uploads\/2024\/10\/LR-9-2-300x284.jpg 300w\" sizes=\"auto, (max-width: 656px) 100vw, 656px\" \/>        <\/div>\n        <h3 class=\"mt-36\">Comment le verre de s\u00e9curit\u00e9 incendie moderne contribue \u00e0 \u00e9quilibrer fonctionnalit\u00e9 et \u00e9l\u00e9gance dans les b\u00e2timents d&#8217;h\u00e9bergement actuels<\/h3>\n        <a href=\"https:\/\/www.pyroguard.eu\/fr\/des-nouvelles\/comment-le-verre-de-securite-incendie-moderne-contribue-a-equilibrer-fonctionnalite-et-elegance-dans-les-batiments-dhebergement-actuels\/\" class=\"button\" title=\"Comment le verre de s\u00e9curit\u00e9 incendie moderne contribue \u00e0 \u00e9quilibrer fonctionnalit\u00e9 et \u00e9l\u00e9gance dans les b\u00e2timents d&#8217;h\u00e9bergement actuels\">Lire la suite<\/a>\n      <\/div>\n            <div class=\"news all\">\n        <div class=\"w-full h-240\">\n          <img loading=\"lazy\" decoding=\"async\" width=\"1024\" height=\"576\" src=\"https:\/\/www.pyroguard.eu\/app\/uploads\/2021\/08\/HEALTHCARE-1-1024x576.jpg\" class=\"block object-cover h-full w-full rounded-sm shadow wp-post-image\" alt=\"Fire Glass for Healthcare\" srcset=\"https:\/\/www.pyroguard.eu\/app\/uploads\/2021\/08\/HEALTHCARE-1-1024x576.jpg 1024w, https:\/\/www.pyroguard.eu\/app\/uploads\/2021\/08\/HEALTHCARE-1-300x169.jpg 300w, https:\/\/www.pyroguard.eu\/app\/uploads\/2021\/08\/HEALTHCARE-1-768x432.jpg 768w, https:\/\/www.pyroguard.eu\/app\/uploads\/2021\/08\/HEALTHCARE-1-1536x864.jpg 1536w, https:\/\/www.pyroguard.eu\/app\/uploads\/2021\/08\/HEALTHCARE-1.jpg 1920w\" sizes=\"auto, (max-width: 1024px) 100vw, 1024px\" \/>        <\/div>\n        <h3 class=\"mt-36\">Les nouveaux types de vitrage apportent des avantages aux environnements de soins modernes, aussi bien en mati\u00e8re de bien-\u00eatre que d\u2019architecture<\/h3>\n        <a href=\"https:\/\/www.pyroguard.eu\/fr\/des-nouvelles\/les-nouveaux-types-de-vitrage-apportent-des-avantages-aux-environnements-de-soins-modernes-aussi-bien-en-matiere-de-bien-etre-que-darchitecture\/\" class=\"button\" title=\"Les nouveaux types de vitrage apportent des avantages aux environnements de soins modernes, aussi bien en mati\u00e8re de bien-\u00eatre que d\u2019architecture\">Lire la suite<\/a>\n      <\/div>\n            <div class=\"news all\">\n        <div class=\"w-full h-240\">\n          <img loading=\"lazy\" decoding=\"async\" width=\"940\" height=\"788\" src=\"https:\/\/www.pyroguard.eu\/app\/uploads\/2025\/07\/MMG-Fire-test-Pyroguard-Advance-1.png\" class=\"block object-cover h-full w-full rounded-sm shadow wp-post-image\" alt=\"MMG Fire test - Pyroguard Advance (1)\" srcset=\"https:\/\/www.pyroguard.eu\/app\/uploads\/2025\/07\/MMG-Fire-test-Pyroguard-Advance-1.png 940w, https:\/\/www.pyroguard.eu\/app\/uploads\/2025\/07\/MMG-Fire-test-Pyroguard-Advance-1-300x251.png 300w, https:\/\/www.pyroguard.eu\/app\/uploads\/2025\/07\/MMG-Fire-test-Pyroguard-Advance-1-768x644.png 768w\" sizes=\"auto, (max-width: 940px) 100vw, 940px\" \/>        <\/div>\n        <h3 class=\"mt-36\">Une approche syst\u00e9mique de la s\u00e9curit\u00e9 incendie<\/h3>\n        <a href=\"https:\/\/www.pyroguard.eu\/fr\/des-nouvelles\/une-approche-systemique-de-la-securite-incendie\/\" class=\"button\" title=\"Une approche syst\u00e9mique de la s\u00e9curit\u00e9 incendie\">Lire la suite<\/a>\n      <\/div>\n            <div class=\"news all\">\n        <div class=\"w-full h-240\">\n          <img loading=\"lazy\" decoding=\"async\" width=\"1024\" height=\"683\" src=\"https:\/\/www.pyroguard.eu\/app\/uploads\/2024\/12\/Pyroguard-Deanston-Wharf-4-1024x683.jpg\" class=\"block object-cover h-full w-full rounded-sm shadow wp-post-image\" alt=\"Pyroguard-Deanston-Wharf-4\" srcset=\"https:\/\/www.pyroguard.eu\/app\/uploads\/2024\/12\/Pyroguard-Deanston-Wharf-4-1024x683.jpg 1024w, https:\/\/www.pyroguard.eu\/app\/uploads\/2024\/12\/Pyroguard-Deanston-Wharf-4-300x200.jpg 300w, https:\/\/www.pyroguard.eu\/app\/uploads\/2024\/12\/Pyroguard-Deanston-Wharf-4-768x512.jpg 768w, https:\/\/www.pyroguard.eu\/app\/uploads\/2024\/12\/Pyroguard-Deanston-Wharf-4-1536x1025.jpg 1536w, https:\/\/www.pyroguard.eu\/app\/uploads\/2024\/12\/Pyroguard-Deanston-Wharf-4.jpg 1619w\" sizes=\"auto, (max-width: 1024px) 100vw, 1024px\" \/>        <\/div>\n        <h3 class=\"mt-36\">R\u00e9pondre aux nouvelles r\u00e9glementations sur les balcons vitr\u00e9s dans les immeubles de grande hauteur<\/h3>\n        <a href=\"https:\/\/www.pyroguard.eu\/fr\/des-nouvelles\/repondre-aux-nouvelles-reglementations-sur-les-balcons-vitres-dans-les-immeubles-de-grande-hauteur\/\" class=\"button\" title=\"R\u00e9pondre aux nouvelles r\u00e9glementations sur les balcons vitr\u00e9s dans les immeubles de grande hauteur\">Lire la suite<\/a>\n      <\/div>\n            <div class=\"news all\">\n        <div class=\"w-full h-240\">\n          <img loading=\"lazy\" decoding=\"async\" width=\"940\" height=\"788\" src=\"https:\/\/www.pyroguard.eu\/app\/uploads\/2025\/07\/TechLibrary-Blog-10.png\" class=\"block object-cover h-full w-full rounded-sm shadow wp-post-image\" alt=\"\" srcset=\"https:\/\/www.pyroguard.eu\/app\/uploads\/2025\/07\/TechLibrary-Blog-10.png 940w, https:\/\/www.pyroguard.eu\/app\/uploads\/2025\/07\/TechLibrary-Blog-10-300x251.png 300w, https:\/\/www.pyroguard.eu\/app\/uploads\/2025\/07\/TechLibrary-Blog-10-768x644.png 768w\" sizes=\"auto, (max-width: 940px) 100vw, 940px\" \/>        <\/div>\n        <h3 class=\"mt-36\">Les sp\u00e9cifications techniques des vitres d&#8217;incendie \u00e0 votre disposition &#8211; l&#8217;histoire du d\u00e9veloppement de la TechLibrary de Pyroguard<\/h3>\n        <a href=\"https:\/\/www.pyroguard.eu\/fr\/des-nouvelles\/les-specifications-techniques-des-vitres-dincendie-a-votre-disposition-lhistoire-du-developpement-de-la-techlibrary-de-pyroguard\/\" class=\"button\" title=\"Les sp\u00e9cifications techniques des vitres d&#8217;incendie \u00e0 votre disposition &#8211; l&#8217;histoire du d\u00e9veloppement de la TechLibrary de Pyroguard\">Lire la suite<\/a>\n      <\/div>\n            <div class=\"news all\">\n        <div class=\"w-full h-240\">\n          <img loading=\"lazy\" decoding=\"async\" width=\"1024\" height=\"536\" src=\"https:\/\/www.pyroguard.eu\/app\/uploads\/2025\/06\/Untitled-design-65-1024x536.png\" class=\"block object-cover h-full w-full rounded-sm shadow wp-post-image\" alt=\"Pyroguard - A Saverto Company\" srcset=\"https:\/\/www.pyroguard.eu\/app\/uploads\/2025\/06\/Untitled-design-65-1024x536.png 1024w, https:\/\/www.pyroguard.eu\/app\/uploads\/2025\/06\/Untitled-design-65-300x157.png 300w, https:\/\/www.pyroguard.eu\/app\/uploads\/2025\/06\/Untitled-design-65-768x402.png 768w, https:\/\/www.pyroguard.eu\/app\/uploads\/2025\/06\/Untitled-design-65.png 1200w\" sizes=\"auto, (max-width: 1024px) 100vw, 1024px\" \/>        <\/div>\n        <h3 class=\"mt-36\">Pyroguard rejoint la nouvelle marque ombrelle Saverto\u00a0: le groupe svt r\u00e9oriente sa strat\u00e9gie de marque internationale<\/h3>\n        <a href=\"https:\/\/www.pyroguard.eu\/fr\/des-nouvelles\/pyroguard-rejoint-la-nouvelle-marque-ombrelle-saverto-le-groupe-svt-reoriente-sa-strategie-de-marque-internationale\/\" class=\"button\" title=\"Pyroguard rejoint la nouvelle marque ombrelle Saverto\u00a0: le groupe svt r\u00e9oriente sa strat\u00e9gie de marque internationale\">Lire la suite<\/a>\n      <\/div>\n            <div class=\"news all\">\n        <div class=\"w-full h-240\">\n          <img loading=\"lazy\" decoding=\"async\" width=\"1024\" height=\"536\" src=\"https:\/\/www.pyroguard.eu\/app\/uploads\/2025\/04\/TechLibrary-PR-1200-x-628-px-1-1024x536.png\" class=\"block object-cover h-full w-full rounded-sm shadow wp-post-image\" alt=\"NEW! Pyroguard TechLibrary\" srcset=\"https:\/\/www.pyroguard.eu\/app\/uploads\/2025\/04\/TechLibrary-PR-1200-x-628-px-1-1024x536.png 1024w, https:\/\/www.pyroguard.eu\/app\/uploads\/2025\/04\/TechLibrary-PR-1200-x-628-px-1-300x157.png 300w, https:\/\/www.pyroguard.eu\/app\/uploads\/2025\/04\/TechLibrary-PR-1200-x-628-px-1-768x402.png 768w, https:\/\/www.pyroguard.eu\/app\/uploads\/2025\/04\/TechLibrary-PR-1200-x-628-px-1.png 1200w\" sizes=\"auto, (max-width: 1024px) 100vw, 1024px\" \/>        <\/div>\n        <h3 class=\"mt-36\">Pyroguard d\u00e9voile la TechLibrary<\/h3>\n        <a href=\"https:\/\/www.pyroguard.eu\/fr\/des-nouvelles\/pyroguard-devoile-la-techlibrary\/\" class=\"button\" title=\"Pyroguard d\u00e9voile la TechLibrary\">Lire la suite<\/a>\n      <\/div>\n            <div class=\"news all\">\n        <div class=\"w-full h-240\">\n          <img loading=\"lazy\" decoding=\"async\" width=\"1024\" height=\"645\" src=\"https:\/\/www.pyroguard.eu\/app\/uploads\/2025\/04\/CSH-FR-1024x645.png\" class=\"block object-cover h-full w-full rounded-sm shadow wp-post-image\" alt=\"\" srcset=\"https:\/\/www.pyroguard.eu\/app\/uploads\/2025\/04\/CSH-FR-1024x645.png 1024w, https:\/\/www.pyroguard.eu\/app\/uploads\/2025\/04\/CSH-FR-300x189.png 300w, https:\/\/www.pyroguard.eu\/app\/uploads\/2025\/04\/CSH-FR-768x484.png 768w, https:\/\/www.pyroguard.eu\/app\/uploads\/2025\/04\/CSH-FR.png 1283w\" sizes=\"auto, (max-width: 1024px) 100vw, 1024px\" \/>        <\/div>\n        <h3 class=\"mt-36\">Vous offrir le service que vous m\u00e9ritez<\/h3>\n        <a href=\"https:\/\/www.pyroguard.eu\/fr\/des-nouvelles\/vous-offrir-le-service-que-vous-meritez\/\" class=\"button\" title=\"Vous offrir le service que vous m\u00e9ritez\">Lire la suite<\/a>\n      <\/div>\n            <div class=\"news all\">\n        <div class=\"w-full h-240\">\n          <img loading=\"lazy\" decoding=\"async\" width=\"1024\" height=\"817\" src=\"https:\/\/www.pyroguard.eu\/app\/uploads\/2021\/08\/DOORS-1024x817.jpg\" class=\"block object-cover h-full w-full rounded-sm shadow wp-post-image\" alt=\"Multifunctional Fire Glass - Doors\" srcset=\"https:\/\/www.pyroguard.eu\/app\/uploads\/2021\/08\/DOORS-1024x817.jpg 1024w, https:\/\/www.pyroguard.eu\/app\/uploads\/2021\/08\/DOORS-300x239.jpg 300w, https:\/\/www.pyroguard.eu\/app\/uploads\/2021\/08\/DOORS-768x613.jpg 768w, https:\/\/www.pyroguard.eu\/app\/uploads\/2021\/08\/DOORS-1536x1226.jpg 1536w, https:\/\/www.pyroguard.eu\/app\/uploads\/2021\/08\/DOORS.jpg 1920w\" sizes=\"auto, (max-width: 1024px) 100vw, 1024px\" \/>        <\/div>\n        <h3 class=\"mt-36\">Portes coupe-feu &#8211; des vertus cach\u00e9es<\/h3>\n        <a href=\"https:\/\/www.pyroguard.eu\/fr\/des-nouvelles\/portes-coupe-feu-des-vertus-cachees\/\" class=\"button\" title=\"Portes coupe-feu &#8211; des vertus cach\u00e9es\">Lire la suite<\/a>\n      <\/div>\n            <div class=\"news all\">\n        <div class=\"w-full h-240\">\n          <img loading=\"lazy\" decoding=\"async\" width=\"1024\" height=\"683\" src=\"https:\/\/www.pyroguard.eu\/app\/uploads\/2024\/05\/GLA-240306-9663-1024x683.jpg\" class=\"block object-cover h-full w-full rounded-sm shadow wp-post-image\" alt=\"GLA-240306-9663\" srcset=\"https:\/\/www.pyroguard.eu\/app\/uploads\/2024\/05\/GLA-240306-9663-1024x683.jpg 1024w, https:\/\/www.pyroguard.eu\/app\/uploads\/2024\/05\/GLA-240306-9663-300x200.jpg 300w, https:\/\/www.pyroguard.eu\/app\/uploads\/2024\/05\/GLA-240306-9663-768x512.jpg 768w, https:\/\/www.pyroguard.eu\/app\/uploads\/2024\/05\/GLA-240306-9663-1536x1025.jpg 1536w, https:\/\/www.pyroguard.eu\/app\/uploads\/2024\/05\/GLA-240306-9663-2048x1366.jpg 2048w\" sizes=\"auto, (max-width: 1024px) 100vw, 1024px\" \/>        <\/div>\n        <h3 class=\"mt-36\">Au-del\u00e0 de la s\u00e9curit\u00e9 incendie : Le r\u00f4le du verre de s\u00e9curit\u00e9 incendie dans la conception des a\u00e9roports modernes<\/h3>\n        <a href=\"https:\/\/www.pyroguard.eu\/fr\/des-nouvelles\/au-dela-de-la-securite-incendie-le-role-du-verre-de-securite-incendie-dans-la-conception-des-aeroports-modernes\/\" class=\"button\" title=\"Au-del\u00e0 de la s\u00e9curit\u00e9 incendie : Le r\u00f4le du verre de s\u00e9curit\u00e9 incendie dans la conception des a\u00e9roports modernes\">Lire la suite<\/a>\n      <\/div>\n            <div class=\"news all\">\n        <div class=\"w-full h-240\">\n          <img loading=\"lazy\" decoding=\"async\" width=\"1024\" height=\"536\" src=\"https:\/\/www.pyroguard.eu\/app\/uploads\/2024\/10\/Testing-1200-x-628px-1024x536.png\" class=\"block object-cover h-full w-full rounded-sm shadow wp-post-image\" alt=\"Testing Beyond Fire Resistance\" srcset=\"https:\/\/www.pyroguard.eu\/app\/uploads\/2024\/10\/Testing-1200-x-628px-1024x536.png 1024w, https:\/\/www.pyroguard.eu\/app\/uploads\/2024\/10\/Testing-1200-x-628px-300x157.png 300w, https:\/\/www.pyroguard.eu\/app\/uploads\/2024\/10\/Testing-1200-x-628px-768x402.png 768w, https:\/\/www.pyroguard.eu\/app\/uploads\/2024\/10\/Testing-1200-x-628px.png 1200w\" sizes=\"auto, (max-width: 1024px) 100vw, 1024px\" \/>        <\/div>\n        <h3 class=\"mt-36\">Tester bien plus que la r\u00e9sistance au feu<\/h3>\n        <a href=\"https:\/\/www.pyroguard.eu\/fr\/des-nouvelles\/tester-bien-plus-que-la-resistance-au-feu\/\" class=\"button\" title=\"Tester bien plus que la r\u00e9sistance au feu\">Lire la suite<\/a>\n      <\/div>\n            <div class=\"news all\">\n        <div class=\"w-full h-240\">\n          <img loading=\"lazy\" decoding=\"async\" width=\"1024\" height=\"536\" src=\"https:\/\/www.pyroguard.eu\/app\/uploads\/2024\/10\/IGU-1-1024x536.png\" class=\"block object-cover h-full w-full rounded-sm shadow wp-post-image\" alt=\"Pyroguard expands in-house capabilities with new IGU production line\" srcset=\"https:\/\/www.pyroguard.eu\/app\/uploads\/2024\/10\/IGU-1-1024x536.png 1024w, https:\/\/www.pyroguard.eu\/app\/uploads\/2024\/10\/IGU-1-300x157.png 300w, https:\/\/www.pyroguard.eu\/app\/uploads\/2024\/10\/IGU-1-768x402.png 768w, https:\/\/www.pyroguard.eu\/app\/uploads\/2024\/10\/IGU-1.png 1200w\" sizes=\"auto, (max-width: 1024px) 100vw, 1024px\" \/>        <\/div>\n        <h3 class=\"mt-36\">Pyroguard accro\u00eet ses capacit\u00e9s internes avec une nouvelle ligne de production d\u2019unit\u00e9s de vitrage isol\u00e9es (IGU)<\/h3>\n        <a href=\"https:\/\/www.pyroguard.eu\/fr\/des-nouvelles\/pyroguard-accroit-ses-capacites-internes-avec-une-nouvelle-ligne-de-production-dunites-de-vitrage-isolees-igu\/\" class=\"button\" title=\"Pyroguard accro\u00eet ses capacit\u00e9s internes avec une nouvelle ligne de production d\u2019unit\u00e9s de vitrage isol\u00e9es (IGU)\">Lire la suite<\/a>\n      <\/div>\n          <\/div>\n\n  <\/div>\n<\/section>\n\n<section class=\"py-120\">\n  <div class=\"container text-center\">\n    <button id=\"loadmorenews\" class=\"focus:outline-none\">charger plus<\/button>\n  <\/div>\n<\/section>\n\n\n<section data-block_61019e389d082 class=\"form-with-text align py-120\" id=\"contact-form\">\n  <div class=\"container\">\n    <h2>Pr\u00eats \u00e0 vous lancer ?<\/h2>\n    <div class=\"grid grid-cols-1 1024:grid-cols-2 gap-54\">\n      <div>\n        <p><a href=\"https:\/\/www.pyroguard.eu\/fr\/nous-contacter\/\">Contactez-nous<\/a> si vous avez des questions ou si vous avez besoin de conseils concernant votre prochain projet.<\/p>\n<h5>You\u2019re in safe hands.<\/h5>\n        <span class=\"block h-3 bg-orange w-160\"><\/span>\n        <p>E: <a href=\"mailto:info@pyroguard.eu\">info@pyroguard.eu<\/a><\/p>\n        <p>T: <a href=\"tel:+33387002810\">+33 (0)3 87 00 28 10<\/a><\/p>\n      <\/div>\n      <div>\n\n                              <iframe loading=\"lazy\" src=\"https:\/\/www2.pyroguard.eu\/l\/64652\/2015-10-28\/5cwncs\" width=\"100%\" height=\"710\" type=\"text\/html\" frameborder=\"0\" allowTransparency=\"true\" style=\"border: 0\"><\/iframe>                  \n      <\/div>\n    <\/div>\n  <\/div>\n<\/section>\n","protected":false},"excerpt":{"rendered":"","protected":false},"author":1,"featured_media":0,"parent":0,"menu_order":0,"comment_status":"closed","ping_status":"closed","template":"","meta":{"_acf_changed":false,"footnotes":""},"class_list":["post-17960","page","type-page","status-publish","hentry"],"acf":[],"yoast_head":"<!-- This site is optimized with the Yoast SEO plugin v27.3 - https:\/\/yoast.com\/product\/yoast-seo-wordpress\/ -->\n<title>Dans la salle de presse - Derni\u00e8res nouvelles sur le verre anti-feu<\/title>\n<meta name=\"description\" content=\"Lisez les derni\u00e8res nouvelles sur le verre anti-feu, les r\u00e9sultats des tests, les partenariats et les d\u00e9veloppements sur notre salle de presse Pyroguard\" \/>\n<meta name=\"robots\" content=\"index, follow, max-snippet:-1, max-image-preview:large, max-video-preview:-1\" \/>\n<link rel=\"canonical\" href=\"https:\/\/www.pyroguard.eu\/fr\/dans-la-presse\/\" \/>\n<meta property=\"og:locale\" content=\"fr_FR\" \/>\n<meta property=\"og:type\" content=\"article\" \/>\n<meta property=\"og:title\" content=\"Dans la salle de presse - Derni\u00e8res nouvelles sur le verre anti-feu\" \/>\n<meta property=\"og:description\" content=\"Lisez les derni\u00e8res nouvelles sur le verre anti-feu, les r\u00e9sultats des tests, les partenariats et les d\u00e9veloppements sur notre salle de presse Pyroguard\" \/>\n<meta property=\"og:url\" content=\"https:\/\/www.pyroguard.eu\/fr\/dans-la-presse\/\" \/>\n<meta property=\"og:site_name\" content=\"Pyroguard\" \/>\n<meta property=\"article:modified_time\" content=\"2023-09-14T15:54:01+00:00\" \/>\n<meta name=\"twitter:card\" content=\"summary_large_image\" \/>\n<script type=\"application\/ld+json\" class=\"yoast-schema-graph\">{\"@context\":\"https:\\\/\\\/schema.org\",\"@graph\":[{\"@type\":\"WebPage\",\"@id\":\"https:\\\/\\\/www.pyroguard.eu\\\/fr\\\/dans-la-presse\\\/\",\"url\":\"https:\\\/\\\/www.pyroguard.eu\\\/fr\\\/dans-la-presse\\\/\",\"name\":\"Dans la salle de presse - Derni\u00e8res nouvelles sur le verre anti-feu\",\"isPartOf\":{\"@id\":\"https:\\\/\\\/www.pyroguard.eu\\\/fr\\\/#website\"},\"datePublished\":\"2021-07-28T17:13:07+00:00\",\"dateModified\":\"2023-09-14T15:54:01+00:00\",\"description\":\"Lisez les derni\u00e8res nouvelles sur le verre anti-feu, les r\u00e9sultats des tests, les partenariats et les d\u00e9veloppements sur notre salle de presse Pyroguard\",\"breadcrumb\":{\"@id\":\"https:\\\/\\\/www.pyroguard.eu\\\/fr\\\/dans-la-presse\\\/#breadcrumb\"},\"inLanguage\":\"fr-FR\",\"potentialAction\":[{\"@type\":\"ReadAction\",\"target\":[\"https:\\\/\\\/www.pyroguard.eu\\\/fr\\\/dans-la-presse\\\/\"]}]},{\"@type\":\"BreadcrumbList\",\"@id\":\"https:\\\/\\\/www.pyroguard.eu\\\/fr\\\/dans-la-presse\\\/#breadcrumb\",\"itemListElement\":[{\"@type\":\"ListItem\",\"position\":1,\"name\":\"Home\",\"item\":\"https:\\\/\\\/www.pyroguard.eu\\\/fr\\\/\"},{\"@type\":\"ListItem\",\"position\":2,\"name\":\"Dans la presse\"}]},{\"@type\":\"WebSite\",\"@id\":\"https:\\\/\\\/www.pyroguard.eu\\\/fr\\\/#website\",\"url\":\"https:\\\/\\\/www.pyroguard.eu\\\/fr\\\/\",\"name\":\"Pyroguard\",\"description\":\"You&#039;re in safe hands\",\"publisher\":{\"@id\":\"https:\\\/\\\/www.pyroguard.eu\\\/fr\\\/#organization\"},\"potentialAction\":[{\"@type\":\"SearchAction\",\"target\":{\"@type\":\"EntryPoint\",\"urlTemplate\":\"https:\\\/\\\/www.pyroguard.eu\\\/fr\\\/?s={search_term_string}\"},\"query-input\":{\"@type\":\"PropertyValueSpecification\",\"valueRequired\":true,\"valueName\":\"search_term_string\"}}],\"inLanguage\":\"fr-FR\"},{\"@type\":\"Organization\",\"@id\":\"https:\\\/\\\/www.pyroguard.eu\\\/fr\\\/#organization\",\"name\":\"Pyroguard\",\"url\":\"https:\\\/\\\/www.pyroguard.eu\\\/fr\\\/\",\"logo\":{\"@type\":\"ImageObject\",\"inLanguage\":\"fr-FR\",\"@id\":\"https:\\\/\\\/www.pyroguard.eu\\\/fr\\\/#\\\/schema\\\/logo\\\/image\\\/\",\"url\":\"https:\\\/\\\/www.pyroguard.eu\\\/app\\\/uploads\\\/2026\\\/02\\\/Screenshot-2026-02-04-113420.png\",\"contentUrl\":\"https:\\\/\\\/www.pyroguard.eu\\\/app\\\/uploads\\\/2026\\\/02\\\/Screenshot-2026-02-04-113420.png\",\"width\":1876,\"height\":482,\"caption\":\"Pyroguard\"},\"image\":{\"@id\":\"https:\\\/\\\/www.pyroguard.eu\\\/fr\\\/#\\\/schema\\\/logo\\\/image\\\/\"}}]}<\/script>\n<!-- \/ Yoast SEO plugin. -->","yoast_head_json":{"title":"Dans la salle de presse - Derni\u00e8res nouvelles sur le verre anti-feu","description":"Lisez les derni\u00e8res nouvelles sur le verre anti-feu, les r\u00e9sultats des tests, les partenariats et les d\u00e9veloppements sur notre salle de presse Pyroguard","robots":{"index":"index","follow":"follow","max-snippet":"max-snippet:-1","max-image-preview":"max-image-preview:large","max-video-preview":"max-video-preview:-1"},"canonical":"https:\/\/www.pyroguard.eu\/fr\/dans-la-presse\/","og_locale":"fr_FR","og_type":"article","og_title":"Dans la salle de presse - Derni\u00e8res nouvelles sur le verre anti-feu","og_description":"Lisez les derni\u00e8res nouvelles sur le verre anti-feu, les r\u00e9sultats des tests, les partenariats et les d\u00e9veloppements sur notre salle de presse Pyroguard","og_url":"https:\/\/www.pyroguard.eu\/fr\/dans-la-presse\/","og_site_name":"Pyroguard","article_modified_time":"2023-09-14T15:54:01+00:00","twitter_card":"summary_large_image","schema":{"@context":"https:\/\/schema.org","@graph":[{"@type":"WebPage","@id":"https:\/\/www.pyroguard.eu\/fr\/dans-la-presse\/","url":"https:\/\/www.pyroguard.eu\/fr\/dans-la-presse\/","name":"Dans la salle de presse - Derni\u00e8res nouvelles sur le verre anti-feu","isPartOf":{"@id":"https:\/\/www.pyroguard.eu\/fr\/#website"},"datePublished":"2021-07-28T17:13:07+00:00","dateModified":"2023-09-14T15:54:01+00:00","description":"Lisez les derni\u00e8res nouvelles sur le verre anti-feu, les r\u00e9sultats des tests, les partenariats et les d\u00e9veloppements sur notre salle de presse Pyroguard","breadcrumb":{"@id":"https:\/\/www.pyroguard.eu\/fr\/dans-la-presse\/#breadcrumb"},"inLanguage":"fr-FR","potentialAction":[{"@type":"ReadAction","target":["https:\/\/www.pyroguard.eu\/fr\/dans-la-presse\/"]}]},{"@type":"BreadcrumbList","@id":"https:\/\/www.pyroguard.eu\/fr\/dans-la-presse\/#breadcrumb","itemListElement":[{"@type":"ListItem","position":1,"name":"Home","item":"https:\/\/www.pyroguard.eu\/fr\/"},{"@type":"ListItem","position":2,"name":"Dans la presse"}]},{"@type":"WebSite","@id":"https:\/\/www.pyroguard.eu\/fr\/#website","url":"https:\/\/www.pyroguard.eu\/fr\/","name":"Pyroguard","description":"You&#039;re in safe hands","publisher":{"@id":"https:\/\/www.pyroguard.eu\/fr\/#organization"},"potentialAction":[{"@type":"SearchAction","target":{"@type":"EntryPoint","urlTemplate":"https:\/\/www.pyroguard.eu\/fr\/?s={search_term_string}"},"query-input":{"@type":"PropertyValueSpecification","valueRequired":true,"valueName":"search_term_string"}}],"inLanguage":"fr-FR"},{"@type":"Organization","@id":"https:\/\/www.pyroguard.eu\/fr\/#organization","name":"Pyroguard","url":"https:\/\/www.pyroguard.eu\/fr\/","logo":{"@type":"ImageObject","inLanguage":"fr-FR","@id":"https:\/\/www.pyroguard.eu\/fr\/#\/schema\/logo\/image\/","url":"https:\/\/www.pyroguard.eu\/app\/uploads\/2026\/02\/Screenshot-2026-02-04-113420.png","contentUrl":"https:\/\/www.pyroguard.eu\/app\/uploads\/2026\/02\/Screenshot-2026-02-04-113420.png","width":1876,"height":482,"caption":"Pyroguard"},"image":{"@id":"https:\/\/www.pyroguard.eu\/fr\/#\/schema\/logo\/image\/"}}]}},"_links":{"self":[{"href":"https:\/\/www.pyroguard.eu\/fr\/wp-json\/wp\/v2\/pages\/17960","targetHints":{"allow":["GET"]}}],"collection":[{"href":"https:\/\/www.pyroguard.eu\/fr\/wp-json\/wp\/v2\/pages"}],"about":[{"href":"https:\/\/www.pyroguard.eu\/fr\/wp-json\/wp\/v2\/types\/page"}],"author":[{"embeddable":true,"href":"https:\/\/www.pyroguard.eu\/fr\/wp-json\/wp\/v2\/users\/1"}],"replies":[{"embeddable":true,"href":"https:\/\/www.pyroguard.eu\/fr\/wp-json\/wp\/v2\/comments?post=17960"}],"version-history":[{"count":9,"href":"https:\/\/www.pyroguard.eu\/fr\/wp-json\/wp\/v2\/pages\/17960\/revisions"}],"predecessor-version":[{"id":30532,"href":"https:\/\/www.pyroguard.eu\/fr\/wp-json\/wp\/v2\/pages\/17960\/revisions\/30532"}],"wp:attachment":[{"href":"https:\/\/www.pyroguard.eu\/fr\/wp-json\/wp\/v2\/media?parent=17960"}],"curies":[{"name":"wp","href":"https:\/\/api.w.org\/{rel}","templated":true}]}}