{"id":51424,"date":"2022-11-25T15:06:13","date_gmt":"2022-11-25T15:06:13","guid":{"rendered":"https:\/\/www.pyroguard.eu\/fachadas-resistentes-al-fuego\/"},"modified":"2026-04-09T11:27:49","modified_gmt":"2026-04-09T10:27:49","slug":"fachadas-resistentes-al-fuego","status":"publish","type":"page","link":"https:\/\/www.pyroguard.eu\/es\/fachadas-resistentes-al-fuego\/","title":{"rendered":"Fachadas resistentes al fuego"},"content":{"rendered":"<section data-block_eb0e63bcce436a9337cc7f9530084bb8 class=\"image-textbox-link-video align py-120 first:pt-0\">\n  <div class=\"container\">\n    <div class=\"relative grid grid-cols-1 1024:min-h-800 1024:py-81 content-center gap-54 1024:grid-cols-2 \">\n      <div class=\"hidden 1024:block\"><\/div>\n      <div class=\"bg-white shadow p-54 relative z-10 \">\n        <h4>Como complemento de la arquitectura moderna, nuestra gama de <a href=\"https:\/\/www.pyroguard.eu\/fire-glass-products\/toughened-fire-glass\/\">productos de vidrio templado resistente al fuego<\/a> es la elecci\u00f3n perfecta para dise\u00f1ar y crear <a href=\"https:\/\/www.pyroguard.eu\/multi-functional-fire-glass\/?tab=Curtain-Walling-Facades-and-Atria\">fachadas de vidrio resistentes al fuego.<\/a><\/h4>\n<h4>Las fachadas de vidrio se utilizan habitualmente en la arquitectura contempor\u00e1nea y causan una primera impresi\u00f3n sorprendente a cualquier visitante o transse\u00fante. La superficie acristalada del exterior de un edificio no solo debe ser est\u00e9ticamente agradable, sino que tambi\u00e9n es esencial que funcione correctamente.<\/h4>\n                                                        <div class=\"h-160 absolute block top-full -mt-24 z-20 flex  right-54\">\n          <span class=\"bg-orange block w-3 h-1\/3 mx-0\"><\/span>\n          <span class=\"bg-orange block w-3 h-2\/3 mx-24\"><\/span>\n          <span class=\"bg-orange block w-3 h-full mx-0\"><\/span>\n        <\/div>\n      <\/div>\n\n      <div class=\"relative z-0 top-0 w-full bottom-0 1024:absolute 1024:w-3\/4 aspect-h-1 aspect-w-1 1024:aspect-none  left-0  \">\n\n        <img loading=\"lazy\" decoding=\"async\" width=\"1920\" height=\"1282\" src=\"https:\/\/www.pyroguard.eu\/app\/uploads\/2021\/08\/STRUCTURAL-WALLS.jpg\" class=\"block object-cover h-full w-full\" alt=\"Fa\u00e7ades r\u00e9sistantes au feu\" srcset=\"https:\/\/www.pyroguard.eu\/app\/uploads\/2021\/08\/STRUCTURAL-WALLS.jpg 1920w, https:\/\/www.pyroguard.eu\/app\/uploads\/2021\/08\/STRUCTURAL-WALLS-300x200.jpg 300w, https:\/\/www.pyroguard.eu\/app\/uploads\/2021\/08\/STRUCTURAL-WALLS-1024x684.jpg 1024w, https:\/\/www.pyroguard.eu\/app\/uploads\/2021\/08\/STRUCTURAL-WALLS-768x513.jpg 768w, https:\/\/www.pyroguard.eu\/app\/uploads\/2021\/08\/STRUCTURAL-WALLS-1536x1026.jpg 1536w\" sizes=\"auto, (max-width: 1920px) 100vw, 1920px\" \/>\n                              <\/div>\n    <\/div>\n  <\/div>\n<\/section>\n\r\n\r\n<section data-block_a611664bf412778b7a3a0a55775e6b22 class=\"news-content align py-120 first:pt-0\">\n  <div class=\"container\">\n    <div class=\"grid grid-cols-1 1024:grid-cols-3 gap-54\">\n      <div class=\"col-span-2\">\n        <h2 style=\"font-size: 35px;\">Fachadas resistentes al fuego de alto rendimiento<\/h2>\n<p>Disponibles en algunos de los tama\u00f1os m\u00e1s grandes probados en el mercado. La gama de soluciones de <a href=\"https:\/\/www.pyroguard.eu\/fire-glass-products\/\">vidrio resistente al fuego<\/a> de Pyroguard es ideal para aplicaciones en fachadas y puede satisfacer las demandas incluso de los proyectos m\u00e1s ambiciosos. Nuestro vidrio resistente al fuego templado es perfecto para su uso en grandes superficies continuas, como muros cortina, aplicaciones en fachadas y atrios.<\/p>\n<p>Como complemento a las ambiciones arquitect\u00f3nicas modernas, la inclusi\u00f3n de grandes superficies de acristalamiento templado en los proyectos ayuda a incorporar de forma segura la luz natural en los edificios, algo fundamental en los proyectos de renovaci\u00f3n en la que los edificios se transforman con respecto a su finalidad original. En la pr\u00e1ctica, esto se traduce en espacios inundados de luz natural, lo que eleva los niveles de transmisi\u00f3n de luz en todo el edificio y tiene un impacto positivo en el bienestar de los ocupantes, algo crucial para crear espacios de trabajo funcionales e inspiradores.<\/p>\n<h2 style=\"font-size: 35px;\">Sistemas multifuncionales resistentes al fuego<\/h2>\n<p>Cuando se utiliza en este tipo de aplicaciones, nuestro vidrio de seguridad contra incendios tambi\u00e9n se puede instalar junto con otras capas de vidrio selectivo para conseguir un <a href=\"https:\/\/www.pyroguard.eu\/multi-functional-fire-glass\/\">sistema multifuncional<\/a>. Por ejemplo, puede combinar nuestras soluciones con vidrios de capa que mejoran el control solar, el aislamiento t\u00e9rmico o la ac\u00fastica, sin comprometer el rendimiento contra incendios.<\/p>\n        <div class=\"mt-81\">\n                    <a href=\"https:\/\/www.pyroguard.eu\/es\/\/the-newsroom\/\" class=\"button\" title=\"Vuelve a la sala de redacci\u00f3n\">Regresa<\/a>\n        <\/div>\n      <\/div>\n      <div class=\"col-span-1\">\n        <div class=\"block bg-lightgrey p-54 shadow sticky top-54\">\n          <h2 class=\"line\">Further reading<\/h2>\n                              <h3 class=\"mt-0\">C\u00f3mo el vidrio de seguridad contra incendios moderno aporta equilibrio entre funcionalidad y dise\u00f1o en los espacios hoteleros actuales<\/h3>\n          <a href=\"https:\/\/www.pyroguard.eu\/es\/noticias\/como-el-vidrio-de-seguridad-contra-incendios-moderno-aporta-equilibrio-entre-funcionalidad-y-diseno-en-los-espacios-hoteleros-actuales\/\" title=\"C\u00f3mo el vidrio de seguridad contra incendios moderno aporta equilibrio entre funcionalidad y dise\u00f1o en los espacios hoteleros actuales\" class=\"button mb-54 last:mb-0\">LEER M\u00c1S<\/a>\n                    <h3 class=\"mt-0\">C\u00f3mo los entornos de atenci\u00f3n m\u00e9dica moderna se benefician de los avances en acristalamiento, mejorando tanto el bienestar de los pacientes como el dise\u00f1o de los espacios<\/h3>\n          <a href=\"https:\/\/www.pyroguard.eu\/es\/noticias\/como-los-entornos-de-atencion-medica-moderna-se-benefician-de-los-avances-en-acristalamiento-mejorando-tanto-el-bienestar-de-los-pacientes-como-el-diseno-de-los-espacios\/\" title=\"C\u00f3mo los entornos de atenci\u00f3n m\u00e9dica moderna se benefician de los avances en acristalamiento, mejorando tanto el bienestar de los pacientes como el dise\u00f1o de los espacios\" class=\"button mb-54 last:mb-0\">LEER M\u00c1S<\/a>\n                    <h3 class=\"mt-0\">Pyroguard se une a la nueva marca paraguas Saverto: svt Group reajusta su estrategia de marca internacional<\/h3>\n          <a href=\"https:\/\/www.pyroguard.eu\/es\/noticias\/pyroguard-se-une-a-la-nueva-marca-paraguas-saverto-svt-group-reajusta-su-estrategia-de-marca-internacional\/\" title=\"Pyroguard se une a la nueva marca paraguas Saverto: svt Group reajusta su estrategia de marca internacional\" class=\"button mb-54 last:mb-0\">LEER M\u00c1S<\/a>\n                  <\/div>\n      <\/div>\n    <\/div>\n  <\/div>\n<\/section>\n\n\r\n\r\n<section data-block_61014447bdabd class=\"form-with-text align py-120\" id=\"contact-form\">\n  <div class=\"container\">\n    <h2>\u00bfListo para empezar?<\/h2>\n    <div class=\"grid grid-cols-1 1024:grid-cols-2 gap-54\">\n      <div>\n        <p>Cont\u00e1ctenos para m\u00e1s informaci\u00f3n o para hablar de su pr\u00f3ximo proyecto.<\/p>\n<h5>You\u2019re in safe hands.<\/h5>\n        <span class=\"block h-3 bg-orange w-160\"><\/span>\n        <p>E: <a href=\"mailto:info@pyroguard.eu\">info@pyroguard.eu<\/a><\/p>\n        <p>T: <a href=\"tel:+34917378212\">+34 917378212<\/a><\/p>\n      <\/div>\n      <div>\n\n                              <iframe loading=\"lazy\" src=\"https:\/\/www2.pyroguard.eu\/l\/64652\/2021-12-17\/h9ykbl\" width=\"100%\" height=\"710\" type=\"text\/html\" frameborder=\"0\" allowTransparency=\"true\" style=\"border: 0\"><\/iframe>                  \n      <\/div>\n    <\/div>\n  <\/div>\n<\/section>\n","protected":false},"excerpt":{"rendered":"","protected":false},"author":5,"featured_media":0,"parent":0,"menu_order":0,"comment_status":"closed","ping_status":"closed","template":"","meta":{"_acf_changed":false,"footnotes":""},"class_list":["post-51424","page","type-page","status-publish","hentry"],"acf":[],"yoast_head":"<!-- This site is optimized with the Yoast SEO plugin v27.3 - https:\/\/yoast.com\/product\/yoast-seo-wordpress\/ -->\n<title>Fachadas resistentes al fuego - Pyroguard<\/title>\n<meta name=\"description\" content=\"Pyroguard fabrica y suministra una gama de vidrio de seguridad templado resistente al fuego, ideal para su uso en fachadas con clasificaci\u00f3n de resistencia al fuego.\" \/>\n<meta name=\"robots\" content=\"index, follow, max-snippet:-1, max-image-preview:large, max-video-preview:-1\" \/>\n<link rel=\"canonical\" href=\"https:\/\/www.pyroguard.eu\/es\/fachadas-resistentes-al-fuego\/\" \/>\n<meta property=\"og:locale\" content=\"es_ES\" \/>\n<meta property=\"og:type\" content=\"article\" \/>\n<meta property=\"og:title\" content=\"Fachadas resistentes al fuego - Pyroguard\" \/>\n<meta property=\"og:description\" content=\"Pyroguard fabrica y suministra una gama de vidrio de seguridad templado resistente al fuego, ideal para su uso en fachadas con clasificaci\u00f3n de resistencia al fuego.\" \/>\n<meta property=\"og:url\" content=\"https:\/\/www.pyroguard.eu\/es\/fachadas-resistentes-al-fuego\/\" \/>\n<meta property=\"og:site_name\" content=\"Pyroguard\" \/>\n<meta property=\"article:modified_time\" content=\"2026-04-09T10:27:49+00:00\" \/>\n<meta name=\"twitter:card\" content=\"summary_large_image\" \/>\n<script type=\"application\/ld+json\" class=\"yoast-schema-graph\">{\"@context\":\"https:\\\/\\\/schema.org\",\"@graph\":[{\"@type\":\"WebPage\",\"@id\":\"https:\\\/\\\/www.pyroguard.eu\\\/es\\\/fachadas-resistentes-al-fuego\\\/\",\"url\":\"https:\\\/\\\/www.pyroguard.eu\\\/es\\\/fachadas-resistentes-al-fuego\\\/\",\"name\":\"Fachadas resistentes al fuego - Pyroguard\",\"isPartOf\":{\"@id\":\"https:\\\/\\\/www.pyroguard.eu\\\/es\\\/#website\"},\"datePublished\":\"2022-11-25T15:06:13+00:00\",\"dateModified\":\"2026-04-09T10:27:49+00:00\",\"description\":\"Pyroguard fabrica y suministra una gama de vidrio de seguridad templado resistente al fuego, ideal para su uso en fachadas con clasificaci\u00f3n de resistencia al fuego.\",\"breadcrumb\":{\"@id\":\"https:\\\/\\\/www.pyroguard.eu\\\/es\\\/fachadas-resistentes-al-fuego\\\/#breadcrumb\"},\"inLanguage\":\"es-ES\",\"potentialAction\":[{\"@type\":\"ReadAction\",\"target\":[\"https:\\\/\\\/www.pyroguard.eu\\\/es\\\/fachadas-resistentes-al-fuego\\\/\"]}]},{\"@type\":\"BreadcrumbList\",\"@id\":\"https:\\\/\\\/www.pyroguard.eu\\\/es\\\/fachadas-resistentes-al-fuego\\\/#breadcrumb\",\"itemListElement\":[{\"@type\":\"ListItem\",\"position\":1,\"name\":\"Home\",\"item\":\"https:\\\/\\\/www.pyroguard.eu\\\/es\\\/\"},{\"@type\":\"ListItem\",\"position\":2,\"name\":\"Fachadas resistentes al fuego\"}]},{\"@type\":\"WebSite\",\"@id\":\"https:\\\/\\\/www.pyroguard.eu\\\/es\\\/#website\",\"url\":\"https:\\\/\\\/www.pyroguard.eu\\\/es\\\/\",\"name\":\"Pyroguard\",\"description\":\"You&#039;re in safe hands\",\"publisher\":{\"@id\":\"https:\\\/\\\/www.pyroguard.eu\\\/es\\\/#organization\"},\"potentialAction\":[{\"@type\":\"SearchAction\",\"target\":{\"@type\":\"EntryPoint\",\"urlTemplate\":\"https:\\\/\\\/www.pyroguard.eu\\\/es\\\/?s={search_term_string}\"},\"query-input\":{\"@type\":\"PropertyValueSpecification\",\"valueRequired\":true,\"valueName\":\"search_term_string\"}}],\"inLanguage\":\"es-ES\"},{\"@type\":\"Organization\",\"@id\":\"https:\\\/\\\/www.pyroguard.eu\\\/es\\\/#organization\",\"name\":\"Pyroguard\",\"url\":\"https:\\\/\\\/www.pyroguard.eu\\\/es\\\/\",\"logo\":{\"@type\":\"ImageObject\",\"inLanguage\":\"es-ES\",\"@id\":\"https:\\\/\\\/www.pyroguard.eu\\\/es\\\/#\\\/schema\\\/logo\\\/image\\\/\",\"url\":\"https:\\\/\\\/www.pyroguard.eu\\\/app\\\/uploads\\\/2026\\\/02\\\/Screenshot-2026-02-04-113420.png\",\"contentUrl\":\"https:\\\/\\\/www.pyroguard.eu\\\/app\\\/uploads\\\/2026\\\/02\\\/Screenshot-2026-02-04-113420.png\",\"width\":1876,\"height\":482,\"caption\":\"Pyroguard\"},\"image\":{\"@id\":\"https:\\\/\\\/www.pyroguard.eu\\\/es\\\/#\\\/schema\\\/logo\\\/image\\\/\"}}]}<\/script>\n<!-- \/ Yoast SEO plugin. -->","yoast_head_json":{"title":"Fachadas resistentes al fuego - Pyroguard","description":"Pyroguard fabrica y suministra una gama de vidrio de seguridad templado resistente al fuego, ideal para su uso en fachadas con clasificaci\u00f3n de resistencia al fuego.","robots":{"index":"index","follow":"follow","max-snippet":"max-snippet:-1","max-image-preview":"max-image-preview:large","max-video-preview":"max-video-preview:-1"},"canonical":"https:\/\/www.pyroguard.eu\/es\/fachadas-resistentes-al-fuego\/","og_locale":"es_ES","og_type":"article","og_title":"Fachadas resistentes al fuego - Pyroguard","og_description":"Pyroguard fabrica y suministra una gama de vidrio de seguridad templado resistente al fuego, ideal para su uso en fachadas con clasificaci\u00f3n de resistencia al fuego.","og_url":"https:\/\/www.pyroguard.eu\/es\/fachadas-resistentes-al-fuego\/","og_site_name":"Pyroguard","article_modified_time":"2026-04-09T10:27:49+00:00","twitter_card":"summary_large_image","schema":{"@context":"https:\/\/schema.org","@graph":[{"@type":"WebPage","@id":"https:\/\/www.pyroguard.eu\/es\/fachadas-resistentes-al-fuego\/","url":"https:\/\/www.pyroguard.eu\/es\/fachadas-resistentes-al-fuego\/","name":"Fachadas resistentes al fuego - Pyroguard","isPartOf":{"@id":"https:\/\/www.pyroguard.eu\/es\/#website"},"datePublished":"2022-11-25T15:06:13+00:00","dateModified":"2026-04-09T10:27:49+00:00","description":"Pyroguard fabrica y suministra una gama de vidrio de seguridad templado resistente al fuego, ideal para su uso en fachadas con clasificaci\u00f3n de resistencia al fuego.","breadcrumb":{"@id":"https:\/\/www.pyroguard.eu\/es\/fachadas-resistentes-al-fuego\/#breadcrumb"},"inLanguage":"es-ES","potentialAction":[{"@type":"ReadAction","target":["https:\/\/www.pyroguard.eu\/es\/fachadas-resistentes-al-fuego\/"]}]},{"@type":"BreadcrumbList","@id":"https:\/\/www.pyroguard.eu\/es\/fachadas-resistentes-al-fuego\/#breadcrumb","itemListElement":[{"@type":"ListItem","position":1,"name":"Home","item":"https:\/\/www.pyroguard.eu\/es\/"},{"@type":"ListItem","position":2,"name":"Fachadas resistentes al fuego"}]},{"@type":"WebSite","@id":"https:\/\/www.pyroguard.eu\/es\/#website","url":"https:\/\/www.pyroguard.eu\/es\/","name":"Pyroguard","description":"You&#039;re in safe hands","publisher":{"@id":"https:\/\/www.pyroguard.eu\/es\/#organization"},"potentialAction":[{"@type":"SearchAction","target":{"@type":"EntryPoint","urlTemplate":"https:\/\/www.pyroguard.eu\/es\/?s={search_term_string}"},"query-input":{"@type":"PropertyValueSpecification","valueRequired":true,"valueName":"search_term_string"}}],"inLanguage":"es-ES"},{"@type":"Organization","@id":"https:\/\/www.pyroguard.eu\/es\/#organization","name":"Pyroguard","url":"https:\/\/www.pyroguard.eu\/es\/","logo":{"@type":"ImageObject","inLanguage":"es-ES","@id":"https:\/\/www.pyroguard.eu\/es\/#\/schema\/logo\/image\/","url":"https:\/\/www.pyroguard.eu\/app\/uploads\/2026\/02\/Screenshot-2026-02-04-113420.png","contentUrl":"https:\/\/www.pyroguard.eu\/app\/uploads\/2026\/02\/Screenshot-2026-02-04-113420.png","width":1876,"height":482,"caption":"Pyroguard"},"image":{"@id":"https:\/\/www.pyroguard.eu\/es\/#\/schema\/logo\/image\/"}}]}},"_links":{"self":[{"href":"https:\/\/www.pyroguard.eu\/es\/wp-json\/wp\/v2\/pages\/51424","targetHints":{"allow":["GET"]}}],"collection":[{"href":"https:\/\/www.pyroguard.eu\/es\/wp-json\/wp\/v2\/pages"}],"about":[{"href":"https:\/\/www.pyroguard.eu\/es\/wp-json\/wp\/v2\/types\/page"}],"author":[{"embeddable":true,"href":"https:\/\/www.pyroguard.eu\/es\/wp-json\/wp\/v2\/users\/5"}],"replies":[{"embeddable":true,"href":"https:\/\/www.pyroguard.eu\/es\/wp-json\/wp\/v2\/comments?post=51424"}],"version-history":[{"count":5,"href":"https:\/\/www.pyroguard.eu\/es\/wp-json\/wp\/v2\/pages\/51424\/revisions"}],"predecessor-version":[{"id":51429,"href":"https:\/\/www.pyroguard.eu\/es\/wp-json\/wp\/v2\/pages\/51424\/revisions\/51429"}],"wp:attachment":[{"href":"https:\/\/www.pyroguard.eu\/es\/wp-json\/wp\/v2\/media?parent=51424"}],"curies":[{"name":"wp","href":"https:\/\/api.w.org\/{rel}","templated":true}]}}