{"id":51419,"date":"2024-11-15T16:36:59","date_gmt":"2024-11-15T16:36:59","guid":{"rendered":"https:\/\/www.pyroguard.eu\/proveedor-de-vidrio-resistente-al-fuego\/"},"modified":"2026-04-09T10:54:47","modified_gmt":"2026-04-09T09:54:47","slug":"proveedor-de-vidrio-resistente-al-fuego","status":"publish","type":"page","link":"https:\/\/www.pyroguard.eu\/es\/proveedor-de-vidrio-resistente-al-fuego\/","title":{"rendered":"Proveedor de vidrio resistente al fuego"},"content":{"rendered":"<section data-block_a283ca498f0fa0830669acc72e09db11 class=\"textbox-image align py-120 first:pt-0\" >\n  <div class=\"container\">\n    \n    <div class=\"relative grid grid-cols-1 gap-54 1024:grid-cols-2 1024:min-h-800 1024:mb-81\">\n      <div class=\"1024:pb-120\">\n        <div class=\"bg-white shadow p-54 relative z-10\">\n          <h4>En Pyroguard, nos especializamos en soluciones de vidrio resistente al fuego que ofrecen una seguridad, un rendimiento y una flexibilidad de dise\u00f1o inigualables. Como l\u00edderes mundiales en el sector, ofrecemos una amplia gama de productos de vidrio resistente al fuego, fabricados por expertos para cumplir con las normas de certificaci\u00f3n contra incendios m\u00e1s estrictas. Desde la protecci\u00f3n de vidas hasta la protecci\u00f3n de la propiedad, nuestros productos de acristalamiento proporcionan la m\u00e1xima tranquilidad.<\/h4>\n\n          <div class=\"h-160 absolute block top-full left-54 -mt-24 z-20 flex\">\n            <span class=\"bg-orange block w-3 h-1\/3 mx-0\"><\/span>\n            <span class=\"bg-orange block w-3 h-2\/3 mx-24\"><\/span>\n            <span class=\"bg-orange block w-3 h-full mx-0\"><\/span>\n          <\/div>\n\n        <\/div>\n      <\/div>\n      <div class=\"relative z-0 top-0 right-0 left-auto bottom-0 w-full bottom-0 1024:absolute 1024:w-3\/4 aspect-h-1 aspect-w-1 1024:aspect-none 1024:transform 1024:translate-y-81\">\n        <img loading=\"lazy\" decoding=\"async\" width=\"1500\" height=\"1125\" src=\"https:\/\/www.pyroguard.eu\/app\/uploads\/2022\/11\/LucButhker_DepotBoijmans_LR-18-3.jpg\" class=\"block object-cover h-full w-full\" alt=\"Depot Bojimans Van Beuningen - Inside the building\" \/>\n      <\/div>\n    <\/div>\n  <\/div>\n<\/section>\n\r\n\r\n<section data-block_811699c781bcb42875953b7493eabc35 class=\"two-col-image-and-text align py-120 first:pt-0\">\n  <div class=\"container\">\n        <div class=\"grid grid-cols-1 1024:grid-cols-2 gap-54 \">\n      <div class=\" order-last \">\n        \n              <\/div>\n      <div class=\"\">\n              <\/div>\n    <\/div>\n  <\/div>\n<\/section>\n\r\n\r\n<section data-block_c444a4016afaaf133290d633f170d46e class=\"news-content align py-120 first:pt-0\">\n  <div class=\"container\">\n    <div class=\"grid grid-cols-1 1024:grid-cols-3 gap-54\">\n      <div class=\"col-span-2\">\n        <h2>Vidrio resistente al fuego para cada aplicaci\u00f3n<\/h2>\n<p>Nuestro vidrio resistente al fuego es ideal para una gran variedad de <a href=\"https:\/\/www.pyroguard.eu\/multi-functional-fire-glass\/\">aplicaciones<\/a>, ya que ayuda a arquitectos, contratistas y propietarios de edificios a cumplir con los requisitos tanto funcionales como est\u00e9ticos. Entre sus aplicaciones principales se incluyen:<\/p>\n<p>Puertas cortafuegos: dise\u00f1adas con bandas y juntas intumescentes para ofrecer una protecci\u00f3n superior contra el fuego y el humo, sin comprometer el estilo.<br \/>\nTabiques y paredes: mantienen los espacios llenos de luz al tiempo que crean zonas seguras y resistentes al fuego dentro de los edificios.<br \/>\nVentanas y fachadas: logran un dise\u00f1o arquitect\u00f3nico impecable con acristalamientos duraderos y resistentes al fuego para uso externo e interno.<\/p>\n<h2>\u00bfPor qu\u00e9 elegir Pyroguard como su proveedor de vidrio resistente al fuego?<\/h2>\n<p><strong>Seguridad certificada:<\/strong> todos los productos cumplen con las principales normas internacionales, lo que garantiza la seguridad y la fiabilidad en todos los entornos.<\/p>\n<p><strong>Soluciones personalizadas<\/strong>: productos a medida para clasificaciones espec\u00edficas de resistencia al fuego, incluyendo <a href=\"https:\/\/www.pyroguard.eu\/fire-glass-classifications\/#e-integrity\">E (integridad)<\/a>, <a href=\"https:\/\/www.pyroguard.eu\/fire-glass-classifications\/#ew-integrity-radiation\">EW (integridad y radiaci\u00f3n limitada)<\/a> y <a href=\"https:\/\/www.pyroguard.eu\/fire-glass-classifications\/#ei-integrity-insulation\">EI (integridad y aislamiento)<\/a>.<\/p>\n<p><strong>Impulsados por la innovaci\u00f3n:<\/strong> tecnolog\u00eda de vanguardia que combina el rendimiento del vidrio de seguridad contra incendios con ventajas ac\u00fasticas, t\u00e9rmicas y visuales.<\/p>\n<p><strong>Asistencia integral:<\/strong> desde el asesoramiento t\u00e9cnico hasta la asistencia in situ, nuestro equipo se dedica a garantizar el \u00e9xito de su proyecto.<\/p>\n<h2 style=\"font-weight: 400;\"><strong>Juntas y bandas intumescentes de alto rendimiento<\/strong><\/h2>\n<p>Para complementar nuestro vidrio resistente al fuego, a trav\u00e9s de nuestra empresa asociada KuhnOdice, podemos proporcionar juntas y bandas intumescentes, componentes esenciales para mejorar el rendimiento de las puertas cortafuegos y otros conjuntos resistentes al fuego. Estos productos se expanden con el calor, creando una barrera contra el fuego y el humo, y funcionan a la perfecci\u00f3n con nuestras soluciones de acristalamiento.<\/p>\n<h2><b>Experiencia demostrada en todos los sectores<\/b><\/h2>\n<p>Con d\u00e9cadas de experiencia, Pyroguard presta apoyo a proyectos en una amplia gama de sectores:<\/p>\n<p>Nuestra amplia gama de productos incluye:<\/p>\n<p><a href=\"https:\/\/www.pyroguard.eu\/commercial-fire-glass\/\">Edificios comerciales<\/a> y residenciales<br \/>\nInstalaciones sanitarias y <a href=\"https:\/\/www.pyroguard.eu\/fire-glass-for-education\/\">educativas<\/a><br \/>\nInfraestructuras p\u00fablicas y de <a href=\"https:\/\/www.pyroguard.eu\/fire-glass-for-transport\/\">transporte<\/a><\/p>\n<p style=\"font-weight: 400;\">Tanto si est\u00e1 dise\u00f1ando un espacio de oficinas contempor\u00e1neo como si desea garantizar el cumplimiento de la normativa en una zona de mucho tr\u00e1fico, Pyroguard es su socio de confianza para el vidrio de seguridad contra incendios y las soluciones relacionadas.<\/p>\n<p>&nbsp;<\/p>\n<h3>P\u00f3ngase en contacto con nosotros hoy mismo<\/h3>\n<p style=\"font-weight: 400;\">\u00bfBusca un proveedor fiable de vidrio resistente al fuego para su pr\u00f3ximo proyecto? <a href=\"https:\/\/www.pyroguard.eu\/contact-us\/\">P\u00f3ngase en contacto con Pyroguard hoy mismo<\/a> para obtener asesoramiento experto y descubrir c\u00f3mo nuestras soluciones pueden mejorar la seguridad y el cumplimiento normativo de su edificio.<\/p>\n        <div class=\"mt-81\">\n                    <a href=\"https:\/\/www.pyroguard.eu\/es\/\/the-newsroom\/\" class=\"button\" title=\"Vuelve a la sala de redacci\u00f3n\">Regresa<\/a>\n        <\/div>\n      <\/div>\n      <div class=\"col-span-1\">\n        <div class=\"block bg-lightgrey p-54 shadow sticky top-54\">\n          <h2 class=\"line\">Further reading<\/h2>\n                              <h3 class=\"mt-0\">C\u00f3mo el vidrio de seguridad contra incendios moderno aporta equilibrio entre funcionalidad y dise\u00f1o en los espacios hoteleros actuales<\/h3>\n          <a href=\"https:\/\/www.pyroguard.eu\/es\/noticias\/como-el-vidrio-de-seguridad-contra-incendios-moderno-aporta-equilibrio-entre-funcionalidad-y-diseno-en-los-espacios-hoteleros-actuales\/\" title=\"C\u00f3mo el vidrio de seguridad contra incendios moderno aporta equilibrio entre funcionalidad y dise\u00f1o en los espacios hoteleros actuales\" class=\"button mb-54 last:mb-0\">LEER M\u00c1S<\/a>\n                    <h3 class=\"mt-0\">C\u00f3mo los entornos de atenci\u00f3n m\u00e9dica moderna se benefician de los avances en acristalamiento, mejorando tanto el bienestar de los pacientes como el dise\u00f1o de los espacios<\/h3>\n          <a href=\"https:\/\/www.pyroguard.eu\/es\/noticias\/como-los-entornos-de-atencion-medica-moderna-se-benefician-de-los-avances-en-acristalamiento-mejorando-tanto-el-bienestar-de-los-pacientes-como-el-diseno-de-los-espacios\/\" title=\"C\u00f3mo los entornos de atenci\u00f3n m\u00e9dica moderna se benefician de los avances en acristalamiento, mejorando tanto el bienestar de los pacientes como el dise\u00f1o de los espacios\" class=\"button mb-54 last:mb-0\">LEER M\u00c1S<\/a>\n                    <h3 class=\"mt-0\">Pyroguard se une a la nueva marca paraguas Saverto: svt Group reajusta su estrategia de marca internacional<\/h3>\n          <a href=\"https:\/\/www.pyroguard.eu\/es\/noticias\/pyroguard-se-une-a-la-nueva-marca-paraguas-saverto-svt-group-reajusta-su-estrategia-de-marca-internacional\/\" title=\"Pyroguard se une a la nueva marca paraguas Saverto: svt Group reajusta su estrategia de marca internacional\" class=\"button mb-54 last:mb-0\">LEER M\u00c1S<\/a>\n                  <\/div>\n      <\/div>\n    <\/div>\n  <\/div>\n<\/section>\n\n","protected":false},"excerpt":{"rendered":"","protected":false},"author":5,"featured_media":0,"parent":0,"menu_order":0,"comment_status":"closed","ping_status":"closed","template":"","meta":{"_acf_changed":false,"footnotes":""},"class_list":["post-51419","page","type-page","status-publish","hentry"],"acf":[],"yoast_head":"<!-- This site is optimized with the Yoast SEO plugin v27.3 - https:\/\/yoast.com\/product\/yoast-seo-wordpress\/ -->\n<title>Proveedor de vidrio resistente al fuego - Pyroguard<\/title>\n<meta name=\"description\" content=\"Pyroguard es un proveedor l\u00edder mundial de vidrio resistente al fuego, que ayuda a crear espacios seguros, de alto rendimiento y est\u00e9ticamente atractivos para vivir o trabajar.\" \/>\n<meta name=\"robots\" content=\"index, follow, max-snippet:-1, max-image-preview:large, max-video-preview:-1\" \/>\n<link rel=\"canonical\" href=\"https:\/\/www.pyroguard.eu\/es\/proveedor-de-vidrio-resistente-al-fuego\/\" \/>\n<meta property=\"og:locale\" content=\"es_ES\" \/>\n<meta property=\"og:type\" content=\"article\" \/>\n<meta property=\"og:title\" content=\"Proveedor de vidrio resistente al fuego - Pyroguard\" \/>\n<meta property=\"og:description\" content=\"Pyroguard es un proveedor l\u00edder mundial de vidrio resistente al fuego, que ayuda a crear espacios seguros, de alto rendimiento y est\u00e9ticamente atractivos para vivir o trabajar.\" \/>\n<meta property=\"og:url\" content=\"https:\/\/www.pyroguard.eu\/es\/proveedor-de-vidrio-resistente-al-fuego\/\" \/>\n<meta property=\"og:site_name\" content=\"Pyroguard\" \/>\n<meta property=\"article:modified_time\" content=\"2026-04-09T09:54:47+00:00\" \/>\n<meta name=\"twitter:card\" content=\"summary_large_image\" \/>\n<script type=\"application\/ld+json\" class=\"yoast-schema-graph\">{\"@context\":\"https:\\\/\\\/schema.org\",\"@graph\":[{\"@type\":\"WebPage\",\"@id\":\"https:\\\/\\\/www.pyroguard.eu\\\/es\\\/proveedor-de-vidrio-resistente-al-fuego\\\/\",\"url\":\"https:\\\/\\\/www.pyroguard.eu\\\/es\\\/proveedor-de-vidrio-resistente-al-fuego\\\/\",\"name\":\"Proveedor de vidrio resistente al fuego - Pyroguard\",\"isPartOf\":{\"@id\":\"https:\\\/\\\/www.pyroguard.eu\\\/es\\\/#website\"},\"datePublished\":\"2024-11-15T16:36:59+00:00\",\"dateModified\":\"2026-04-09T09:54:47+00:00\",\"description\":\"Pyroguard es un proveedor l\u00edder mundial de vidrio resistente al fuego, que ayuda a crear espacios seguros, de alto rendimiento y est\u00e9ticamente atractivos para vivir o trabajar.\",\"breadcrumb\":{\"@id\":\"https:\\\/\\\/www.pyroguard.eu\\\/es\\\/proveedor-de-vidrio-resistente-al-fuego\\\/#breadcrumb\"},\"inLanguage\":\"es-ES\",\"potentialAction\":[{\"@type\":\"ReadAction\",\"target\":[\"https:\\\/\\\/www.pyroguard.eu\\\/es\\\/proveedor-de-vidrio-resistente-al-fuego\\\/\"]}]},{\"@type\":\"BreadcrumbList\",\"@id\":\"https:\\\/\\\/www.pyroguard.eu\\\/es\\\/proveedor-de-vidrio-resistente-al-fuego\\\/#breadcrumb\",\"itemListElement\":[{\"@type\":\"ListItem\",\"position\":1,\"name\":\"Home\",\"item\":\"https:\\\/\\\/www.pyroguard.eu\\\/es\\\/\"},{\"@type\":\"ListItem\",\"position\":2,\"name\":\"Proveedor de vidrio resistente al fuego\"}]},{\"@type\":\"WebSite\",\"@id\":\"https:\\\/\\\/www.pyroguard.eu\\\/es\\\/#website\",\"url\":\"https:\\\/\\\/www.pyroguard.eu\\\/es\\\/\",\"name\":\"Pyroguard\",\"description\":\"You&#039;re in safe hands\",\"publisher\":{\"@id\":\"https:\\\/\\\/www.pyroguard.eu\\\/es\\\/#organization\"},\"potentialAction\":[{\"@type\":\"SearchAction\",\"target\":{\"@type\":\"EntryPoint\",\"urlTemplate\":\"https:\\\/\\\/www.pyroguard.eu\\\/es\\\/?s={search_term_string}\"},\"query-input\":{\"@type\":\"PropertyValueSpecification\",\"valueRequired\":true,\"valueName\":\"search_term_string\"}}],\"inLanguage\":\"es-ES\"},{\"@type\":\"Organization\",\"@id\":\"https:\\\/\\\/www.pyroguard.eu\\\/es\\\/#organization\",\"name\":\"Pyroguard\",\"url\":\"https:\\\/\\\/www.pyroguard.eu\\\/es\\\/\",\"logo\":{\"@type\":\"ImageObject\",\"inLanguage\":\"es-ES\",\"@id\":\"https:\\\/\\\/www.pyroguard.eu\\\/es\\\/#\\\/schema\\\/logo\\\/image\\\/\",\"url\":\"https:\\\/\\\/www.pyroguard.eu\\\/app\\\/uploads\\\/2026\\\/02\\\/Screenshot-2026-02-04-113420.png\",\"contentUrl\":\"https:\\\/\\\/www.pyroguard.eu\\\/app\\\/uploads\\\/2026\\\/02\\\/Screenshot-2026-02-04-113420.png\",\"width\":1876,\"height\":482,\"caption\":\"Pyroguard\"},\"image\":{\"@id\":\"https:\\\/\\\/www.pyroguard.eu\\\/es\\\/#\\\/schema\\\/logo\\\/image\\\/\"}}]}<\/script>\n<!-- \/ Yoast SEO plugin. -->","yoast_head_json":{"title":"Proveedor de vidrio resistente al fuego - Pyroguard","description":"Pyroguard es un proveedor l\u00edder mundial de vidrio resistente al fuego, que ayuda a crear espacios seguros, de alto rendimiento y est\u00e9ticamente atractivos para vivir o trabajar.","robots":{"index":"index","follow":"follow","max-snippet":"max-snippet:-1","max-image-preview":"max-image-preview:large","max-video-preview":"max-video-preview:-1"},"canonical":"https:\/\/www.pyroguard.eu\/es\/proveedor-de-vidrio-resistente-al-fuego\/","og_locale":"es_ES","og_type":"article","og_title":"Proveedor de vidrio resistente al fuego - Pyroguard","og_description":"Pyroguard es un proveedor l\u00edder mundial de vidrio resistente al fuego, que ayuda a crear espacios seguros, de alto rendimiento y est\u00e9ticamente atractivos para vivir o trabajar.","og_url":"https:\/\/www.pyroguard.eu\/es\/proveedor-de-vidrio-resistente-al-fuego\/","og_site_name":"Pyroguard","article_modified_time":"2026-04-09T09:54:47+00:00","twitter_card":"summary_large_image","schema":{"@context":"https:\/\/schema.org","@graph":[{"@type":"WebPage","@id":"https:\/\/www.pyroguard.eu\/es\/proveedor-de-vidrio-resistente-al-fuego\/","url":"https:\/\/www.pyroguard.eu\/es\/proveedor-de-vidrio-resistente-al-fuego\/","name":"Proveedor de vidrio resistente al fuego - Pyroguard","isPartOf":{"@id":"https:\/\/www.pyroguard.eu\/es\/#website"},"datePublished":"2024-11-15T16:36:59+00:00","dateModified":"2026-04-09T09:54:47+00:00","description":"Pyroguard es un proveedor l\u00edder mundial de vidrio resistente al fuego, que ayuda a crear espacios seguros, de alto rendimiento y est\u00e9ticamente atractivos para vivir o trabajar.","breadcrumb":{"@id":"https:\/\/www.pyroguard.eu\/es\/proveedor-de-vidrio-resistente-al-fuego\/#breadcrumb"},"inLanguage":"es-ES","potentialAction":[{"@type":"ReadAction","target":["https:\/\/www.pyroguard.eu\/es\/proveedor-de-vidrio-resistente-al-fuego\/"]}]},{"@type":"BreadcrumbList","@id":"https:\/\/www.pyroguard.eu\/es\/proveedor-de-vidrio-resistente-al-fuego\/#breadcrumb","itemListElement":[{"@type":"ListItem","position":1,"name":"Home","item":"https:\/\/www.pyroguard.eu\/es\/"},{"@type":"ListItem","position":2,"name":"Proveedor de vidrio resistente al fuego"}]},{"@type":"WebSite","@id":"https:\/\/www.pyroguard.eu\/es\/#website","url":"https:\/\/www.pyroguard.eu\/es\/","name":"Pyroguard","description":"You&#039;re in safe hands","publisher":{"@id":"https:\/\/www.pyroguard.eu\/es\/#organization"},"potentialAction":[{"@type":"SearchAction","target":{"@type":"EntryPoint","urlTemplate":"https:\/\/www.pyroguard.eu\/es\/?s={search_term_string}"},"query-input":{"@type":"PropertyValueSpecification","valueRequired":true,"valueName":"search_term_string"}}],"inLanguage":"es-ES"},{"@type":"Organization","@id":"https:\/\/www.pyroguard.eu\/es\/#organization","name":"Pyroguard","url":"https:\/\/www.pyroguard.eu\/es\/","logo":{"@type":"ImageObject","inLanguage":"es-ES","@id":"https:\/\/www.pyroguard.eu\/es\/#\/schema\/logo\/image\/","url":"https:\/\/www.pyroguard.eu\/app\/uploads\/2026\/02\/Screenshot-2026-02-04-113420.png","contentUrl":"https:\/\/www.pyroguard.eu\/app\/uploads\/2026\/02\/Screenshot-2026-02-04-113420.png","width":1876,"height":482,"caption":"Pyroguard"},"image":{"@id":"https:\/\/www.pyroguard.eu\/es\/#\/schema\/logo\/image\/"}}]}},"_links":{"self":[{"href":"https:\/\/www.pyroguard.eu\/es\/wp-json\/wp\/v2\/pages\/51419","targetHints":{"allow":["GET"]}}],"collection":[{"href":"https:\/\/www.pyroguard.eu\/es\/wp-json\/wp\/v2\/pages"}],"about":[{"href":"https:\/\/www.pyroguard.eu\/es\/wp-json\/wp\/v2\/types\/page"}],"author":[{"embeddable":true,"href":"https:\/\/www.pyroguard.eu\/es\/wp-json\/wp\/v2\/users\/5"}],"replies":[{"embeddable":true,"href":"https:\/\/www.pyroguard.eu\/es\/wp-json\/wp\/v2\/comments?post=51419"}],"version-history":[{"count":1,"href":"https:\/\/www.pyroguard.eu\/es\/wp-json\/wp\/v2\/pages\/51419\/revisions"}],"predecessor-version":[{"id":51420,"href":"https:\/\/www.pyroguard.eu\/es\/wp-json\/wp\/v2\/pages\/51419\/revisions\/51420"}],"wp:attachment":[{"href":"https:\/\/www.pyroguard.eu\/es\/wp-json\/wp\/v2\/media?parent=51419"}],"curies":[{"name":"wp","href":"https:\/\/api.w.org\/{rel}","templated":true}]}}