{"id":48163,"date":"2025-04-16T11:09:58","date_gmt":"2025-04-16T10:09:58","guid":{"rendered":"https:\/\/www.pyroguard.eu\/?page_id=48163"},"modified":"2025-04-16T11:09:59","modified_gmt":"2025-04-16T10:09:59","slug":"vidrio-de-seguridad-contra-incendios-para-el-mercado-espanol","status":"publish","type":"page","link":"https:\/\/www.pyroguard.eu\/es\/vidrio-de-seguridad-contra-incendios-para-el-mercado-espanol\/","title":{"rendered":"Vidrio de seguridad contra incendios de altas prestaciones para el mercado espa\u00f1ol"},"content":{"rendered":"<section data-block_9d4fc65c503e4a064f6636aa24a38c0f class=\"textbox-image align py-120 first:pt-0\" >\n  <div class=\"container\">\n    \n    <div class=\"relative grid grid-cols-1 gap-54 1024:grid-cols-2 1024:min-h-800 1024:mb-81\">\n      <div class=\"1024:pb-120\">\n        <div class=\"bg-white shadow p-54 relative z-10\">\n          <h4>Garantizar el cumplimiento de la estricta normativa espa\u00f1ola de seguridad contra incendios requiere soluciones excepcionales de vidrio de seguridad contra incendios. Pyroguard ofrece una amplia gama de productos multifuncionales de vidrio resistente al fuego, dise\u00f1ados espec\u00edficamente para satisfacer los requisitos \u00fanicos de la industria espa\u00f1ola de la construcci\u00f3n, proporcionando una protecci\u00f3n sin precedentes tanto para las personas como para la propiedad.<\/h4>\n\n          <div class=\"h-160 absolute block top-full left-54 -mt-24 z-20 flex\">\n            <span class=\"bg-orange block w-3 h-1\/3 mx-0\"><\/span>\n            <span class=\"bg-orange block w-3 h-2\/3 mx-24\"><\/span>\n            <span class=\"bg-orange block w-3 h-full mx-0\"><\/span>\n          <\/div>\n\n        <\/div>\n      <\/div>\n      <div class=\"relative z-0 top-0 right-0 left-auto bottom-0 w-full bottom-0 1024:absolute 1024:w-3\/4 aspect-h-1 aspect-w-1 1024:aspect-none 1024:transform 1024:translate-y-81\">\n        <img loading=\"lazy\" decoding=\"async\" width=\"1200\" height=\"800\" src=\"https:\/\/www.pyroguard.eu\/app\/uploads\/2022\/10\/CAPUCHINOS-FIJOS-Y-PUERTAS.jpeg\" class=\"block object-cover h-full w-full\" alt=\"Capuchino Convent de San Antonio de Padua arched windows\" srcset=\"https:\/\/www.pyroguard.eu\/app\/uploads\/2022\/10\/CAPUCHINOS-FIJOS-Y-PUERTAS.jpeg 1200w, https:\/\/www.pyroguard.eu\/app\/uploads\/2022\/10\/CAPUCHINOS-FIJOS-Y-PUERTAS-300x200.jpeg 300w, https:\/\/www.pyroguard.eu\/app\/uploads\/2022\/10\/CAPUCHINOS-FIJOS-Y-PUERTAS-1024x683.jpeg 1024w, https:\/\/www.pyroguard.eu\/app\/uploads\/2022\/10\/CAPUCHINOS-FIJOS-Y-PUERTAS-768x512.jpeg 768w\" sizes=\"auto, (max-width: 1200px) 100vw, 1200px\" \/>\n      <\/div>\n    <\/div>\n  <\/div>\n<\/section>\n\n\n<section data-block_da1b90416060fef68935c27966adeee2 class=\"news-content align py-120 first:pt-0\">\n  <div class=\"container\">\n    <div class=\"grid grid-cols-1 1024:grid-cols-3 gap-54\">\n      <div class=\"col-span-2\">\n        <h2>Vidrio de seguridad contra incendios conforme a la normativa espa\u00f1ola<\/h2>\n<p>La normativa espa\u00f1ola de seguridad contra incendios, recogida en el <a href=\"https:\/\/www.codigotecnico.org\/\">C\u00f3digo T\u00e9cnico de la Edificaci\u00f3n (CTE)<\/a> y el Reglamento de seguridad contra incendios en los edificios industriales (RSCIEI), imponen normas estrictas para proteger vidas y bienes. Los edificios deben integrar materiales resistentes al fuego que garanticen una evacuaci\u00f3n segura y eviten la propagaci\u00f3n del incendio.<\/p>\n<p>Con una amplia gama de productos de vidrio resistente al fuego probados para las clasificaciones EI, E y EW, Pyroguard ayuda a arquitectos y promotores a cumplir y superar estos requisitos, con vidrio de seguridad contra incendios para aplicaciones que incluyen:<\/p>\n<ul>\n<li><a href=\"https:\/\/www.pyroguard.eu\/es\/multifuncion\/?tab=Muro-cortina-Fachadas-y-Atrios\">Muro cortina, Fachadas y Atrios<\/a>: Mejora de los exteriores de los edificios con acristalamientos resistentes al fuego que combinan seguridad y dise\u00f1o.<\/li>\n<li><a href=\"https:\/\/www.pyroguard.eu\/es\/multifuncion\/?tab=Puertas\">Puertas<\/a>: Proporcionando opciones de vidrio cortafuegos para puertas, garantizando rutas de evacuaci\u00f3n y compartimentaci\u00f3n seguras.<\/li>\n<li><a href=\"https:\/\/www.pyroguard.eu\/es\/multifuncion\/?tab=Fijos\">Fijos y particiones<\/a>: Crear espacios di\u00e1fanos y seguros sin comprometer la seguridad contra incendios.<\/li>\n<li><a href=\"https:\/\/www.pyroguard.eu\/es\/multifuncion\/?tab=Ventanas\">Ventanas<\/a>: Ofrecemos soluciones de ventanas resistentes al fuego que permiten el paso de luz natural al tiempo que garantizan la protecci\u00f3n.<\/li>\n<\/ul>\n<h2>Comprender el mercado espa\u00f1ol de vidrio de seguridad contra incendios<\/h2>\n<p>El mercado espa\u00f1ol de vidrios de seguridad contra incendios tiene requisitos espec\u00edficos derivados de los marcos normativos, el patrimonio arquitect\u00f3nico y la evoluci\u00f3n de las tendencias de la construcci\u00f3n. Como fabricante l\u00edder mundial de productos de acristalamiento de seguridad contra incendios, Pyroguard est\u00e1 bien posicionado para afrontar estos retos con soluciones innovadoras y totalmente certificadas.<\/p>\n<h3>Patrimonio arquitect\u00f3nico espa\u00f1ol<\/h3>\n<p>La riqueza arquitect\u00f3nica de Espa\u00f1a plantea un reto \u00fanico: dotar a los edificios hist\u00f3ricos de una protecci\u00f3n contra incendios moderna y, al mismo tiempo, preservar su car\u00e1cter. Muchos sitios patrimoniales requieren un acristalamiento resistente al fuego de alto rendimiento que se integre perfectamente con las estructuras originales.<\/p>\n<p>La experiencia t\u00e9cnica de Pyroguard ya ha apoyado proyectos de restauraci\u00f3n del patrimonio, como el <a href=\"https:\/\/www.pyroguard.eu\/es\/case-studies\/convento-p-p-capuchinos-san-antonio-de-padua\/\">Convento Capuchino de San Antonio de Padua<\/a>. Nuestras soluciones a medida de vidrio de seguridad contra incendios ayudan a mantener la est\u00e9tica original a la vez que proporcionan una protecci\u00f3n vital contra el fuego, lo que nos convierte en un socio de confianza para los proyectos de rehabilitaci\u00f3n.<\/p>\n<h3>Vidrio multifuncional para la construcci\u00f3n moderna<\/h3>\n<p>El sector de la construcci\u00f3n espa\u00f1ol exige cada vez m\u00e1s soluciones de acristalamiento que ofrezcan algo m\u00e1s que resistencia al fuego. El aislamiento ac\u00fastico, la protecci\u00f3n contra los rayos UV y los acristalamientos selectivos de alto rendimiento son ahora esenciales en los proyectos de construcci\u00f3n contempor\u00e1neos.<\/p>\n<p>Teniendo esto en cuenta, Pyroguard ofrece <a href=\"https:\/\/www.pyroguard.eu\/es\/multifuncion\/\">soluciones multifuncionales de vidrio resistente al fuego<\/a>, combinando la resistencia al fuego con un mayor rendimiento t\u00e9rmico y ac\u00fastico. Ya sea para edificios de oficinas, proyectos residenciales o infraestructuras p\u00fablicas, nuestros vidrios garantizan la seguridad al tiempo que mejoran la eficiencia energ\u00e9tica y el confort de las personas que los ocupan.<\/p>\n<h3>Crecimiento del mercado espa\u00f1ol de vidrio de seguridad contra incendios<\/h3>\n<p>El mercado del vidrio resistente al fuego en Espa\u00f1a ha experimentado un crecimiento constante. En 2021, el mercado gener\u00f3 unos ingresos de 87,5 millones de USD y se prev\u00e9 que alcance los 118,0 millones de USD en 2028, creciendo a una tasa de crecimiento anual compuesta del 4,4% de 2022 a 2028. El vidrio cer\u00e1mico resistente al fuego fue el producto que m\u00e1s ingresos gener\u00f3 en 2021, mientras que se prev\u00e9 que el vidrio relleno de gel sea el segmento de m\u00e1s r\u00e1pido crecimiento durante el per\u00edodo de previsi\u00f3n.<\/p>\n<p>Con plantas de producci\u00f3n en Europa y un compromiso de inversi\u00f3n continua en I+D, Pyroguard est\u00e1 a la \u00faltima en innovaci\u00f3n en vidrio de seguridad contra incendios. Nuestras soluciones se utilizan ampliamente en toda Espa\u00f1a, ayudando a empresas, promotores y arquitectos a estar a la vanguardia de la normativa en materia de protecci\u00f3n contra incendios.<\/p>\n<h2>Pyroguard: Su socio de confianza en vidrios de seguridad contra incendios en Espa\u00f1a<\/h2>\n<p>Como fabricante y proveedor l\u00edder mundial de productos y soluciones de vidrio de seguridad contra incendios, Pyroguard se compromete a suministrar productos certificados de alta calidad que satisfagan las necesidades espec\u00edficas del mercado espa\u00f1ol. Nuestra amplia gama de soluciones de vidrio ign\u00edfugo garantiza que arquitectos, prescriptores y contratistas puedan abordar con confianza los requisitos de seguridad contra incendios sin comprometer la est\u00e9tica del dise\u00f1o.<\/p>\n<h2>P\u00f3ngase en contacto con su representante local<\/h2>\n<p>Pyroguard se dedica a mejorar la seguridad contra incendios en Espa\u00f1a mediante soluciones de vidrio de seguridad contra incendios innovadoras y fiables. Para obtener m\u00e1s informaci\u00f3n sobre nuestras soluciones de vidrio de seguridad contra incendios para el mercado espa\u00f1ol, <a href=\"https:\/\/www.pyroguard.eu\/es\/contactenos\/\">p\u00f3ngase en contacto con nuestro equipo de ventas y asistencia t\u00e9cnica.<\/a><\/p>\n        <div class=\"mt-81\">\n                    <a href=\"https:\/\/www.pyroguard.eu\/es\/\/the-newsroom\/\" class=\"button\" title=\"Vuelve a la sala de redacci\u00f3n\">Regresa<\/a>\n        <\/div>\n      <\/div>\n      <div class=\"col-span-1\">\n        <div class=\"block bg-lightgrey p-54 shadow sticky top-54\">\n          <h2 class=\"line\">Further reading<\/h2>\n                              <h3 class=\"mt-0\">C\u00f3mo el vidrio de seguridad contra incendios moderno aporta equilibrio entre funcionalidad y dise\u00f1o en los espacios hoteleros actuales<\/h3>\n          <a href=\"https:\/\/www.pyroguard.eu\/es\/noticias\/como-el-vidrio-de-seguridad-contra-incendios-moderno-aporta-equilibrio-entre-funcionalidad-y-diseno-en-los-espacios-hoteleros-actuales\/\" title=\"C\u00f3mo el vidrio de seguridad contra incendios moderno aporta equilibrio entre funcionalidad y dise\u00f1o en los espacios hoteleros actuales\" class=\"button mb-54 last:mb-0\">LEER M\u00c1S<\/a>\n                    <h3 class=\"mt-0\">C\u00f3mo los entornos de atenci\u00f3n m\u00e9dica moderna se benefician de los avances en acristalamiento, mejorando tanto el bienestar de los pacientes como el dise\u00f1o de los espacios<\/h3>\n          <a href=\"https:\/\/www.pyroguard.eu\/es\/noticias\/como-los-entornos-de-atencion-medica-moderna-se-benefician-de-los-avances-en-acristalamiento-mejorando-tanto-el-bienestar-de-los-pacientes-como-el-diseno-de-los-espacios\/\" title=\"C\u00f3mo los entornos de atenci\u00f3n m\u00e9dica moderna se benefician de los avances en acristalamiento, mejorando tanto el bienestar de los pacientes como el dise\u00f1o de los espacios\" class=\"button mb-54 last:mb-0\">LEER M\u00c1S<\/a>\n                    <h3 class=\"mt-0\">Pyroguard se une a la nueva marca paraguas Saverto: svt Group reajusta su estrategia de marca internacional<\/h3>\n          <a href=\"https:\/\/www.pyroguard.eu\/es\/noticias\/pyroguard-se-une-a-la-nueva-marca-paraguas-saverto-svt-group-reajusta-su-estrategia-de-marca-internacional\/\" title=\"Pyroguard se une a la nueva marca paraguas Saverto: svt Group reajusta su estrategia de marca internacional\" class=\"button mb-54 last:mb-0\">LEER M\u00c1S<\/a>\n                  <\/div>\n      <\/div>\n    <\/div>\n  <\/div>\n<\/section>\n\n","protected":false},"excerpt":{"rendered":"","protected":false},"author":5,"featured_media":0,"parent":0,"menu_order":0,"comment_status":"closed","ping_status":"closed","template":"","meta":{"_acf_changed":false,"footnotes":""},"class_list":["post-48163","page","type-page","status-publish","hentry"],"acf":[],"yoast_head":"<!-- This site is optimized with the Yoast SEO plugin v27.3 - https:\/\/yoast.com\/product\/yoast-seo-wordpress\/ -->\n<title>Vidrio de seguridad contra incendios para el mercado espa\u00f1ol - Pyroguard<\/title>\n<meta name=\"description\" content=\"Pyroguard ofrece una amplia gama de productos multifuncionales de vidrio resistente al fuego, dise\u00f1ados espec\u00edficamente para satisfacer los requisitos \u00fanicos de la industria espa\u00f1ola\" \/>\n<meta name=\"robots\" content=\"index, follow, max-snippet:-1, max-image-preview:large, max-video-preview:-1\" \/>\n<link rel=\"canonical\" href=\"https:\/\/www.pyroguard.eu\/es\/vidrio-de-seguridad-contra-incendios-para-el-mercado-espanol\/\" \/>\n<meta property=\"og:locale\" content=\"es_ES\" \/>\n<meta property=\"og:type\" content=\"article\" \/>\n<meta property=\"og:title\" content=\"Vidrio de seguridad contra incendios para el mercado espa\u00f1ol - Pyroguard\" \/>\n<meta property=\"og:description\" content=\"Pyroguard ofrece una amplia gama de productos multifuncionales de vidrio resistente al fuego, dise\u00f1ados espec\u00edficamente para satisfacer los requisitos \u00fanicos de la industria espa\u00f1ola\" \/>\n<meta property=\"og:url\" content=\"https:\/\/www.pyroguard.eu\/es\/vidrio-de-seguridad-contra-incendios-para-el-mercado-espanol\/\" \/>\n<meta property=\"og:site_name\" content=\"Pyroguard\" \/>\n<meta property=\"article:modified_time\" content=\"2025-04-16T10:09:59+00:00\" \/>\n<meta name=\"twitter:card\" content=\"summary_large_image\" \/>\n<meta name=\"twitter:label1\" content=\"Est. reading time\" \/>\n\t<meta name=\"twitter:data1\" content=\"4 minutes\" \/>\n<script type=\"application\/ld+json\" class=\"yoast-schema-graph\">{\"@context\":\"https:\\\/\\\/schema.org\",\"@graph\":[{\"@type\":\"WebPage\",\"@id\":\"https:\\\/\\\/www.pyroguard.eu\\\/es\\\/vidrio-de-seguridad-contra-incendios-para-el-mercado-espanol\\\/\",\"url\":\"https:\\\/\\\/www.pyroguard.eu\\\/es\\\/vidrio-de-seguridad-contra-incendios-para-el-mercado-espanol\\\/\",\"name\":\"Vidrio de seguridad contra incendios para el mercado espa\u00f1ol - Pyroguard\",\"isPartOf\":{\"@id\":\"https:\\\/\\\/www.pyroguard.eu\\\/es\\\/#website\"},\"datePublished\":\"2025-04-16T10:09:58+00:00\",\"dateModified\":\"2025-04-16T10:09:59+00:00\",\"description\":\"Pyroguard ofrece una amplia gama de productos multifuncionales de vidrio resistente al fuego, dise\u00f1ados espec\u00edficamente para satisfacer los requisitos \u00fanicos de la industria espa\u00f1ola\",\"breadcrumb\":{\"@id\":\"https:\\\/\\\/www.pyroguard.eu\\\/es\\\/vidrio-de-seguridad-contra-incendios-para-el-mercado-espanol\\\/#breadcrumb\"},\"inLanguage\":\"es-ES\",\"potentialAction\":[{\"@type\":\"ReadAction\",\"target\":[\"https:\\\/\\\/www.pyroguard.eu\\\/es\\\/vidrio-de-seguridad-contra-incendios-para-el-mercado-espanol\\\/\"]}]},{\"@type\":\"BreadcrumbList\",\"@id\":\"https:\\\/\\\/www.pyroguard.eu\\\/es\\\/vidrio-de-seguridad-contra-incendios-para-el-mercado-espanol\\\/#breadcrumb\",\"itemListElement\":[{\"@type\":\"ListItem\",\"position\":1,\"name\":\"Home\",\"item\":\"https:\\\/\\\/www.pyroguard.eu\\\/es\\\/\"},{\"@type\":\"ListItem\",\"position\":2,\"name\":\"Vidrio de seguridad contra incendios de altas prestaciones para el mercado espa\u00f1ol\"}]},{\"@type\":\"WebSite\",\"@id\":\"https:\\\/\\\/www.pyroguard.eu\\\/es\\\/#website\",\"url\":\"https:\\\/\\\/www.pyroguard.eu\\\/es\\\/\",\"name\":\"Pyroguard\",\"description\":\"You&#039;re in safe hands\",\"publisher\":{\"@id\":\"https:\\\/\\\/www.pyroguard.eu\\\/es\\\/#organization\"},\"potentialAction\":[{\"@type\":\"SearchAction\",\"target\":{\"@type\":\"EntryPoint\",\"urlTemplate\":\"https:\\\/\\\/www.pyroguard.eu\\\/es\\\/?s={search_term_string}\"},\"query-input\":{\"@type\":\"PropertyValueSpecification\",\"valueRequired\":true,\"valueName\":\"search_term_string\"}}],\"inLanguage\":\"es-ES\"},{\"@type\":\"Organization\",\"@id\":\"https:\\\/\\\/www.pyroguard.eu\\\/es\\\/#organization\",\"name\":\"Pyroguard\",\"url\":\"https:\\\/\\\/www.pyroguard.eu\\\/es\\\/\",\"logo\":{\"@type\":\"ImageObject\",\"inLanguage\":\"es-ES\",\"@id\":\"https:\\\/\\\/www.pyroguard.eu\\\/es\\\/#\\\/schema\\\/logo\\\/image\\\/\",\"url\":\"https:\\\/\\\/www.pyroguard.eu\\\/app\\\/uploads\\\/2026\\\/02\\\/Screenshot-2026-02-04-113420.png\",\"contentUrl\":\"https:\\\/\\\/www.pyroguard.eu\\\/app\\\/uploads\\\/2026\\\/02\\\/Screenshot-2026-02-04-113420.png\",\"width\":1876,\"height\":482,\"caption\":\"Pyroguard\"},\"image\":{\"@id\":\"https:\\\/\\\/www.pyroguard.eu\\\/es\\\/#\\\/schema\\\/logo\\\/image\\\/\"}}]}<\/script>\n<!-- \/ Yoast SEO plugin. -->","yoast_head_json":{"title":"Vidrio de seguridad contra incendios para el mercado espa\u00f1ol - Pyroguard","description":"Pyroguard ofrece una amplia gama de productos multifuncionales de vidrio resistente al fuego, dise\u00f1ados espec\u00edficamente para satisfacer los requisitos \u00fanicos de la industria espa\u00f1ola","robots":{"index":"index","follow":"follow","max-snippet":"max-snippet:-1","max-image-preview":"max-image-preview:large","max-video-preview":"max-video-preview:-1"},"canonical":"https:\/\/www.pyroguard.eu\/es\/vidrio-de-seguridad-contra-incendios-para-el-mercado-espanol\/","og_locale":"es_ES","og_type":"article","og_title":"Vidrio de seguridad contra incendios para el mercado espa\u00f1ol - Pyroguard","og_description":"Pyroguard ofrece una amplia gama de productos multifuncionales de vidrio resistente al fuego, dise\u00f1ados espec\u00edficamente para satisfacer los requisitos \u00fanicos de la industria espa\u00f1ola","og_url":"https:\/\/www.pyroguard.eu\/es\/vidrio-de-seguridad-contra-incendios-para-el-mercado-espanol\/","og_site_name":"Pyroguard","article_modified_time":"2025-04-16T10:09:59+00:00","twitter_card":"summary_large_image","twitter_misc":{"Est. reading time":"4 minutes"},"schema":{"@context":"https:\/\/schema.org","@graph":[{"@type":"WebPage","@id":"https:\/\/www.pyroguard.eu\/es\/vidrio-de-seguridad-contra-incendios-para-el-mercado-espanol\/","url":"https:\/\/www.pyroguard.eu\/es\/vidrio-de-seguridad-contra-incendios-para-el-mercado-espanol\/","name":"Vidrio de seguridad contra incendios para el mercado espa\u00f1ol - Pyroguard","isPartOf":{"@id":"https:\/\/www.pyroguard.eu\/es\/#website"},"datePublished":"2025-04-16T10:09:58+00:00","dateModified":"2025-04-16T10:09:59+00:00","description":"Pyroguard ofrece una amplia gama de productos multifuncionales de vidrio resistente al fuego, dise\u00f1ados espec\u00edficamente para satisfacer los requisitos \u00fanicos de la industria espa\u00f1ola","breadcrumb":{"@id":"https:\/\/www.pyroguard.eu\/es\/vidrio-de-seguridad-contra-incendios-para-el-mercado-espanol\/#breadcrumb"},"inLanguage":"es-ES","potentialAction":[{"@type":"ReadAction","target":["https:\/\/www.pyroguard.eu\/es\/vidrio-de-seguridad-contra-incendios-para-el-mercado-espanol\/"]}]},{"@type":"BreadcrumbList","@id":"https:\/\/www.pyroguard.eu\/es\/vidrio-de-seguridad-contra-incendios-para-el-mercado-espanol\/#breadcrumb","itemListElement":[{"@type":"ListItem","position":1,"name":"Home","item":"https:\/\/www.pyroguard.eu\/es\/"},{"@type":"ListItem","position":2,"name":"Vidrio de seguridad contra incendios de altas prestaciones para el mercado espa\u00f1ol"}]},{"@type":"WebSite","@id":"https:\/\/www.pyroguard.eu\/es\/#website","url":"https:\/\/www.pyroguard.eu\/es\/","name":"Pyroguard","description":"You&#039;re in safe hands","publisher":{"@id":"https:\/\/www.pyroguard.eu\/es\/#organization"},"potentialAction":[{"@type":"SearchAction","target":{"@type":"EntryPoint","urlTemplate":"https:\/\/www.pyroguard.eu\/es\/?s={search_term_string}"},"query-input":{"@type":"PropertyValueSpecification","valueRequired":true,"valueName":"search_term_string"}}],"inLanguage":"es-ES"},{"@type":"Organization","@id":"https:\/\/www.pyroguard.eu\/es\/#organization","name":"Pyroguard","url":"https:\/\/www.pyroguard.eu\/es\/","logo":{"@type":"ImageObject","inLanguage":"es-ES","@id":"https:\/\/www.pyroguard.eu\/es\/#\/schema\/logo\/image\/","url":"https:\/\/www.pyroguard.eu\/app\/uploads\/2026\/02\/Screenshot-2026-02-04-113420.png","contentUrl":"https:\/\/www.pyroguard.eu\/app\/uploads\/2026\/02\/Screenshot-2026-02-04-113420.png","width":1876,"height":482,"caption":"Pyroguard"},"image":{"@id":"https:\/\/www.pyroguard.eu\/es\/#\/schema\/logo\/image\/"}}]}},"_links":{"self":[{"href":"https:\/\/www.pyroguard.eu\/es\/wp-json\/wp\/v2\/pages\/48163","targetHints":{"allow":["GET"]}}],"collection":[{"href":"https:\/\/www.pyroguard.eu\/es\/wp-json\/wp\/v2\/pages"}],"about":[{"href":"https:\/\/www.pyroguard.eu\/es\/wp-json\/wp\/v2\/types\/page"}],"author":[{"embeddable":true,"href":"https:\/\/www.pyroguard.eu\/es\/wp-json\/wp\/v2\/users\/5"}],"replies":[{"embeddable":true,"href":"https:\/\/www.pyroguard.eu\/es\/wp-json\/wp\/v2\/comments?post=48163"}],"version-history":[{"count":6,"href":"https:\/\/www.pyroguard.eu\/es\/wp-json\/wp\/v2\/pages\/48163\/revisions"}],"predecessor-version":[{"id":48170,"href":"https:\/\/www.pyroguard.eu\/es\/wp-json\/wp\/v2\/pages\/48163\/revisions\/48170"}],"wp:attachment":[{"href":"https:\/\/www.pyroguard.eu\/es\/wp-json\/wp\/v2\/media?parent=48163"}],"curies":[{"name":"wp","href":"https:\/\/api.w.org\/{rel}","templated":true}]}}