{"id":18008,"date":"2021-06-30T11:10:43","date_gmt":"2021-06-30T10:10:43","guid":{"rendered":"https:\/\/www.pyroguard.eu\/downloads\/"},"modified":"2023-09-26T16:34:25","modified_gmt":"2023-09-26T15:34:25","slug":"descargas","status":"publish","type":"page","link":"https:\/\/www.pyroguard.eu\/es\/descargas\/","title":{"rendered":"Descargas"},"content":{"rendered":"<section data-block_60dc51246668d class=\"single-text-col align p-0\">\n  <div class=\"container\">\n    <div class=\"max-w-800\">\n      <h4>Nuestra \u00e1rea de descargas de todo el material t\u00e9cnico y documentaci\u00f3n, incluyendo certificados, gu\u00edas y declaraci\u00f3n de prestaciones.<\/h4>\n    <\/div>\n  <\/div>\n<\/section>\n\n\n<section data-block_60dc51306668e class=\"downloads-listing align py-120 first:pt-0\">\n  <div class=\"container\">\n\n    <div id=\"downloadFilter\" class=\"block w-full mb-54\">\n      <span id=\"all\" class=\"ml-0 font-bold transition cursor-pointer text-orange mr-36 hover:text-black\">\n        Ver todo\n      <\/span>\n\n                    <span id=\"certificaci-n\" class=\"font-bold transition cursor-pointer text-midgrey mr-36 last:mr-0 hover:text-black\">\n          Certificaci\u00f3n        <\/span>\n              <span id=\"declaraci-n-de-prestaciones\" class=\"font-bold transition cursor-pointer text-midgrey mr-36 last:mr-0 hover:text-black\">\n          Declaraci\u00f3n de prestaciones        <\/span>\n              <span id=\"directrices\" class=\"font-bold transition cursor-pointer text-midgrey mr-36 last:mr-0 hover:text-black\">\n          Directrices        <\/span>\n              <span id=\"informaci-n-t-cnica\" class=\"font-bold transition cursor-pointer text-midgrey mr-36 last:mr-0 hover:text-black\">\n          Informaci\u00f3n t\u00e9cnica        <\/span>\n              <span id=\"producto\" class=\"font-bold transition cursor-pointer text-midgrey mr-36 last:mr-0 hover:text-black\">\n          Producto        <\/span>\n          <\/div>\n\n    <div id=\"downloadList\" class=\"grid w-full grid-cols-1 gap-x-54 gap-y-81 1024:grid-cols-3\">\n              <div class=\"informaci-n-t-cnica all\">\n          <div class=\"w-full h-240\">\n            <img loading=\"lazy\" decoding=\"async\" width=\"1024\" height=\"683\" src=\"https:\/\/www.pyroguard.eu\/app\/uploads\/2021\/08\/PYR_3094-Datasheets-Mock-up-AUG21-1-WEB-1024x683.jpg\" class=\"block object-cover h-full w-full rounded-sm shadow wp-post-image\" alt=\"Pyroguard Datasheets Mock Up\" srcset=\"https:\/\/www.pyroguard.eu\/app\/uploads\/2021\/08\/PYR_3094-Datasheets-Mock-up-AUG21-1-WEB-1024x683.jpg 1024w, https:\/\/www.pyroguard.eu\/app\/uploads\/2021\/08\/PYR_3094-Datasheets-Mock-up-AUG21-1-WEB-300x200.jpg 300w, https:\/\/www.pyroguard.eu\/app\/uploads\/2021\/08\/PYR_3094-Datasheets-Mock-up-AUG21-1-WEB-768x512.jpg 768w, https:\/\/www.pyroguard.eu\/app\/uploads\/2021\/08\/PYR_3094-Datasheets-Mock-up-AUG21-1-WEB-1536x1024.jpg 1536w, https:\/\/www.pyroguard.eu\/app\/uploads\/2021\/08\/PYR_3094-Datasheets-Mock-up-AUG21-1-WEB.jpg 1800w\" sizes=\"auto, (max-width: 1024px) 100vw, 1024px\" \/>          <\/div>\n          <h3 class=\"mt-36\">Fichas t\u00e9cnicas<\/h3>\n          <a href=\"https:\/\/www.pyroguard.eu\/es\/downloads\/datasheets\/\" class=\"button\" title=\"Fichas t\u00e9cnicas\">DESCARGAR<\/a>\n        <\/div>\n              <div class=\"producto all\">\n          <div class=\"w-full h-240\">\n            <img loading=\"lazy\" decoding=\"async\" width=\"1024\" height=\"674\" src=\"https:\/\/www.pyroguard.eu\/app\/uploads\/2021\/07\/cldesign_signaletique_centre_prouve_nancy_2-1024x674.jpg\" class=\"block object-cover h-full w-full rounded-sm shadow wp-post-image\" alt=\"cldesign_signaletique_centre_prouve_nancy_2\" srcset=\"https:\/\/www.pyroguard.eu\/app\/uploads\/2021\/07\/cldesign_signaletique_centre_prouve_nancy_2-1024x674.jpg 1024w, https:\/\/www.pyroguard.eu\/app\/uploads\/2021\/07\/cldesign_signaletique_centre_prouve_nancy_2-300x197.jpg 300w, https:\/\/www.pyroguard.eu\/app\/uploads\/2021\/07\/cldesign_signaletique_centre_prouve_nancy_2-768x505.jpg 768w, https:\/\/www.pyroguard.eu\/app\/uploads\/2021\/07\/cldesign_signaletique_centre_prouve_nancy_2-1536x1011.jpg 1536w, https:\/\/www.pyroguard.eu\/app\/uploads\/2021\/07\/cldesign_signaletique_centre_prouve_nancy_2.jpg 1900w\" sizes=\"auto, (max-width: 1024px) 100vw, 1024px\" \/>          <\/div>\n          <h3 class=\"mt-36\">Smokeguard \u2013 Cortinas de humo<\/h3>\n          <a href=\"https:\/\/www.pyroguard.eu\/es\/downloads\/smokeguard-smokescreens\/\" class=\"button\" title=\"Smokeguard \u2013 Cortinas de humo\">DESCARGAR<\/a>\n        <\/div>\n              <div class=\"certificaci-n all\">\n          <div class=\"w-full h-240\">\n            <img loading=\"lazy\" decoding=\"async\" width=\"1024\" height=\"683\" src=\"https:\/\/www.pyroguard.eu\/app\/uploads\/2021\/07\/tick-1024x683.jpg\" class=\"block object-cover h-full w-full rounded-sm shadow wp-post-image\" alt=\"Orange tick boxes\" srcset=\"https:\/\/www.pyroguard.eu\/app\/uploads\/2021\/07\/tick-1024x683.jpg 1024w, https:\/\/www.pyroguard.eu\/app\/uploads\/2021\/07\/tick-300x200.jpg 300w, https:\/\/www.pyroguard.eu\/app\/uploads\/2021\/07\/tick-768x512.jpg 768w, https:\/\/www.pyroguard.eu\/app\/uploads\/2021\/07\/tick-1536x1024.jpg 1536w, https:\/\/www.pyroguard.eu\/app\/uploads\/2021\/07\/tick-2048x1365.jpg 2048w\" sizes=\"auto, (max-width: 1024px) 100vw, 1024px\" \/>          <\/div>\n          <h3 class=\"mt-36\">Certificaci\u00f3n<\/h3>\n          <a href=\"https:\/\/www.pyroguard.eu\/es\/downloads\/certificacion\/\" class=\"button\" title=\"Certificaci\u00f3n\">DESCARGAR<\/a>\n        <\/div>\n              <div class=\"informaci-n-t-cnica all\">\n          <div class=\"w-full h-240\">\n            <img loading=\"lazy\" decoding=\"async\" width=\"1024\" height=\"683\" src=\"https:\/\/www.pyroguard.eu\/app\/uploads\/2024\/06\/PYR_3195-Tech-Brochure-Mock-Up-JUN24-B1-1024x683.jpg\" class=\"block object-cover h-full w-full rounded-sm shadow wp-post-image\" alt=\"Tech brochure 2024\" srcset=\"https:\/\/www.pyroguard.eu\/app\/uploads\/2024\/06\/PYR_3195-Tech-Brochure-Mock-Up-JUN24-B1-1024x683.jpg 1024w, https:\/\/www.pyroguard.eu\/app\/uploads\/2024\/06\/PYR_3195-Tech-Brochure-Mock-Up-JUN24-B1-300x200.jpg 300w, https:\/\/www.pyroguard.eu\/app\/uploads\/2024\/06\/PYR_3195-Tech-Brochure-Mock-Up-JUN24-B1-768x512.jpg 768w, https:\/\/www.pyroguard.eu\/app\/uploads\/2024\/06\/PYR_3195-Tech-Brochure-Mock-Up-JUN24-B1-1536x1024.jpg 1536w, https:\/\/www.pyroguard.eu\/app\/uploads\/2024\/06\/PYR_3195-Tech-Brochure-Mock-Up-JUN24-B1-2048x1365.jpg 2048w\" sizes=\"auto, (max-width: 1024px) 100vw, 1024px\" \/>          <\/div>\n          <h3 class=\"mt-36\">Manual T\u00e9cnico<\/h3>\n          <a href=\"https:\/\/www.pyroguard.eu\/es\/downloads\/technical-document\/\" class=\"button\" title=\"Manual T\u00e9cnico\">DESCARGAR<\/a>\n        <\/div>\n              <div class=\"producto all\">\n          <div class=\"w-full h-240\">\n            <img loading=\"lazy\" decoding=\"async\" width=\"1024\" height=\"576\" src=\"https:\/\/www.pyroguard.eu\/app\/uploads\/2021\/07\/Multifunctional-EN-web-1024x576.jpg\" class=\"block object-cover h-full w-full rounded-sm shadow wp-post-image\" alt=\"multi\" srcset=\"https:\/\/www.pyroguard.eu\/app\/uploads\/2021\/07\/Multifunctional-EN-web-1024x576.jpg 1024w, https:\/\/www.pyroguard.eu\/app\/uploads\/2021\/07\/Multifunctional-EN-web-300x169.jpg 300w, https:\/\/www.pyroguard.eu\/app\/uploads\/2021\/07\/Multifunctional-EN-web-768x432.jpg 768w, https:\/\/www.pyroguard.eu\/app\/uploads\/2021\/07\/Multifunctional-EN-web-1536x864.jpg 1536w, https:\/\/www.pyroguard.eu\/app\/uploads\/2021\/07\/Multifunctional-EN-web.jpg 1920w\" sizes=\"auto, (max-width: 1024px) 100vw, 1024px\" \/>          <\/div>\n          <h3 class=\"mt-36\">Soluciones SMART &#8211; Vidrio templado de seguridad contra incendios multifuncional<\/h3>\n          <a href=\"https:\/\/www.pyroguard.eu\/es\/downloads\/smart-solutions-multi-functional-toughened-fire-safety-glass\/\" class=\"button\" title=\"Soluciones SMART &#8211; Vidrio templado de seguridad contra incendios multifuncional\">DESCARGAR<\/a>\n        <\/div>\n              <div class=\"directrices all\">\n          <div class=\"w-full h-240\">\n            <img loading=\"lazy\" decoding=\"async\" width=\"947\" height=\"943\" src=\"https:\/\/www.pyroguard.eu\/app\/uploads\/2021\/07\/PYR_3102-10-Year-Warranty-Stamp-SEP21-1-FINAL-CMYK.png\" class=\"block object-cover h-full w-full rounded-sm shadow wp-post-image\" alt=\"PYR 10 Year Warranty Stamp SEP21\" srcset=\"https:\/\/www.pyroguard.eu\/app\/uploads\/2021\/07\/PYR_3102-10-Year-Warranty-Stamp-SEP21-1-FINAL-CMYK.png 947w, https:\/\/www.pyroguard.eu\/app\/uploads\/2021\/07\/PYR_3102-10-Year-Warranty-Stamp-SEP21-1-FINAL-CMYK-300x300.png 300w, https:\/\/www.pyroguard.eu\/app\/uploads\/2021\/07\/PYR_3102-10-Year-Warranty-Stamp-SEP21-1-FINAL-CMYK-150x150.png 150w, https:\/\/www.pyroguard.eu\/app\/uploads\/2021\/07\/PYR_3102-10-Year-Warranty-Stamp-SEP21-1-FINAL-CMYK-768x765.png 768w\" sizes=\"auto, (max-width: 947px) 100vw, 947px\" \/>          <\/div>\n          <h3 class=\"mt-36\">Informaci\u00f3n t\u00e9cnica<\/h3>\n          <a href=\"https:\/\/www.pyroguard.eu\/es\/downloads\/informacion-tecnica\/\" class=\"button\" title=\"Informaci\u00f3n t\u00e9cnica\">DESCARGAR<\/a>\n        <\/div>\n              <div class=\"declaraci-n-de-prestaciones all\">\n          <div class=\"w-full h-240\">\n            <img loading=\"lazy\" decoding=\"async\" width=\"700\" height=\"350\" src=\"https:\/\/www.pyroguard.eu\/app\/uploads\/2021\/07\/ce_marking.jpg\" class=\"block object-cover h-full w-full rounded-sm shadow wp-post-image\" alt=\"CE Marking\" srcset=\"https:\/\/www.pyroguard.eu\/app\/uploads\/2021\/07\/ce_marking.jpg 700w, https:\/\/www.pyroguard.eu\/app\/uploads\/2021\/07\/ce_marking-300x150.jpg 300w\" sizes=\"auto, (max-width: 700px) 100vw, 700px\" \/>          <\/div>\n          <h3 class=\"mt-36\">Declaraci\u00f3n de prestaciones<\/h3>\n          <a href=\"https:\/\/www.pyroguard.eu\/es\/downloads\/declaracion-de-prestaciones-2\/\" class=\"button\" title=\"Declaraci\u00f3n de prestaciones\">DESCARGAR<\/a>\n        <\/div>\n          <\/div>\n  <\/div>\n<\/section>\n\n\n<section data-block_60dc51416668f class=\"form-with-text align py-120\" id=\"contact-form\">\n  <div class=\"container\">\n    <h2>\u00bfNecesita ayuda?<\/h2>\n    <div class=\"grid grid-cols-1 1024:grid-cols-2 gap-54\">\n      <div>\n        <p><a href=\"https:\/\/www.pyroguard.eu\/es\/contactenos\/\">Cont\u00e1ctenos para m\u00e1s informaci\u00f3n<\/a> o para hablar de su pr\u00f3ximo proyecto.<\/p>\n<h5>You\u2019re in safe hands.<\/h5>\n        <span class=\"block h-3 bg-orange w-160\"><\/span>\n        <p>E: <a href=\"mailto:info@pyroguard.eu\">info@pyroguard.eu<\/a><\/p>\n        <p>T: <a href=\"tel:+34917378212\">+34 917378212<\/a><\/p>\n      <\/div>\n      <div>\n\n                              <iframe loading=\"lazy\" src=\"https:\/\/www2.pyroguard.eu\/l\/64652\/2021-12-17\/h9ykbl\" width=\"100%\" height=\"710\" type=\"text\/html\" frameborder=\"0\" allowTransparency=\"true\" style=\"border: 0\"><\/iframe>                  \n      <\/div>\n    <\/div>\n  <\/div>\n<\/section>\n","protected":false},"excerpt":{"rendered":"","protected":false},"author":1,"featured_media":0,"parent":0,"menu_order":0,"comment_status":"closed","ping_status":"closed","template":"","meta":{"_acf_changed":false,"footnotes":""},"class_list":["post-18008","page","type-page","status-publish","hentry"],"acf":[],"yoast_head":"<!-- This site is optimized with the Yoast SEO plugin v27.3 - https:\/\/yoast.com\/product\/yoast-seo-wordpress\/ -->\n<title>Descargas - Pyroguard<\/title>\n<meta name=\"description\" content=\"Nuestra \u00e1rea de recursos para descargar toda nuestra documentaci\u00f3n t\u00e9cnica y de productos, incluyendo la certificaci\u00f3n, las directrices y las declaraciones de prestaciones.\" \/>\n<meta name=\"robots\" content=\"index, follow, max-snippet:-1, max-image-preview:large, max-video-preview:-1\" \/>\n<link rel=\"canonical\" href=\"https:\/\/www.pyroguard.eu\/es\/descargas\/\" \/>\n<meta property=\"og:locale\" content=\"es_ES\" \/>\n<meta property=\"og:type\" content=\"article\" \/>\n<meta property=\"og:title\" content=\"Descargas - Pyroguard\" \/>\n<meta property=\"og:description\" content=\"Nuestra \u00e1rea de recursos para descargar toda nuestra documentaci\u00f3n t\u00e9cnica y de productos, incluyendo la certificaci\u00f3n, las directrices y las declaraciones de prestaciones.\" \/>\n<meta property=\"og:url\" content=\"https:\/\/www.pyroguard.eu\/es\/descargas\/\" \/>\n<meta property=\"og:site_name\" content=\"Pyroguard\" \/>\n<meta property=\"article:modified_time\" content=\"2023-09-26T15:34:25+00:00\" \/>\n<meta name=\"twitter:card\" content=\"summary_large_image\" \/>\n<script type=\"application\/ld+json\" class=\"yoast-schema-graph\">{\"@context\":\"https:\\\/\\\/schema.org\",\"@graph\":[{\"@type\":\"WebPage\",\"@id\":\"https:\\\/\\\/www.pyroguard.eu\\\/es\\\/descargas\\\/\",\"url\":\"https:\\\/\\\/www.pyroguard.eu\\\/es\\\/descargas\\\/\",\"name\":\"Descargas - Pyroguard\",\"isPartOf\":{\"@id\":\"https:\\\/\\\/www.pyroguard.eu\\\/es\\\/#website\"},\"datePublished\":\"2021-06-30T10:10:43+00:00\",\"dateModified\":\"2023-09-26T15:34:25+00:00\",\"description\":\"Nuestra \u00e1rea de recursos para descargar toda nuestra documentaci\u00f3n t\u00e9cnica y de productos, incluyendo la certificaci\u00f3n, las directrices y las declaraciones de prestaciones.\",\"breadcrumb\":{\"@id\":\"https:\\\/\\\/www.pyroguard.eu\\\/es\\\/descargas\\\/#breadcrumb\"},\"inLanguage\":\"es-ES\",\"potentialAction\":[{\"@type\":\"ReadAction\",\"target\":[\"https:\\\/\\\/www.pyroguard.eu\\\/es\\\/descargas\\\/\"]}]},{\"@type\":\"BreadcrumbList\",\"@id\":\"https:\\\/\\\/www.pyroguard.eu\\\/es\\\/descargas\\\/#breadcrumb\",\"itemListElement\":[{\"@type\":\"ListItem\",\"position\":1,\"name\":\"Home\",\"item\":\"https:\\\/\\\/www.pyroguard.eu\\\/es\\\/\"},{\"@type\":\"ListItem\",\"position\":2,\"name\":\"Descargas\"}]},{\"@type\":\"WebSite\",\"@id\":\"https:\\\/\\\/www.pyroguard.eu\\\/es\\\/#website\",\"url\":\"https:\\\/\\\/www.pyroguard.eu\\\/es\\\/\",\"name\":\"Pyroguard\",\"description\":\"You&#039;re in safe hands\",\"publisher\":{\"@id\":\"https:\\\/\\\/www.pyroguard.eu\\\/es\\\/#organization\"},\"potentialAction\":[{\"@type\":\"SearchAction\",\"target\":{\"@type\":\"EntryPoint\",\"urlTemplate\":\"https:\\\/\\\/www.pyroguard.eu\\\/es\\\/?s={search_term_string}\"},\"query-input\":{\"@type\":\"PropertyValueSpecification\",\"valueRequired\":true,\"valueName\":\"search_term_string\"}}],\"inLanguage\":\"es-ES\"},{\"@type\":\"Organization\",\"@id\":\"https:\\\/\\\/www.pyroguard.eu\\\/es\\\/#organization\",\"name\":\"Pyroguard\",\"url\":\"https:\\\/\\\/www.pyroguard.eu\\\/es\\\/\",\"logo\":{\"@type\":\"ImageObject\",\"inLanguage\":\"es-ES\",\"@id\":\"https:\\\/\\\/www.pyroguard.eu\\\/es\\\/#\\\/schema\\\/logo\\\/image\\\/\",\"url\":\"https:\\\/\\\/www.pyroguard.eu\\\/app\\\/uploads\\\/2026\\\/02\\\/Screenshot-2026-02-04-113420.png\",\"contentUrl\":\"https:\\\/\\\/www.pyroguard.eu\\\/app\\\/uploads\\\/2026\\\/02\\\/Screenshot-2026-02-04-113420.png\",\"width\":1876,\"height\":482,\"caption\":\"Pyroguard\"},\"image\":{\"@id\":\"https:\\\/\\\/www.pyroguard.eu\\\/es\\\/#\\\/schema\\\/logo\\\/image\\\/\"}}]}<\/script>\n<!-- \/ Yoast SEO plugin. -->","yoast_head_json":{"title":"Descargas - Pyroguard","description":"Nuestra \u00e1rea de recursos para descargar toda nuestra documentaci\u00f3n t\u00e9cnica y de productos, incluyendo la certificaci\u00f3n, las directrices y las declaraciones de prestaciones.","robots":{"index":"index","follow":"follow","max-snippet":"max-snippet:-1","max-image-preview":"max-image-preview:large","max-video-preview":"max-video-preview:-1"},"canonical":"https:\/\/www.pyroguard.eu\/es\/descargas\/","og_locale":"es_ES","og_type":"article","og_title":"Descargas - Pyroguard","og_description":"Nuestra \u00e1rea de recursos para descargar toda nuestra documentaci\u00f3n t\u00e9cnica y de productos, incluyendo la certificaci\u00f3n, las directrices y las declaraciones de prestaciones.","og_url":"https:\/\/www.pyroguard.eu\/es\/descargas\/","og_site_name":"Pyroguard","article_modified_time":"2023-09-26T15:34:25+00:00","twitter_card":"summary_large_image","schema":{"@context":"https:\/\/schema.org","@graph":[{"@type":"WebPage","@id":"https:\/\/www.pyroguard.eu\/es\/descargas\/","url":"https:\/\/www.pyroguard.eu\/es\/descargas\/","name":"Descargas - Pyroguard","isPartOf":{"@id":"https:\/\/www.pyroguard.eu\/es\/#website"},"datePublished":"2021-06-30T10:10:43+00:00","dateModified":"2023-09-26T15:34:25+00:00","description":"Nuestra \u00e1rea de recursos para descargar toda nuestra documentaci\u00f3n t\u00e9cnica y de productos, incluyendo la certificaci\u00f3n, las directrices y las declaraciones de prestaciones.","breadcrumb":{"@id":"https:\/\/www.pyroguard.eu\/es\/descargas\/#breadcrumb"},"inLanguage":"es-ES","potentialAction":[{"@type":"ReadAction","target":["https:\/\/www.pyroguard.eu\/es\/descargas\/"]}]},{"@type":"BreadcrumbList","@id":"https:\/\/www.pyroguard.eu\/es\/descargas\/#breadcrumb","itemListElement":[{"@type":"ListItem","position":1,"name":"Home","item":"https:\/\/www.pyroguard.eu\/es\/"},{"@type":"ListItem","position":2,"name":"Descargas"}]},{"@type":"WebSite","@id":"https:\/\/www.pyroguard.eu\/es\/#website","url":"https:\/\/www.pyroguard.eu\/es\/","name":"Pyroguard","description":"You&#039;re in safe hands","publisher":{"@id":"https:\/\/www.pyroguard.eu\/es\/#organization"},"potentialAction":[{"@type":"SearchAction","target":{"@type":"EntryPoint","urlTemplate":"https:\/\/www.pyroguard.eu\/es\/?s={search_term_string}"},"query-input":{"@type":"PropertyValueSpecification","valueRequired":true,"valueName":"search_term_string"}}],"inLanguage":"es-ES"},{"@type":"Organization","@id":"https:\/\/www.pyroguard.eu\/es\/#organization","name":"Pyroguard","url":"https:\/\/www.pyroguard.eu\/es\/","logo":{"@type":"ImageObject","inLanguage":"es-ES","@id":"https:\/\/www.pyroguard.eu\/es\/#\/schema\/logo\/image\/","url":"https:\/\/www.pyroguard.eu\/app\/uploads\/2026\/02\/Screenshot-2026-02-04-113420.png","contentUrl":"https:\/\/www.pyroguard.eu\/app\/uploads\/2026\/02\/Screenshot-2026-02-04-113420.png","width":1876,"height":482,"caption":"Pyroguard"},"image":{"@id":"https:\/\/www.pyroguard.eu\/es\/#\/schema\/logo\/image\/"}}]}},"_links":{"self":[{"href":"https:\/\/www.pyroguard.eu\/es\/wp-json\/wp\/v2\/pages\/18008","targetHints":{"allow":["GET"]}}],"collection":[{"href":"https:\/\/www.pyroguard.eu\/es\/wp-json\/wp\/v2\/pages"}],"about":[{"href":"https:\/\/www.pyroguard.eu\/es\/wp-json\/wp\/v2\/types\/page"}],"author":[{"embeddable":true,"href":"https:\/\/www.pyroguard.eu\/es\/wp-json\/wp\/v2\/users\/1"}],"replies":[{"embeddable":true,"href":"https:\/\/www.pyroguard.eu\/es\/wp-json\/wp\/v2\/comments?post=18008"}],"version-history":[{"count":4,"href":"https:\/\/www.pyroguard.eu\/es\/wp-json\/wp\/v2\/pages\/18008\/revisions"}],"predecessor-version":[{"id":25706,"href":"https:\/\/www.pyroguard.eu\/es\/wp-json\/wp\/v2\/pages\/18008\/revisions\/25706"}],"wp:attachment":[{"href":"https:\/\/www.pyroguard.eu\/es\/wp-json\/wp\/v2\/media?parent=18008"}],"curies":[{"name":"wp","href":"https:\/\/api.w.org\/{rel}","templated":true}]}}