{"id":17993,"date":"2021-07-13T16:04:22","date_gmt":"2021-07-13T15:04:22","guid":{"rendered":"https:\/\/www.pyroguard.eu\/technical-blog\/"},"modified":"2023-10-25T11:27:42","modified_gmt":"2023-10-25T10:27:42","slug":"lo-ultimo-de-nuestro-equipo-tecnico","status":"publish","type":"page","link":"https:\/\/www.pyroguard.eu\/es\/lo-ultimo-de-nuestro-equipo-tecnico\/","title":{"rendered":"Blog t\u00e9cnico"},"content":{"rendered":"<section data-block_60edb962c2c12 class=\"single-text-col align p-0\">\n  <div class=\"container\">\n    <div class=\"max-w-800\">\n          <\/div>\n  <\/div>\n<\/section>\n\n\n<section data-block_60edb97fc2c13 class=\"tech-blog-listing align py-120 first:pt-120\" >\n  <div class=\"container\">\n        <div class=\"w-full grid grid-cols-1 gap-x-54 gap-y-81 1024:grid-cols-3\">\n            <div class=\"\">\n        <div class=\"w-full aspect-w-16 aspect-h-9\">\n          <img loading=\"lazy\" decoding=\"async\" width=\"1024\" height=\"576\" src=\"https:\/\/www.pyroguard.eu\/app\/uploads\/2024\/07\/SP-22-1024x576.png\" class=\"block object-cover h-full w-full rounded-sm shadow wp-post-image\" alt=\"\" srcset=\"https:\/\/www.pyroguard.eu\/app\/uploads\/2024\/07\/SP-22-1024x576.png 1024w, https:\/\/www.pyroguard.eu\/app\/uploads\/2024\/07\/SP-22-300x169.png 300w, https:\/\/www.pyroguard.eu\/app\/uploads\/2024\/07\/SP-22-768x432.png 768w, https:\/\/www.pyroguard.eu\/app\/uploads\/2024\/07\/SP-22.png 1200w\" sizes=\"auto, (max-width: 1024px) 100vw, 1024px\" \/>        <\/div>\n        <h3 class=\"mt-36\">Pyroguard y Forster logran un nuevo \u00e9xito en los ensayos con soluciones ampliadas para aplicaciones de acero<\/h3>\n        <a href=\"https:\/\/www.pyroguard.eu\/es\/technical-blog\/pyroguard-y-forster-logran-un-nuevo-exito-en-los-ensayos-con-soluciones-ampliadas-para-aplicaciones-de-acero\/\" class=\"button\" title=\"Pyroguard y Forster logran un nuevo \u00e9xito en los ensayos con soluciones ampliadas para aplicaciones de acero\">LEER M\u00c1S<\/a>\n      <\/div>\n            <div class=\"\">\n        <div class=\"w-full aspect-w-16 aspect-h-9\">\n          <img loading=\"lazy\" decoding=\"async\" width=\"1024\" height=\"576\" src=\"https:\/\/www.pyroguard.eu\/app\/uploads\/2024\/04\/Schuco-Facades-PR-SP-1024x576.png\" class=\"block object-cover h-full w-full rounded-sm shadow wp-post-image\" alt=\"\" srcset=\"https:\/\/www.pyroguard.eu\/app\/uploads\/2024\/04\/Schuco-Facades-PR-SP-1024x576.png 1024w, https:\/\/www.pyroguard.eu\/app\/uploads\/2024\/04\/Schuco-Facades-PR-SP-300x169.png 300w, https:\/\/www.pyroguard.eu\/app\/uploads\/2024\/04\/Schuco-Facades-PR-SP-768x432.png 768w, https:\/\/www.pyroguard.eu\/app\/uploads\/2024\/04\/Schuco-Facades-PR-SP.png 1200w\" sizes=\"auto, (max-width: 1024px) 100vw, 1024px\" \/>        <\/div>\n        <h3 class=\"mt-36\">Pyroguard y Sch\u00fcco logran un NUEVO \u00e9xito de ensayos con fachadas de aluminio<\/h3>\n        <a href=\"https:\/\/www.pyroguard.eu\/es\/technical-blog\/pyroguard-y-schuco-logran-un-nuevo-exito-de-ensayos-con-fachadas-de-aluminio\/\" class=\"button\" title=\"Pyroguard y Sch\u00fcco logran un NUEVO \u00e9xito de ensayos con fachadas de aluminio\">LEER M\u00c1S<\/a>\n      <\/div>\n            <div class=\"\">\n        <div class=\"w-full aspect-w-16 aspect-h-9\">\n          <img loading=\"lazy\" decoding=\"async\" width=\"1024\" height=\"576\" src=\"https:\/\/www.pyroguard.eu\/app\/uploads\/2024\/04\/Schuco-PR-SP-1024x576.png\" class=\"block object-cover h-full w-full rounded-sm shadow wp-post-image\" alt=\"\" srcset=\"https:\/\/www.pyroguard.eu\/app\/uploads\/2024\/04\/Schuco-PR-SP-1024x576.png 1024w, https:\/\/www.pyroguard.eu\/app\/uploads\/2024\/04\/Schuco-PR-SP-300x169.png 300w, https:\/\/www.pyroguard.eu\/app\/uploads\/2024\/04\/Schuco-PR-SP-768x432.png 768w, https:\/\/www.pyroguard.eu\/app\/uploads\/2024\/04\/Schuco-PR-SP.png 1200w\" sizes=\"auto, (max-width: 1024px) 100vw, 1024px\" \/>        <\/div>\n        <h3 class=\"mt-36\">M\u00c1S soluciones de aluminio disponibles en Pyroguard con puertas y mamparas Sch\u00fcco.<\/h3>\n        <a href=\"https:\/\/www.pyroguard.eu\/es\/technical-blog\/mas-soluciones-de-aluminio-disponibles-en-pyroguard-con-puertas-y-mamparas-schuco\/\" class=\"button\" title=\"M\u00c1S soluciones de aluminio disponibles en Pyroguard con puertas y mamparas Sch\u00fcco.\">LEER M\u00c1S<\/a>\n      <\/div>\n            <div class=\"\">\n        <div class=\"w-full aspect-w-16 aspect-h-9\">\n          <img loading=\"lazy\" decoding=\"async\" width=\"1024\" height=\"576\" src=\"https:\/\/www.pyroguard.eu\/app\/uploads\/2023\/03\/Ottostumm-Tech-Blog-SP-1-1024x576.png\" class=\"block object-cover h-full w-full rounded-sm shadow wp-post-image\" alt=\"Ottostumm Tech Blog Spanish\" srcset=\"https:\/\/www.pyroguard.eu\/app\/uploads\/2023\/03\/Ottostumm-Tech-Blog-SP-1-1024x576.png 1024w, https:\/\/www.pyroguard.eu\/app\/uploads\/2023\/03\/Ottostumm-Tech-Blog-SP-1-300x169.png 300w, https:\/\/www.pyroguard.eu\/app\/uploads\/2023\/03\/Ottostumm-Tech-Blog-SP-1-768x432.png 768w, https:\/\/www.pyroguard.eu\/app\/uploads\/2023\/03\/Ottostumm-Tech-Blog-SP-1.png 1200w\" sizes=\"auto, (max-width: 1024px) 100vw, 1024px\" \/>        <\/div>\n        <h3 class=\"mt-36\">Pyroguard y Ottostumm logran un nuevo \u00e9xito con soluciones ampliadas para tabiques divisorios<\/h3>\n        <a href=\"https:\/\/www.pyroguard.eu\/es\/technical-blog\/pyroguard-y-ottostumm-logran-un-nuevo-exito-con-soluciones-ampliadas-para-tabiques-divisorios\/\" class=\"button\" title=\"Pyroguard y Ottostumm logran un nuevo \u00e9xito con soluciones ampliadas para tabiques divisorios\">LEER M\u00c1S<\/a>\n      <\/div>\n            <div class=\"\">\n        <div class=\"w-full aspect-w-16 aspect-h-9\">\n          <img loading=\"lazy\" decoding=\"async\" width=\"1024\" height=\"576\" src=\"https:\/\/www.pyroguard.eu\/app\/uploads\/2024\/03\/EI90-Jansen-C4-Tech-Blog-SP-1024x576.png\" class=\"block object-cover h-full w-full rounded-sm shadow wp-post-image\" alt=\"\" srcset=\"https:\/\/www.pyroguard.eu\/app\/uploads\/2024\/03\/EI90-Jansen-C4-Tech-Blog-SP-1024x576.png 1024w, https:\/\/www.pyroguard.eu\/app\/uploads\/2024\/03\/EI90-Jansen-C4-Tech-Blog-SP-300x169.png 300w, https:\/\/www.pyroguard.eu\/app\/uploads\/2024\/03\/EI90-Jansen-C4-Tech-Blog-SP-768x432.png 768w, https:\/\/www.pyroguard.eu\/app\/uploads\/2024\/03\/EI90-Jansen-C4-Tech-Blog-SP.png 1200w\" sizes=\"auto, (max-width: 1024px) 100vw, 1024px\" \/>        <\/div>\n        <h3 class=\"mt-36\">Pyroguard y Jansen ampl\u00edan su cartera de certificados con Pyroguard Protect EI90<\/h3>\n        <a href=\"https:\/\/www.pyroguard.eu\/es\/technical-blog\/pyroguard-y-jansen-amplian-su-cartera-de-certificados-con-pyroguard-protect-ei90\/\" class=\"button\" title=\"Pyroguard y Jansen ampl\u00edan su cartera de certificados con Pyroguard Protect EI90\">LEER M\u00c1S<\/a>\n      <\/div>\n            <div class=\"\">\n        <div class=\"w-full aspect-w-16 aspect-h-9\">\n          <img loading=\"lazy\" decoding=\"async\" width=\"940\" height=\"788\" src=\"https:\/\/www.pyroguard.eu\/app\/uploads\/2022\/11\/Forster-Fuego-EI90-Partitions-1.png\" class=\"block object-cover h-full w-full rounded-sm shadow wp-post-image\" alt=\"Forster Fuego EI90 Partitions\" srcset=\"https:\/\/www.pyroguard.eu\/app\/uploads\/2022\/11\/Forster-Fuego-EI90-Partitions-1.png 940w, https:\/\/www.pyroguard.eu\/app\/uploads\/2022\/11\/Forster-Fuego-EI90-Partitions-1-300x251.png 300w, https:\/\/www.pyroguard.eu\/app\/uploads\/2022\/11\/Forster-Fuego-EI90-Partitions-1-768x644.png 768w\" sizes=\"auto, (max-width: 940px) 100vw, 940px\" \/>        <\/div>\n        <h3 class=\"mt-36\">\u00c9xito de los ensayos de los sistemas de fijos Pyroguard Protect y Forster Fuego Light EI90<\/h3>\n        <a href=\"https:\/\/www.pyroguard.eu\/es\/technical-blog\/exito-de-los-ensayos-de-los-sistemas-de-fijos-pyroguard-protect-y-forster-fuego-light-ei90\/\" class=\"button\" title=\"\u00c9xito de los ensayos de los sistemas de fijos Pyroguard Protect y Forster Fuego Light EI90\">LEER M\u00c1S<\/a>\n      <\/div>\n            <div class=\"\">\n        <div class=\"w-full aspect-w-16 aspect-h-9\">\n          <img loading=\"lazy\" decoding=\"async\" width=\"940\" height=\"788\" src=\"https:\/\/www.pyroguard.eu\/app\/uploads\/2022\/02\/Forster-Large-Protect-EI30-1.jpg\" class=\"block object-cover h-full w-full rounded-sm shadow wp-post-image\" alt=\"3 images showing the process of testing fire safety glass\" srcset=\"https:\/\/www.pyroguard.eu\/app\/uploads\/2022\/02\/Forster-Large-Protect-EI30-1.jpg 940w, https:\/\/www.pyroguard.eu\/app\/uploads\/2022\/02\/Forster-Large-Protect-EI30-1-300x251.jpg 300w, https:\/\/www.pyroguard.eu\/app\/uploads\/2022\/02\/Forster-Large-Protect-EI30-1-768x644.jpg 768w\" sizes=\"auto, (max-width: 940px) 100vw, 940px\" \/>        <\/div>\n        <h3 class=\"mt-36\">Pyroguard Protect EI30 sobrepasa los l\u00edmites con Forster Fuego Light<\/h3>\n        <a href=\"https:\/\/www.pyroguard.eu\/es\/technical-blog\/pyroguard-protect-ei30-sobrepasa-los-limites-con-forster-fuego-light\/\" class=\"button\" title=\"Pyroguard Protect EI30 sobrepasa los l\u00edmites con Forster Fuego Light\">LEER M\u00c1S<\/a>\n      <\/div>\n            <div class=\"\">\n        <div class=\"w-full aspect-w-16 aspect-h-9\">\n          <img loading=\"lazy\" decoding=\"async\" width=\"554\" height=\"397\" src=\"https:\/\/www.pyroguard.eu\/app\/uploads\/2021\/07\/jansen-c4.jpg\" class=\"block object-cover h-full w-full rounded-sm shadow wp-post-image\" alt=\"Jansen C4 EI90 Door System\" srcset=\"https:\/\/www.pyroguard.eu\/app\/uploads\/2021\/07\/jansen-c4.jpg 554w, https:\/\/www.pyroguard.eu\/app\/uploads\/2021\/07\/jansen-c4-300x215.jpg 300w\" sizes=\"auto, (max-width: 554px) 100vw, 554px\" \/>        <\/div>\n        <h3 class=\"mt-36\">\u00c9xito en el ensayo del Pyroguard Protect EI 120 junto con el sistema Jansen Janisol C4<\/h3>\n        <a href=\"https:\/\/www.pyroguard.eu\/es\/technical-blog\/exito-en-el-ensayo-del-pyroguard-protect-ei-120-junto-con-el-sistema-jansen-janisol-c4\/\" class=\"button\" title=\"\u00c9xito en el ensayo del Pyroguard Protect EI 120 junto con el sistema Jansen Janisol C4\">LEER M\u00c1S<\/a>\n      <\/div>\n          <\/div>\n  <\/div>\n<\/section>\n","protected":false},"excerpt":{"rendered":"","protected":false},"author":1,"featured_media":0,"parent":0,"menu_order":0,"comment_status":"closed","ping_status":"closed","template":"","meta":{"_acf_changed":false,"footnotes":""},"class_list":["post-17993","page","type-page","status-publish","hentry"],"acf":[],"yoast_head":"<!-- This site is optimized with the Yoast SEO plugin v27.3 - https:\/\/yoast.com\/product\/yoast-seo-wordpress\/ -->\n<title>Lo \u00faltimo de nuestro equipo t\u00e9cnico - Pyroguard<\/title>\n<meta name=\"description\" content=\"La informaci\u00f3n m\u00e1s reciente de nuestro equipo t\u00e9cnico incluye los \u00e9xitos de las pruebas, informaci\u00f3n sobre nuevos productos o ayuda sobre los aspectos t\u00e9cnicos del vidrio de seguridad contra incendios.\" \/>\n<meta name=\"robots\" content=\"index, follow, max-snippet:-1, max-image-preview:large, max-video-preview:-1\" \/>\n<link rel=\"canonical\" href=\"https:\/\/www.pyroguard.eu\/es\/lo-ultimo-de-nuestro-equipo-tecnico\/\" \/>\n<meta property=\"og:locale\" content=\"es_ES\" \/>\n<meta property=\"og:type\" content=\"article\" \/>\n<meta property=\"og:title\" content=\"Lo \u00faltimo de nuestro equipo t\u00e9cnico - Pyroguard\" \/>\n<meta property=\"og:description\" content=\"La informaci\u00f3n m\u00e1s reciente de nuestro equipo t\u00e9cnico incluye los \u00e9xitos de las pruebas, informaci\u00f3n sobre nuevos productos o ayuda sobre los aspectos t\u00e9cnicos del vidrio de seguridad contra incendios.\" \/>\n<meta property=\"og:url\" content=\"https:\/\/www.pyroguard.eu\/es\/lo-ultimo-de-nuestro-equipo-tecnico\/\" \/>\n<meta property=\"og:site_name\" content=\"Pyroguard\" \/>\n<meta property=\"article:modified_time\" content=\"2023-10-25T10:27:42+00:00\" \/>\n<meta name=\"twitter:card\" content=\"summary_large_image\" \/>\n<script type=\"application\/ld+json\" class=\"yoast-schema-graph\">{\"@context\":\"https:\\\/\\\/schema.org\",\"@graph\":[{\"@type\":\"WebPage\",\"@id\":\"https:\\\/\\\/www.pyroguard.eu\\\/es\\\/lo-ultimo-de-nuestro-equipo-tecnico\\\/\",\"url\":\"https:\\\/\\\/www.pyroguard.eu\\\/es\\\/lo-ultimo-de-nuestro-equipo-tecnico\\\/\",\"name\":\"Lo \u00faltimo de nuestro equipo t\u00e9cnico - Pyroguard\",\"isPartOf\":{\"@id\":\"https:\\\/\\\/www.pyroguard.eu\\\/es\\\/#website\"},\"datePublished\":\"2021-07-13T15:04:22+00:00\",\"dateModified\":\"2023-10-25T10:27:42+00:00\",\"description\":\"La informaci\u00f3n m\u00e1s reciente de nuestro equipo t\u00e9cnico incluye los \u00e9xitos de las pruebas, informaci\u00f3n sobre nuevos productos o ayuda sobre los aspectos t\u00e9cnicos del vidrio de seguridad contra incendios.\",\"breadcrumb\":{\"@id\":\"https:\\\/\\\/www.pyroguard.eu\\\/es\\\/lo-ultimo-de-nuestro-equipo-tecnico\\\/#breadcrumb\"},\"inLanguage\":\"es-ES\",\"potentialAction\":[{\"@type\":\"ReadAction\",\"target\":[\"https:\\\/\\\/www.pyroguard.eu\\\/es\\\/lo-ultimo-de-nuestro-equipo-tecnico\\\/\"]}]},{\"@type\":\"BreadcrumbList\",\"@id\":\"https:\\\/\\\/www.pyroguard.eu\\\/es\\\/lo-ultimo-de-nuestro-equipo-tecnico\\\/#breadcrumb\",\"itemListElement\":[{\"@type\":\"ListItem\",\"position\":1,\"name\":\"Home\",\"item\":\"https:\\\/\\\/www.pyroguard.eu\\\/es\\\/\"},{\"@type\":\"ListItem\",\"position\":2,\"name\":\"Blog t\u00e9cnico\"}]},{\"@type\":\"WebSite\",\"@id\":\"https:\\\/\\\/www.pyroguard.eu\\\/es\\\/#website\",\"url\":\"https:\\\/\\\/www.pyroguard.eu\\\/es\\\/\",\"name\":\"Pyroguard\",\"description\":\"You&#039;re in safe hands\",\"publisher\":{\"@id\":\"https:\\\/\\\/www.pyroguard.eu\\\/es\\\/#organization\"},\"potentialAction\":[{\"@type\":\"SearchAction\",\"target\":{\"@type\":\"EntryPoint\",\"urlTemplate\":\"https:\\\/\\\/www.pyroguard.eu\\\/es\\\/?s={search_term_string}\"},\"query-input\":{\"@type\":\"PropertyValueSpecification\",\"valueRequired\":true,\"valueName\":\"search_term_string\"}}],\"inLanguage\":\"es-ES\"},{\"@type\":\"Organization\",\"@id\":\"https:\\\/\\\/www.pyroguard.eu\\\/es\\\/#organization\",\"name\":\"Pyroguard\",\"url\":\"https:\\\/\\\/www.pyroguard.eu\\\/es\\\/\",\"logo\":{\"@type\":\"ImageObject\",\"inLanguage\":\"es-ES\",\"@id\":\"https:\\\/\\\/www.pyroguard.eu\\\/es\\\/#\\\/schema\\\/logo\\\/image\\\/\",\"url\":\"https:\\\/\\\/www.pyroguard.eu\\\/app\\\/uploads\\\/2026\\\/02\\\/Screenshot-2026-02-04-113420.png\",\"contentUrl\":\"https:\\\/\\\/www.pyroguard.eu\\\/app\\\/uploads\\\/2026\\\/02\\\/Screenshot-2026-02-04-113420.png\",\"width\":1876,\"height\":482,\"caption\":\"Pyroguard\"},\"image\":{\"@id\":\"https:\\\/\\\/www.pyroguard.eu\\\/es\\\/#\\\/schema\\\/logo\\\/image\\\/\"}}]}<\/script>\n<!-- \/ Yoast SEO plugin. -->","yoast_head_json":{"title":"Lo \u00faltimo de nuestro equipo t\u00e9cnico - Pyroguard","description":"La informaci\u00f3n m\u00e1s reciente de nuestro equipo t\u00e9cnico incluye los \u00e9xitos de las pruebas, informaci\u00f3n sobre nuevos productos o ayuda sobre los aspectos t\u00e9cnicos del vidrio de seguridad contra incendios.","robots":{"index":"index","follow":"follow","max-snippet":"max-snippet:-1","max-image-preview":"max-image-preview:large","max-video-preview":"max-video-preview:-1"},"canonical":"https:\/\/www.pyroguard.eu\/es\/lo-ultimo-de-nuestro-equipo-tecnico\/","og_locale":"es_ES","og_type":"article","og_title":"Lo \u00faltimo de nuestro equipo t\u00e9cnico - Pyroguard","og_description":"La informaci\u00f3n m\u00e1s reciente de nuestro equipo t\u00e9cnico incluye los \u00e9xitos de las pruebas, informaci\u00f3n sobre nuevos productos o ayuda sobre los aspectos t\u00e9cnicos del vidrio de seguridad contra incendios.","og_url":"https:\/\/www.pyroguard.eu\/es\/lo-ultimo-de-nuestro-equipo-tecnico\/","og_site_name":"Pyroguard","article_modified_time":"2023-10-25T10:27:42+00:00","twitter_card":"summary_large_image","schema":{"@context":"https:\/\/schema.org","@graph":[{"@type":"WebPage","@id":"https:\/\/www.pyroguard.eu\/es\/lo-ultimo-de-nuestro-equipo-tecnico\/","url":"https:\/\/www.pyroguard.eu\/es\/lo-ultimo-de-nuestro-equipo-tecnico\/","name":"Lo \u00faltimo de nuestro equipo t\u00e9cnico - Pyroguard","isPartOf":{"@id":"https:\/\/www.pyroguard.eu\/es\/#website"},"datePublished":"2021-07-13T15:04:22+00:00","dateModified":"2023-10-25T10:27:42+00:00","description":"La informaci\u00f3n m\u00e1s reciente de nuestro equipo t\u00e9cnico incluye los \u00e9xitos de las pruebas, informaci\u00f3n sobre nuevos productos o ayuda sobre los aspectos t\u00e9cnicos del vidrio de seguridad contra incendios.","breadcrumb":{"@id":"https:\/\/www.pyroguard.eu\/es\/lo-ultimo-de-nuestro-equipo-tecnico\/#breadcrumb"},"inLanguage":"es-ES","potentialAction":[{"@type":"ReadAction","target":["https:\/\/www.pyroguard.eu\/es\/lo-ultimo-de-nuestro-equipo-tecnico\/"]}]},{"@type":"BreadcrumbList","@id":"https:\/\/www.pyroguard.eu\/es\/lo-ultimo-de-nuestro-equipo-tecnico\/#breadcrumb","itemListElement":[{"@type":"ListItem","position":1,"name":"Home","item":"https:\/\/www.pyroguard.eu\/es\/"},{"@type":"ListItem","position":2,"name":"Blog t\u00e9cnico"}]},{"@type":"WebSite","@id":"https:\/\/www.pyroguard.eu\/es\/#website","url":"https:\/\/www.pyroguard.eu\/es\/","name":"Pyroguard","description":"You&#039;re in safe hands","publisher":{"@id":"https:\/\/www.pyroguard.eu\/es\/#organization"},"potentialAction":[{"@type":"SearchAction","target":{"@type":"EntryPoint","urlTemplate":"https:\/\/www.pyroguard.eu\/es\/?s={search_term_string}"},"query-input":{"@type":"PropertyValueSpecification","valueRequired":true,"valueName":"search_term_string"}}],"inLanguage":"es-ES"},{"@type":"Organization","@id":"https:\/\/www.pyroguard.eu\/es\/#organization","name":"Pyroguard","url":"https:\/\/www.pyroguard.eu\/es\/","logo":{"@type":"ImageObject","inLanguage":"es-ES","@id":"https:\/\/www.pyroguard.eu\/es\/#\/schema\/logo\/image\/","url":"https:\/\/www.pyroguard.eu\/app\/uploads\/2026\/02\/Screenshot-2026-02-04-113420.png","contentUrl":"https:\/\/www.pyroguard.eu\/app\/uploads\/2026\/02\/Screenshot-2026-02-04-113420.png","width":1876,"height":482,"caption":"Pyroguard"},"image":{"@id":"https:\/\/www.pyroguard.eu\/es\/#\/schema\/logo\/image\/"}}]}},"_links":{"self":[{"href":"https:\/\/www.pyroguard.eu\/es\/wp-json\/wp\/v2\/pages\/17993","targetHints":{"allow":["GET"]}}],"collection":[{"href":"https:\/\/www.pyroguard.eu\/es\/wp-json\/wp\/v2\/pages"}],"about":[{"href":"https:\/\/www.pyroguard.eu\/es\/wp-json\/wp\/v2\/types\/page"}],"author":[{"embeddable":true,"href":"https:\/\/www.pyroguard.eu\/es\/wp-json\/wp\/v2\/users\/1"}],"replies":[{"embeddable":true,"href":"https:\/\/www.pyroguard.eu\/es\/wp-json\/wp\/v2\/comments?post=17993"}],"version-history":[{"count":5,"href":"https:\/\/www.pyroguard.eu\/es\/wp-json\/wp\/v2\/pages\/17993\/revisions"}],"predecessor-version":[{"id":39235,"href":"https:\/\/www.pyroguard.eu\/es\/wp-json\/wp\/v2\/pages\/17993\/revisions\/39235"}],"wp:attachment":[{"href":"https:\/\/www.pyroguard.eu\/es\/wp-json\/wp\/v2\/media?parent=17993"}],"curies":[{"name":"wp","href":"https:\/\/api.w.org\/{rel}","templated":true}]}}