{"id":17987,"date":"2021-07-28T10:04:28","date_gmt":"2021-07-28T09:04:28","guid":{"rendered":"https:\/\/www.pyroguard.eu\/our-company\/"},"modified":"2025-11-07T14:50:04","modified_gmt":"2025-11-07T14:50:04","slug":"nuestra-empresa","status":"publish","type":"page","link":"https:\/\/www.pyroguard.eu\/es\/nuestra-empresa\/","title":{"rendered":"Empresa de Vidrio Contra Incendios"},"content":{"rendered":"<section data-block_9649e2565a782732308c3b42ebf20bf0 class=\"single-text-col align p-0\">\n  <div class=\"container\">\n    <div class=\"max-w-800\">\n      <h4>Pyroguard lidera el mercado, fabricando vidrio de seguridad contra incendios que permite a los arquitectos, prescriptores e instaladores lograr su objetivo de seguridad y dise\u00f1o de viviendas y espacios de trabajo.<\/h4>\n    <\/div>\n  <\/div>\n<\/section>\n\n\n<section data-block_f813df0c4fb1119e586b6f06a8c38c39 class=\"image-textbox-link-video align py-120 first:pt-0\">\n  <div class=\"container\">\n    <div class=\"relative grid grid-cols-1 1024:min-h-800 1024:py-81 content-center gap-54 1024:grid-cols-2 \">\n      <div class=\"hidden 1024:block\"><\/div>\n      <div class=\"bg-white shadow p-54 relative z-10 \">\n        <h2>Sobre nosotros<\/h2>\n<p>Con instalaciones de producci\u00f3n en el Reino Unido y Francia y oficinas comerciales estrat\u00e9gicamente ubicadas, Pyroguard est\u00e1 fuertemente posicionado para fabricar y suministrar la m\u00e1s amplia gama de productos de vidrio de seguridad contra incendios probados y certificados a escala mundial.<\/p>\n                                <a href=\"https:\/\/www.pyroguard.eu\/es\/nuestra-empresa\/sobre-nosotros\/\" class=\"button\">\n          SABER M\u00c1S        <\/a>\n                                        <div class=\"h-160 absolute block top-full -mt-24 z-20 flex  right-54\">\n          <span class=\"bg-orange block w-3 h-1\/3 mx-0\"><\/span>\n          <span class=\"bg-orange block w-3 h-2\/3 mx-24\"><\/span>\n          <span class=\"bg-orange block w-3 h-full mx-0\"><\/span>\n        <\/div>\n      <\/div>\n\n      <div class=\"relative z-0 top-0 w-full bottom-0 1024:absolute 1024:w-3\/4 aspect-h-1 aspect-w-1 1024:aspect-none  left-0  \">\n\n        <img loading=\"lazy\" decoding=\"async\" width=\"2560\" height=\"1324\" src=\"https:\/\/www.pyroguard.eu\/app\/uploads\/2025\/11\/DSC_0214-scaled.jpg\" class=\"block object-cover h-full w-full\" alt=\"DSC_0214\" srcset=\"https:\/\/www.pyroguard.eu\/app\/uploads\/2025\/11\/DSC_0214-scaled.jpg 2560w, https:\/\/www.pyroguard.eu\/app\/uploads\/2025\/11\/DSC_0214-300x155.jpg 300w, https:\/\/www.pyroguard.eu\/app\/uploads\/2025\/11\/DSC_0214-1024x529.jpg 1024w, https:\/\/www.pyroguard.eu\/app\/uploads\/2025\/11\/DSC_0214-768x397.jpg 768w, https:\/\/www.pyroguard.eu\/app\/uploads\/2025\/11\/DSC_0214-1536x794.jpg 1536w, https:\/\/www.pyroguard.eu\/app\/uploads\/2025\/11\/DSC_0214-2048x1059.jpg 2048w\" sizes=\"auto, (max-width: 2560px) 100vw, 2560px\" \/>\n                              <\/div>\n    <\/div>\n  <\/div>\n<\/section>\n\n\n<section data-block_3997ef9ac6a2df4d7b3dab3e16997640 class=\"image-textbox-link-video align py-120 first:pt-0\">\n  <div class=\"container\">\n    <div class=\"relative grid grid-cols-1 1024:min-h-800 1024:py-81 content-center gap-54 1024:grid-cols-2 \">\n      <div class=\"hidden 1024:block\"><\/div>\n      <div class=\"bg-white shadow p-54 relative z-10 \">\n        <h2>Saverto \u2013 Sus especialistas en protecci\u00f3n pasiva contra incendios<\/h2>\n<p>Pyroguard se enorgullece de formar parte del Grupo Saverto, posicion\u00e1ndose como una marca l\u00edder dentro de la Divisi\u00f3n de Acristalamiento del Grupo.<\/p>\n                                        <a href=\"https:\/\/saverto.com\/\" class=\"button\" target=\"_blank\">\n          SABER M\u00c1S        <\/a>\n                                <div class=\"h-160 absolute block top-full -mt-24 z-20 flex  right-54\">\n          <span class=\"bg-orange block w-3 h-1\/3 mx-0\"><\/span>\n          <span class=\"bg-orange block w-3 h-2\/3 mx-24\"><\/span>\n          <span class=\"bg-orange block w-3 h-full mx-0\"><\/span>\n        <\/div>\n      <\/div>\n\n      <div class=\"relative z-0 top-0 w-full bottom-0 1024:absolute 1024:w-3\/4 aspect-h-1 aspect-w-1 1024:aspect-none  left-0  \">\n\n        <img loading=\"lazy\" decoding=\"async\" width=\"1200\" height=\"800\" src=\"https:\/\/www.pyroguard.eu\/app\/uploads\/2025\/06\/saverto-webpage.png\" class=\"block object-cover h-full w-full\" alt=\"Saverto web page\" srcset=\"https:\/\/www.pyroguard.eu\/app\/uploads\/2025\/06\/saverto-webpage.png 1200w, https:\/\/www.pyroguard.eu\/app\/uploads\/2025\/06\/saverto-webpage-300x200.png 300w, https:\/\/www.pyroguard.eu\/app\/uploads\/2025\/06\/saverto-webpage-1024x683.png 1024w, https:\/\/www.pyroguard.eu\/app\/uploads\/2025\/06\/saverto-webpage-768x512.png 768w\" sizes=\"auto, (max-width: 1200px) 100vw, 1200px\" \/>\n                              <\/div>\n    <\/div>\n  <\/div>\n<\/section>\n\n\n<section data-block_aea13e735fa62bf0f5ba149011a7b443 class=\"image-textbox-link-video align py-120 first:pt-0\">\n  <div class=\"container\">\n    <div class=\"relative grid grid-cols-1 1024:min-h-800 1024:py-81 content-center gap-54 1024:grid-cols-2 \">\n      <div class=\"hidden 1024:block\"><\/div>\n      <div class=\"bg-white shadow p-54 relative z-10 \">\n        <h2>Empleo<\/h2>\n<p>\u00bfBuscas una nueva oportunidad? \u00bfQuieres ser parte de un equipo especializado que realmente puede marcar la diferencia? &#8230; \u00a1Entonces nunca ha habido un mejor momento para unirse a nosotros!<\/p>\n                                <a href=\"https:\/\/www.pyroguard.eu\/es\/empleo\/\" class=\"button\">\n          OPORTUNIDADES PROFESIONALES        <\/a>\n                                        <div class=\"h-160 absolute block top-full -mt-24 z-20 flex  right-54\">\n          <span class=\"bg-orange block w-3 h-1\/3 mx-0\"><\/span>\n          <span class=\"bg-orange block w-3 h-2\/3 mx-24\"><\/span>\n          <span class=\"bg-orange block w-3 h-full mx-0\"><\/span>\n        <\/div>\n      <\/div>\n\n      <div class=\"relative z-0 top-0 w-full bottom-0 1024:absolute 1024:w-3\/4 aspect-h-1 aspect-w-1 1024:aspect-none  left-0  \">\n\n        <img loading=\"lazy\" decoding=\"async\" width=\"1920\" height=\"1152\" src=\"https:\/\/www.pyroguard.eu\/app\/uploads\/2021\/10\/DSC_7817.jpg\" class=\"block object-cover h-full w-full\" alt=\"Pyroguard Team Photograph In Warehouse\" srcset=\"https:\/\/www.pyroguard.eu\/app\/uploads\/2021\/10\/DSC_7817.jpg 1920w, https:\/\/www.pyroguard.eu\/app\/uploads\/2021\/10\/DSC_7817-300x180.jpg 300w, https:\/\/www.pyroguard.eu\/app\/uploads\/2021\/10\/DSC_7817-1024x614.jpg 1024w, https:\/\/www.pyroguard.eu\/app\/uploads\/2021\/10\/DSC_7817-768x461.jpg 768w, https:\/\/www.pyroguard.eu\/app\/uploads\/2021\/10\/DSC_7817-1536x922.jpg 1536w\" sizes=\"auto, (max-width: 1920px) 100vw, 1920px\" \/>\n                              <\/div>\n    <\/div>\n  <\/div>\n<\/section>\n\n\n<section data-block_4e3a50fa6df0d649748df61b318db997 class=\"latest-news align py-120\" >\n  <div class=\"container\">\n    <h2>En la sala de prensa<\/h2>\n    <a href=\"https:\/\/www.pyroguard.eu\/es\/\/the-newsroom\" class=\"button ghost mb-54\" title=\"Ver todos nuestros art\u00edculos de noticias\">VER TODO<\/a>\n    <div class=\"grid grid-cols-1 768:grid-cols-2 1024:grid-cols-3 gap-54\">\n                  <div class=\"\">\n        <div class=\"relative w-full h-240 rounded-sm shadow\">\n          <img decoding=\"async\" src=\"https:\/\/www.pyroguard.eu\/app\/uploads\/2024\/10\/LR-9-2.jpg\" class=\"block object-cover h-full w-full\" \/>\n        <\/div>\n        <h3 class=\"mt-36\">C\u00f3mo el vidrio de seguridad contra incendios moderno aporta equilibrio entre funcionalidad y dise\u00f1o en los espacios hoteleros actuales<\/h3>\n        <a href=\"https:\/\/www.pyroguard.eu\/es\/noticias\/como-el-vidrio-de-seguridad-contra-incendios-moderno-aporta-equilibrio-entre-funcionalidad-y-diseno-en-los-espacios-hoteleros-actuales\/\" title=\"C\u00f3mo el vidrio de seguridad contra incendios moderno aporta equilibrio entre funcionalidad y dise\u00f1o en los espacios hoteleros actuales\" class=\"button\">Averigua mas<\/a>\n      <\/div>\n            <div class=\"\">\n        <div class=\"relative w-full h-240 rounded-sm shadow\">\n          <img decoding=\"async\" src=\"https:\/\/www.pyroguard.eu\/app\/uploads\/2021\/08\/HEALTHCARE-1.jpg\" class=\"block object-cover h-full w-full\" \/>\n        <\/div>\n        <h3 class=\"mt-36\">C\u00f3mo los entornos de atenci\u00f3n m\u00e9dica moderna se benefician de los avances en acristalamiento, mejorando tanto el bienestar de los pacientes como el dise\u00f1o de los espacios<\/h3>\n        <a href=\"https:\/\/www.pyroguard.eu\/es\/noticias\/como-los-entornos-de-atencion-medica-moderna-se-benefician-de-los-avances-en-acristalamiento-mejorando-tanto-el-bienestar-de-los-pacientes-como-el-diseno-de-los-espacios\/\" title=\"C\u00f3mo los entornos de atenci\u00f3n m\u00e9dica moderna se benefician de los avances en acristalamiento, mejorando tanto el bienestar de los pacientes como el dise\u00f1o de los espacios\" class=\"button\">Averigua mas<\/a>\n      <\/div>\n            <div class=\"\">\n        <div class=\"relative w-full h-240 rounded-sm shadow\">\n          <img decoding=\"async\" src=\"https:\/\/www.pyroguard.eu\/app\/uploads\/2025\/06\/Untitled-design-65.png\" class=\"block object-cover h-full w-full\" \/>\n        <\/div>\n        <h3 class=\"mt-36\">Pyroguard se une a la nueva marca paraguas Saverto: svt Group reajusta su estrategia de marca internacional<\/h3>\n        <a href=\"https:\/\/www.pyroguard.eu\/es\/noticias\/pyroguard-se-une-a-la-nueva-marca-paraguas-saverto-svt-group-reajusta-su-estrategia-de-marca-internacional\/\" title=\"Pyroguard se une a la nueva marca paraguas Saverto: svt Group reajusta su estrategia de marca internacional\" class=\"button\">Averigua mas<\/a>\n      <\/div>\n          <\/div>\n  <\/div>\n<\/section>\n\n\n<section data-block_e774cf95242df39c25414918f41c3f00 class=\"form-with-text align py-120\" id=\"contact-form\">\n  <div class=\"container\">\n    <h2>\u00bfListo para empezar?<\/h2>\n    <div class=\"grid grid-cols-1 1024:grid-cols-2 gap-54\">\n      <div>\n        <p><a href=\"https:\/\/www.pyroguard.eu\/es\/contactenos\/\">Cont\u00e1ctenos para m\u00e1s informaci\u00f3n<\/a> o para hablar de su pr\u00f3ximo proyecto.<\/p>\n<h5>You\u2019re in safe hands.<\/h5>\n        <span class=\"block h-3 bg-orange w-160\"><\/span>\n        <p>E: <a href=\"mailto:info@pyroguard.eu\">info@pyroguard.eu<\/a><\/p>\n        <p>T: <a href=\"tel:+34917378212\">+34 917378212<\/a><\/p>\n      <\/div>\n      <div>\n\n                              <iframe loading=\"lazy\" src=\"https:\/\/www2.pyroguard.eu\/l\/64652\/2021-12-17\/h9ykbl\" width=\"100%\" height=\"710\" type=\"text\/html\" frameborder=\"0\" allowTransparency=\"true\" style=\"border: 0\"><\/iframe>                  \n      <\/div>\n    <\/div>\n  <\/div>\n<\/section>\n","protected":false},"excerpt":{"rendered":"","protected":false},"author":1,"featured_media":0,"parent":0,"menu_order":0,"comment_status":"closed","ping_status":"closed","template":"","meta":{"_acf_changed":false,"footnotes":""},"class_list":["post-17987","page","type-page","status-publish","hentry"],"acf":[],"yoast_head":"<!-- This site is optimized with the Yoast SEO plugin v27.3 - https:\/\/yoast.com\/product\/yoast-seo-wordpress\/ -->\n<title>Empresa l\u00edder en vidrio contra incendios - Pyroguard<\/title>\n<meta name=\"description\" content=\"Como empresa l\u00edder en vidrio contra incendios, permitimos a los arquitectos, prescriptores e instaladores lograr espacios de ocio y de trabajo seguros y de dise\u00f1o.\" \/>\n<meta name=\"robots\" content=\"index, follow, max-snippet:-1, max-image-preview:large, max-video-preview:-1\" \/>\n<link rel=\"canonical\" href=\"https:\/\/www.pyroguard.eu\/es\/nuestra-empresa\/\" \/>\n<meta property=\"og:locale\" content=\"es_ES\" \/>\n<meta property=\"og:type\" content=\"article\" \/>\n<meta property=\"og:title\" content=\"Empresa l\u00edder en vidrio contra incendios - Pyroguard\" \/>\n<meta property=\"og:description\" content=\"Como empresa l\u00edder en vidrio contra incendios, permitimos a los arquitectos, prescriptores e instaladores lograr espacios de ocio y de trabajo seguros y de dise\u00f1o.\" \/>\n<meta property=\"og:url\" content=\"https:\/\/www.pyroguard.eu\/es\/nuestra-empresa\/\" \/>\n<meta property=\"og:site_name\" content=\"Pyroguard\" \/>\n<meta property=\"article:modified_time\" content=\"2025-11-07T14:50:04+00:00\" \/>\n<meta name=\"twitter:card\" content=\"summary_large_image\" \/>\n<meta name=\"twitter:label1\" content=\"Est. reading time\" \/>\n\t<meta name=\"twitter:data1\" content=\"3 minutes\" \/>\n<script type=\"application\/ld+json\" class=\"yoast-schema-graph\">{\"@context\":\"https:\\\/\\\/schema.org\",\"@graph\":[{\"@type\":\"WebPage\",\"@id\":\"https:\\\/\\\/www.pyroguard.eu\\\/es\\\/nuestra-empresa\\\/\",\"url\":\"https:\\\/\\\/www.pyroguard.eu\\\/es\\\/nuestra-empresa\\\/\",\"name\":\"Empresa l\u00edder en vidrio contra incendios - Pyroguard\",\"isPartOf\":{\"@id\":\"https:\\\/\\\/www.pyroguard.eu\\\/es\\\/#website\"},\"datePublished\":\"2021-07-28T09:04:28+00:00\",\"dateModified\":\"2025-11-07T14:50:04+00:00\",\"description\":\"Como empresa l\u00edder en vidrio contra incendios, permitimos a los arquitectos, prescriptores e instaladores lograr espacios de ocio y de trabajo seguros y de dise\u00f1o.\",\"breadcrumb\":{\"@id\":\"https:\\\/\\\/www.pyroguard.eu\\\/es\\\/nuestra-empresa\\\/#breadcrumb\"},\"inLanguage\":\"es-ES\",\"potentialAction\":[{\"@type\":\"ReadAction\",\"target\":[\"https:\\\/\\\/www.pyroguard.eu\\\/es\\\/nuestra-empresa\\\/\"]}]},{\"@type\":\"BreadcrumbList\",\"@id\":\"https:\\\/\\\/www.pyroguard.eu\\\/es\\\/nuestra-empresa\\\/#breadcrumb\",\"itemListElement\":[{\"@type\":\"ListItem\",\"position\":1,\"name\":\"Home\",\"item\":\"https:\\\/\\\/www.pyroguard.eu\\\/es\\\/\"},{\"@type\":\"ListItem\",\"position\":2,\"name\":\"Empresa de Vidrio Contra Incendios\"}]},{\"@type\":\"WebSite\",\"@id\":\"https:\\\/\\\/www.pyroguard.eu\\\/es\\\/#website\",\"url\":\"https:\\\/\\\/www.pyroguard.eu\\\/es\\\/\",\"name\":\"Pyroguard\",\"description\":\"You&#039;re in safe hands\",\"publisher\":{\"@id\":\"https:\\\/\\\/www.pyroguard.eu\\\/es\\\/#organization\"},\"potentialAction\":[{\"@type\":\"SearchAction\",\"target\":{\"@type\":\"EntryPoint\",\"urlTemplate\":\"https:\\\/\\\/www.pyroguard.eu\\\/es\\\/?s={search_term_string}\"},\"query-input\":{\"@type\":\"PropertyValueSpecification\",\"valueRequired\":true,\"valueName\":\"search_term_string\"}}],\"inLanguage\":\"es-ES\"},{\"@type\":\"Organization\",\"@id\":\"https:\\\/\\\/www.pyroguard.eu\\\/es\\\/#organization\",\"name\":\"Pyroguard\",\"url\":\"https:\\\/\\\/www.pyroguard.eu\\\/es\\\/\",\"logo\":{\"@type\":\"ImageObject\",\"inLanguage\":\"es-ES\",\"@id\":\"https:\\\/\\\/www.pyroguard.eu\\\/es\\\/#\\\/schema\\\/logo\\\/image\\\/\",\"url\":\"https:\\\/\\\/www.pyroguard.eu\\\/app\\\/uploads\\\/2026\\\/02\\\/Screenshot-2026-02-04-113420.png\",\"contentUrl\":\"https:\\\/\\\/www.pyroguard.eu\\\/app\\\/uploads\\\/2026\\\/02\\\/Screenshot-2026-02-04-113420.png\",\"width\":1876,\"height\":482,\"caption\":\"Pyroguard\"},\"image\":{\"@id\":\"https:\\\/\\\/www.pyroguard.eu\\\/es\\\/#\\\/schema\\\/logo\\\/image\\\/\"}}]}<\/script>\n<!-- \/ Yoast SEO plugin. -->","yoast_head_json":{"title":"Empresa l\u00edder en vidrio contra incendios - Pyroguard","description":"Como empresa l\u00edder en vidrio contra incendios, permitimos a los arquitectos, prescriptores e instaladores lograr espacios de ocio y de trabajo seguros y de dise\u00f1o.","robots":{"index":"index","follow":"follow","max-snippet":"max-snippet:-1","max-image-preview":"max-image-preview:large","max-video-preview":"max-video-preview:-1"},"canonical":"https:\/\/www.pyroguard.eu\/es\/nuestra-empresa\/","og_locale":"es_ES","og_type":"article","og_title":"Empresa l\u00edder en vidrio contra incendios - Pyroguard","og_description":"Como empresa l\u00edder en vidrio contra incendios, permitimos a los arquitectos, prescriptores e instaladores lograr espacios de ocio y de trabajo seguros y de dise\u00f1o.","og_url":"https:\/\/www.pyroguard.eu\/es\/nuestra-empresa\/","og_site_name":"Pyroguard","article_modified_time":"2025-11-07T14:50:04+00:00","twitter_card":"summary_large_image","twitter_misc":{"Est. reading time":"3 minutes"},"schema":{"@context":"https:\/\/schema.org","@graph":[{"@type":"WebPage","@id":"https:\/\/www.pyroguard.eu\/es\/nuestra-empresa\/","url":"https:\/\/www.pyroguard.eu\/es\/nuestra-empresa\/","name":"Empresa l\u00edder en vidrio contra incendios - Pyroguard","isPartOf":{"@id":"https:\/\/www.pyroguard.eu\/es\/#website"},"datePublished":"2021-07-28T09:04:28+00:00","dateModified":"2025-11-07T14:50:04+00:00","description":"Como empresa l\u00edder en vidrio contra incendios, permitimos a los arquitectos, prescriptores e instaladores lograr espacios de ocio y de trabajo seguros y de dise\u00f1o.","breadcrumb":{"@id":"https:\/\/www.pyroguard.eu\/es\/nuestra-empresa\/#breadcrumb"},"inLanguage":"es-ES","potentialAction":[{"@type":"ReadAction","target":["https:\/\/www.pyroguard.eu\/es\/nuestra-empresa\/"]}]},{"@type":"BreadcrumbList","@id":"https:\/\/www.pyroguard.eu\/es\/nuestra-empresa\/#breadcrumb","itemListElement":[{"@type":"ListItem","position":1,"name":"Home","item":"https:\/\/www.pyroguard.eu\/es\/"},{"@type":"ListItem","position":2,"name":"Empresa de Vidrio Contra Incendios"}]},{"@type":"WebSite","@id":"https:\/\/www.pyroguard.eu\/es\/#website","url":"https:\/\/www.pyroguard.eu\/es\/","name":"Pyroguard","description":"You&#039;re in safe hands","publisher":{"@id":"https:\/\/www.pyroguard.eu\/es\/#organization"},"potentialAction":[{"@type":"SearchAction","target":{"@type":"EntryPoint","urlTemplate":"https:\/\/www.pyroguard.eu\/es\/?s={search_term_string}"},"query-input":{"@type":"PropertyValueSpecification","valueRequired":true,"valueName":"search_term_string"}}],"inLanguage":"es-ES"},{"@type":"Organization","@id":"https:\/\/www.pyroguard.eu\/es\/#organization","name":"Pyroguard","url":"https:\/\/www.pyroguard.eu\/es\/","logo":{"@type":"ImageObject","inLanguage":"es-ES","@id":"https:\/\/www.pyroguard.eu\/es\/#\/schema\/logo\/image\/","url":"https:\/\/www.pyroguard.eu\/app\/uploads\/2026\/02\/Screenshot-2026-02-04-113420.png","contentUrl":"https:\/\/www.pyroguard.eu\/app\/uploads\/2026\/02\/Screenshot-2026-02-04-113420.png","width":1876,"height":482,"caption":"Pyroguard"},"image":{"@id":"https:\/\/www.pyroguard.eu\/es\/#\/schema\/logo\/image\/"}}]}},"_links":{"self":[{"href":"https:\/\/www.pyroguard.eu\/es\/wp-json\/wp\/v2\/pages\/17987","targetHints":{"allow":["GET"]}}],"collection":[{"href":"https:\/\/www.pyroguard.eu\/es\/wp-json\/wp\/v2\/pages"}],"about":[{"href":"https:\/\/www.pyroguard.eu\/es\/wp-json\/wp\/v2\/types\/page"}],"author":[{"embeddable":true,"href":"https:\/\/www.pyroguard.eu\/es\/wp-json\/wp\/v2\/users\/1"}],"replies":[{"embeddable":true,"href":"https:\/\/www.pyroguard.eu\/es\/wp-json\/wp\/v2\/comments?post=17987"}],"version-history":[{"count":24,"href":"https:\/\/www.pyroguard.eu\/es\/wp-json\/wp\/v2\/pages\/17987\/revisions"}],"predecessor-version":[{"id":50826,"href":"https:\/\/www.pyroguard.eu\/es\/wp-json\/wp\/v2\/pages\/17987\/revisions\/50826"}],"wp:attachment":[{"href":"https:\/\/www.pyroguard.eu\/es\/wp-json\/wp\/v2\/media?parent=17987"}],"curies":[{"name":"wp","href":"https:\/\/api.w.org\/{rel}","templated":true}]}}