{"id":17968,"date":"2021-07-28T11:10:15","date_gmt":"2021-07-28T10:10:15","guid":{"rendered":"https:\/\/www.pyroguard.eu\/contact-us\/"},"modified":"2022-07-28T11:51:43","modified_gmt":"2022-07-28T10:51:43","slug":"contactenos","status":"publish","type":"page","link":"https:\/\/www.pyroguard.eu\/es\/contactenos\/","title":{"rendered":"Cont\u00e1ctenos"},"content":{"rendered":"<section data-block_6101443ebdabc class=\"single-text-col align p-0\">\n  <div class=\"container\">\n    <div class=\"max-w-800\">\n      <h4>Para obtener m\u00e1s informaci\u00f3n o asistencia, puede comunicarse con su oficina local o representante directamente desde el men\u00fa de Localizaci\u00f3n a continuaci\u00f3n. Simplemente seleccione la localizaci\u00f3n que necesita para conocer todos los detalles. Alternativamente, env\u00edenos sus datos y nos comunicaremos con usted.<\/h4>\n    <\/div>\n  <\/div>\n<\/section>\n\n\n<script>\n\n  var locations = [\n          [53.476410, -2.658530],\n        [41.8719, 12.5674],\n        [51.488180, 5.494850],\n        [51.1657, 10.4515],\n        [47.110958, 7.391090],\n        [29.2985, 42.5510],\n        [53.394541, -7.796022],\n        [42.090910, -88.499680],\n        [38.9573, 35.2407],\n        [51.9194, 19.1451],\n        [49.1137, 6.8312],\n        [40.4168, -3.7038],\n        [23.130920, 74.875847],\n        [62.2786, 12.3402],\n    ];\n<\/script>\n\n<section data-block_610175c05fe5e class=\"office-locations align py-120 first:pt-0\">\n  <div class=\"container\">\n    <div class=\"grid grid-cols-1 1024:grid-cols-2 gap-54\">\n      <div class=\"\">\n        <h2>Localizaci\u00f3n<\/h2>\n        <p>Por favor, selecciones su localizaci\u00f3n:<\/p>\n        <select name=\"officelocations\" id=\"officeLocationsSelect\" class=\"button ghost appearance-none focus:outline-none text-center mb-54 cursor-pointer pr-54 hover:text-black\">\n          <option value=\"\">Por favor, seleccione su localizaci\u00f3n&#8230;<\/option>\n                    <option data-lat=\"53.476410\" data-long=\"-2.658530\" value=\"united-kingdom\">United Kingdom<\/option>\n                    <option data-lat=\"41.8719\" data-long=\"12.5674\" value=\"italy\">Italy<\/option>\n                    <option data-lat=\"51.488180\" data-long=\"5.494850\" value=\"benelux\">Benelux<\/option>\n                    <option data-lat=\"51.1657\" data-long=\"10.4515\" value=\"germany-austria\">Germany &#038; Austria<\/option>\n                    <option data-lat=\"47.110958\" data-long=\"7.391090\" value=\"switzerland\">Switzerland<\/option>\n                    <option data-lat=\"29.2985\" data-long=\"42.5510\" value=\"middle-east\">Middle East<\/option>\n                    <option data-lat=\"53.394541\" data-long=\"-7.796022\" value=\"ireland-northern-ireland\">Ireland &#038; Northern Ireland<\/option>\n                    <option data-lat=\"42.090910\" data-long=\"-88.499680\" value=\"north-america\">North America<\/option>\n                    <option data-lat=\"38.9573\" data-long=\"35.2407\" value=\"greece-cyprus-turkey\">Greece\/Cyprus\/Turkey<\/option>\n                    <option data-lat=\"51.9194\" data-long=\"19.1451\" value=\"poland\">Poland<\/option>\n                    <option data-lat=\"49.1137\" data-long=\"6.8312\" value=\"france\">France<\/option>\n                    <option data-lat=\"40.4168\" data-long=\"-3.7038\" value=\"spain-portugal\">Spain &#038; Portugal<\/option>\n                    <option data-lat=\"23.130920\" data-long=\"74.875847\" value=\"india\">India<\/option>\n                    <option data-lat=\"62.2786\" data-long=\"12.3402\" value=\"scandinavia\">Scandinavia<\/option>\n                  <\/select>\n        <div class=\"w-full block\">\n                    <div id=\"united-kingdom\" class=\"hidden bg-white border border-orange p-36 rounded-sm shadow w-full\">\n            <h3 class=\"line\">United Kingdom<\/h3>\n            <div class=\"grid grid-cols-1  grid-cols-2  gap-36\">\n              <div>\n                <p> Pyroguard UK Ltd<br \/>\r\nMillfield Lane<br \/>\r\nHaydock, Merseyside<br \/>\r\nWA11 9GA<br \/>\r\nUnited Kingdom<\/p>\n                <p>T: <a href=\"tel:+44 (0)1942 710 720\">+44 (0)1942 710 720<\/a><br \/>\nF: <a href=\"tel:+44 (0)1942 710 730\">+44 (0)1942 710 730<\/a><\/p>\n              <\/div>\n              <div>\n                <p><strong>Company Number:<\/strong><br \/>\nRegistered in England and Wales.<br \/>\nNo. 3648124<\/p>\n<p><strong>VAT Number:<\/strong><br \/>\nGB 174 645 388<\/p>\n              <\/div>\n            <\/div>\n          <\/div>\n                    <div id=\"italy\" class=\"hidden bg-white border border-orange p-36 rounded-sm shadow w-full\">\n            <h3 class=\"line\">Italy<\/h3>\n            <div class=\"grid grid-cols-1  gap-36\">\n              <div>\n                <p> <\/p>\n                <p>Alessandro Colle<br \/>\nTechnical Sales Manager &#8211; Italy<\/p>\n<p>T: <a href=\"tel:+39 349 0939460\">+39 349 0939460<\/a><\/p>\n<p><a href=\"mailto:Alessandro.Colle@pyroguard.eu\">alessandro.colle@pyroguard.eu<\/a><\/p>\n              <\/div>\n              <div>\n                              <\/div>\n            <\/div>\n          <\/div>\n                    <div id=\"benelux\" class=\"hidden bg-white border border-orange p-36 rounded-sm shadow w-full\">\n            <h3 class=\"line\">Benelux<\/h3>\n            <div class=\"grid grid-cols-1  grid-cols-2  gap-36\">\n              <div>\n                <p> Pyroguard Netherlands B.V.<br \/>\r\nESP 260 C,<br \/>\r\n5633 AC Eindhoven,<br \/>\r\nThe Netherlands<\/p>\n                <p>T:\u00a0<a href=\"tel:+31 (0) 40 2888 525\">+31 (0) 40 2888 525<\/a><\/p>\n              <\/div>\n              <div>\n                <p><a href=\"http:\/\/www.pyroguard.eu\/nl\">www.pyroguard.eu\/nl<\/a><\/p>\n<p><strong>KvK-nummer:<\/strong><br \/>\n62387294<\/p>\n<p><strong>BTW-nummer:<\/strong><br \/>\nNL854798043B01<\/p>\n              <\/div>\n            <\/div>\n          <\/div>\n                    <div id=\"germany-austria\" class=\"hidden bg-white border border-orange p-36 rounded-sm shadow w-full\">\n            <h3 class=\"line\">Germany &#038; Austria<\/h3>\n            <div class=\"grid grid-cols-1  gap-36\">\n              <div>\n                <p> <\/p>\n                <p>Oliver Kunz<br \/>\nSales Director \u2013 Germany, Austria and Switzerland<\/p>\n<p>T:\u00a0<a href=\"tel:+49 (0) 151 177 025 35\">+49 (0) 151 177 025 35<\/a><\/p>\n<p><a href=\"mailto:oliver.kunz@pyroguard.eu\">oliver.kunz@pyroguard.eu<\/a><\/p>\n              <\/div>\n              <div>\n                              <\/div>\n            <\/div>\n          <\/div>\n                    <div id=\"switzerland\" class=\"hidden bg-white border border-orange p-36 rounded-sm shadow w-full\">\n            <h3 class=\"line\">Switzerland<\/h3>\n            <div class=\"grid grid-cols-1  gap-36\">\n              <div>\n                <p> Pyroguard Partner &#8211; CDR Glas AG<br \/>\r\nOberwilstrasse 3<br \/>\r\n3253 Schnottwil<\/p>\n                <p><b>T:<\/b>\u00a0+41 (0) 62 961 80 30<\/p>\n<p>info@cdr.ch<\/p>\n              <\/div>\n              <div>\n                              <\/div>\n            <\/div>\n          <\/div>\n                    <div id=\"middle-east\" class=\"hidden bg-white border border-orange p-36 rounded-sm shadow w-full\">\n            <h3 class=\"line\">Middle East<\/h3>\n            <div class=\"grid grid-cols-1  gap-36\">\n              <div>\n                <p> <\/p>\n                <p>Steve Goodburn<br \/>\nSales Director<\/p>\n<p>T:\u00a0<a href=\"tel:+44 (0)7920 452 389\">+44 (0)7920 452 389<\/a><\/p>\n<p><a href=\"mailto:steve.goodburn@pyroguard.eu\">steve.goodburn@pyroguard.eu<\/a><\/p>\n              <\/div>\n              <div>\n                              <\/div>\n            <\/div>\n          <\/div>\n                    <div id=\"ireland-northern-ireland\" class=\"hidden bg-white border border-orange p-36 rounded-sm shadow w-full\">\n            <h3 class=\"line\">Ireland &#038; Northern Ireland<\/h3>\n            <div class=\"grid grid-cols-1  gap-36\">\n              <div>\n                <p> <\/p>\n                <p>Andy Lake<br \/>\nSales Director &#8211; UK &amp; IRE<\/p>\n<p>T:\u00a0<a href=\"tel:+44 (0) 777 044 8968\">+44 (0) 777 044 8968<\/a><\/p>\n<p><a href=\"mailto:andy.lake@pyroguard.eu\">andy.lake@pyroguard.eu<\/a><\/p>\n              <\/div>\n              <div>\n                              <\/div>\n            <\/div>\n          <\/div>\n                    <div id=\"north-america\" class=\"hidden bg-white border border-orange p-36 rounded-sm shadow w-full\">\n            <h3 class=\"line\">North America<\/h3>\n            <div class=\"grid grid-cols-1  gap-36\">\n              <div>\n                <p> <\/p>\n                <p>Jason Walker<br \/>\nGroup Sales Director<\/p>\n<p>C: <a href=\"tel:+1 847 802 2493\">+44 (0) 7786 320 377<\/a><br \/>\nT:\u00a0<a href=\"tel:+ 1 800 329 5571\">+ 44 (0) 1942 710 720<\/a><\/p>\n<p><a href=\"mailto:jason.walker@pyroguard.eu\">jason.walker@pyroguard.eu<\/a><\/p>\n              <\/div>\n              <div>\n                              <\/div>\n            <\/div>\n          <\/div>\n                    <div id=\"greece-cyprus-turkey\" class=\"hidden bg-white border border-orange p-36 rounded-sm shadow w-full\">\n            <h3 class=\"line\">Greece\/Cyprus\/Turkey<\/h3>\n            <div class=\"grid grid-cols-1  gap-36\">\n              <div>\n                <p> <\/p>\n                <p>Barrie Greenall<br \/>\nSales Support Manager<\/p>\n<p>M: <a href=\"tel:+44 (0) 7768 722 056\">+44 (0) 7768 722 056<\/a><br \/>\nT:\u00a0<a href=\"tel:+44 (0) 1942 710 753\">+44 (0) 1942 710 753<\/a><\/p>\n<p><a href=\"mailto:barrie.greenall@pyroguard.eu\">barrie.greenall@pyroguard.eu<\/a><\/p>\n              <\/div>\n              <div>\n                              <\/div>\n            <\/div>\n          <\/div>\n                    <div id=\"poland\" class=\"hidden bg-white border border-orange p-36 rounded-sm shadow w-full\">\n            <h3 class=\"line\">Poland<\/h3>\n            <div class=\"grid grid-cols-1  gap-36\">\n              <div>\n                <p> <\/p>\n                <p>Barrie Greenall<br \/>\nSales Support Manager<\/p>\n<p>M: <a href=\"tel:+44 (0) 7768 722 056\">+44 (0) 7768 722 056<\/a><br \/>\nT:\u00a0<a href=\"tel:+44 (0) 1942 710 753\">+44 (0) 1942 710 753<\/a><\/p>\n<p><a href=\"mailto:barrie.greenall@pyroguard.eu\">barrie.greenall@pyroguard.eu<\/a><\/p>\n              <\/div>\n              <div>\n                              <\/div>\n            <\/div>\n          <\/div>\n                    <div id=\"france\" class=\"hidden bg-white border border-orange p-36 rounded-sm shadow w-full\">\n            <h3 class=\"line\">France<\/h3>\n            <div class=\"grid grid-cols-1  grid-cols-2  gap-36\">\n              <div>\n                <p> Pyroguard France SARL<br \/>\r\nParc d&#8217;activit\u00e9s communautaire n\u00b01<br \/>\r\n145 rue des Roseaux<br \/>\r\n57455 Seingbouse<br \/>\r\nFrance<\/p>\n                <p>T:\u00a0<a href=\"tel:+33 (0)3 87 00 28 10\">+33 (0)3 87 00 28 10<\/a><br \/>\nF:\u00a0<a href=\"tel:+33 (0)3 87 00 28 11\">+33 (0)3 87 00 28 11<\/a><\/p>\n<p><a href=\"http:\/\/www.pyroguard.eu\/fr\">www.pyroguard.eu\/fr<\/a><\/p>\n              <\/div>\n              <div>\n                <p><b>Siret:<\/b><br \/>\n789 414 315 00018<\/p>\n<p><b>N\u00b0 TVA:<\/b><br \/>\nFR 82 789414315<\/p>\n              <\/div>\n            <\/div>\n          <\/div>\n                    <div id=\"spain-portugal\" class=\"hidden bg-white border border-orange p-36 rounded-sm shadow w-full\">\n            <h3 class=\"line\">Spain &#038; Portugal<\/h3>\n            <div class=\"grid grid-cols-1  gap-36\">\n              <div>\n                <p> Pyroguard Iberia<br \/>\r\nBahia Space &#8211; C\/ Bah\u00eda de Pollensa<br \/>\r\n5 28042 &#8211; Madrid &#8211; Spain<\/p>\n                <p>Ricardo Oliveira<br \/>\nSales Director Iberia<\/p>\n<p>T:\u00a0<a href=\"tel:+351 912 738 503\">+351 912 738 503<\/a><\/p>\n<p><a href=\"mailto:ricardo.oliveira@pyroguard.eu\">ricardo.oliveira@pyroguard.eu<\/a><\/p>\n              <\/div>\n              <div>\n                              <\/div>\n            <\/div>\n          <\/div>\n                    <div id=\"india\" class=\"hidden bg-white border border-orange p-36 rounded-sm shadow w-full\">\n            <h3 class=\"line\">India<\/h3>\n            <div class=\"grid grid-cols-1  gap-36\">\n              <div>\n                <p> Pyroguard India<br \/>\r\nLevel 4, A-wing, Dynasty Business Park <br \/>\r\nAndheri Kurla Road, Andheri East<br \/>\r\nMumbai , Maharashtra-400059<br \/>\r\n<\/p>\n                <p>Ritesh P. Chhadwa<br \/>\nSales Manager \u2013 India<br \/>\nT: <a href=\"tel:+91 982 080 9978\">+91 982 080 9978<\/a><br \/>\n<a href=\"mailto:ritesh.chhadwa@pyroguard.eu\">ritesh.chhadwa@pyroguard.eu<\/a><\/p>\n<p>Nitin Mishra<br \/>\nSales Representative &#8211; North<br \/>\nT: <a href=\"tel:+91 999 033 0444\">+91 999 033 0444<\/a><br \/>\n<a href=\"mailto:nitin.mishra@pyroguard.eu\">nitin.mishra@pyroguard.eu<\/a><\/p>\n<p>Kiran Kumar Joteppa<br \/>\nSales Representative &#8211; South<br \/>\nT: <a href=\"tel:+91 888 088 0678\">+91 888 088 0678<\/a><br \/>\n<a href=\"mailto:kirankumar.joteppa@pyroguard.eu\">kirankumar.joteppa@pyroguard.eu<\/a><\/p>\n              <\/div>\n              <div>\n                              <\/div>\n            <\/div>\n          <\/div>\n                    <div id=\"scandinavia\" class=\"hidden bg-white border border-orange p-36 rounded-sm shadow w-full\">\n            <h3 class=\"line\">Scandinavia<\/h3>\n            <div class=\"grid grid-cols-1  gap-36\">\n              <div>\n                <p> <\/p>\n                <p>Steve Goodburn<br \/>\nSales Director<\/p>\n<p>T:\u00a0<a href=\"tel:+44 (0)7920 452 389\">+44 (0)7920 452 389<\/a><\/p>\n<p><a href=\"mailto:steve.goodburn@pyroguard.eu\">steve.goodburn@pyroguard.eu<\/a><\/p>\n              <\/div>\n              <div>\n                              <\/div>\n            <\/div>\n          <\/div>\n                  <\/div>\n      <\/div>\n      <div class=\"\">\n        <div class=\"w-full\">\n          <div class=\"aspect-h-1 aspect-w-1 block relative\">\n            <div id=\"officeLocations\" class=\"earth-container earth-js absolute top left w-full h-full\"><\/div>\n          <\/div>\n        <\/div>\n      <\/div>\n    <\/div>\n  <\/div>\n<\/section>\n\n\n<section data-block_61014447bdabd class=\"form-with-text align py-120\" id=\"contact-form\">\n  <div class=\"container\">\n    <h2>\u00bfListo para empezar?<\/h2>\n    <div class=\"grid grid-cols-1 1024:grid-cols-2 gap-54\">\n      <div>\n        <p>Cont\u00e1ctenos para m\u00e1s informaci\u00f3n o para hablar de su pr\u00f3ximo proyecto.<\/p>\n<h5>You\u2019re in safe hands.<\/h5>\n        <span class=\"block h-3 bg-orange w-160\"><\/span>\n        <p>E: <a href=\"mailto:info@pyroguard.eu\">info@pyroguard.eu<\/a><\/p>\n        <p>T: <a href=\"tel:+34917378212\">+34 917378212<\/a><\/p>\n      <\/div>\n      <div>\n\n                              <iframe loading=\"lazy\" src=\"https:\/\/www2.pyroguard.eu\/l\/64652\/2021-12-17\/h9ykbl\" width=\"100%\" height=\"710\" type=\"text\/html\" frameborder=\"0\" allowTransparency=\"true\" style=\"border: 0\"><\/iframe>                  \n      <\/div>\n    <\/div>\n  <\/div>\n<\/section>\n","protected":false},"excerpt":{"rendered":"","protected":false},"author":1,"featured_media":0,"parent":0,"menu_order":0,"comment_status":"closed","ping_status":"closed","template":"","meta":{"_acf_changed":false,"footnotes":""},"class_list":["post-17968","page","type-page","status-publish","hentry"],"acf":[],"yoast_head":"<!-- This site is optimized with the Yoast SEO plugin v27.3 - https:\/\/yoast.com\/product\/yoast-seo-wordpress\/ -->\n<title>Contacte con nuestros expertos en vidrio contra incendios - Pyroguard<\/title>\n<meta name=\"description\" content=\"P\u00f3ngase en contacto con nuestros expertos en vidrio para incendios para obtener m\u00e1s informaci\u00f3n o asesoramiento sobre nuestros productos de vidrio para incendios.\" \/>\n<meta name=\"robots\" content=\"index, follow, max-snippet:-1, max-image-preview:large, max-video-preview:-1\" \/>\n<link rel=\"canonical\" href=\"https:\/\/www.pyroguard.eu\/es\/contactenos\/\" \/>\n<meta property=\"og:locale\" content=\"es_ES\" \/>\n<meta property=\"og:type\" content=\"article\" \/>\n<meta property=\"og:title\" content=\"Contacte con nuestros expertos en vidrio contra incendios - Pyroguard\" \/>\n<meta property=\"og:description\" content=\"P\u00f3ngase en contacto con nuestros expertos en vidrio para incendios para obtener m\u00e1s informaci\u00f3n o asesoramiento sobre nuestros productos de vidrio para incendios.\" \/>\n<meta property=\"og:url\" content=\"https:\/\/www.pyroguard.eu\/es\/contactenos\/\" \/>\n<meta property=\"og:site_name\" content=\"Pyroguard\" \/>\n<meta property=\"article:modified_time\" content=\"2022-07-28T10:51:43+00:00\" \/>\n<meta name=\"twitter:card\" content=\"summary_large_image\" \/>\n<script type=\"application\/ld+json\" class=\"yoast-schema-graph\">{\"@context\":\"https:\\\/\\\/schema.org\",\"@graph\":[{\"@type\":\"WebPage\",\"@id\":\"https:\\\/\\\/www.pyroguard.eu\\\/es\\\/contactenos\\\/\",\"url\":\"https:\\\/\\\/www.pyroguard.eu\\\/es\\\/contactenos\\\/\",\"name\":\"Contacte con nuestros expertos en vidrio contra incendios - Pyroguard\",\"isPartOf\":{\"@id\":\"https:\\\/\\\/www.pyroguard.eu\\\/es\\\/#website\"},\"datePublished\":\"2021-07-28T10:10:15+00:00\",\"dateModified\":\"2022-07-28T10:51:43+00:00\",\"description\":\"P\u00f3ngase en contacto con nuestros expertos en vidrio para incendios para obtener m\u00e1s informaci\u00f3n o asesoramiento sobre nuestros productos de vidrio para incendios.\",\"breadcrumb\":{\"@id\":\"https:\\\/\\\/www.pyroguard.eu\\\/es\\\/contactenos\\\/#breadcrumb\"},\"inLanguage\":\"es-ES\",\"potentialAction\":[{\"@type\":\"ReadAction\",\"target\":[\"https:\\\/\\\/www.pyroguard.eu\\\/es\\\/contactenos\\\/\"]}]},{\"@type\":\"BreadcrumbList\",\"@id\":\"https:\\\/\\\/www.pyroguard.eu\\\/es\\\/contactenos\\\/#breadcrumb\",\"itemListElement\":[{\"@type\":\"ListItem\",\"position\":1,\"name\":\"Home\",\"item\":\"https:\\\/\\\/www.pyroguard.eu\\\/es\\\/\"},{\"@type\":\"ListItem\",\"position\":2,\"name\":\"Cont\u00e1ctenos\"}]},{\"@type\":\"WebSite\",\"@id\":\"https:\\\/\\\/www.pyroguard.eu\\\/es\\\/#website\",\"url\":\"https:\\\/\\\/www.pyroguard.eu\\\/es\\\/\",\"name\":\"Pyroguard\",\"description\":\"You&#039;re in safe hands\",\"publisher\":{\"@id\":\"https:\\\/\\\/www.pyroguard.eu\\\/es\\\/#organization\"},\"potentialAction\":[{\"@type\":\"SearchAction\",\"target\":{\"@type\":\"EntryPoint\",\"urlTemplate\":\"https:\\\/\\\/www.pyroguard.eu\\\/es\\\/?s={search_term_string}\"},\"query-input\":{\"@type\":\"PropertyValueSpecification\",\"valueRequired\":true,\"valueName\":\"search_term_string\"}}],\"inLanguage\":\"es-ES\"},{\"@type\":\"Organization\",\"@id\":\"https:\\\/\\\/www.pyroguard.eu\\\/es\\\/#organization\",\"name\":\"Pyroguard\",\"url\":\"https:\\\/\\\/www.pyroguard.eu\\\/es\\\/\",\"logo\":{\"@type\":\"ImageObject\",\"inLanguage\":\"es-ES\",\"@id\":\"https:\\\/\\\/www.pyroguard.eu\\\/es\\\/#\\\/schema\\\/logo\\\/image\\\/\",\"url\":\"https:\\\/\\\/www.pyroguard.eu\\\/app\\\/uploads\\\/2026\\\/02\\\/Screenshot-2026-02-04-113420.png\",\"contentUrl\":\"https:\\\/\\\/www.pyroguard.eu\\\/app\\\/uploads\\\/2026\\\/02\\\/Screenshot-2026-02-04-113420.png\",\"width\":1876,\"height\":482,\"caption\":\"Pyroguard\"},\"image\":{\"@id\":\"https:\\\/\\\/www.pyroguard.eu\\\/es\\\/#\\\/schema\\\/logo\\\/image\\\/\"}}]}<\/script>\n<!-- \/ Yoast SEO plugin. -->","yoast_head_json":{"title":"Contacte con nuestros expertos en vidrio contra incendios - Pyroguard","description":"P\u00f3ngase en contacto con nuestros expertos en vidrio para incendios para obtener m\u00e1s informaci\u00f3n o asesoramiento sobre nuestros productos de vidrio para incendios.","robots":{"index":"index","follow":"follow","max-snippet":"max-snippet:-1","max-image-preview":"max-image-preview:large","max-video-preview":"max-video-preview:-1"},"canonical":"https:\/\/www.pyroguard.eu\/es\/contactenos\/","og_locale":"es_ES","og_type":"article","og_title":"Contacte con nuestros expertos en vidrio contra incendios - Pyroguard","og_description":"P\u00f3ngase en contacto con nuestros expertos en vidrio para incendios para obtener m\u00e1s informaci\u00f3n o asesoramiento sobre nuestros productos de vidrio para incendios.","og_url":"https:\/\/www.pyroguard.eu\/es\/contactenos\/","og_site_name":"Pyroguard","article_modified_time":"2022-07-28T10:51:43+00:00","twitter_card":"summary_large_image","schema":{"@context":"https:\/\/schema.org","@graph":[{"@type":"WebPage","@id":"https:\/\/www.pyroguard.eu\/es\/contactenos\/","url":"https:\/\/www.pyroguard.eu\/es\/contactenos\/","name":"Contacte con nuestros expertos en vidrio contra incendios - Pyroguard","isPartOf":{"@id":"https:\/\/www.pyroguard.eu\/es\/#website"},"datePublished":"2021-07-28T10:10:15+00:00","dateModified":"2022-07-28T10:51:43+00:00","description":"P\u00f3ngase en contacto con nuestros expertos en vidrio para incendios para obtener m\u00e1s informaci\u00f3n o asesoramiento sobre nuestros productos de vidrio para incendios.","breadcrumb":{"@id":"https:\/\/www.pyroguard.eu\/es\/contactenos\/#breadcrumb"},"inLanguage":"es-ES","potentialAction":[{"@type":"ReadAction","target":["https:\/\/www.pyroguard.eu\/es\/contactenos\/"]}]},{"@type":"BreadcrumbList","@id":"https:\/\/www.pyroguard.eu\/es\/contactenos\/#breadcrumb","itemListElement":[{"@type":"ListItem","position":1,"name":"Home","item":"https:\/\/www.pyroguard.eu\/es\/"},{"@type":"ListItem","position":2,"name":"Cont\u00e1ctenos"}]},{"@type":"WebSite","@id":"https:\/\/www.pyroguard.eu\/es\/#website","url":"https:\/\/www.pyroguard.eu\/es\/","name":"Pyroguard","description":"You&#039;re in safe hands","publisher":{"@id":"https:\/\/www.pyroguard.eu\/es\/#organization"},"potentialAction":[{"@type":"SearchAction","target":{"@type":"EntryPoint","urlTemplate":"https:\/\/www.pyroguard.eu\/es\/?s={search_term_string}"},"query-input":{"@type":"PropertyValueSpecification","valueRequired":true,"valueName":"search_term_string"}}],"inLanguage":"es-ES"},{"@type":"Organization","@id":"https:\/\/www.pyroguard.eu\/es\/#organization","name":"Pyroguard","url":"https:\/\/www.pyroguard.eu\/es\/","logo":{"@type":"ImageObject","inLanguage":"es-ES","@id":"https:\/\/www.pyroguard.eu\/es\/#\/schema\/logo\/image\/","url":"https:\/\/www.pyroguard.eu\/app\/uploads\/2026\/02\/Screenshot-2026-02-04-113420.png","contentUrl":"https:\/\/www.pyroguard.eu\/app\/uploads\/2026\/02\/Screenshot-2026-02-04-113420.png","width":1876,"height":482,"caption":"Pyroguard"},"image":{"@id":"https:\/\/www.pyroguard.eu\/es\/#\/schema\/logo\/image\/"}}]}},"_links":{"self":[{"href":"https:\/\/www.pyroguard.eu\/es\/wp-json\/wp\/v2\/pages\/17968","targetHints":{"allow":["GET"]}}],"collection":[{"href":"https:\/\/www.pyroguard.eu\/es\/wp-json\/wp\/v2\/pages"}],"about":[{"href":"https:\/\/www.pyroguard.eu\/es\/wp-json\/wp\/v2\/types\/page"}],"author":[{"embeddable":true,"href":"https:\/\/www.pyroguard.eu\/es\/wp-json\/wp\/v2\/users\/1"}],"replies":[{"embeddable":true,"href":"https:\/\/www.pyroguard.eu\/es\/wp-json\/wp\/v2\/comments?post=17968"}],"version-history":[{"count":5,"href":"https:\/\/www.pyroguard.eu\/es\/wp-json\/wp\/v2\/pages\/17968\/revisions"}],"predecessor-version":[{"id":31562,"href":"https:\/\/www.pyroguard.eu\/es\/wp-json\/wp\/v2\/pages\/17968\/revisions\/31562"}],"wp:attachment":[{"href":"https:\/\/www.pyroguard.eu\/es\/wp-json\/wp\/v2\/media?parent=17968"}],"curies":[{"name":"wp","href":"https:\/\/api.w.org\/{rel}","templated":true}]}}