{"id":17963,"date":"2021-07-28T18:13:07","date_gmt":"2021-07-28T17:13:07","guid":{"rendered":"https:\/\/www.pyroguard.eu\/the-newsroom\/"},"modified":"2023-09-14T16:56:17","modified_gmt":"2023-09-14T15:56:17","slug":"the-newsroom","status":"publish","type":"page","link":"https:\/\/www.pyroguard.eu\/es\/the-newsroom\/","title":{"rendered":"Sala de prensa"},"content":{"rendered":"<section data-block_61019de59d080 class=\"news-listing align py-120 first:pt-0\" data-multiplier=\"1\">\n  <div class=\"container\">\n\n    <div id=\"downloadList\" class=\"grid w-full grid-cols-1 gap-x-54 gap-y-81 1024:grid-cols-3\">\n            <div class=\"news all\">\n        <div class=\"w-full h-240\">\n          <img loading=\"lazy\" decoding=\"async\" width=\"656\" height=\"621\" src=\"https:\/\/www.pyroguard.eu\/app\/uploads\/2024\/10\/LR-9-2.jpg\" class=\"block object-cover h-full w-full rounded-sm shadow wp-post-image\" alt=\"TRIBE Hotel, Manchester\" srcset=\"https:\/\/www.pyroguard.eu\/app\/uploads\/2024\/10\/LR-9-2.jpg 656w, https:\/\/www.pyroguard.eu\/app\/uploads\/2024\/10\/LR-9-2-300x284.jpg 300w\" sizes=\"auto, (max-width: 656px) 100vw, 656px\" \/>        <\/div>\n        <h3 class=\"mt-36\">C\u00f3mo el vidrio de seguridad contra incendios moderno aporta equilibrio entre funcionalidad y dise\u00f1o en los espacios hoteleros actuales<\/h3>\n        <a href=\"https:\/\/www.pyroguard.eu\/es\/noticias\/como-el-vidrio-de-seguridad-contra-incendios-moderno-aporta-equilibrio-entre-funcionalidad-y-diseno-en-los-espacios-hoteleros-actuales\/\" class=\"button\" title=\"C\u00f3mo el vidrio de seguridad contra incendios moderno aporta equilibrio entre funcionalidad y dise\u00f1o en los espacios hoteleros actuales\">LEER M\u00c1S<\/a>\n      <\/div>\n            <div class=\"news all\">\n        <div class=\"w-full h-240\">\n          <img loading=\"lazy\" decoding=\"async\" width=\"1024\" height=\"576\" src=\"https:\/\/www.pyroguard.eu\/app\/uploads\/2021\/08\/HEALTHCARE-1-1024x576.jpg\" class=\"block object-cover h-full w-full rounded-sm shadow wp-post-image\" alt=\"Fire Glass for Healthcare\" srcset=\"https:\/\/www.pyroguard.eu\/app\/uploads\/2021\/08\/HEALTHCARE-1-1024x576.jpg 1024w, https:\/\/www.pyroguard.eu\/app\/uploads\/2021\/08\/HEALTHCARE-1-300x169.jpg 300w, https:\/\/www.pyroguard.eu\/app\/uploads\/2021\/08\/HEALTHCARE-1-768x432.jpg 768w, https:\/\/www.pyroguard.eu\/app\/uploads\/2021\/08\/HEALTHCARE-1-1536x864.jpg 1536w, https:\/\/www.pyroguard.eu\/app\/uploads\/2021\/08\/HEALTHCARE-1.jpg 1920w\" sizes=\"auto, (max-width: 1024px) 100vw, 1024px\" \/>        <\/div>\n        <h3 class=\"mt-36\">C\u00f3mo los entornos de atenci\u00f3n m\u00e9dica moderna se benefician de los avances en acristalamiento, mejorando tanto el bienestar de los pacientes como el dise\u00f1o de los espacios<\/h3>\n        <a href=\"https:\/\/www.pyroguard.eu\/es\/noticias\/como-los-entornos-de-atencion-medica-moderna-se-benefician-de-los-avances-en-acristalamiento-mejorando-tanto-el-bienestar-de-los-pacientes-como-el-diseno-de-los-espacios\/\" class=\"button\" title=\"C\u00f3mo los entornos de atenci\u00f3n m\u00e9dica moderna se benefician de los avances en acristalamiento, mejorando tanto el bienestar de los pacientes como el dise\u00f1o de los espacios\">LEER M\u00c1S<\/a>\n      <\/div>\n            <div class=\"news all\">\n        <div class=\"w-full h-240\">\n          <img loading=\"lazy\" decoding=\"async\" width=\"1024\" height=\"536\" src=\"https:\/\/www.pyroguard.eu\/app\/uploads\/2025\/06\/Untitled-design-65-1024x536.png\" class=\"block object-cover h-full w-full rounded-sm shadow wp-post-image\" alt=\"Pyroguard - A Saverto Company\" srcset=\"https:\/\/www.pyroguard.eu\/app\/uploads\/2025\/06\/Untitled-design-65-1024x536.png 1024w, https:\/\/www.pyroguard.eu\/app\/uploads\/2025\/06\/Untitled-design-65-300x157.png 300w, https:\/\/www.pyroguard.eu\/app\/uploads\/2025\/06\/Untitled-design-65-768x402.png 768w, https:\/\/www.pyroguard.eu\/app\/uploads\/2025\/06\/Untitled-design-65.png 1200w\" sizes=\"auto, (max-width: 1024px) 100vw, 1024px\" \/>        <\/div>\n        <h3 class=\"mt-36\">Pyroguard se une a la nueva marca paraguas Saverto: svt Group reajusta su estrategia de marca internacional<\/h3>\n        <a href=\"https:\/\/www.pyroguard.eu\/es\/noticias\/pyroguard-se-une-a-la-nueva-marca-paraguas-saverto-svt-group-reajusta-su-estrategia-de-marca-internacional\/\" class=\"button\" title=\"Pyroguard se une a la nueva marca paraguas Saverto: svt Group reajusta su estrategia de marca internacional\">LEER M\u00c1S<\/a>\n      <\/div>\n            <div class=\"news all\">\n        <div class=\"w-full h-240\">\n          <img loading=\"lazy\" decoding=\"async\" width=\"1024\" height=\"536\" src=\"https:\/\/www.pyroguard.eu\/app\/uploads\/2025\/04\/TechLibrary-PR-1200-x-628-px-1-1024x536.png\" class=\"block object-cover h-full w-full rounded-sm shadow wp-post-image\" alt=\"NEW! Pyroguard TechLibrary\" srcset=\"https:\/\/www.pyroguard.eu\/app\/uploads\/2025\/04\/TechLibrary-PR-1200-x-628-px-1-1024x536.png 1024w, https:\/\/www.pyroguard.eu\/app\/uploads\/2025\/04\/TechLibrary-PR-1200-x-628-px-1-300x157.png 300w, https:\/\/www.pyroguard.eu\/app\/uploads\/2025\/04\/TechLibrary-PR-1200-x-628-px-1-768x402.png 768w, https:\/\/www.pyroguard.eu\/app\/uploads\/2025\/04\/TechLibrary-PR-1200-x-628-px-1.png 1200w\" sizes=\"auto, (max-width: 1024px) 100vw, 1024px\" \/>        <\/div>\n        <h3 class=\"mt-36\">Pyroguard presenta la TechLibrary<\/h3>\n        <a href=\"https:\/\/www.pyroguard.eu\/es\/noticias\/pyroguard-presenta-la-techlibrary\/\" class=\"button\" title=\"Pyroguard presenta la TechLibrary\">LEER M\u00c1S<\/a>\n      <\/div>\n            <div class=\"news all\">\n        <div class=\"w-full h-240\">\n          <img loading=\"lazy\" decoding=\"async\" width=\"1024\" height=\"527\" src=\"https:\/\/www.pyroguard.eu\/app\/uploads\/2021\/07\/oxford-academy-glazed-fire-doors-1400x720-1-1400x720-2-1024x527.jpeg\" class=\"block object-cover h-full w-full rounded-sm shadow wp-post-image\" alt=\"Oxford Academy Glazed Fire Doors\" srcset=\"https:\/\/www.pyroguard.eu\/app\/uploads\/2021\/07\/oxford-academy-glazed-fire-doors-1400x720-1-1400x720-2-1024x527.jpeg 1024w, https:\/\/www.pyroguard.eu\/app\/uploads\/2021\/07\/oxford-academy-glazed-fire-doors-1400x720-1-1400x720-2-300x154.jpeg 300w, https:\/\/www.pyroguard.eu\/app\/uploads\/2021\/07\/oxford-academy-glazed-fire-doors-1400x720-1-1400x720-2-768x395.jpeg 768w, https:\/\/www.pyroguard.eu\/app\/uploads\/2021\/07\/oxford-academy-glazed-fire-doors-1400x720-1-1400x720-2.jpeg 1400w\" sizes=\"auto, (max-width: 1024px) 100vw, 1024px\" \/>        <\/div>\n        <h3 class=\"mt-36\">Puertas cortafuegos: m\u00e1s de lo que parece<\/h3>\n        <a href=\"https:\/\/www.pyroguard.eu\/es\/noticias\/puertas-cortafuegos-mas-de-lo-que-parece\/\" class=\"button\" title=\"Puertas cortafuegos: m\u00e1s de lo que parece\">LEER M\u00c1S<\/a>\n      <\/div>\n            <div class=\"news all\">\n        <div class=\"w-full h-240\">\n          <img loading=\"lazy\" decoding=\"async\" width=\"1024\" height=\"683\" src=\"https:\/\/www.pyroguard.eu\/app\/uploads\/2024\/05\/GLA-240306-9663-1024x683.jpg\" class=\"block object-cover h-full w-full rounded-sm shadow wp-post-image\" alt=\"GLA-240306-9663\" srcset=\"https:\/\/www.pyroguard.eu\/app\/uploads\/2024\/05\/GLA-240306-9663-1024x683.jpg 1024w, https:\/\/www.pyroguard.eu\/app\/uploads\/2024\/05\/GLA-240306-9663-300x200.jpg 300w, https:\/\/www.pyroguard.eu\/app\/uploads\/2024\/05\/GLA-240306-9663-768x512.jpg 768w, https:\/\/www.pyroguard.eu\/app\/uploads\/2024\/05\/GLA-240306-9663-1536x1025.jpg 1536w, https:\/\/www.pyroguard.eu\/app\/uploads\/2024\/05\/GLA-240306-9663-2048x1366.jpg 2048w\" sizes=\"auto, (max-width: 1024px) 100vw, 1024px\" \/>        <\/div>\n        <h3 class=\"mt-36\">M\u00e1s all\u00e1 de la seguridad contra incendios: el papel del vidrio de seguridad contra incendios en el dise\u00f1o de los aeropuertos modernos<\/h3>\n        <a href=\"https:\/\/www.pyroguard.eu\/es\/noticias\/mas-alla-de-la-seguridad-contra-incendios-el-papel-del-vidrio-de-seguridad-contra-incendios-en-el-diseno-de-los-aeropuertos-modernos\/\" class=\"button\" title=\"M\u00e1s all\u00e1 de la seguridad contra incendios: el papel del vidrio de seguridad contra incendios en el dise\u00f1o de los aeropuertos modernos\">LEER M\u00c1S<\/a>\n      <\/div>\n            <div class=\"news all\">\n        <div class=\"w-full h-240\">\n          <img loading=\"lazy\" decoding=\"async\" width=\"1024\" height=\"536\" src=\"https:\/\/www.pyroguard.eu\/app\/uploads\/2024\/10\/Testing-1200-x-628px-1024x536.png\" class=\"block object-cover h-full w-full rounded-sm shadow wp-post-image\" alt=\"Testing Beyond Fire Resistance\" srcset=\"https:\/\/www.pyroguard.eu\/app\/uploads\/2024\/10\/Testing-1200-x-628px-1024x536.png 1024w, https:\/\/www.pyroguard.eu\/app\/uploads\/2024\/10\/Testing-1200-x-628px-300x157.png 300w, https:\/\/www.pyroguard.eu\/app\/uploads\/2024\/10\/Testing-1200-x-628px-768x402.png 768w, https:\/\/www.pyroguard.eu\/app\/uploads\/2024\/10\/Testing-1200-x-628px.png 1200w\" sizes=\"auto, (max-width: 1024px) 100vw, 1024px\" \/>        <\/div>\n        <h3 class=\"mt-36\">Pruebas m\u00e1s all\u00e1 de la resistencia al fuego<\/h3>\n        <a href=\"https:\/\/www.pyroguard.eu\/es\/noticias\/pruebas-mas-alla-de-la-resistencia-al-fuego\/\" class=\"button\" title=\"Pruebas m\u00e1s all\u00e1 de la resistencia al fuego\">LEER M\u00c1S<\/a>\n      <\/div>\n            <div class=\"news all\">\n        <div class=\"w-full h-240\">\n          <img loading=\"lazy\" decoding=\"async\" width=\"1024\" height=\"536\" src=\"https:\/\/www.pyroguard.eu\/app\/uploads\/2024\/10\/IGU-1-1024x536.png\" class=\"block object-cover h-full w-full rounded-sm shadow wp-post-image\" alt=\"Pyroguard expands in-house capabilities with new IGU production line\" srcset=\"https:\/\/www.pyroguard.eu\/app\/uploads\/2024\/10\/IGU-1-1024x536.png 1024w, https:\/\/www.pyroguard.eu\/app\/uploads\/2024\/10\/IGU-1-300x157.png 300w, https:\/\/www.pyroguard.eu\/app\/uploads\/2024\/10\/IGU-1-768x402.png 768w, https:\/\/www.pyroguard.eu\/app\/uploads\/2024\/10\/IGU-1.png 1200w\" sizes=\"auto, (max-width: 1024px) 100vw, 1024px\" \/>        <\/div>\n        <h3 class=\"mt-36\">Pyroguard ampl\u00eda sus capacidades internas con una nueva l\u00ednea de producci\u00f3n de unidades IGU<\/h3>\n        <a href=\"https:\/\/www.pyroguard.eu\/es\/noticias\/pyroguard-amplia-sus-capacidades-internas-con-una-nueva-linea-de-produccion-de-unidades-igu\/\" class=\"button\" title=\"Pyroguard ampl\u00eda sus capacidades internas con una nueva l\u00ednea de producci\u00f3n de unidades IGU\">LEER M\u00c1S<\/a>\n      <\/div>\n            <div class=\"news all\">\n        <div class=\"w-full h-240\">\n          <img loading=\"lazy\" decoding=\"async\" width=\"1024\" height=\"683\" src=\"https:\/\/www.pyroguard.eu\/app\/uploads\/2024\/06\/PYR_3195-Tech-Brochure-Mock-Up-JUN24-B1-1024x683.jpg\" class=\"block object-cover h-full w-full rounded-sm shadow wp-post-image\" alt=\"Tech brochure 2024\" srcset=\"https:\/\/www.pyroguard.eu\/app\/uploads\/2024\/06\/PYR_3195-Tech-Brochure-Mock-Up-JUN24-B1-1024x683.jpg 1024w, https:\/\/www.pyroguard.eu\/app\/uploads\/2024\/06\/PYR_3195-Tech-Brochure-Mock-Up-JUN24-B1-300x200.jpg 300w, https:\/\/www.pyroguard.eu\/app\/uploads\/2024\/06\/PYR_3195-Tech-Brochure-Mock-Up-JUN24-B1-768x512.jpg 768w, https:\/\/www.pyroguard.eu\/app\/uploads\/2024\/06\/PYR_3195-Tech-Brochure-Mock-Up-JUN24-B1-1536x1024.jpg 1536w, https:\/\/www.pyroguard.eu\/app\/uploads\/2024\/06\/PYR_3195-Tech-Brochure-Mock-Up-JUN24-B1-2048x1365.jpg 2048w\" sizes=\"auto, (max-width: 1024px) 100vw, 1024px\" \/>        <\/div>\n        <h3 class=\"mt-36\">Pyroguard presenta su folleto T\u00e9cnico 2024<\/h3>\n        <a href=\"https:\/\/www.pyroguard.eu\/es\/noticias\/pyroguard-presenta-su-folleto-tecnico-2024\/\" class=\"button\" title=\"Pyroguard presenta su folleto T\u00e9cnico 2024\">LEER M\u00c1S<\/a>\n      <\/div>\n            <div class=\"news all\">\n        <div class=\"w-full h-240\">\n          <img loading=\"lazy\" decoding=\"async\" width=\"1024\" height=\"576\" src=\"https:\/\/www.pyroguard.eu\/app\/uploads\/2024\/02\/Copy-of-Pyroguard-Schuco-7-1024x576.png\" class=\"block object-cover h-full w-full rounded-sm shadow wp-post-image\" alt=\"Pyroguard and Sch\u00fcco\" srcset=\"https:\/\/www.pyroguard.eu\/app\/uploads\/2024\/02\/Copy-of-Pyroguard-Schuco-7-1024x576.png 1024w, https:\/\/www.pyroguard.eu\/app\/uploads\/2024\/02\/Copy-of-Pyroguard-Schuco-7-300x169.png 300w, https:\/\/www.pyroguard.eu\/app\/uploads\/2024\/02\/Copy-of-Pyroguard-Schuco-7-768x432.png 768w, https:\/\/www.pyroguard.eu\/app\/uploads\/2024\/02\/Copy-of-Pyroguard-Schuco-7.png 1200w\" sizes=\"auto, (max-width: 1024px) 100vw, 1024px\" \/>        <\/div>\n        <h3 class=\"mt-36\">Ampliando horizontes, con pyroguard y el programa de ensayos de aluminio de sch\u00fcco<\/h3>\n        <a href=\"https:\/\/www.pyroguard.eu\/es\/noticias\/ampliando-horizontes-con-pyroguard-y-el-programa-de-ensayos-de-aluminio-de-schuco\/\" class=\"button\" title=\"Ampliando horizontes, con pyroguard y el programa de ensayos de aluminio de sch\u00fcco\">LEER M\u00c1S<\/a>\n      <\/div>\n            <div class=\"news all\">\n        <div class=\"w-full h-240\">\n          <img loading=\"lazy\" decoding=\"async\" width=\"768\" height=\"1024\" src=\"https:\/\/www.pyroguard.eu\/app\/uploads\/2024\/01\/Pyroguard_fire-test-2-768x1024.jpg\" class=\"block object-cover h-full w-full rounded-sm shadow wp-post-image\" alt=\"Going behind the scenes of a fire safety glass test\" srcset=\"https:\/\/www.pyroguard.eu\/app\/uploads\/2024\/01\/Pyroguard_fire-test-2-768x1024.jpg 768w, https:\/\/www.pyroguard.eu\/app\/uploads\/2024\/01\/Pyroguard_fire-test-2-225x300.jpg 225w, https:\/\/www.pyroguard.eu\/app\/uploads\/2024\/01\/Pyroguard_fire-test-2-1152x1536.jpg 1152w, https:\/\/www.pyroguard.eu\/app\/uploads\/2024\/01\/Pyroguard_fire-test-2-1536x2048.jpg 1536w, https:\/\/www.pyroguard.eu\/app\/uploads\/2024\/01\/Pyroguard_fire-test-2-scaled.jpg 1920w\" sizes=\"auto, (max-width: 768px) 100vw, 768px\" \/>        <\/div>\n        <h3 class=\"mt-36\">Entre bastidores de un ensayo de vidrio de seguridad contra incendios<\/h3>\n        <a href=\"https:\/\/www.pyroguard.eu\/es\/noticias\/entre-bastidores-de-un-ensayo-de-vidrio-de-seguridad-contra-incendios-2\/\" class=\"button\" title=\"Entre bastidores de un ensayo de vidrio de seguridad contra incendios\">LEER M\u00c1S<\/a>\n      <\/div>\n            <div class=\"news all\">\n        <div class=\"w-full h-240\">\n          <img loading=\"lazy\" decoding=\"async\" width=\"1024\" height=\"576\" src=\"https:\/\/www.pyroguard.eu\/app\/uploads\/2023\/10\/Mathieu-Joli-Appointment-5-1024x576.png\" class=\"block object-cover h-full w-full rounded-sm shadow wp-post-image\" alt=\"\" srcset=\"https:\/\/www.pyroguard.eu\/app\/uploads\/2023\/10\/Mathieu-Joli-Appointment-5-1024x576.png 1024w, https:\/\/www.pyroguard.eu\/app\/uploads\/2023\/10\/Mathieu-Joli-Appointment-5-300x169.png 300w, https:\/\/www.pyroguard.eu\/app\/uploads\/2023\/10\/Mathieu-Joli-Appointment-5-768x432.png 768w, https:\/\/www.pyroguard.eu\/app\/uploads\/2023\/10\/Mathieu-Joli-Appointment-5-1536x864.png 1536w, https:\/\/www.pyroguard.eu\/app\/uploads\/2023\/10\/Mathieu-Joli-Appointment-5.png 1600w\" sizes=\"auto, (max-width: 1024px) 100vw, 1024px\" \/>        <\/div>\n        <h3 class=\"mt-36\">Pyroguard nombra a un nuevo Director General para liderar una nueva y emocionante fase de crecimiento<\/h3>\n        <a href=\"https:\/\/www.pyroguard.eu\/es\/noticias\/pyroguard-nombra-a-un-neuvo-director-general-para-liderar-una-nueva-y-emocionante-fase-de-crecimiento\/\" class=\"button\" title=\"Pyroguard nombra a un nuevo Director General para liderar una nueva y emocionante fase de crecimiento\">LEER M\u00c1S<\/a>\n      <\/div>\n          <\/div>\n\n  <\/div>\n<\/section>\n\n<section class=\"py-120\">\n  <div class=\"container text-center\">\n    <button id=\"loadmorenews\" class=\"focus:outline-none\">Carga m\u00e1s<\/button>\n  <\/div>\n<\/section>\n\n\n<section data-block_61019e389d082 class=\"form-with-text align py-120\" id=\"contact-form\">\n  <div class=\"container\">\n    <h2>\u00bfListo para empezar?<\/h2>\n    <div class=\"grid grid-cols-1 1024:grid-cols-2 gap-54\">\n      <div>\n        <p><a href=\"https:\/\/www.pyroguard.eu\/es\/contactenos\/\">Cont\u00e1ctenos<\/a> para m\u00e1s informaci\u00f3n o para hablar de su pr\u00f3ximo proyecto.<\/p>\n<h5>You\u2019re in safe hands.<\/h5>\n        <span class=\"block h-3 bg-orange w-160\"><\/span>\n        <p>E: <a href=\"mailto:info@pyroguard.eu\">info@pyroguard.eu<\/a><\/p>\n        <p>T: <a href=\"tel:+34917378212\">+34 917378212<\/a><\/p>\n      <\/div>\n      <div>\n\n                              <iframe loading=\"lazy\" src=\"https:\/\/www2.pyroguard.eu\/l\/64652\/2021-12-17\/h9ykbl\" width=\"100%\" height=\"710\" type=\"text\/html\" frameborder=\"0\" allowTransparency=\"true\" style=\"border: 0\"><\/iframe>                  \n      <\/div>\n    <\/div>\n  <\/div>\n<\/section>\n","protected":false},"excerpt":{"rendered":"","protected":false},"author":1,"featured_media":0,"parent":0,"menu_order":0,"comment_status":"closed","ping_status":"closed","template":"","meta":{"_acf_changed":false,"footnotes":""},"class_list":["post-17963","page","type-page","status-publish","hentry"],"acf":[],"yoast_head":"<!-- This site is optimized with the Yoast SEO plugin v27.3 - https:\/\/yoast.com\/product\/yoast-seo-wordpress\/ -->\n<title>Noticias sobre el vidrio contra incendios - Pyroguard<\/title>\n<meta name=\"description\" content=\"Lea las \u00faltimas noticias sobre el vidrio contra incendios, los resultados de los ensayos y nuevos desarrollos en nuestra sala de prensa de Pyroguard -\" \/>\n<meta name=\"robots\" content=\"index, follow, max-snippet:-1, max-image-preview:large, max-video-preview:-1\" \/>\n<link rel=\"canonical\" href=\"https:\/\/www.pyroguard.eu\/es\/the-newsroom\/\" \/>\n<meta property=\"og:locale\" content=\"es_ES\" \/>\n<meta property=\"og:type\" content=\"article\" \/>\n<meta property=\"og:title\" content=\"Noticias sobre el vidrio contra incendios - Pyroguard\" \/>\n<meta property=\"og:description\" content=\"Lea las \u00faltimas noticias sobre el vidrio contra incendios, los resultados de los ensayos y nuevos desarrollos en nuestra sala de prensa de Pyroguard -\" \/>\n<meta property=\"og:url\" content=\"https:\/\/www.pyroguard.eu\/es\/the-newsroom\/\" \/>\n<meta property=\"og:site_name\" content=\"Pyroguard\" \/>\n<meta property=\"article:modified_time\" content=\"2023-09-14T15:56:17+00:00\" \/>\n<meta name=\"twitter:card\" content=\"summary_large_image\" \/>\n<script type=\"application\/ld+json\" class=\"yoast-schema-graph\">{\"@context\":\"https:\\\/\\\/schema.org\",\"@graph\":[{\"@type\":\"WebPage\",\"@id\":\"https:\\\/\\\/www.pyroguard.eu\\\/es\\\/the-newsroom\\\/\",\"url\":\"https:\\\/\\\/www.pyroguard.eu\\\/es\\\/the-newsroom\\\/\",\"name\":\"Noticias sobre el vidrio contra incendios - Pyroguard\",\"isPartOf\":{\"@id\":\"https:\\\/\\\/www.pyroguard.eu\\\/es\\\/#website\"},\"datePublished\":\"2021-07-28T17:13:07+00:00\",\"dateModified\":\"2023-09-14T15:56:17+00:00\",\"description\":\"Lea las \u00faltimas noticias sobre el vidrio contra incendios, los resultados de los ensayos y nuevos desarrollos en nuestra sala de prensa de Pyroguard -\",\"breadcrumb\":{\"@id\":\"https:\\\/\\\/www.pyroguard.eu\\\/es\\\/the-newsroom\\\/#breadcrumb\"},\"inLanguage\":\"es-ES\",\"potentialAction\":[{\"@type\":\"ReadAction\",\"target\":[\"https:\\\/\\\/www.pyroguard.eu\\\/es\\\/the-newsroom\\\/\"]}]},{\"@type\":\"BreadcrumbList\",\"@id\":\"https:\\\/\\\/www.pyroguard.eu\\\/es\\\/the-newsroom\\\/#breadcrumb\",\"itemListElement\":[{\"@type\":\"ListItem\",\"position\":1,\"name\":\"Home\",\"item\":\"https:\\\/\\\/www.pyroguard.eu\\\/es\\\/\"},{\"@type\":\"ListItem\",\"position\":2,\"name\":\"Sala de prensa\"}]},{\"@type\":\"WebSite\",\"@id\":\"https:\\\/\\\/www.pyroguard.eu\\\/es\\\/#website\",\"url\":\"https:\\\/\\\/www.pyroguard.eu\\\/es\\\/\",\"name\":\"Pyroguard\",\"description\":\"You&#039;re in safe hands\",\"publisher\":{\"@id\":\"https:\\\/\\\/www.pyroguard.eu\\\/es\\\/#organization\"},\"potentialAction\":[{\"@type\":\"SearchAction\",\"target\":{\"@type\":\"EntryPoint\",\"urlTemplate\":\"https:\\\/\\\/www.pyroguard.eu\\\/es\\\/?s={search_term_string}\"},\"query-input\":{\"@type\":\"PropertyValueSpecification\",\"valueRequired\":true,\"valueName\":\"search_term_string\"}}],\"inLanguage\":\"es-ES\"},{\"@type\":\"Organization\",\"@id\":\"https:\\\/\\\/www.pyroguard.eu\\\/es\\\/#organization\",\"name\":\"Pyroguard\",\"url\":\"https:\\\/\\\/www.pyroguard.eu\\\/es\\\/\",\"logo\":{\"@type\":\"ImageObject\",\"inLanguage\":\"es-ES\",\"@id\":\"https:\\\/\\\/www.pyroguard.eu\\\/es\\\/#\\\/schema\\\/logo\\\/image\\\/\",\"url\":\"https:\\\/\\\/www.pyroguard.eu\\\/app\\\/uploads\\\/2026\\\/02\\\/Screenshot-2026-02-04-113420.png\",\"contentUrl\":\"https:\\\/\\\/www.pyroguard.eu\\\/app\\\/uploads\\\/2026\\\/02\\\/Screenshot-2026-02-04-113420.png\",\"width\":1876,\"height\":482,\"caption\":\"Pyroguard\"},\"image\":{\"@id\":\"https:\\\/\\\/www.pyroguard.eu\\\/es\\\/#\\\/schema\\\/logo\\\/image\\\/\"}}]}<\/script>\n<!-- \/ Yoast SEO plugin. -->","yoast_head_json":{"title":"Noticias sobre el vidrio contra incendios - Pyroguard","description":"Lea las \u00faltimas noticias sobre el vidrio contra incendios, los resultados de los ensayos y nuevos desarrollos en nuestra sala de prensa de Pyroguard -","robots":{"index":"index","follow":"follow","max-snippet":"max-snippet:-1","max-image-preview":"max-image-preview:large","max-video-preview":"max-video-preview:-1"},"canonical":"https:\/\/www.pyroguard.eu\/es\/the-newsroom\/","og_locale":"es_ES","og_type":"article","og_title":"Noticias sobre el vidrio contra incendios - Pyroguard","og_description":"Lea las \u00faltimas noticias sobre el vidrio contra incendios, los resultados de los ensayos y nuevos desarrollos en nuestra sala de prensa de Pyroguard -","og_url":"https:\/\/www.pyroguard.eu\/es\/the-newsroom\/","og_site_name":"Pyroguard","article_modified_time":"2023-09-14T15:56:17+00:00","twitter_card":"summary_large_image","schema":{"@context":"https:\/\/schema.org","@graph":[{"@type":"WebPage","@id":"https:\/\/www.pyroguard.eu\/es\/the-newsroom\/","url":"https:\/\/www.pyroguard.eu\/es\/the-newsroom\/","name":"Noticias sobre el vidrio contra incendios - Pyroguard","isPartOf":{"@id":"https:\/\/www.pyroguard.eu\/es\/#website"},"datePublished":"2021-07-28T17:13:07+00:00","dateModified":"2023-09-14T15:56:17+00:00","description":"Lea las \u00faltimas noticias sobre el vidrio contra incendios, los resultados de los ensayos y nuevos desarrollos en nuestra sala de prensa de Pyroguard -","breadcrumb":{"@id":"https:\/\/www.pyroguard.eu\/es\/the-newsroom\/#breadcrumb"},"inLanguage":"es-ES","potentialAction":[{"@type":"ReadAction","target":["https:\/\/www.pyroguard.eu\/es\/the-newsroom\/"]}]},{"@type":"BreadcrumbList","@id":"https:\/\/www.pyroguard.eu\/es\/the-newsroom\/#breadcrumb","itemListElement":[{"@type":"ListItem","position":1,"name":"Home","item":"https:\/\/www.pyroguard.eu\/es\/"},{"@type":"ListItem","position":2,"name":"Sala de prensa"}]},{"@type":"WebSite","@id":"https:\/\/www.pyroguard.eu\/es\/#website","url":"https:\/\/www.pyroguard.eu\/es\/","name":"Pyroguard","description":"You&#039;re in safe hands","publisher":{"@id":"https:\/\/www.pyroguard.eu\/es\/#organization"},"potentialAction":[{"@type":"SearchAction","target":{"@type":"EntryPoint","urlTemplate":"https:\/\/www.pyroguard.eu\/es\/?s={search_term_string}"},"query-input":{"@type":"PropertyValueSpecification","valueRequired":true,"valueName":"search_term_string"}}],"inLanguage":"es-ES"},{"@type":"Organization","@id":"https:\/\/www.pyroguard.eu\/es\/#organization","name":"Pyroguard","url":"https:\/\/www.pyroguard.eu\/es\/","logo":{"@type":"ImageObject","inLanguage":"es-ES","@id":"https:\/\/www.pyroguard.eu\/es\/#\/schema\/logo\/image\/","url":"https:\/\/www.pyroguard.eu\/app\/uploads\/2026\/02\/Screenshot-2026-02-04-113420.png","contentUrl":"https:\/\/www.pyroguard.eu\/app\/uploads\/2026\/02\/Screenshot-2026-02-04-113420.png","width":1876,"height":482,"caption":"Pyroguard"},"image":{"@id":"https:\/\/www.pyroguard.eu\/es\/#\/schema\/logo\/image\/"}}]}},"_links":{"self":[{"href":"https:\/\/www.pyroguard.eu\/es\/wp-json\/wp\/v2\/pages\/17963","targetHints":{"allow":["GET"]}}],"collection":[{"href":"https:\/\/www.pyroguard.eu\/es\/wp-json\/wp\/v2\/pages"}],"about":[{"href":"https:\/\/www.pyroguard.eu\/es\/wp-json\/wp\/v2\/types\/page"}],"author":[{"embeddable":true,"href":"https:\/\/www.pyroguard.eu\/es\/wp-json\/wp\/v2\/users\/1"}],"replies":[{"embeddable":true,"href":"https:\/\/www.pyroguard.eu\/es\/wp-json\/wp\/v2\/comments?post=17963"}],"version-history":[{"count":7,"href":"https:\/\/www.pyroguard.eu\/es\/wp-json\/wp\/v2\/pages\/17963\/revisions"}],"predecessor-version":[{"id":31565,"href":"https:\/\/www.pyroguard.eu\/es\/wp-json\/wp\/v2\/pages\/17963\/revisions\/31565"}],"wp:attachment":[{"href":"https:\/\/www.pyroguard.eu\/es\/wp-json\/wp\/v2\/media?parent=17963"}],"curies":[{"name":"wp","href":"https:\/\/api.w.org\/{rel}","templated":true}]}}