{"id":17942,"date":"2021-08-25T12:53:59","date_gmt":"2021-08-25T11:53:59","guid":{"rendered":"https:\/\/www.pyroguard.eu\/ease-of-processing\/"},"modified":"2022-04-27T09:29:30","modified_gmt":"2022-04-27T08:29:30","slug":"el-desafio-pyroguard","status":"publish","type":"page","link":"https:\/\/www.pyroguard.eu\/es\/el-desafio-pyroguard\/","title":{"rendered":"El desaf\u00edo Pyroguard"},"content":{"rendered":"<section data-block_61263bc7197e6 class=\"image-textbox-link-video align py-120 first:pt-0\">\n  <div class=\"container\">\n    <div class=\"relative grid grid-cols-1 1024:min-h-800 1024:py-81 content-center gap-54 1024:grid-cols-2 \">\n      <div class=\"hidden 1024:block\"><\/div>\n      <div class=\"bg-white shadow p-54 relative z-10 \">\n        <h2>La diferencia Pyroguard Rapide<\/h2>\n<h4 class=\"ease__block--paragraph asterisk__before\">Las investigaciones demuestran que el procesamiento de otras alternativas de vidrio de seguridad cortables con clasificaci\u00f3n cortafuego l\u00edderes le cuesta m\u00e1s tiempo y m\u00e1s dinero.<\/h4>\n                        <a href=\"#\" class=\"button\" id=\"playVideo\">\n          VER V\u00cdDEO        <\/a>\n        <div id=\"videoWrapper\" class=\"hidden\">\n          <div id=\"videoContainer\" class=\"py-120 block invisible bg-black opacity-0 fixed top-0 left-0 z-50 h-screen w-screen overflow-y-scroll transition-all duration-500 bg-opacity-80\">\n            <div class=\"container text-center relative\">\n              <div class=\"aspect-h-9 aspect-w-16\">\n                <iframe loading=\"lazy\" width=\"100%\" height=\"100%\" src=\"https:\/\/www.youtube-nocookie.com\/embed\/3wKnFfWJzHI\" title=\"Reproductor de video de YouTube\" frameborder=\"0\" allow=\"accelerometer; autoplay; clipboard-write; encrypted-media; gyroscope; picture-in-picture\" allowfullscreen><\/iframe>\n              <\/div>\n              <button id=\"closeVideo\" class=\"mt-54\">Cerrar<\/button>\n            <\/div>\n        <\/div>\n        <\/div>\n                                                <div class=\"h-160 absolute block top-full -mt-24 z-20 flex  right-54\">\n          <span class=\"bg-orange block w-3 h-1\/3 mx-0\"><\/span>\n          <span class=\"bg-orange block w-3 h-2\/3 mx-24\"><\/span>\n          <span class=\"bg-orange block w-3 h-full mx-0\"><\/span>\n        <\/div>\n      <\/div>\n\n      <div class=\"relative z-0 top-0 w-full bottom-0 1024:absolute 1024:w-3\/4 aspect-h-1 aspect-w-1 1024:aspect-none  left-0  \">\n\n        <img loading=\"lazy\" decoding=\"async\" width=\"1003\" height=\"850\" src=\"https:\/\/www.pyroguard.eu\/app\/uploads\/2022\/04\/cuttables5.jpg\" class=\"block object-cover h-full w-full\" alt=\"Fire glass being cut\" srcset=\"https:\/\/www.pyroguard.eu\/app\/uploads\/2022\/04\/cuttables5.jpg 1003w, https:\/\/www.pyroguard.eu\/app\/uploads\/2022\/04\/cuttables5-300x254.jpg 300w, https:\/\/www.pyroguard.eu\/app\/uploads\/2022\/04\/cuttables5-768x651.jpg 768w\" sizes=\"auto, (max-width: 1003px) 100vw, 1003px\" \/>\n                        <span id=\"playIcon\" class=\"block w-81 h-81 absolute top-auto left-auto right-54 bottom-54 1024:left-81 1024:right-auto cursor-pointer shadow\">\n          <svg xmlns=\"http:\/\/www.w3.org\/2000\/svg\" xmlns:xlink=\"http:\/\/www.w3.org\/1999\/xlink\" width=\"100%\" height=\"100%\" viewBox=\"0 0 81 81\"><defs><linearGradient id=\"a\" x1=\"0.885\" y1=\"0.105\" x2=\"0.111\" y2=\"0.879\" gradientUnits=\"objectBoundingBox\"><stop offset=\"0\" stop-color=\"#eac528\"\/><stop offset=\"1\" stop-color=\"#ea690b\"\/><\/linearGradient><clipPath id=\"b\"><rect width=\"18\" height=\"36\" transform=\"translate(-18995 -3453)\" fill=\"#fff\" stroke=\"#707070\" stroke-width=\"1\"\/><\/clipPath><\/defs><g transform=\"translate(-176 -1102)\"><g transform=\"translate(176 1102)\" stroke=\"#fff\" stroke-width=\"3\" fill=\"url(#a)\"><rect width=\"81\" height=\"81\" rx=\"3\" stroke=\"none\"\/><rect x=\"1.5\" y=\"1.5\" width=\"78\" height=\"78\" rx=\"1.5\" fill=\"none\"\/><\/g><g transform=\"translate(19203 4578)\" clip-path=\"url(#b)\"><g transform=\"translate(-19013 -3453)\"><path d=\"M0,0H25.412L0,25.412Z\" transform=\"translate(35.938 17.969) rotate(135)\" fill=\"#fff\"\/><\/g><\/g><\/g><\/svg>        <\/span>\n                      <\/div>\n    <\/div>\n  <\/div>\n<\/section>\n\n\n<section data-block_612640e0197ea class=\"brand-strapline align py-120 first:pt-0\">\n  <div class=\"container text-center\">\n    <p class=\"font-bold text-81 gradient bg-clip-text text-transparent\">Ahorre un 30% en sus costes de procesamiento <\/p>\n  <\/div>\n<\/section>\n\n\n<section data-block_61264114197eb class=\"brand-strapline align py-120 first:pt-0\">\n  <div class=\"container text-center\">\n    <p class=\"font-bold text-81 gradient bg-clip-text text-transparent\">4 veces m\u00e1s r\u00e1pido de procesar <\/p>\n  <\/div>\n<\/section>\n\n\n<section data-block_61264117197ec class=\"brand-strapline align py-120 first:pt-0\">\n  <div class=\"container text-center\">\n    <p class=\"font-bold text-81 gradient bg-clip-text text-transparent\">\u00a1No es necesario usar cinta perimetral en los bordes! <\/p>\n  <\/div>\n<\/section>\n\n\n<section data-block_61264055197e9 class=\"two-col-text-only align py-120 first:pt-0\" >\n  <div class=\"container\">\n    <h2><\/h2>\n    <div class=\"grid grid-cols-1 1024:grid-cols-2 gap-54\">\n      <div class=\"pr-54\">\n        <h4>Pyroguard Rapide es una gama de vidrio de seguridad cortable con clasificaci\u00f3n de fuego de alta calidad que proporciona integridad y control del calor radiante durante 30 y 60 minutos. (Clasificaci\u00f3n EW).<\/h4>\n<div class=\"ease__block--wrapper\">\n<h4>Si ya est\u00e1 utilizando Pyroguard Rapide como su vidrio cortable con clasificaci\u00f3n de resistencia al fuego de elecci\u00f3n, \u00a1ya se est\u00e1 beneficiando de importantes reducciones de costes y ahorros!<\/h4>\n<\/div>\n      <\/div>\n      <div class=\"pr-54\">\n        <div class=\"h-54 w-160 block mb-54\">\n          <span class=\"bg-orange block h-3 w-full\"><\/span>\n          <span class=\"bg-orange block h-3 w-2\/3 my-24\"><\/span>\n          <span class=\"bg-orange block h-3 w-1\/3\"><\/span>\n        <\/div>\n        <ul>\n<li>\n<h4>F\u00e1cil de procesar, ahorr\u00e1ndole tiempo,<\/h4>\n<\/li>\n<li>\n<h4>Rentable, ahorr\u00e1ndole dinero,<\/h4>\n<\/li>\n<li>\n<h4>No es necesario cinta perimetral, lo que le permite ahorrar m\u00e1s dinero.<\/h4>\n<\/li>\n<\/ul>\n      <\/div>\n    <\/div>\n  <\/div>\n<\/section>\n\n\n<section data-block_61263eb8197e7 class=\"image-textbox-link-video align py-120 first:pt-0\">\n  <div class=\"container\">\n    <div class=\"relative grid grid-cols-1 1024:min-h-800 1024:py-81 content-center gap-54 1024:grid-cols-2 \">\n      <div class=\"hidden 1024:block\"><\/div>\n      <div class=\"bg-white shadow p-54 relative z-10  order-first \">\n        <h4>\u00a1As\u00ed que deje de perder su tiempo, esfuerzo y dinero y c\u00e1mbiese a Pyroguard Rapide hoy mismo!<\/h4>\n                                                <a href=\"https:\/\/www.pyroguard.eu\/app\/uploads\/2021\/08\/Pyroguard-Challenge_the_facts.pdf\" class=\"button\" target=\"_blank\">\n          AVERIGUE CUANTO PODR\u00cdA AHORRAR        <\/a>\n                        <div class=\"h-160 absolute block top-full -mt-24 z-20 flex  left-54  right-54\">\n          <span class=\"bg-orange block w-3 h-1\/3 mx-0\"><\/span>\n          <span class=\"bg-orange block w-3 h-2\/3 mx-24\"><\/span>\n          <span class=\"bg-orange block w-3 h-full mx-0\"><\/span>\n        <\/div>\n      <\/div>\n\n      <div class=\"relative z-0 top-0 w-full bottom-0 1024:absolute 1024:w-3\/4 aspect-h-1 aspect-w-1 1024:aspect-none   right-0 \">\n\n        <img loading=\"lazy\" decoding=\"async\" width=\"1600\" height=\"934\" src=\"https:\/\/www.pyroguard.eu\/app\/uploads\/2021\/06\/silverstone-exterior.jpg\" class=\"block object-cover h-full w-full\" alt=\"Silverstone Fire Safety Glass Exteiror\" srcset=\"https:\/\/www.pyroguard.eu\/app\/uploads\/2021\/06\/silverstone-exterior.jpg 1600w, https:\/\/www.pyroguard.eu\/app\/uploads\/2021\/06\/silverstone-exterior-300x175.jpg 300w, https:\/\/www.pyroguard.eu\/app\/uploads\/2021\/06\/silverstone-exterior-1024x598.jpg 1024w, https:\/\/www.pyroguard.eu\/app\/uploads\/2021\/06\/silverstone-exterior-768x448.jpg 768w, https:\/\/www.pyroguard.eu\/app\/uploads\/2021\/06\/silverstone-exterior-1536x897.jpg 1536w\" sizes=\"auto, (max-width: 1600px) 100vw, 1600px\" \/>\n                              <\/div>\n    <\/div>\n  <\/div>\n<\/section>\n\n\n<section data-block_612646213c72e class=\"form-with-text align py-120\" id=\"contact-form\">\n  <div class=\"container\">\n    <h2>\u00bfListo para empezar?<\/h2>\n    <div class=\"grid grid-cols-1 1024:grid-cols-2 gap-54\">\n      <div>\n        <p><a href=\"https:\/\/www.pyroguard.eu\/es\/contactenos\/\">Cont\u00e1ctenos para m\u00e1s informaci\u00f3n<\/a> o para hablar de su pr\u00f3ximo proyecto.<\/p>\n<h5>You\u2019re in safe hands.<\/h5>\n        <span class=\"block h-3 bg-orange w-160\"><\/span>\n        <p>E: <a href=\"mailto:info@pyroguard.eu\">info@pyroguard.eu<\/a><\/p>\n        <p>T: <a href=\"tel:+34917378212\">+34 917378212<\/a><\/p>\n      <\/div>\n      <div>\n\n                              <iframe loading=\"lazy\" src=\"https:\/\/www2.pyroguard.eu\/l\/64652\/2021-12-17\/h9ykbl\" width=\"100%\" height=\"710\" type=\"text\/html\" frameborder=\"0\" allowTransparency=\"true\" style=\"border: 0\"><\/iframe>                  \n      <\/div>\n    <\/div>\n  <\/div>\n<\/section>\n","protected":false},"excerpt":{"rendered":"","protected":false},"author":1,"featured_media":0,"parent":0,"menu_order":0,"comment_status":"closed","ping_status":"closed","template":"","meta":{"_acf_changed":false,"footnotes":""},"class_list":["post-17942","page","type-page","status-publish","hentry"],"acf":[],"yoast_head":"<!-- This site is optimized with the Yoast SEO plugin v27.3 - https:\/\/yoast.com\/product\/yoast-seo-wordpress\/ -->\n<title>El desaf\u00edo de Pyroguard - Pyroguard Rapide<\/title>\n<meta name=\"description\" content=\"Las investigaciones demuestran que el procesamiento de los vidrios de seguridad resistentes al fuego Pyroguard Rapide le cuesta menos tiempo y dinero.\" \/>\n<meta name=\"robots\" content=\"index, follow, max-snippet:-1, max-image-preview:large, max-video-preview:-1\" \/>\n<link rel=\"canonical\" href=\"https:\/\/www.pyroguard.eu\/es\/el-desafio-pyroguard\/\" \/>\n<meta property=\"og:locale\" content=\"es_ES\" \/>\n<meta property=\"og:type\" content=\"article\" \/>\n<meta property=\"og:title\" content=\"El desaf\u00edo de Pyroguard - Pyroguard Rapide\" \/>\n<meta property=\"og:description\" content=\"Las investigaciones demuestran que el procesamiento de los vidrios de seguridad resistentes al fuego Pyroguard Rapide le cuesta menos tiempo y dinero.\" \/>\n<meta property=\"og:url\" content=\"https:\/\/www.pyroguard.eu\/es\/el-desafio-pyroguard\/\" \/>\n<meta property=\"og:site_name\" content=\"Pyroguard\" \/>\n<meta property=\"article:modified_time\" content=\"2022-04-27T08:29:30+00:00\" \/>\n<meta name=\"twitter:card\" content=\"summary_large_image\" \/>\n<script type=\"application\/ld+json\" class=\"yoast-schema-graph\">{\"@context\":\"https:\\\/\\\/schema.org\",\"@graph\":[{\"@type\":\"WebPage\",\"@id\":\"https:\\\/\\\/www.pyroguard.eu\\\/es\\\/el-desafio-pyroguard\\\/\",\"url\":\"https:\\\/\\\/www.pyroguard.eu\\\/es\\\/el-desafio-pyroguard\\\/\",\"name\":\"El desaf\u00edo de Pyroguard - Pyroguard Rapide\",\"isPartOf\":{\"@id\":\"https:\\\/\\\/www.pyroguard.eu\\\/es\\\/#website\"},\"datePublished\":\"2021-08-25T11:53:59+00:00\",\"dateModified\":\"2022-04-27T08:29:30+00:00\",\"description\":\"Las investigaciones demuestran que el procesamiento de los vidrios de seguridad resistentes al fuego Pyroguard Rapide le cuesta menos tiempo y dinero.\",\"breadcrumb\":{\"@id\":\"https:\\\/\\\/www.pyroguard.eu\\\/es\\\/el-desafio-pyroguard\\\/#breadcrumb\"},\"inLanguage\":\"es-ES\",\"potentialAction\":[{\"@type\":\"ReadAction\",\"target\":[\"https:\\\/\\\/www.pyroguard.eu\\\/es\\\/el-desafio-pyroguard\\\/\"]}]},{\"@type\":\"BreadcrumbList\",\"@id\":\"https:\\\/\\\/www.pyroguard.eu\\\/es\\\/el-desafio-pyroguard\\\/#breadcrumb\",\"itemListElement\":[{\"@type\":\"ListItem\",\"position\":1,\"name\":\"Home\",\"item\":\"https:\\\/\\\/www.pyroguard.eu\\\/es\\\/\"},{\"@type\":\"ListItem\",\"position\":2,\"name\":\"El desaf\u00edo Pyroguard\"}]},{\"@type\":\"WebSite\",\"@id\":\"https:\\\/\\\/www.pyroguard.eu\\\/es\\\/#website\",\"url\":\"https:\\\/\\\/www.pyroguard.eu\\\/es\\\/\",\"name\":\"Pyroguard\",\"description\":\"You&#039;re in safe hands\",\"publisher\":{\"@id\":\"https:\\\/\\\/www.pyroguard.eu\\\/es\\\/#organization\"},\"potentialAction\":[{\"@type\":\"SearchAction\",\"target\":{\"@type\":\"EntryPoint\",\"urlTemplate\":\"https:\\\/\\\/www.pyroguard.eu\\\/es\\\/?s={search_term_string}\"},\"query-input\":{\"@type\":\"PropertyValueSpecification\",\"valueRequired\":true,\"valueName\":\"search_term_string\"}}],\"inLanguage\":\"es-ES\"},{\"@type\":\"Organization\",\"@id\":\"https:\\\/\\\/www.pyroguard.eu\\\/es\\\/#organization\",\"name\":\"Pyroguard\",\"url\":\"https:\\\/\\\/www.pyroguard.eu\\\/es\\\/\",\"logo\":{\"@type\":\"ImageObject\",\"inLanguage\":\"es-ES\",\"@id\":\"https:\\\/\\\/www.pyroguard.eu\\\/es\\\/#\\\/schema\\\/logo\\\/image\\\/\",\"url\":\"https:\\\/\\\/www.pyroguard.eu\\\/app\\\/uploads\\\/2026\\\/02\\\/Screenshot-2026-02-04-113420.png\",\"contentUrl\":\"https:\\\/\\\/www.pyroguard.eu\\\/app\\\/uploads\\\/2026\\\/02\\\/Screenshot-2026-02-04-113420.png\",\"width\":1876,\"height\":482,\"caption\":\"Pyroguard\"},\"image\":{\"@id\":\"https:\\\/\\\/www.pyroguard.eu\\\/es\\\/#\\\/schema\\\/logo\\\/image\\\/\"}}]}<\/script>\n<!-- \/ Yoast SEO plugin. -->","yoast_head_json":{"title":"El desaf\u00edo de Pyroguard - Pyroguard Rapide","description":"Las investigaciones demuestran que el procesamiento de los vidrios de seguridad resistentes al fuego Pyroguard Rapide le cuesta menos tiempo y dinero.","robots":{"index":"index","follow":"follow","max-snippet":"max-snippet:-1","max-image-preview":"max-image-preview:large","max-video-preview":"max-video-preview:-1"},"canonical":"https:\/\/www.pyroguard.eu\/es\/el-desafio-pyroguard\/","og_locale":"es_ES","og_type":"article","og_title":"El desaf\u00edo de Pyroguard - Pyroguard Rapide","og_description":"Las investigaciones demuestran que el procesamiento de los vidrios de seguridad resistentes al fuego Pyroguard Rapide le cuesta menos tiempo y dinero.","og_url":"https:\/\/www.pyroguard.eu\/es\/el-desafio-pyroguard\/","og_site_name":"Pyroguard","article_modified_time":"2022-04-27T08:29:30+00:00","twitter_card":"summary_large_image","schema":{"@context":"https:\/\/schema.org","@graph":[{"@type":"WebPage","@id":"https:\/\/www.pyroguard.eu\/es\/el-desafio-pyroguard\/","url":"https:\/\/www.pyroguard.eu\/es\/el-desafio-pyroguard\/","name":"El desaf\u00edo de Pyroguard - Pyroguard Rapide","isPartOf":{"@id":"https:\/\/www.pyroguard.eu\/es\/#website"},"datePublished":"2021-08-25T11:53:59+00:00","dateModified":"2022-04-27T08:29:30+00:00","description":"Las investigaciones demuestran que el procesamiento de los vidrios de seguridad resistentes al fuego Pyroguard Rapide le cuesta menos tiempo y dinero.","breadcrumb":{"@id":"https:\/\/www.pyroguard.eu\/es\/el-desafio-pyroguard\/#breadcrumb"},"inLanguage":"es-ES","potentialAction":[{"@type":"ReadAction","target":["https:\/\/www.pyroguard.eu\/es\/el-desafio-pyroguard\/"]}]},{"@type":"BreadcrumbList","@id":"https:\/\/www.pyroguard.eu\/es\/el-desafio-pyroguard\/#breadcrumb","itemListElement":[{"@type":"ListItem","position":1,"name":"Home","item":"https:\/\/www.pyroguard.eu\/es\/"},{"@type":"ListItem","position":2,"name":"El desaf\u00edo Pyroguard"}]},{"@type":"WebSite","@id":"https:\/\/www.pyroguard.eu\/es\/#website","url":"https:\/\/www.pyroguard.eu\/es\/","name":"Pyroguard","description":"You&#039;re in safe hands","publisher":{"@id":"https:\/\/www.pyroguard.eu\/es\/#organization"},"potentialAction":[{"@type":"SearchAction","target":{"@type":"EntryPoint","urlTemplate":"https:\/\/www.pyroguard.eu\/es\/?s={search_term_string}"},"query-input":{"@type":"PropertyValueSpecification","valueRequired":true,"valueName":"search_term_string"}}],"inLanguage":"es-ES"},{"@type":"Organization","@id":"https:\/\/www.pyroguard.eu\/es\/#organization","name":"Pyroguard","url":"https:\/\/www.pyroguard.eu\/es\/","logo":{"@type":"ImageObject","inLanguage":"es-ES","@id":"https:\/\/www.pyroguard.eu\/es\/#\/schema\/logo\/image\/","url":"https:\/\/www.pyroguard.eu\/app\/uploads\/2026\/02\/Screenshot-2026-02-04-113420.png","contentUrl":"https:\/\/www.pyroguard.eu\/app\/uploads\/2026\/02\/Screenshot-2026-02-04-113420.png","width":1876,"height":482,"caption":"Pyroguard"},"image":{"@id":"https:\/\/www.pyroguard.eu\/es\/#\/schema\/logo\/image\/"}}]}},"_links":{"self":[{"href":"https:\/\/www.pyroguard.eu\/es\/wp-json\/wp\/v2\/pages\/17942","targetHints":{"allow":["GET"]}}],"collection":[{"href":"https:\/\/www.pyroguard.eu\/es\/wp-json\/wp\/v2\/pages"}],"about":[{"href":"https:\/\/www.pyroguard.eu\/es\/wp-json\/wp\/v2\/types\/page"}],"author":[{"embeddable":true,"href":"https:\/\/www.pyroguard.eu\/es\/wp-json\/wp\/v2\/users\/1"}],"replies":[{"embeddable":true,"href":"https:\/\/www.pyroguard.eu\/es\/wp-json\/wp\/v2\/comments?post=17942"}],"version-history":[{"count":8,"href":"https:\/\/www.pyroguard.eu\/es\/wp-json\/wp\/v2\/pages\/17942\/revisions"}],"predecessor-version":[{"id":30580,"href":"https:\/\/www.pyroguard.eu\/es\/wp-json\/wp\/v2\/pages\/17942\/revisions\/30580"}],"wp:attachment":[{"href":"https:\/\/www.pyroguard.eu\/es\/wp-json\/wp\/v2\/media?parent=17942"}],"curies":[{"name":"wp","href":"https:\/\/api.w.org\/{rel}","templated":true}]}}