{"id":18006,"date":"2021-06-30T11:10:43","date_gmt":"2021-06-30T10:10:43","guid":{"rendered":"https:\/\/www.pyroguard.eu\/downloads\/"},"modified":"2023-09-26T16:33:17","modified_gmt":"2023-09-26T15:33:17","slug":"downloads","status":"publish","type":"page","link":"https:\/\/www.pyroguard.eu\/de\/downloads\/","title":{"rendered":"Downloadbereich"},"content":{"rendered":"<section data-block_60dc51246668d class=\"single-text-col align p-0\">\n  <div class=\"container\">\n    <div class=\"max-w-800\">\n      <h4>Unser Downloadbereich zum Herunterladen der technischen Dokumentationen und Produktinformationen, einschlie\u00dflich Zertifizierungen, Richtlinien und Leistungserkl\u00e4rungen.<\/h4>\n    <\/div>\n  <\/div>\n<\/section>\n\n\n<section data-block_60dc51306668e class=\"downloads-listing align py-120 first:pt-0\">\n  <div class=\"container\">\n\n    <div id=\"downloadFilter\" class=\"block w-full mb-54\">\n      <span id=\"all\" class=\"ml-0 font-bold transition cursor-pointer text-orange mr-36 hover:text-black\">\n        Alle Ansichten\n      <\/span>\n\n                    <span id=\"leistungserkl-rung\" class=\"font-bold transition cursor-pointer text-midgrey mr-36 last:mr-0 hover:text-black\">\n          Leistungserkl\u00e4rung        <\/span>\n              <span id=\"produkt\" class=\"font-bold transition cursor-pointer text-midgrey mr-36 last:mr-0 hover:text-black\">\n          Produkt        <\/span>\n              <span id=\"qualit-t\" class=\"font-bold transition cursor-pointer text-midgrey mr-36 last:mr-0 hover:text-black\">\n          Qualit\u00e4t        <\/span>\n              <span id=\"technik\" class=\"font-bold transition cursor-pointer text-midgrey mr-36 last:mr-0 hover:text-black\">\n          Technik        <\/span>\n              <span id=\"zertifizierung\" class=\"font-bold transition cursor-pointer text-midgrey mr-36 last:mr-0 hover:text-black\">\n          Zertifizierung        <\/span>\n          <\/div>\n\n    <div id=\"downloadList\" class=\"grid w-full grid-cols-1 gap-x-54 gap-y-81 1024:grid-cols-3\">\n              <div class=\"produkt all\">\n          <div class=\"w-full h-240\">\n            <img loading=\"lazy\" decoding=\"async\" width=\"940\" height=\"788\" src=\"https:\/\/www.pyroguard.eu\/app\/uploads\/2024\/11\/Untitled-design-54.png\" class=\"block object-cover h-full w-full rounded-sm shadow wp-post-image\" alt=\"\" srcset=\"https:\/\/www.pyroguard.eu\/app\/uploads\/2024\/11\/Untitled-design-54.png 940w, https:\/\/www.pyroguard.eu\/app\/uploads\/2024\/11\/Untitled-design-54-300x251.png 300w, https:\/\/www.pyroguard.eu\/app\/uploads\/2024\/11\/Untitled-design-54-768x644.png 768w\" sizes=\"auto, (max-width: 940px) 100vw, 940px\" \/>          <\/div>\n          <h3 class=\"mt-36\">Pyroguard &amp; Sch\u00fcco systems<\/h3>\n          <a href=\"https:\/\/www.pyroguard.eu\/de\/downloads\/pyroguard-schueco-systems\/\" class=\"button\" title=\"Pyroguard &amp; Sch\u00fcco systems\">Downloads<\/a>\n        <\/div>\n              <div class=\"technik all\">\n          <div class=\"w-full h-240\">\n            <img loading=\"lazy\" decoding=\"async\" width=\"1024\" height=\"683\" src=\"https:\/\/www.pyroguard.eu\/app\/uploads\/2021\/08\/PYR_3094-Datasheets-Mock-up-AUG21-1-WEB-1024x683.jpg\" class=\"block object-cover h-full w-full rounded-sm shadow wp-post-image\" alt=\"Pyroguard Datasheets Mock Up\" srcset=\"https:\/\/www.pyroguard.eu\/app\/uploads\/2021\/08\/PYR_3094-Datasheets-Mock-up-AUG21-1-WEB-1024x683.jpg 1024w, https:\/\/www.pyroguard.eu\/app\/uploads\/2021\/08\/PYR_3094-Datasheets-Mock-up-AUG21-1-WEB-300x200.jpg 300w, https:\/\/www.pyroguard.eu\/app\/uploads\/2021\/08\/PYR_3094-Datasheets-Mock-up-AUG21-1-WEB-768x512.jpg 768w, https:\/\/www.pyroguard.eu\/app\/uploads\/2021\/08\/PYR_3094-Datasheets-Mock-up-AUG21-1-WEB-1536x1024.jpg 1536w, https:\/\/www.pyroguard.eu\/app\/uploads\/2021\/08\/PYR_3094-Datasheets-Mock-up-AUG21-1-WEB.jpg 1800w\" sizes=\"auto, (max-width: 1024px) 100vw, 1024px\" \/>          <\/div>\n          <h3 class=\"mt-36\">Datenbl\u00e4tter<\/h3>\n          <a href=\"https:\/\/www.pyroguard.eu\/de\/downloads\/datasheets\/\" class=\"button\" title=\"Datenbl\u00e4tter\">Downloads<\/a>\n        <\/div>\n              <div class=\"produkt all\">\n          <div class=\"w-full h-240\">\n            <img loading=\"lazy\" decoding=\"async\" width=\"1024\" height=\"683\" src=\"https:\/\/www.pyroguard.eu\/app\/uploads\/2022\/04\/PYR_3118-Infinity-Brochure-Mock-Up-DEC1-2-1024x683.jpg\" class=\"block object-cover h-full w-full rounded-sm shadow wp-post-image\" alt=\"Infinity Brochure Mock Up\" srcset=\"https:\/\/www.pyroguard.eu\/app\/uploads\/2022\/04\/PYR_3118-Infinity-Brochure-Mock-Up-DEC1-2-1024x683.jpg 1024w, https:\/\/www.pyroguard.eu\/app\/uploads\/2022\/04\/PYR_3118-Infinity-Brochure-Mock-Up-DEC1-2-300x200.jpg 300w, https:\/\/www.pyroguard.eu\/app\/uploads\/2022\/04\/PYR_3118-Infinity-Brochure-Mock-Up-DEC1-2-768x512.jpg 768w, https:\/\/www.pyroguard.eu\/app\/uploads\/2022\/04\/PYR_3118-Infinity-Brochure-Mock-Up-DEC1-2-1536x1024.jpg 1536w, https:\/\/www.pyroguard.eu\/app\/uploads\/2022\/04\/PYR_3118-Infinity-Brochure-Mock-Up-DEC1-2-2048x1365.jpg 2048w\" sizes=\"auto, (max-width: 1024px) 100vw, 1024px\" \/>          <\/div>\n          <h3 class=\"mt-36\">Pyroguard Infinity Brosch\u00fcre<\/h3>\n          <a href=\"https:\/\/www.pyroguard.eu\/de\/downloads\/pyroguard-infinity\/\" class=\"button\" title=\"Pyroguard Infinity Brosch\u00fcre\">Downloads<\/a>\n        <\/div>\n              <div class=\"produkt all\">\n          <div class=\"w-full h-240\">\n            <img loading=\"lazy\" decoding=\"async\" width=\"940\" height=\"788\" src=\"https:\/\/www.pyroguard.eu\/app\/uploads\/2023\/10\/Forster-Download-2.png\" class=\"block object-cover h-full w-full rounded-sm shadow wp-post-image\" alt=\"\" srcset=\"https:\/\/www.pyroguard.eu\/app\/uploads\/2023\/10\/Forster-Download-2.png 940w, https:\/\/www.pyroguard.eu\/app\/uploads\/2023\/10\/Forster-Download-2-300x251.png 300w, https:\/\/www.pyroguard.eu\/app\/uploads\/2023\/10\/Forster-Download-2-768x644.png 768w\" sizes=\"auto, (max-width: 940px) 100vw, 940px\" \/>          <\/div>\n          <h3 class=\"mt-36\">Pyroguard Infinity &#038; Forster<\/h3>\n          <a href=\"https:\/\/www.pyroguard.eu\/de\/downloads\/pyroguard-infinity-2\/\" class=\"button\" title=\"Pyroguard Infinity &#038; Forster\">Downloads<\/a>\n        <\/div>\n              <div class=\"produkt all\">\n          <div class=\"w-full h-240\">\n            <img loading=\"lazy\" decoding=\"async\" width=\"706\" height=\"362\" src=\"https:\/\/www.pyroguard.eu\/app\/uploads\/2021\/06\/ship02.jpeg\" class=\"block object-cover h-full w-full rounded-sm shadow wp-post-image\" alt=\"pyroguard marine\" srcset=\"https:\/\/www.pyroguard.eu\/app\/uploads\/2021\/06\/ship02.jpeg 706w, https:\/\/www.pyroguard.eu\/app\/uploads\/2021\/06\/ship02-300x154.jpeg 300w\" sizes=\"auto, (max-width: 706px) 100vw, 706px\" \/>          <\/div>\n          <h3 class=\"mt-36\">Pyroguard Marine DE<\/h3>\n          <a href=\"https:\/\/www.pyroguard.eu\/de\/downloads\/pyroguard-marine\/\" class=\"button\" title=\"Pyroguard Marine DE\">Downloads<\/a>\n        <\/div>\n              <div class=\"produkt all\">\n          <div class=\"w-full h-240\">\n            <img loading=\"lazy\" decoding=\"async\" width=\"1024\" height=\"674\" src=\"https:\/\/www.pyroguard.eu\/app\/uploads\/2021\/07\/cldesign_signaletique_centre_prouve_nancy_2-1024x674.jpg\" class=\"block object-cover h-full w-full rounded-sm shadow wp-post-image\" alt=\"cldesign_signaletique_centre_prouve_nancy_2\" srcset=\"https:\/\/www.pyroguard.eu\/app\/uploads\/2021\/07\/cldesign_signaletique_centre_prouve_nancy_2-1024x674.jpg 1024w, https:\/\/www.pyroguard.eu\/app\/uploads\/2021\/07\/cldesign_signaletique_centre_prouve_nancy_2-300x197.jpg 300w, https:\/\/www.pyroguard.eu\/app\/uploads\/2021\/07\/cldesign_signaletique_centre_prouve_nancy_2-768x505.jpg 768w, https:\/\/www.pyroguard.eu\/app\/uploads\/2021\/07\/cldesign_signaletique_centre_prouve_nancy_2-1536x1011.jpg 1536w, https:\/\/www.pyroguard.eu\/app\/uploads\/2021\/07\/cldesign_signaletique_centre_prouve_nancy_2.jpg 1900w\" sizes=\"auto, (max-width: 1024px) 100vw, 1024px\" \/>          <\/div>\n          <h3 class=\"mt-36\">Smokeguard \u2013 Rauchschutz<\/h3>\n          <a href=\"https:\/\/www.pyroguard.eu\/de\/downloads\/smokeguard-smokescreens\/\" class=\"button\" title=\"Smokeguard \u2013 Rauchschutz\">Downloads<\/a>\n        <\/div>\n              <div class=\"zertifizierung all\">\n          <div class=\"w-full h-240\">\n            <img loading=\"lazy\" decoding=\"async\" width=\"1024\" height=\"683\" src=\"https:\/\/www.pyroguard.eu\/app\/uploads\/2021\/07\/tick-1024x683.jpg\" class=\"block object-cover h-full w-full rounded-sm shadow wp-post-image\" alt=\"Orange tick boxes\" srcset=\"https:\/\/www.pyroguard.eu\/app\/uploads\/2021\/07\/tick-1024x683.jpg 1024w, https:\/\/www.pyroguard.eu\/app\/uploads\/2021\/07\/tick-300x200.jpg 300w, https:\/\/www.pyroguard.eu\/app\/uploads\/2021\/07\/tick-768x512.jpg 768w, https:\/\/www.pyroguard.eu\/app\/uploads\/2021\/07\/tick-1536x1024.jpg 1536w, https:\/\/www.pyroguard.eu\/app\/uploads\/2021\/07\/tick-2048x1365.jpg 2048w\" sizes=\"auto, (max-width: 1024px) 100vw, 1024px\" \/>          <\/div>\n          <h3 class=\"mt-36\">Zertifizierung<\/h3>\n          <a href=\"https:\/\/www.pyroguard.eu\/de\/downloads\/certification\/\" class=\"button\" title=\"Zertifizierung\">Downloads<\/a>\n        <\/div>\n              <div class=\"produkt all\">\n          <div class=\"w-full h-240\">\n            <img loading=\"lazy\" decoding=\"async\" width=\"1024\" height=\"576\" src=\"https:\/\/www.pyroguard.eu\/app\/uploads\/2021\/07\/Multifunctional-EN-web-1024x576.jpg\" class=\"block object-cover h-full w-full rounded-sm shadow wp-post-image\" alt=\"multi\" srcset=\"https:\/\/www.pyroguard.eu\/app\/uploads\/2021\/07\/Multifunctional-EN-web-1024x576.jpg 1024w, https:\/\/www.pyroguard.eu\/app\/uploads\/2021\/07\/Multifunctional-EN-web-300x169.jpg 300w, https:\/\/www.pyroguard.eu\/app\/uploads\/2021\/07\/Multifunctional-EN-web-768x432.jpg 768w, https:\/\/www.pyroguard.eu\/app\/uploads\/2021\/07\/Multifunctional-EN-web-1536x864.jpg 1536w, https:\/\/www.pyroguard.eu\/app\/uploads\/2021\/07\/Multifunctional-EN-web.jpg 1920w\" sizes=\"auto, (max-width: 1024px) 100vw, 1024px\" \/>          <\/div>\n          <h3 class=\"mt-36\">SMART solutions &#8211; Multifunktionales Sicherheitsglas<\/h3>\n          <a href=\"https:\/\/www.pyroguard.eu\/de\/downloads\/smart-solutions-multi-functional-toughened-fire-safety-glass\/\" class=\"button\" title=\"SMART solutions &#8211; Multifunktionales Sicherheitsglas\">Downloads<\/a>\n        <\/div>\n              <div class=\"technik all\">\n          <div class=\"w-full h-240\">\n            <img loading=\"lazy\" decoding=\"async\" width=\"1024\" height=\"683\" src=\"https:\/\/www.pyroguard.eu\/app\/uploads\/2024\/06\/PYR_3195-Tech-Brochure-Mock-Up-JUN24-B1-1024x683.jpg\" class=\"block object-cover h-full w-full rounded-sm shadow wp-post-image\" alt=\"Tech brochure 2024\" srcset=\"https:\/\/www.pyroguard.eu\/app\/uploads\/2024\/06\/PYR_3195-Tech-Brochure-Mock-Up-JUN24-B1-1024x683.jpg 1024w, https:\/\/www.pyroguard.eu\/app\/uploads\/2024\/06\/PYR_3195-Tech-Brochure-Mock-Up-JUN24-B1-300x200.jpg 300w, https:\/\/www.pyroguard.eu\/app\/uploads\/2024\/06\/PYR_3195-Tech-Brochure-Mock-Up-JUN24-B1-768x512.jpg 768w, https:\/\/www.pyroguard.eu\/app\/uploads\/2024\/06\/PYR_3195-Tech-Brochure-Mock-Up-JUN24-B1-1536x1024.jpg 1536w, https:\/\/www.pyroguard.eu\/app\/uploads\/2024\/06\/PYR_3195-Tech-Brochure-Mock-Up-JUN24-B1-2048x1365.jpg 2048w\" sizes=\"auto, (max-width: 1024px) 100vw, 1024px\" \/>          <\/div>\n          <h3 class=\"mt-36\">Technik Brosch\u00fcre<\/h3>\n          <a href=\"https:\/\/www.pyroguard.eu\/de\/downloads\/technical-document\/\" class=\"button\" title=\"Technik Brosch\u00fcre\">Downloads<\/a>\n        <\/div>\n              <div class=\"qualit-t all\">\n          <div class=\"w-full h-240\">\n            <img loading=\"lazy\" decoding=\"async\" width=\"947\" height=\"943\" src=\"https:\/\/www.pyroguard.eu\/app\/uploads\/2021\/07\/PYR_3102-10-Year-Warranty-Stamp-SEP21-1-FINAL-CMYK.png\" class=\"block object-cover h-full w-full rounded-sm shadow wp-post-image\" alt=\"PYR 10 Year Warranty Stamp SEP21\" srcset=\"https:\/\/www.pyroguard.eu\/app\/uploads\/2021\/07\/PYR_3102-10-Year-Warranty-Stamp-SEP21-1-FINAL-CMYK.png 947w, https:\/\/www.pyroguard.eu\/app\/uploads\/2021\/07\/PYR_3102-10-Year-Warranty-Stamp-SEP21-1-FINAL-CMYK-300x300.png 300w, https:\/\/www.pyroguard.eu\/app\/uploads\/2021\/07\/PYR_3102-10-Year-Warranty-Stamp-SEP21-1-FINAL-CMYK-150x150.png 150w, https:\/\/www.pyroguard.eu\/app\/uploads\/2021\/07\/PYR_3102-10-Year-Warranty-Stamp-SEP21-1-FINAL-CMYK-768x765.png 768w\" sizes=\"auto, (max-width: 947px) 100vw, 947px\" \/>          <\/div>\n          <h3 class=\"mt-36\">Unsere Qualit\u00e4tsrichtlinien<\/h3>\n          <a href=\"https:\/\/www.pyroguard.eu\/de\/downloads\/our-guidance-documentation\/\" class=\"button\" title=\"Unsere Qualit\u00e4tsrichtlinien\">Downloads<\/a>\n        <\/div>\n              <div class=\"leistungserkl-rung all\">\n          <div class=\"w-full h-240\">\n            <img loading=\"lazy\" decoding=\"async\" width=\"700\" height=\"350\" src=\"https:\/\/www.pyroguard.eu\/app\/uploads\/2021\/07\/ce_marking.jpg\" class=\"block object-cover h-full w-full rounded-sm shadow wp-post-image\" alt=\"CE Marking\" srcset=\"https:\/\/www.pyroguard.eu\/app\/uploads\/2021\/07\/ce_marking.jpg 700w, https:\/\/www.pyroguard.eu\/app\/uploads\/2021\/07\/ce_marking-300x150.jpg 300w\" sizes=\"auto, (max-width: 700px) 100vw, 700px\" \/>          <\/div>\n          <h3 class=\"mt-36\">Leistungserkl\u00e4rungen<\/h3>\n          <a href=\"https:\/\/www.pyroguard.eu\/de\/downloads\/leistungserklaerungen\/\" class=\"button\" title=\"Leistungserkl\u00e4rungen\">Downloads<\/a>\n        <\/div>\n          <\/div>\n  <\/div>\n<\/section>\n\n\n<section data-block_60dc51416668f class=\"form-with-text align py-120\" id=\"contact-form\">\n  <div class=\"container\">\n    <h2>Brauchen Sie Unterst\u00fctzung?<\/h2>\n    <div class=\"grid grid-cols-1 1024:grid-cols-2 gap-54\">\n      <div>\n        <p><a href=\"https:\/\/www.pyroguard.eu\/de\/kontaktieren-sie-uns\/\">Nehmen Sie Kontakt mit uns<\/a> auf, wenn Sie weitere Informationen ben\u00f6tigen oder Ihr n\u00e4chstes Projekt planen m\u00f6chten.<\/p>\n<h5>You\u2019re in safe hands.<\/h5>\n        <span class=\"block h-3 bg-orange w-160\"><\/span>\n        <p>E: <a href=\"mailto:info@pyroguard.eu\">info@pyroguard.eu<\/a><\/p>\n        <p>T: <a href=\"tel:+4915117702535\">+49 (0) 151 177 025 35<\/a><\/p>\n      <\/div>\n      <div>\n\n                              <iframe loading=\"lazy\" src=\"https:\/\/www2.pyroguard.eu\/l\/64652\/2021-12-17\/h9yk46\" width=\"100%\" height=\"710\" type=\"text\/html\" frameborder=\"0\" allowTransparency=\"true\" style=\"border: 0\"><\/iframe>                  \n      <\/div>\n    <\/div>\n  <\/div>\n<\/section>\n","protected":false},"excerpt":{"rendered":"","protected":false},"author":1,"featured_media":0,"parent":0,"menu_order":0,"comment_status":"closed","ping_status":"closed","template":"","meta":{"_acf_changed":false,"footnotes":""},"class_list":["post-18006","page","type-page","status-publish","hentry"],"acf":[],"yoast_head":"<!-- This site is optimized with the Yoast SEO plugin v27.3 - https:\/\/yoast.com\/product\/yoast-seo-wordpress\/ -->\n<title>Downloadbereich - Pyroguard<\/title>\n<meta name=\"description\" content=\"In unserem speziellen Onlineangebote Bereich k\u00f6nnen Sie unsere gesamte technische und Produktliteratur herunterladen, einschlie\u00dflich Zertifizierungen, Richtlinien und Leistungserkl\u00e4rungen.\" \/>\n<meta name=\"robots\" content=\"index, follow, max-snippet:-1, max-image-preview:large, max-video-preview:-1\" \/>\n<link rel=\"canonical\" href=\"https:\/\/www.pyroguard.eu\/de\/downloads\/\" \/>\n<meta property=\"og:locale\" content=\"de_DE\" \/>\n<meta property=\"og:type\" content=\"article\" \/>\n<meta property=\"og:title\" content=\"Downloadbereich - Pyroguard\" \/>\n<meta property=\"og:description\" content=\"In unserem speziellen Onlineangebote Bereich k\u00f6nnen Sie unsere gesamte technische und Produktliteratur herunterladen, einschlie\u00dflich Zertifizierungen, Richtlinien und Leistungserkl\u00e4rungen.\" \/>\n<meta property=\"og:url\" content=\"https:\/\/www.pyroguard.eu\/de\/downloads\/\" \/>\n<meta property=\"og:site_name\" content=\"Pyroguard\" \/>\n<meta property=\"article:modified_time\" content=\"2023-09-26T15:33:17+00:00\" \/>\n<meta name=\"twitter:card\" content=\"summary_large_image\" \/>\n<script type=\"application\/ld+json\" class=\"yoast-schema-graph\">{\"@context\":\"https:\\\/\\\/schema.org\",\"@graph\":[{\"@type\":\"WebPage\",\"@id\":\"https:\\\/\\\/www.pyroguard.eu\\\/de\\\/downloads\\\/\",\"url\":\"https:\\\/\\\/www.pyroguard.eu\\\/de\\\/downloads\\\/\",\"name\":\"Downloadbereich - Pyroguard\",\"isPartOf\":{\"@id\":\"https:\\\/\\\/www.pyroguard.eu\\\/de\\\/#website\"},\"datePublished\":\"2021-06-30T10:10:43+00:00\",\"dateModified\":\"2023-09-26T15:33:17+00:00\",\"description\":\"In unserem speziellen Onlineangebote Bereich k\u00f6nnen Sie unsere gesamte technische und Produktliteratur herunterladen, einschlie\u00dflich Zertifizierungen, Richtlinien und Leistungserkl\u00e4rungen.\",\"breadcrumb\":{\"@id\":\"https:\\\/\\\/www.pyroguard.eu\\\/de\\\/downloads\\\/#breadcrumb\"},\"inLanguage\":\"de-DE\",\"potentialAction\":[{\"@type\":\"ReadAction\",\"target\":[\"https:\\\/\\\/www.pyroguard.eu\\\/de\\\/downloads\\\/\"]}]},{\"@type\":\"BreadcrumbList\",\"@id\":\"https:\\\/\\\/www.pyroguard.eu\\\/de\\\/downloads\\\/#breadcrumb\",\"itemListElement\":[{\"@type\":\"ListItem\",\"position\":1,\"name\":\"Home\",\"item\":\"https:\\\/\\\/www.pyroguard.eu\\\/de\\\/\"},{\"@type\":\"ListItem\",\"position\":2,\"name\":\"Downloadbereich\"}]},{\"@type\":\"WebSite\",\"@id\":\"https:\\\/\\\/www.pyroguard.eu\\\/de\\\/#website\",\"url\":\"https:\\\/\\\/www.pyroguard.eu\\\/de\\\/\",\"name\":\"Pyroguard\",\"description\":\"You&#039;re in safe hands\",\"publisher\":{\"@id\":\"https:\\\/\\\/www.pyroguard.eu\\\/de\\\/#organization\"},\"potentialAction\":[{\"@type\":\"SearchAction\",\"target\":{\"@type\":\"EntryPoint\",\"urlTemplate\":\"https:\\\/\\\/www.pyroguard.eu\\\/de\\\/?s={search_term_string}\"},\"query-input\":{\"@type\":\"PropertyValueSpecification\",\"valueRequired\":true,\"valueName\":\"search_term_string\"}}],\"inLanguage\":\"de-DE\"},{\"@type\":\"Organization\",\"@id\":\"https:\\\/\\\/www.pyroguard.eu\\\/de\\\/#organization\",\"name\":\"Pyroguard\",\"url\":\"https:\\\/\\\/www.pyroguard.eu\\\/de\\\/\",\"logo\":{\"@type\":\"ImageObject\",\"inLanguage\":\"de-DE\",\"@id\":\"https:\\\/\\\/www.pyroguard.eu\\\/de\\\/#\\\/schema\\\/logo\\\/image\\\/\",\"url\":\"https:\\\/\\\/www.pyroguard.eu\\\/app\\\/uploads\\\/2026\\\/02\\\/Screenshot-2026-02-04-113420.png\",\"contentUrl\":\"https:\\\/\\\/www.pyroguard.eu\\\/app\\\/uploads\\\/2026\\\/02\\\/Screenshot-2026-02-04-113420.png\",\"width\":1876,\"height\":482,\"caption\":\"Pyroguard\"},\"image\":{\"@id\":\"https:\\\/\\\/www.pyroguard.eu\\\/de\\\/#\\\/schema\\\/logo\\\/image\\\/\"}}]}<\/script>\n<!-- \/ Yoast SEO plugin. -->","yoast_head_json":{"title":"Downloadbereich - Pyroguard","description":"In unserem speziellen Onlineangebote Bereich k\u00f6nnen Sie unsere gesamte technische und Produktliteratur herunterladen, einschlie\u00dflich Zertifizierungen, Richtlinien und Leistungserkl\u00e4rungen.","robots":{"index":"index","follow":"follow","max-snippet":"max-snippet:-1","max-image-preview":"max-image-preview:large","max-video-preview":"max-video-preview:-1"},"canonical":"https:\/\/www.pyroguard.eu\/de\/downloads\/","og_locale":"de_DE","og_type":"article","og_title":"Downloadbereich - Pyroguard","og_description":"In unserem speziellen Onlineangebote Bereich k\u00f6nnen Sie unsere gesamte technische und Produktliteratur herunterladen, einschlie\u00dflich Zertifizierungen, Richtlinien und Leistungserkl\u00e4rungen.","og_url":"https:\/\/www.pyroguard.eu\/de\/downloads\/","og_site_name":"Pyroguard","article_modified_time":"2023-09-26T15:33:17+00:00","twitter_card":"summary_large_image","schema":{"@context":"https:\/\/schema.org","@graph":[{"@type":"WebPage","@id":"https:\/\/www.pyroguard.eu\/de\/downloads\/","url":"https:\/\/www.pyroguard.eu\/de\/downloads\/","name":"Downloadbereich - Pyroguard","isPartOf":{"@id":"https:\/\/www.pyroguard.eu\/de\/#website"},"datePublished":"2021-06-30T10:10:43+00:00","dateModified":"2023-09-26T15:33:17+00:00","description":"In unserem speziellen Onlineangebote Bereich k\u00f6nnen Sie unsere gesamte technische und Produktliteratur herunterladen, einschlie\u00dflich Zertifizierungen, Richtlinien und Leistungserkl\u00e4rungen.","breadcrumb":{"@id":"https:\/\/www.pyroguard.eu\/de\/downloads\/#breadcrumb"},"inLanguage":"de-DE","potentialAction":[{"@type":"ReadAction","target":["https:\/\/www.pyroguard.eu\/de\/downloads\/"]}]},{"@type":"BreadcrumbList","@id":"https:\/\/www.pyroguard.eu\/de\/downloads\/#breadcrumb","itemListElement":[{"@type":"ListItem","position":1,"name":"Home","item":"https:\/\/www.pyroguard.eu\/de\/"},{"@type":"ListItem","position":2,"name":"Downloadbereich"}]},{"@type":"WebSite","@id":"https:\/\/www.pyroguard.eu\/de\/#website","url":"https:\/\/www.pyroguard.eu\/de\/","name":"Pyroguard","description":"You&#039;re in safe hands","publisher":{"@id":"https:\/\/www.pyroguard.eu\/de\/#organization"},"potentialAction":[{"@type":"SearchAction","target":{"@type":"EntryPoint","urlTemplate":"https:\/\/www.pyroguard.eu\/de\/?s={search_term_string}"},"query-input":{"@type":"PropertyValueSpecification","valueRequired":true,"valueName":"search_term_string"}}],"inLanguage":"de-DE"},{"@type":"Organization","@id":"https:\/\/www.pyroguard.eu\/de\/#organization","name":"Pyroguard","url":"https:\/\/www.pyroguard.eu\/de\/","logo":{"@type":"ImageObject","inLanguage":"de-DE","@id":"https:\/\/www.pyroguard.eu\/de\/#\/schema\/logo\/image\/","url":"https:\/\/www.pyroguard.eu\/app\/uploads\/2026\/02\/Screenshot-2026-02-04-113420.png","contentUrl":"https:\/\/www.pyroguard.eu\/app\/uploads\/2026\/02\/Screenshot-2026-02-04-113420.png","width":1876,"height":482,"caption":"Pyroguard"},"image":{"@id":"https:\/\/www.pyroguard.eu\/de\/#\/schema\/logo\/image\/"}}]}},"_links":{"self":[{"href":"https:\/\/www.pyroguard.eu\/de\/wp-json\/wp\/v2\/pages\/18006","targetHints":{"allow":["GET"]}}],"collection":[{"href":"https:\/\/www.pyroguard.eu\/de\/wp-json\/wp\/v2\/pages"}],"about":[{"href":"https:\/\/www.pyroguard.eu\/de\/wp-json\/wp\/v2\/types\/page"}],"author":[{"embeddable":true,"href":"https:\/\/www.pyroguard.eu\/de\/wp-json\/wp\/v2\/users\/1"}],"replies":[{"embeddable":true,"href":"https:\/\/www.pyroguard.eu\/de\/wp-json\/wp\/v2\/comments?post=18006"}],"version-history":[{"count":5,"href":"https:\/\/www.pyroguard.eu\/de\/wp-json\/wp\/v2\/pages\/18006\/revisions"}],"predecessor-version":[{"id":38850,"href":"https:\/\/www.pyroguard.eu\/de\/wp-json\/wp\/v2\/pages\/18006\/revisions\/38850"}],"wp:attachment":[{"href":"https:\/\/www.pyroguard.eu\/de\/wp-json\/wp\/v2\/media?parent=18006"}],"curies":[{"name":"wp","href":"https:\/\/api.w.org\/{rel}","templated":true}]}}